{"id":99832,"date":"2023-02-03T09:24:25","date_gmt":"2023-02-03T08:24:25","guid":{"rendered":"https:\/\/www.rabaini.it\/prodotto\/schwalbenschwanz-schnuerschuh-aus-schwarzem-leder\/"},"modified":"2025-06-19T11:09:52","modified_gmt":"2025-06-19T09:09:52","slug":"schwalbenschwanz-schnuerschuh-aus-schwarzem-leder","status":"publish","type":"product","link":"https:\/\/www.rabaini.it\/de\/schwalbenschwanz-schnuerschuh-aus-schwarzem-leder\/","title":{"rendered":"Schwalbenschwanz-Schn\u00fcrschuh aus schwarzem Leder"},"content":{"rendered":"<ul>\n<li>Artikelcode: HXM5760EP60QFYB999<\/li>\n<li>Artikelfarbe: Schwarz<\/li>\n<li>Hergestellt in Italien<\/li>\n<li>Schwalbenschwanzspitze<\/li>\n<li>Gepr\u00e4gtes Hogan-Monogramm<\/li>\n<li>Oberkante aus Nappa<\/li>\n<li>Rahmen mit N\u00e4hten<\/li>\n<li>Gesamth\u00f6he 4,5 cm<\/li>\n<li>Zusammensetzung: Obermaterial Leder, Gummisohle<\/li>\n<\/ul>\n","protected":false},"excerpt":{"rendered":"<p>Artikelcode: HXM5760EP60QFYB999 Artikelfarbe: Schwarz Hergestellt in Italien Schwalbenschwanzspitze Gepr\u00e4gtes Hogan-Monogramm Oberkante aus Nappa Rahmen mit N\u00e4hten Gesamth\u00f6he 4,5 cm Zusammensetzung: Obermaterial Leder, Gummisohle<\/p>\n","protected":false},"featured_media":45586,"template":"","meta":{"_acf_changed":false},"product_brand":[],"product_cat":[1324,1358,1363],"product_tag":[1523],"class_list":{"0":"post-99832","1":"product","2":"type-product","3":"status-publish","4":"has-post-thumbnail","6":"product_cat-herren","7":"product_cat-herrenschuhe","8":"product_cat-schnuren-herren","9":"product_tag-ss23-de","10":"marca-hogan-de","11":"genere-m","13":"first","14":"instock","15":"shipping-taxable","16":"purchasable","17":"product-type-variable"},"acf":[],"yoast_head":"<!-- This site is optimized with the Yoast SEO plugin v27.2 - https:\/\/yoast.com\/product\/yoast-seo-wordpress\/ -->\n<title>Schwalbenschwanz-Schn\u00fcrschuh aus schwarzem Leder - Rabaini<\/title>\n<meta name=\"robots\" content=\"index, follow, max-snippet:-1, max-image-preview:large, max-video-preview:-1\" \/>\n<link rel=\"canonical\" href=\"https:\/\/www.rabaini.it\/de\/schwalbenschwanz-schnuerschuh-aus-schwarzem-leder\/\" \/>\n<meta property=\"og:locale\" content=\"de_DE\" \/>\n<meta property=\"og:type\" content=\"article\" \/>\n<meta property=\"og:title\" content=\"Schwalbenschwanz-Schn\u00fcrschuh aus schwarzem Leder - Rabaini\" \/>\n<meta property=\"og:description\" content=\"Artikelcode: HXM5760EP60QFYB999 Artikelfarbe: Schwarz Hergestellt in Italien Schwalbenschwanzspitze Gepr\u00e4gtes Hogan-Monogramm Oberkante aus Nappa Rahmen mit N\u00e4hten Gesamth\u00f6he 4,5 cm Zusammensetzung: Obermaterial Leder, Gummisohle\" \/>\n<meta property=\"og:url\" content=\"https:\/\/www.rabaini.it\/de\/schwalbenschwanz-schnuerschuh-aus-schwarzem-leder\/\" \/>\n<meta property=\"og:site_name\" content=\"Rabaini\" \/>\n<meta property=\"article:modified_time\" content=\"2025-06-19T09:09:52+00:00\" \/>\n<meta property=\"og:image\" content=\"https:\/\/www.rabaini.it\/wp-content\/uploads\/2023\/02\/DSC_6627.jpg\" \/>\n\t<meta property=\"og:image:width\" content=\"1500\" \/>\n\t<meta property=\"og:image:height\" content=\"1500\" \/>\n\t<meta property=\"og:image:type\" content=\"image\/jpeg\" \/>\n<meta name=\"twitter:card\" content=\"summary_large_image\" \/>\n<script type=\"application\/ld+json\" class=\"yoast-schema-graph\">{\"@context\":\"https:\/\/schema.org\",\"@graph\":[{\"@type\":\"WebPage\",\"@id\":\"https:\/\/www.rabaini.it\/de\/schwalbenschwanz-schnuerschuh-aus-schwarzem-leder\/\",\"url\":\"https:\/\/www.rabaini.it\/de\/schwalbenschwanz-schnuerschuh-aus-schwarzem-leder\/\",\"name\":\"Schwalbenschwanz-Schn\u00fcrschuh aus schwarzem Leder - Rabaini\",\"isPartOf\":{\"@id\":\"https:\/\/www.rabaini.it\/de\/#website\"},\"primaryImageOfPage\":{\"@id\":\"https:\/\/www.rabaini.it\/de\/schwalbenschwanz-schnuerschuh-aus-schwarzem-leder\/#primaryimage\"},\"image\":{\"@id\":\"https:\/\/www.rabaini.it\/de\/schwalbenschwanz-schnuerschuh-aus-schwarzem-leder\/#primaryimage\"},\"thumbnailUrl\":\"https:\/\/www.rabaini.it\/wp-content\/uploads\/2023\/02\/DSC_6627.jpg\",\"datePublished\":\"2023-02-03T08:24:25+00:00\",\"dateModified\":\"2025-06-19T09:09:52+00:00\",\"breadcrumb\":{\"@id\":\"https:\/\/www.rabaini.it\/de\/schwalbenschwanz-schnuerschuh-aus-schwarzem-leder\/#breadcrumb\"},\"inLanguage\":\"de\",\"potentialAction\":[{\"@type\":\"ReadAction\",\"target\":[\"https:\/\/www.rabaini.it\/de\/schwalbenschwanz-schnuerschuh-aus-schwarzem-leder\/\"]}]},{\"@type\":\"ImageObject\",\"inLanguage\":\"de\",\"@id\":\"https:\/\/www.rabaini.it\/de\/schwalbenschwanz-schnuerschuh-aus-schwarzem-leder\/#primaryimage\",\"url\":\"https:\/\/www.rabaini.it\/wp-content\/uploads\/2023\/02\/DSC_6627.jpg\",\"contentUrl\":\"https:\/\/www.rabaini.it\/wp-content\/uploads\/2023\/02\/DSC_6627.jpg\",\"width\":1500,\"height\":1500},{\"@type\":\"BreadcrumbList\",\"@id\":\"https:\/\/www.rabaini.it\/de\/schwalbenschwanz-schnuerschuh-aus-schwarzem-leder\/#breadcrumb\",\"itemListElement\":[{\"@type\":\"ListItem\",\"position\":1,\"name\":\"Home\",\"item\":\"https:\/\/www.rabaini.it\/de\/homepage\/\"},{\"@type\":\"ListItem\",\"position\":2,\"name\":\"Gesch\u00e4ft\",\"item\":\"https:\/\/www.rabaini.it\/geschaeft\/\"},{\"@type\":\"ListItem\",\"position\":3,\"name\":\"Herren\",\"item\":\"https:\/\/www.rabaini.it\/de\/herren\/\"},{\"@type\":\"ListItem\",\"position\":4,\"name\":\"Schwalbenschwanz-Schn\u00fcrschuh aus schwarzem Leder\"}]},{\"@type\":\"WebSite\",\"@id\":\"https:\/\/www.rabaini.it\/de\/#website\",\"url\":\"https:\/\/www.rabaini.it\/de\/\",\"name\":\"Rabaini\",\"description\":\"\",\"potentialAction\":[{\"@type\":\"SearchAction\",\"target\":{\"@type\":\"EntryPoint\",\"urlTemplate\":\"https:\/\/www.rabaini.it\/de\/?s={search_term_string}\"},\"query-input\":{\"@type\":\"PropertyValueSpecification\",\"valueRequired\":true,\"valueName\":\"search_term_string\"}}],\"inLanguage\":\"de\"}]}<\/script>\n<!-- \/ Yoast SEO plugin. -->","yoast_head_json":{"title":"Schwalbenschwanz-Schn\u00fcrschuh aus schwarzem Leder - Rabaini","robots":{"index":"index","follow":"follow","max-snippet":"max-snippet:-1","max-image-preview":"max-image-preview:large","max-video-preview":"max-video-preview:-1"},"canonical":"https:\/\/www.rabaini.it\/de\/schwalbenschwanz-schnuerschuh-aus-schwarzem-leder\/","og_locale":"de_DE","og_type":"article","og_title":"Schwalbenschwanz-Schn\u00fcrschuh aus schwarzem Leder - Rabaini","og_description":"Artikelcode: HXM5760EP60QFYB999 Artikelfarbe: Schwarz Hergestellt in Italien Schwalbenschwanzspitze Gepr\u00e4gtes Hogan-Monogramm Oberkante aus Nappa Rahmen mit N\u00e4hten Gesamth\u00f6he 4,5 cm Zusammensetzung: Obermaterial Leder, Gummisohle","og_url":"https:\/\/www.rabaini.it\/de\/schwalbenschwanz-schnuerschuh-aus-schwarzem-leder\/","og_site_name":"Rabaini","article_modified_time":"2025-06-19T09:09:52+00:00","og_image":[{"width":1500,"height":1500,"url":"https:\/\/www.rabaini.it\/wp-content\/uploads\/2023\/02\/DSC_6627.jpg","type":"image\/jpeg"}],"twitter_card":"summary_large_image","schema":{"@context":"https:\/\/schema.org","@graph":[{"@type":"WebPage","@id":"https:\/\/www.rabaini.it\/de\/schwalbenschwanz-schnuerschuh-aus-schwarzem-leder\/","url":"https:\/\/www.rabaini.it\/de\/schwalbenschwanz-schnuerschuh-aus-schwarzem-leder\/","name":"Schwalbenschwanz-Schn\u00fcrschuh aus schwarzem Leder - Rabaini","isPartOf":{"@id":"https:\/\/www.rabaini.it\/de\/#website"},"primaryImageOfPage":{"@id":"https:\/\/www.rabaini.it\/de\/schwalbenschwanz-schnuerschuh-aus-schwarzem-leder\/#primaryimage"},"image":{"@id":"https:\/\/www.rabaini.it\/de\/schwalbenschwanz-schnuerschuh-aus-schwarzem-leder\/#primaryimage"},"thumbnailUrl":"https:\/\/www.rabaini.it\/wp-content\/uploads\/2023\/02\/DSC_6627.jpg","datePublished":"2023-02-03T08:24:25+00:00","dateModified":"2025-06-19T09:09:52+00:00","breadcrumb":{"@id":"https:\/\/www.rabaini.it\/de\/schwalbenschwanz-schnuerschuh-aus-schwarzem-leder\/#breadcrumb"},"inLanguage":"de","potentialAction":[{"@type":"ReadAction","target":["https:\/\/www.rabaini.it\/de\/schwalbenschwanz-schnuerschuh-aus-schwarzem-leder\/"]}]},{"@type":"ImageObject","inLanguage":"de","@id":"https:\/\/www.rabaini.it\/de\/schwalbenschwanz-schnuerschuh-aus-schwarzem-leder\/#primaryimage","url":"https:\/\/www.rabaini.it\/wp-content\/uploads\/2023\/02\/DSC_6627.jpg","contentUrl":"https:\/\/www.rabaini.it\/wp-content\/uploads\/2023\/02\/DSC_6627.jpg","width":1500,"height":1500},{"@type":"BreadcrumbList","@id":"https:\/\/www.rabaini.it\/de\/schwalbenschwanz-schnuerschuh-aus-schwarzem-leder\/#breadcrumb","itemListElement":[{"@type":"ListItem","position":1,"name":"Home","item":"https:\/\/www.rabaini.it\/de\/homepage\/"},{"@type":"ListItem","position":2,"name":"Gesch\u00e4ft","item":"https:\/\/www.rabaini.it\/geschaeft\/"},{"@type":"ListItem","position":3,"name":"Herren","item":"https:\/\/www.rabaini.it\/de\/herren\/"},{"@type":"ListItem","position":4,"name":"Schwalbenschwanz-Schn\u00fcrschuh aus schwarzem Leder"}]},{"@type":"WebSite","@id":"https:\/\/www.rabaini.it\/de\/#website","url":"https:\/\/www.rabaini.it\/de\/","name":"Rabaini","description":"","potentialAction":[{"@type":"SearchAction","target":{"@type":"EntryPoint","urlTemplate":"https:\/\/www.rabaini.it\/de\/?s={search_term_string}"},"query-input":{"@type":"PropertyValueSpecification","valueRequired":true,"valueName":"search_term_string"}}],"inLanguage":"de"}]}},"_links":{"self":[{"href":"https:\/\/www.rabaini.it\/de\/wp-json\/wp\/v2\/product\/99832","targetHints":{"allow":["GET"]}}],"collection":[{"href":"https:\/\/www.rabaini.it\/de\/wp-json\/wp\/v2\/product"}],"about":[{"href":"https:\/\/www.rabaini.it\/de\/wp-json\/wp\/v2\/types\/product"}],"wp:featuredmedia":[{"embeddable":true,"href":"https:\/\/www.rabaini.it\/de\/wp-json\/wp\/v2\/media\/45586"}],"wp:attachment":[{"href":"https:\/\/www.rabaini.it\/de\/wp-json\/wp\/v2\/media?parent=99832"}],"wp:term":[{"taxonomy":"product_brand","embeddable":true,"href":"https:\/\/www.rabaini.it\/de\/wp-json\/wp\/v2\/product_brand?post=99832"},{"taxonomy":"product_cat","embeddable":true,"href":"https:\/\/www.rabaini.it\/de\/wp-json\/wp\/v2\/product_cat?post=99832"},{"taxonomy":"product_tag","embeddable":true,"href":"https:\/\/www.rabaini.it\/de\/wp-json\/wp\/v2\/product_tag?post=99832"}],"curies":[{"name":"wp","href":"https:\/\/api.w.org\/{rel}","templated":true}]}}