{"id":154436,"date":"2026-05-07T16:07:27","date_gmt":"2026-05-07T14:07:27","guid":{"rendered":"https:\/\/www.rabaini.it\/?post_type=product&#038;p=154436"},"modified":"2026-05-08T12:35:47","modified_gmt":"2026-05-08T10:35:47","slug":"sveva-soft-mittelgrosse-schultertasche-aus-schwarzem-leder-mit-schulterriemen","status":"publish","type":"product","link":"https:\/\/www.rabaini.it\/de\/sveva-soft-mittelgrosse-schultertasche-aus-schwarzem-leder-mit-schulterriemen\/","title":{"rendered":"SVEVA SOFT MITTELGROSSE SCHULTERTASCHE AUS SCHWARZEM LEDER MIT SCHULTERRIEMEN"},"content":{"rendered":"<ul>\n<li>Artikelcode: BT2006<\/li>\n<li>Artikelfarbe: Schwarz<\/li>\n<li>Made in Italy<\/li>\n<li>Die Sveva Medium Soft ist die ikonische Tasche, die sich von ihrer kleineren Schwester, der Sveva Small, durch ihr gr\u00f6\u00dferes Fassungsverm\u00f6gen unterscheidet<\/li>\n<li>Ein zeitloses Accessoire, das alles aufbewahrt, worauf wir in unserem hektischen Alltag nicht verzichten k\u00f6nnen<\/li>\n<li>Sie kann in der Hand, \u00fcber der Schulter oder als Crossbody getragen werden und begleitet uns zuverl\u00e4ssig vom B\u00fcro bis in die Freizeit<\/li>\n<li>Das weiche genarbte Leder und die verdeckte \u00d6ffnung erm\u00f6glichen einen bequemen Zugriff auf das Innere der Tasche, ohne den \u00dcberschlag anheben zu m\u00fcssen<\/li>\n<li>Ma\u00dfe: Breite: 32 cm \/ H\u00f6he: 24 cm \/ Tiefe: 15 cm<\/li>\n<li>Taschen: 3 Innenf\u00e4cher, eines davon mit Rei\u00dfverschluss<\/li>\n<li>Verschluss: \u00dcberschlag mit Magnetknopf<\/li>\n<li>Funktionalit\u00e4t: ausziehbarer Henkel und abnehmbarer Schulterriemen<\/li>\n<li>Details: Palladium-Finish<\/li>\n<\/ul>\n","protected":false},"excerpt":{"rendered":"<p>Artikelcode: BT2006 Artikelfarbe: Schwarz Made in Italy Die Sveva Medium Soft ist die ikonische Tasche, die sich von ihrer kleineren Schwester, der Sveva Small, durch ihr gr\u00f6\u00dferes Fassungsverm\u00f6gen unterscheidet Ein zeitloses Accessoire, das alles aufbewahrt, worauf wir in unserem hektischen Alltag nicht verzichten k\u00f6nnen Sie kann in der Hand, \u00fcber der Schulter oder als Crossbody&hellip;<\/p>\n","protected":false},"featured_media":154272,"template":"","meta":{"_acf_changed":false},"product_brand":[],"product_cat":[1273,1295,1300,1308,1296,1301],"product_tag":[1719],"class_list":{"0":"post-154436","1":"product","2":"type-product","3":"status-publish","4":"has-post-thumbnail","6":"product_cat-damen","7":"product_cat-damenaccessoires","8":"product_cat-handtaschen-damen","9":"product_cat-neuheiten-fur-damen","10":"product_cat-taschen-damen","11":"product_cat-umhangetaschen-damen","12":"product_tag-neuheiten","13":"marca-orciani-de","15":"first","16":"instock","17":"shipping-taxable","18":"purchasable","19":"product-type-simple"},"acf":[],"yoast_head":"<!-- This site is optimized with the Yoast SEO plugin v27.2 - https:\/\/yoast.com\/product\/yoast-seo-wordpress\/ -->\n<title>SVEVA SOFT MITTELGROSSE SCHULTERTASCHE AUS SCHWARZEM LEDER MIT SCHULTERRIEMEN - Rabaini<\/title>\n<meta name=\"robots\" content=\"index, follow, max-snippet:-1, max-image-preview:large, max-video-preview:-1\" \/>\n<link rel=\"canonical\" href=\"https:\/\/www.rabaini.it\/de\/sveva-soft-mittelgrosse-schultertasche-aus-schwarzem-leder-mit-schulterriemen\/\" \/>\n<meta property=\"og:locale\" content=\"de_DE\" \/>\n<meta property=\"og:type\" content=\"article\" \/>\n<meta property=\"og:title\" content=\"SVEVA SOFT MITTELGROSSE SCHULTERTASCHE AUS SCHWARZEM LEDER MIT SCHULTERRIEMEN - Rabaini\" \/>\n<meta property=\"og:description\" content=\"Artikelcode: BT2006 Artikelfarbe: Schwarz Made in Italy Die Sveva Medium Soft ist die ikonische Tasche, die sich von ihrer kleineren Schwester, der Sveva Small, durch ihr gr\u00f6\u00dferes Fassungsverm\u00f6gen unterscheidet Ein zeitloses Accessoire, das alles aufbewahrt, worauf wir in unserem hektischen Alltag nicht verzichten k\u00f6nnen Sie kann in der Hand, \u00fcber der Schulter oder als Crossbody&hellip;\" \/>\n<meta property=\"og:url\" content=\"https:\/\/www.rabaini.it\/de\/sveva-soft-mittelgrosse-schultertasche-aus-schwarzem-leder-mit-schulterriemen\/\" \/>\n<meta property=\"og:site_name\" content=\"Rabaini\" \/>\n<meta property=\"article:modified_time\" content=\"2026-05-08T10:35:47+00:00\" \/>\n<meta property=\"og:image\" content=\"https:\/\/www.rabaini.it\/wp-content\/uploads\/2026\/05\/DSC_2074.jpg\" \/>\n\t<meta property=\"og:image:width\" content=\"1500\" \/>\n\t<meta property=\"og:image:height\" content=\"1500\" \/>\n\t<meta property=\"og:image:type\" content=\"image\/jpeg\" \/>\n<meta name=\"twitter:card\" content=\"summary_large_image\" \/>\n<meta name=\"twitter:label1\" content=\"Gesch\u00e4tzte Lesezeit\" \/>\n\t<meta name=\"twitter:data1\" content=\"1\u00a0Minute\" \/>\n<script type=\"application\/ld+json\" class=\"yoast-schema-graph\">{\"@context\":\"https:\/\/schema.org\",\"@graph\":[{\"@type\":\"WebPage\",\"@id\":\"https:\/\/www.rabaini.it\/de\/sveva-soft-mittelgrosse-schultertasche-aus-schwarzem-leder-mit-schulterriemen\/\",\"url\":\"https:\/\/www.rabaini.it\/de\/sveva-soft-mittelgrosse-schultertasche-aus-schwarzem-leder-mit-schulterriemen\/\",\"name\":\"SVEVA SOFT MITTELGROSSE SCHULTERTASCHE AUS SCHWARZEM LEDER MIT SCHULTERRIEMEN - Rabaini\",\"isPartOf\":{\"@id\":\"https:\/\/www.rabaini.it\/de\/#website\"},\"primaryImageOfPage\":{\"@id\":\"https:\/\/www.rabaini.it\/de\/sveva-soft-mittelgrosse-schultertasche-aus-schwarzem-leder-mit-schulterriemen\/#primaryimage\"},\"image\":{\"@id\":\"https:\/\/www.rabaini.it\/de\/sveva-soft-mittelgrosse-schultertasche-aus-schwarzem-leder-mit-schulterriemen\/#primaryimage\"},\"thumbnailUrl\":\"https:\/\/www.rabaini.it\/wp-content\/uploads\/2026\/05\/DSC_2074.jpg\",\"datePublished\":\"2026-05-07T14:07:27+00:00\",\"dateModified\":\"2026-05-08T10:35:47+00:00\",\"breadcrumb\":{\"@id\":\"https:\/\/www.rabaini.it\/de\/sveva-soft-mittelgrosse-schultertasche-aus-schwarzem-leder-mit-schulterriemen\/#breadcrumb\"},\"inLanguage\":\"de\",\"potentialAction\":[{\"@type\":\"ReadAction\",\"target\":[\"https:\/\/www.rabaini.it\/de\/sveva-soft-mittelgrosse-schultertasche-aus-schwarzem-leder-mit-schulterriemen\/\"]}]},{\"@type\":\"ImageObject\",\"inLanguage\":\"de\",\"@id\":\"https:\/\/www.rabaini.it\/de\/sveva-soft-mittelgrosse-schultertasche-aus-schwarzem-leder-mit-schulterriemen\/#primaryimage\",\"url\":\"https:\/\/www.rabaini.it\/wp-content\/uploads\/2026\/05\/DSC_2074.jpg\",\"contentUrl\":\"https:\/\/www.rabaini.it\/wp-content\/uploads\/2026\/05\/DSC_2074.jpg\",\"width\":1500,\"height\":1500},{\"@type\":\"BreadcrumbList\",\"@id\":\"https:\/\/www.rabaini.it\/de\/sveva-soft-mittelgrosse-schultertasche-aus-schwarzem-leder-mit-schulterriemen\/#breadcrumb\",\"itemListElement\":[{\"@type\":\"ListItem\",\"position\":1,\"name\":\"Home\",\"item\":\"https:\/\/www.rabaini.it\/de\/homepage\/\"},{\"@type\":\"ListItem\",\"position\":2,\"name\":\"Gesch\u00e4ft\",\"item\":\"https:\/\/www.rabaini.it\/geschaeft\/\"},{\"@type\":\"ListItem\",\"position\":3,\"name\":\"Damen\",\"item\":\"https:\/\/www.rabaini.it\/de\/damen\/\"},{\"@type\":\"ListItem\",\"position\":4,\"name\":\"SVEVA SOFT MITTELGROSSE SCHULTERTASCHE AUS SCHWARZEM LEDER MIT SCHULTERRIEMEN\"}]},{\"@type\":\"WebSite\",\"@id\":\"https:\/\/www.rabaini.it\/de\/#website\",\"url\":\"https:\/\/www.rabaini.it\/de\/\",\"name\":\"Rabaini\",\"description\":\"\",\"potentialAction\":[{\"@type\":\"SearchAction\",\"target\":{\"@type\":\"EntryPoint\",\"urlTemplate\":\"https:\/\/www.rabaini.it\/de\/?s={search_term_string}\"},\"query-input\":{\"@type\":\"PropertyValueSpecification\",\"valueRequired\":true,\"valueName\":\"search_term_string\"}}],\"inLanguage\":\"de\"}]}<\/script>\n<!-- \/ Yoast SEO plugin. -->","yoast_head_json":{"title":"SVEVA SOFT MITTELGROSSE SCHULTERTASCHE AUS SCHWARZEM LEDER MIT SCHULTERRIEMEN - Rabaini","robots":{"index":"index","follow":"follow","max-snippet":"max-snippet:-1","max-image-preview":"max-image-preview:large","max-video-preview":"max-video-preview:-1"},"canonical":"https:\/\/www.rabaini.it\/de\/sveva-soft-mittelgrosse-schultertasche-aus-schwarzem-leder-mit-schulterriemen\/","og_locale":"de_DE","og_type":"article","og_title":"SVEVA SOFT MITTELGROSSE SCHULTERTASCHE AUS SCHWARZEM LEDER MIT SCHULTERRIEMEN - Rabaini","og_description":"Artikelcode: BT2006 Artikelfarbe: Schwarz Made in Italy Die Sveva Medium Soft ist die ikonische Tasche, die sich von ihrer kleineren Schwester, der Sveva Small, durch ihr gr\u00f6\u00dferes Fassungsverm\u00f6gen unterscheidet Ein zeitloses Accessoire, das alles aufbewahrt, worauf wir in unserem hektischen Alltag nicht verzichten k\u00f6nnen Sie kann in der Hand, \u00fcber der Schulter oder als Crossbody&hellip;","og_url":"https:\/\/www.rabaini.it\/de\/sveva-soft-mittelgrosse-schultertasche-aus-schwarzem-leder-mit-schulterriemen\/","og_site_name":"Rabaini","article_modified_time":"2026-05-08T10:35:47+00:00","og_image":[{"width":1500,"height":1500,"url":"https:\/\/www.rabaini.it\/wp-content\/uploads\/2026\/05\/DSC_2074.jpg","type":"image\/jpeg"}],"twitter_card":"summary_large_image","twitter_misc":{"Gesch\u00e4tzte Lesezeit":"1\u00a0Minute"},"schema":{"@context":"https:\/\/schema.org","@graph":[{"@type":"WebPage","@id":"https:\/\/www.rabaini.it\/de\/sveva-soft-mittelgrosse-schultertasche-aus-schwarzem-leder-mit-schulterriemen\/","url":"https:\/\/www.rabaini.it\/de\/sveva-soft-mittelgrosse-schultertasche-aus-schwarzem-leder-mit-schulterriemen\/","name":"SVEVA SOFT MITTELGROSSE SCHULTERTASCHE AUS SCHWARZEM LEDER MIT SCHULTERRIEMEN - Rabaini","isPartOf":{"@id":"https:\/\/www.rabaini.it\/de\/#website"},"primaryImageOfPage":{"@id":"https:\/\/www.rabaini.it\/de\/sveva-soft-mittelgrosse-schultertasche-aus-schwarzem-leder-mit-schulterriemen\/#primaryimage"},"image":{"@id":"https:\/\/www.rabaini.it\/de\/sveva-soft-mittelgrosse-schultertasche-aus-schwarzem-leder-mit-schulterriemen\/#primaryimage"},"thumbnailUrl":"https:\/\/www.rabaini.it\/wp-content\/uploads\/2026\/05\/DSC_2074.jpg","datePublished":"2026-05-07T14:07:27+00:00","dateModified":"2026-05-08T10:35:47+00:00","breadcrumb":{"@id":"https:\/\/www.rabaini.it\/de\/sveva-soft-mittelgrosse-schultertasche-aus-schwarzem-leder-mit-schulterriemen\/#breadcrumb"},"inLanguage":"de","potentialAction":[{"@type":"ReadAction","target":["https:\/\/www.rabaini.it\/de\/sveva-soft-mittelgrosse-schultertasche-aus-schwarzem-leder-mit-schulterriemen\/"]}]},{"@type":"ImageObject","inLanguage":"de","@id":"https:\/\/www.rabaini.it\/de\/sveva-soft-mittelgrosse-schultertasche-aus-schwarzem-leder-mit-schulterriemen\/#primaryimage","url":"https:\/\/www.rabaini.it\/wp-content\/uploads\/2026\/05\/DSC_2074.jpg","contentUrl":"https:\/\/www.rabaini.it\/wp-content\/uploads\/2026\/05\/DSC_2074.jpg","width":1500,"height":1500},{"@type":"BreadcrumbList","@id":"https:\/\/www.rabaini.it\/de\/sveva-soft-mittelgrosse-schultertasche-aus-schwarzem-leder-mit-schulterriemen\/#breadcrumb","itemListElement":[{"@type":"ListItem","position":1,"name":"Home","item":"https:\/\/www.rabaini.it\/de\/homepage\/"},{"@type":"ListItem","position":2,"name":"Gesch\u00e4ft","item":"https:\/\/www.rabaini.it\/geschaeft\/"},{"@type":"ListItem","position":3,"name":"Damen","item":"https:\/\/www.rabaini.it\/de\/damen\/"},{"@type":"ListItem","position":4,"name":"SVEVA SOFT MITTELGROSSE SCHULTERTASCHE AUS SCHWARZEM LEDER MIT SCHULTERRIEMEN"}]},{"@type":"WebSite","@id":"https:\/\/www.rabaini.it\/de\/#website","url":"https:\/\/www.rabaini.it\/de\/","name":"Rabaini","description":"","potentialAction":[{"@type":"SearchAction","target":{"@type":"EntryPoint","urlTemplate":"https:\/\/www.rabaini.it\/de\/?s={search_term_string}"},"query-input":{"@type":"PropertyValueSpecification","valueRequired":true,"valueName":"search_term_string"}}],"inLanguage":"de"}]}},"_links":{"self":[{"href":"https:\/\/www.rabaini.it\/de\/wp-json\/wp\/v2\/product\/154436","targetHints":{"allow":["GET"]}}],"collection":[{"href":"https:\/\/www.rabaini.it\/de\/wp-json\/wp\/v2\/product"}],"about":[{"href":"https:\/\/www.rabaini.it\/de\/wp-json\/wp\/v2\/types\/product"}],"wp:featuredmedia":[{"embeddable":true,"href":"https:\/\/www.rabaini.it\/de\/wp-json\/wp\/v2\/media\/154272"}],"wp:attachment":[{"href":"https:\/\/www.rabaini.it\/de\/wp-json\/wp\/v2\/media?parent=154436"}],"wp:term":[{"taxonomy":"product_brand","embeddable":true,"href":"https:\/\/www.rabaini.it\/de\/wp-json\/wp\/v2\/product_brand?post=154436"},{"taxonomy":"product_cat","embeddable":true,"href":"https:\/\/www.rabaini.it\/de\/wp-json\/wp\/v2\/product_cat?post=154436"},{"taxonomy":"product_tag","embeddable":true,"href":"https:\/\/www.rabaini.it\/de\/wp-json\/wp\/v2\/product_tag?post=154436"}],"curies":[{"name":"wp","href":"https:\/\/api.w.org\/{rel}","templated":true}]}}