{"id":154432,"date":"2026-05-07T15:57:24","date_gmt":"2026-05-07T13:57:24","guid":{"rendered":"https:\/\/www.rabaini.it\/?post_type=product&#038;p=154432"},"modified":"2026-05-08T12:35:39","modified_gmt":"2026-05-08T10:35:39","slug":"trinity-soft-midi-schultertasche-aus-weissem-leder","status":"publish","type":"product","link":"https:\/\/www.rabaini.it\/de\/trinity-soft-midi-schultertasche-aus-weissem-leder\/","title":{"rendered":"TRINITY SOFT MIDI SCHULTERTASCHE AUS WEISSEM LEDER"},"content":{"rendered":"<ul>\n<li>Artikelcode: B02231<\/li>\n<li>Artikelfarbe: Wei\u00df<\/li>\n<li>Made in Italy<\/li>\n<li>Trinity: au\u00dfen frei, innen organisiert. Eine Einladung, die Kunst des Wesentlichen mal drei zu entdecken: drei F\u00e4cher, drei Gr\u00f6\u00dfen, unendliche M\u00f6glichkeiten<\/li>\n<li>Eine Tasche mit markanter Struktur, die dank des einzigartigen Henkel-Details unsere DNA zelebriert: ein G\u00fcrtel, verstellbar und vollst\u00e4ndig abnehmbar, der auch als eigenst\u00e4ndiges Accessoire getragen werden kann<\/li>\n<li>Die Trinity Peach Midi ist eine Schultertasche mit hervorragendem Fassungsverm\u00f6gen und l\u00e4ssigem Stil, perfekt f\u00fcr einen All-Day-Look<\/li>\n<li>Ma\u00dfe: Breite: 39 cm \/ H\u00f6he: 25 cm \/ Tiefe: 10 cm<\/li>\n<li>Taschen: drei Innenf\u00e4cher und ein Rei\u00dfverschlussfach<\/li>\n<li>Verschluss: Magnetknopfverschluss<\/li>\n<li>Funktionalit\u00e4t: Lederhenkel mit verstellbarer und abnehmbarer Schnalle, auch als G\u00fcrtel verwendbar \/ verstellbarer und abnehmbarer Schulterriemen<\/li>\n<li>Material: genarbtes Leder<\/li>\n<li>Details: Metallbeschl\u00e4ge mit Palladium-Finish<\/li>\n<\/ul>\n","protected":false},"excerpt":{"rendered":"<p>Artikelcode: B02231 Artikelfarbe: Wei\u00df Made in Italy Trinity: au\u00dfen frei, innen organisiert. Eine Einladung, die Kunst des Wesentlichen mal drei zu entdecken: drei F\u00e4cher, drei Gr\u00f6\u00dfen, unendliche M\u00f6glichkeiten Eine Tasche mit markanter Struktur, die dank des einzigartigen Henkel-Details unsere DNA zelebriert: ein G\u00fcrtel, verstellbar und vollst\u00e4ndig abnehmbar, der auch als eigenst\u00e4ndiges Accessoire getragen werden kann&hellip;<\/p>\n","protected":false},"featured_media":154254,"template":"","meta":{"_acf_changed":false},"product_brand":[],"product_cat":[1273,1295,1300,1308,1296,1301],"product_tag":[1719],"class_list":{"0":"post-154432","1":"product","2":"type-product","3":"status-publish","4":"has-post-thumbnail","6":"product_cat-damen","7":"product_cat-damenaccessoires","8":"product_cat-handtaschen-damen","9":"product_cat-neuheiten-fur-damen","10":"product_cat-taschen-damen","11":"product_cat-umhangetaschen-damen","12":"product_tag-neuheiten","13":"marca-orciani-de","15":"first","16":"instock","17":"shipping-taxable","18":"purchasable","19":"product-type-simple"},"acf":[],"yoast_head":"<!-- This site is optimized with the Yoast SEO plugin v27.2 - https:\/\/yoast.com\/product\/yoast-seo-wordpress\/ -->\n<title>TRINITY SOFT MIDI SCHULTERTASCHE AUS WEISSEM LEDER - Rabaini<\/title>\n<meta name=\"robots\" content=\"index, follow, max-snippet:-1, max-image-preview:large, max-video-preview:-1\" \/>\n<link rel=\"canonical\" href=\"https:\/\/www.rabaini.it\/de\/trinity-soft-midi-schultertasche-aus-weissem-leder\/\" \/>\n<meta property=\"og:locale\" content=\"de_DE\" \/>\n<meta property=\"og:type\" content=\"article\" \/>\n<meta property=\"og:title\" content=\"TRINITY SOFT MIDI SCHULTERTASCHE AUS WEISSEM LEDER - Rabaini\" \/>\n<meta property=\"og:description\" content=\"Artikelcode: B02231 Artikelfarbe: Wei\u00df Made in Italy Trinity: au\u00dfen frei, innen organisiert. Eine Einladung, die Kunst des Wesentlichen mal drei zu entdecken: drei F\u00e4cher, drei Gr\u00f6\u00dfen, unendliche M\u00f6glichkeiten Eine Tasche mit markanter Struktur, die dank des einzigartigen Henkel-Details unsere DNA zelebriert: ein G\u00fcrtel, verstellbar und vollst\u00e4ndig abnehmbar, der auch als eigenst\u00e4ndiges Accessoire getragen werden kann&hellip;\" \/>\n<meta property=\"og:url\" content=\"https:\/\/www.rabaini.it\/de\/trinity-soft-midi-schultertasche-aus-weissem-leder\/\" \/>\n<meta property=\"og:site_name\" content=\"Rabaini\" \/>\n<meta property=\"article:modified_time\" content=\"2026-05-08T10:35:39+00:00\" \/>\n<meta property=\"og:image\" content=\"https:\/\/www.rabaini.it\/wp-content\/uploads\/2026\/05\/DSC_2068.jpg\" \/>\n\t<meta property=\"og:image:width\" content=\"1500\" \/>\n\t<meta property=\"og:image:height\" content=\"1500\" \/>\n\t<meta property=\"og:image:type\" content=\"image\/jpeg\" \/>\n<meta name=\"twitter:card\" content=\"summary_large_image\" \/>\n<meta name=\"twitter:label1\" content=\"Gesch\u00e4tzte Lesezeit\" \/>\n\t<meta name=\"twitter:data1\" content=\"1\u00a0Minute\" \/>\n<script type=\"application\/ld+json\" class=\"yoast-schema-graph\">{\"@context\":\"https:\/\/schema.org\",\"@graph\":[{\"@type\":\"WebPage\",\"@id\":\"https:\/\/www.rabaini.it\/de\/trinity-soft-midi-schultertasche-aus-weissem-leder\/\",\"url\":\"https:\/\/www.rabaini.it\/de\/trinity-soft-midi-schultertasche-aus-weissem-leder\/\",\"name\":\"TRINITY SOFT MIDI SCHULTERTASCHE AUS WEISSEM LEDER - Rabaini\",\"isPartOf\":{\"@id\":\"https:\/\/www.rabaini.it\/de\/#website\"},\"primaryImageOfPage\":{\"@id\":\"https:\/\/www.rabaini.it\/de\/trinity-soft-midi-schultertasche-aus-weissem-leder\/#primaryimage\"},\"image\":{\"@id\":\"https:\/\/www.rabaini.it\/de\/trinity-soft-midi-schultertasche-aus-weissem-leder\/#primaryimage\"},\"thumbnailUrl\":\"https:\/\/www.rabaini.it\/wp-content\/uploads\/2026\/05\/DSC_2068.jpg\",\"datePublished\":\"2026-05-07T13:57:24+00:00\",\"dateModified\":\"2026-05-08T10:35:39+00:00\",\"breadcrumb\":{\"@id\":\"https:\/\/www.rabaini.it\/de\/trinity-soft-midi-schultertasche-aus-weissem-leder\/#breadcrumb\"},\"inLanguage\":\"de\",\"potentialAction\":[{\"@type\":\"ReadAction\",\"target\":[\"https:\/\/www.rabaini.it\/de\/trinity-soft-midi-schultertasche-aus-weissem-leder\/\"]}]},{\"@type\":\"ImageObject\",\"inLanguage\":\"de\",\"@id\":\"https:\/\/www.rabaini.it\/de\/trinity-soft-midi-schultertasche-aus-weissem-leder\/#primaryimage\",\"url\":\"https:\/\/www.rabaini.it\/wp-content\/uploads\/2026\/05\/DSC_2068.jpg\",\"contentUrl\":\"https:\/\/www.rabaini.it\/wp-content\/uploads\/2026\/05\/DSC_2068.jpg\",\"width\":1500,\"height\":1500},{\"@type\":\"BreadcrumbList\",\"@id\":\"https:\/\/www.rabaini.it\/de\/trinity-soft-midi-schultertasche-aus-weissem-leder\/#breadcrumb\",\"itemListElement\":[{\"@type\":\"ListItem\",\"position\":1,\"name\":\"Home\",\"item\":\"https:\/\/www.rabaini.it\/de\/homepage\/\"},{\"@type\":\"ListItem\",\"position\":2,\"name\":\"Gesch\u00e4ft\",\"item\":\"https:\/\/www.rabaini.it\/geschaeft\/\"},{\"@type\":\"ListItem\",\"position\":3,\"name\":\"Damen\",\"item\":\"https:\/\/www.rabaini.it\/de\/damen\/\"},{\"@type\":\"ListItem\",\"position\":4,\"name\":\"TRINITY SOFT MIDI SCHULTERTASCHE AUS WEISSEM LEDER\"}]},{\"@type\":\"WebSite\",\"@id\":\"https:\/\/www.rabaini.it\/de\/#website\",\"url\":\"https:\/\/www.rabaini.it\/de\/\",\"name\":\"Rabaini\",\"description\":\"\",\"potentialAction\":[{\"@type\":\"SearchAction\",\"target\":{\"@type\":\"EntryPoint\",\"urlTemplate\":\"https:\/\/www.rabaini.it\/de\/?s={search_term_string}\"},\"query-input\":{\"@type\":\"PropertyValueSpecification\",\"valueRequired\":true,\"valueName\":\"search_term_string\"}}],\"inLanguage\":\"de\"}]}<\/script>\n<!-- \/ Yoast SEO plugin. -->","yoast_head_json":{"title":"TRINITY SOFT MIDI SCHULTERTASCHE AUS WEISSEM LEDER - Rabaini","robots":{"index":"index","follow":"follow","max-snippet":"max-snippet:-1","max-image-preview":"max-image-preview:large","max-video-preview":"max-video-preview:-1"},"canonical":"https:\/\/www.rabaini.it\/de\/trinity-soft-midi-schultertasche-aus-weissem-leder\/","og_locale":"de_DE","og_type":"article","og_title":"TRINITY SOFT MIDI SCHULTERTASCHE AUS WEISSEM LEDER - Rabaini","og_description":"Artikelcode: B02231 Artikelfarbe: Wei\u00df Made in Italy Trinity: au\u00dfen frei, innen organisiert. Eine Einladung, die Kunst des Wesentlichen mal drei zu entdecken: drei F\u00e4cher, drei Gr\u00f6\u00dfen, unendliche M\u00f6glichkeiten Eine Tasche mit markanter Struktur, die dank des einzigartigen Henkel-Details unsere DNA zelebriert: ein G\u00fcrtel, verstellbar und vollst\u00e4ndig abnehmbar, der auch als eigenst\u00e4ndiges Accessoire getragen werden kann&hellip;","og_url":"https:\/\/www.rabaini.it\/de\/trinity-soft-midi-schultertasche-aus-weissem-leder\/","og_site_name":"Rabaini","article_modified_time":"2026-05-08T10:35:39+00:00","og_image":[{"width":1500,"height":1500,"url":"https:\/\/www.rabaini.it\/wp-content\/uploads\/2026\/05\/DSC_2068.jpg","type":"image\/jpeg"}],"twitter_card":"summary_large_image","twitter_misc":{"Gesch\u00e4tzte Lesezeit":"1\u00a0Minute"},"schema":{"@context":"https:\/\/schema.org","@graph":[{"@type":"WebPage","@id":"https:\/\/www.rabaini.it\/de\/trinity-soft-midi-schultertasche-aus-weissem-leder\/","url":"https:\/\/www.rabaini.it\/de\/trinity-soft-midi-schultertasche-aus-weissem-leder\/","name":"TRINITY SOFT MIDI SCHULTERTASCHE AUS WEISSEM LEDER - Rabaini","isPartOf":{"@id":"https:\/\/www.rabaini.it\/de\/#website"},"primaryImageOfPage":{"@id":"https:\/\/www.rabaini.it\/de\/trinity-soft-midi-schultertasche-aus-weissem-leder\/#primaryimage"},"image":{"@id":"https:\/\/www.rabaini.it\/de\/trinity-soft-midi-schultertasche-aus-weissem-leder\/#primaryimage"},"thumbnailUrl":"https:\/\/www.rabaini.it\/wp-content\/uploads\/2026\/05\/DSC_2068.jpg","datePublished":"2026-05-07T13:57:24+00:00","dateModified":"2026-05-08T10:35:39+00:00","breadcrumb":{"@id":"https:\/\/www.rabaini.it\/de\/trinity-soft-midi-schultertasche-aus-weissem-leder\/#breadcrumb"},"inLanguage":"de","potentialAction":[{"@type":"ReadAction","target":["https:\/\/www.rabaini.it\/de\/trinity-soft-midi-schultertasche-aus-weissem-leder\/"]}]},{"@type":"ImageObject","inLanguage":"de","@id":"https:\/\/www.rabaini.it\/de\/trinity-soft-midi-schultertasche-aus-weissem-leder\/#primaryimage","url":"https:\/\/www.rabaini.it\/wp-content\/uploads\/2026\/05\/DSC_2068.jpg","contentUrl":"https:\/\/www.rabaini.it\/wp-content\/uploads\/2026\/05\/DSC_2068.jpg","width":1500,"height":1500},{"@type":"BreadcrumbList","@id":"https:\/\/www.rabaini.it\/de\/trinity-soft-midi-schultertasche-aus-weissem-leder\/#breadcrumb","itemListElement":[{"@type":"ListItem","position":1,"name":"Home","item":"https:\/\/www.rabaini.it\/de\/homepage\/"},{"@type":"ListItem","position":2,"name":"Gesch\u00e4ft","item":"https:\/\/www.rabaini.it\/geschaeft\/"},{"@type":"ListItem","position":3,"name":"Damen","item":"https:\/\/www.rabaini.it\/de\/damen\/"},{"@type":"ListItem","position":4,"name":"TRINITY SOFT MIDI SCHULTERTASCHE AUS WEISSEM LEDER"}]},{"@type":"WebSite","@id":"https:\/\/www.rabaini.it\/de\/#website","url":"https:\/\/www.rabaini.it\/de\/","name":"Rabaini","description":"","potentialAction":[{"@type":"SearchAction","target":{"@type":"EntryPoint","urlTemplate":"https:\/\/www.rabaini.it\/de\/?s={search_term_string}"},"query-input":{"@type":"PropertyValueSpecification","valueRequired":true,"valueName":"search_term_string"}}],"inLanguage":"de"}]}},"_links":{"self":[{"href":"https:\/\/www.rabaini.it\/de\/wp-json\/wp\/v2\/product\/154432","targetHints":{"allow":["GET"]}}],"collection":[{"href":"https:\/\/www.rabaini.it\/de\/wp-json\/wp\/v2\/product"}],"about":[{"href":"https:\/\/www.rabaini.it\/de\/wp-json\/wp\/v2\/types\/product"}],"wp:featuredmedia":[{"embeddable":true,"href":"https:\/\/www.rabaini.it\/de\/wp-json\/wp\/v2\/media\/154254"}],"wp:attachment":[{"href":"https:\/\/www.rabaini.it\/de\/wp-json\/wp\/v2\/media?parent=154432"}],"wp:term":[{"taxonomy":"product_brand","embeddable":true,"href":"https:\/\/www.rabaini.it\/de\/wp-json\/wp\/v2\/product_brand?post=154432"},{"taxonomy":"product_cat","embeddable":true,"href":"https:\/\/www.rabaini.it\/de\/wp-json\/wp\/v2\/product_cat?post=154432"},{"taxonomy":"product_tag","embeddable":true,"href":"https:\/\/www.rabaini.it\/de\/wp-json\/wp\/v2\/product_tag?post=154432"}],"curies":[{"name":"wp","href":"https:\/\/api.w.org\/{rel}","templated":true}]}}