{"id":154077,"date":"2026-04-28T10:58:43","date_gmt":"2026-04-28T08:58:43","guid":{"rendered":"https:\/\/www.rabaini.it\/?post_type=product&#038;p=154077"},"modified":"2026-04-28T19:08:30","modified_gmt":"2026-04-28T17:08:30","slug":"palazzohose-aus-seide-mit-blumenprint","status":"publish","type":"product","link":"https:\/\/www.rabaini.it\/de\/palazzohose-aus-seide-mit-blumenprint\/","title":{"rendered":"PALAZZOHOSE AUS SEIDE MIT BLUMENPRINT"},"content":{"rendered":"<ul>\n<li>Artikelcode: ALOE\/S-PT11094<\/li>\n<li>Artikel Farbe: Heu<\/li>\n<li>\n<div class=\"b-product_long_description\">Made in Italy<\/div>\n<\/li>\n<li>Diese luxuri\u00f6sen Palazzohosen aus Seide mit weitem Bein begeistern mit ihrem sanften Beigeton und dem zarten Blumenmuster, das ein Gef\u00fchl nat\u00fcrlicher Eleganz vermittelt<\/li>\n<li>Die lockere Passform und der elastische Bund bieten Komfort und flie\u00dfende Leichtigkeit, perfekt f\u00fcr eine anspruchsvolle und m\u00fchelose Eleganz<\/li>\n<li>Normale Passform<\/li>\n<li>Zusammensetzung: 100% Seide<\/li>\n<\/ul>\n","protected":false},"excerpt":{"rendered":"<p>Artikelcode: ALOE\/S-PT11094 Artikel Farbe: Heu Made in Italy Diese luxuri\u00f6sen Palazzohosen aus Seide mit weitem Bein begeistern mit ihrem sanften Beigeton und dem zarten Blumenmuster, das ein Gef\u00fchl nat\u00fcrlicher Eleganz vermittelt Die lockere Passform und der elastische Bund bieten Komfort und flie\u00dfende Leichtigkeit, perfekt f\u00fcr eine anspruchsvolle und m\u00fchelose Eleganz Normale Passform Zusammensetzung: 100% Seide<\/p>\n","protected":false},"featured_media":153836,"template":"","meta":{"_acf_changed":false},"product_brand":[],"product_cat":[1273,1274,1289,1308],"product_tag":[1719],"class_list":{"0":"post-154077","1":"product","2":"type-product","3":"status-publish","4":"has-post-thumbnail","6":"product_cat-damen","7":"product_cat-damenbekleidung","8":"product_cat-hose-damen","9":"product_cat-neuheiten-fur-damen","10":"product_tag-neuheiten","11":"marca-pierre-louis-mascia-de","13":"first","14":"instock","15":"shipping-taxable","16":"purchasable","17":"product-type-variable"},"acf":[],"yoast_head":"<!-- This site is optimized with the Yoast SEO plugin v27.2 - https:\/\/yoast.com\/product\/yoast-seo-wordpress\/ -->\n<title>PALAZZOHOSE AUS SEIDE MIT BLUMENPRINT - Rabaini<\/title>\n<meta name=\"robots\" content=\"index, follow, max-snippet:-1, max-image-preview:large, max-video-preview:-1\" \/>\n<link rel=\"canonical\" href=\"https:\/\/www.rabaini.it\/de\/palazzohose-aus-seide-mit-blumenprint\/\" \/>\n<meta property=\"og:locale\" content=\"de_DE\" \/>\n<meta property=\"og:type\" content=\"article\" \/>\n<meta property=\"og:title\" content=\"PALAZZOHOSE AUS SEIDE MIT BLUMENPRINT - Rabaini\" \/>\n<meta property=\"og:description\" content=\"Artikelcode: ALOE\/S-PT11094 Artikel Farbe: Heu Made in Italy Diese luxuri\u00f6sen Palazzohosen aus Seide mit weitem Bein begeistern mit ihrem sanften Beigeton und dem zarten Blumenmuster, das ein Gef\u00fchl nat\u00fcrlicher Eleganz vermittelt Die lockere Passform und der elastische Bund bieten Komfort und flie\u00dfende Leichtigkeit, perfekt f\u00fcr eine anspruchsvolle und m\u00fchelose Eleganz Normale Passform Zusammensetzung: 100% Seide\" \/>\n<meta property=\"og:url\" content=\"https:\/\/www.rabaini.it\/de\/palazzohose-aus-seide-mit-blumenprint\/\" \/>\n<meta property=\"og:site_name\" content=\"Rabaini\" \/>\n<meta property=\"article:modified_time\" content=\"2026-04-28T17:08:30+00:00\" \/>\n<meta property=\"og:image\" content=\"https:\/\/www.rabaini.it\/wp-content\/uploads\/2026\/04\/2.1-1.jpg\" \/>\n\t<meta property=\"og:image:width\" content=\"1500\" \/>\n\t<meta property=\"og:image:height\" content=\"1500\" \/>\n\t<meta property=\"og:image:type\" content=\"image\/jpeg\" \/>\n<meta name=\"twitter:card\" content=\"summary_large_image\" \/>\n<script type=\"application\/ld+json\" class=\"yoast-schema-graph\">{\"@context\":\"https:\/\/schema.org\",\"@graph\":[{\"@type\":\"WebPage\",\"@id\":\"https:\/\/www.rabaini.it\/de\/palazzohose-aus-seide-mit-blumenprint\/\",\"url\":\"https:\/\/www.rabaini.it\/de\/palazzohose-aus-seide-mit-blumenprint\/\",\"name\":\"PALAZZOHOSE AUS SEIDE MIT BLUMENPRINT - Rabaini\",\"isPartOf\":{\"@id\":\"https:\/\/www.rabaini.it\/de\/#website\"},\"primaryImageOfPage\":{\"@id\":\"https:\/\/www.rabaini.it\/de\/palazzohose-aus-seide-mit-blumenprint\/#primaryimage\"},\"image\":{\"@id\":\"https:\/\/www.rabaini.it\/de\/palazzohose-aus-seide-mit-blumenprint\/#primaryimage\"},\"thumbnailUrl\":\"https:\/\/www.rabaini.it\/wp-content\/uploads\/2026\/04\/2.1-1.jpg\",\"datePublished\":\"2026-04-28T08:58:43+00:00\",\"dateModified\":\"2026-04-28T17:08:30+00:00\",\"breadcrumb\":{\"@id\":\"https:\/\/www.rabaini.it\/de\/palazzohose-aus-seide-mit-blumenprint\/#breadcrumb\"},\"inLanguage\":\"de\",\"potentialAction\":[{\"@type\":\"ReadAction\",\"target\":[\"https:\/\/www.rabaini.it\/de\/palazzohose-aus-seide-mit-blumenprint\/\"]}]},{\"@type\":\"ImageObject\",\"inLanguage\":\"de\",\"@id\":\"https:\/\/www.rabaini.it\/de\/palazzohose-aus-seide-mit-blumenprint\/#primaryimage\",\"url\":\"https:\/\/www.rabaini.it\/wp-content\/uploads\/2026\/04\/2.1-1.jpg\",\"contentUrl\":\"https:\/\/www.rabaini.it\/wp-content\/uploads\/2026\/04\/2.1-1.jpg\",\"width\":1500,\"height\":1500},{\"@type\":\"BreadcrumbList\",\"@id\":\"https:\/\/www.rabaini.it\/de\/palazzohose-aus-seide-mit-blumenprint\/#breadcrumb\",\"itemListElement\":[{\"@type\":\"ListItem\",\"position\":1,\"name\":\"Home\",\"item\":\"https:\/\/www.rabaini.it\/de\/homepage\/\"},{\"@type\":\"ListItem\",\"position\":2,\"name\":\"Gesch\u00e4ft\",\"item\":\"https:\/\/www.rabaini.it\/geschaeft\/\"},{\"@type\":\"ListItem\",\"position\":3,\"name\":\"Damen\",\"item\":\"https:\/\/www.rabaini.it\/de\/damen\/\"},{\"@type\":\"ListItem\",\"position\":4,\"name\":\"PALAZZOHOSE AUS SEIDE MIT BLUMENPRINT\"}]},{\"@type\":\"WebSite\",\"@id\":\"https:\/\/www.rabaini.it\/de\/#website\",\"url\":\"https:\/\/www.rabaini.it\/de\/\",\"name\":\"Rabaini\",\"description\":\"\",\"potentialAction\":[{\"@type\":\"SearchAction\",\"target\":{\"@type\":\"EntryPoint\",\"urlTemplate\":\"https:\/\/www.rabaini.it\/de\/?s={search_term_string}\"},\"query-input\":{\"@type\":\"PropertyValueSpecification\",\"valueRequired\":true,\"valueName\":\"search_term_string\"}}],\"inLanguage\":\"de\"}]}<\/script>\n<!-- \/ Yoast SEO plugin. -->","yoast_head_json":{"title":"PALAZZOHOSE AUS SEIDE MIT BLUMENPRINT - Rabaini","robots":{"index":"index","follow":"follow","max-snippet":"max-snippet:-1","max-image-preview":"max-image-preview:large","max-video-preview":"max-video-preview:-1"},"canonical":"https:\/\/www.rabaini.it\/de\/palazzohose-aus-seide-mit-blumenprint\/","og_locale":"de_DE","og_type":"article","og_title":"PALAZZOHOSE AUS SEIDE MIT BLUMENPRINT - Rabaini","og_description":"Artikelcode: ALOE\/S-PT11094 Artikel Farbe: Heu Made in Italy Diese luxuri\u00f6sen Palazzohosen aus Seide mit weitem Bein begeistern mit ihrem sanften Beigeton und dem zarten Blumenmuster, das ein Gef\u00fchl nat\u00fcrlicher Eleganz vermittelt Die lockere Passform und der elastische Bund bieten Komfort und flie\u00dfende Leichtigkeit, perfekt f\u00fcr eine anspruchsvolle und m\u00fchelose Eleganz Normale Passform Zusammensetzung: 100% Seide","og_url":"https:\/\/www.rabaini.it\/de\/palazzohose-aus-seide-mit-blumenprint\/","og_site_name":"Rabaini","article_modified_time":"2026-04-28T17:08:30+00:00","og_image":[{"width":1500,"height":1500,"url":"https:\/\/www.rabaini.it\/wp-content\/uploads\/2026\/04\/2.1-1.jpg","type":"image\/jpeg"}],"twitter_card":"summary_large_image","schema":{"@context":"https:\/\/schema.org","@graph":[{"@type":"WebPage","@id":"https:\/\/www.rabaini.it\/de\/palazzohose-aus-seide-mit-blumenprint\/","url":"https:\/\/www.rabaini.it\/de\/palazzohose-aus-seide-mit-blumenprint\/","name":"PALAZZOHOSE AUS SEIDE MIT BLUMENPRINT - Rabaini","isPartOf":{"@id":"https:\/\/www.rabaini.it\/de\/#website"},"primaryImageOfPage":{"@id":"https:\/\/www.rabaini.it\/de\/palazzohose-aus-seide-mit-blumenprint\/#primaryimage"},"image":{"@id":"https:\/\/www.rabaini.it\/de\/palazzohose-aus-seide-mit-blumenprint\/#primaryimage"},"thumbnailUrl":"https:\/\/www.rabaini.it\/wp-content\/uploads\/2026\/04\/2.1-1.jpg","datePublished":"2026-04-28T08:58:43+00:00","dateModified":"2026-04-28T17:08:30+00:00","breadcrumb":{"@id":"https:\/\/www.rabaini.it\/de\/palazzohose-aus-seide-mit-blumenprint\/#breadcrumb"},"inLanguage":"de","potentialAction":[{"@type":"ReadAction","target":["https:\/\/www.rabaini.it\/de\/palazzohose-aus-seide-mit-blumenprint\/"]}]},{"@type":"ImageObject","inLanguage":"de","@id":"https:\/\/www.rabaini.it\/de\/palazzohose-aus-seide-mit-blumenprint\/#primaryimage","url":"https:\/\/www.rabaini.it\/wp-content\/uploads\/2026\/04\/2.1-1.jpg","contentUrl":"https:\/\/www.rabaini.it\/wp-content\/uploads\/2026\/04\/2.1-1.jpg","width":1500,"height":1500},{"@type":"BreadcrumbList","@id":"https:\/\/www.rabaini.it\/de\/palazzohose-aus-seide-mit-blumenprint\/#breadcrumb","itemListElement":[{"@type":"ListItem","position":1,"name":"Home","item":"https:\/\/www.rabaini.it\/de\/homepage\/"},{"@type":"ListItem","position":2,"name":"Gesch\u00e4ft","item":"https:\/\/www.rabaini.it\/geschaeft\/"},{"@type":"ListItem","position":3,"name":"Damen","item":"https:\/\/www.rabaini.it\/de\/damen\/"},{"@type":"ListItem","position":4,"name":"PALAZZOHOSE AUS SEIDE MIT BLUMENPRINT"}]},{"@type":"WebSite","@id":"https:\/\/www.rabaini.it\/de\/#website","url":"https:\/\/www.rabaini.it\/de\/","name":"Rabaini","description":"","potentialAction":[{"@type":"SearchAction","target":{"@type":"EntryPoint","urlTemplate":"https:\/\/www.rabaini.it\/de\/?s={search_term_string}"},"query-input":{"@type":"PropertyValueSpecification","valueRequired":true,"valueName":"search_term_string"}}],"inLanguage":"de"}]}},"_links":{"self":[{"href":"https:\/\/www.rabaini.it\/de\/wp-json\/wp\/v2\/product\/154077","targetHints":{"allow":["GET"]}}],"collection":[{"href":"https:\/\/www.rabaini.it\/de\/wp-json\/wp\/v2\/product"}],"about":[{"href":"https:\/\/www.rabaini.it\/de\/wp-json\/wp\/v2\/types\/product"}],"wp:featuredmedia":[{"embeddable":true,"href":"https:\/\/www.rabaini.it\/de\/wp-json\/wp\/v2\/media\/153836"}],"wp:attachment":[{"href":"https:\/\/www.rabaini.it\/de\/wp-json\/wp\/v2\/media?parent=154077"}],"wp:term":[{"taxonomy":"product_brand","embeddable":true,"href":"https:\/\/www.rabaini.it\/de\/wp-json\/wp\/v2\/product_brand?post=154077"},{"taxonomy":"product_cat","embeddable":true,"href":"https:\/\/www.rabaini.it\/de\/wp-json\/wp\/v2\/product_cat?post=154077"},{"taxonomy":"product_tag","embeddable":true,"href":"https:\/\/www.rabaini.it\/de\/wp-json\/wp\/v2\/product_tag?post=154077"}],"curies":[{"name":"wp","href":"https:\/\/api.w.org\/{rel}","templated":true}]}}