{"id":154064,"date":"2026-04-28T10:51:45","date_gmt":"2026-04-28T08:51:45","guid":{"rendered":"https:\/\/www.rabaini.it\/?post_type=product&#038;p=154064"},"modified":"2026-04-28T19:08:07","modified_gmt":"2026-04-28T17:08:07","slug":"ultraleichte-nylon-kapuze-beige","status":"publish","type":"product","link":"https:\/\/www.rabaini.it\/de\/ultraleichte-nylon-kapuze-beige\/","title":{"rendered":"ULTRALEICHTE NYLON-KAPUZE BEIGE"},"content":{"rendered":"<ul>\n<li>Artikelcode: PI002223D-12017Z-198<\/li>\n<li>Artikel Farbe: Beige<\/li>\n<li>Cape aus ikonischem Ultralight Nylon, der authentischste Ausdruck des Herno-Stils<\/li>\n<li>Eine exklusive Technologie, die die Verwendung von 20 Denier japanischem Nylon und hochwertiger 90\/10 Daunenf\u00fcllung mit Injektionsverfahren vorsieht, um ein noch leichteres Tragegef\u00fchl zu bieten<\/li>\n<li>Das Ergebnis ist eine gute Wasserbest\u00e4ndigkeit mit einem besonders luxuri\u00f6sen, seiden\u00e4hnlichen Griff<\/li>\n<li>Entwickelt, um Freizeit-Looks eine raffinierte Note zu verleihen, ist das Modell dank der Boxy-Passform mit gro\u00dfen Paspeltaschen und Zwei-Wege-Rei\u00dfverschluss praktisch und komfortabel<\/li>\n<li>Boxy-Passform<\/li>\n<li>Daunenf\u00fcllung<\/li>\n<li>Gestreppte Steppung<\/li>\n<li>Hemdkragen<\/li>\n<li>Lange \u00c4rmel<\/li>\n<li>Manschetten mit Knopf<\/li>\n<li>Paspeltaschen<\/li>\n<li>Herno Metalllogo auf der R\u00fcckseite<\/li>\n<li>Zwei-Wege-Rei\u00dfverschluss<\/li>\n<li>\n<div class=\"b-product_long_description\">Performance: Wasserabweisende Behandlung<\/div>\n<\/li>\n<li>Zusammensetzung: 100% Polyamid<\/li>\n<li>Futter: 100% Polyamid<\/li>\n<li>F\u00fcllung: 90% Daunen, 10% Federn<\/li>\n<\/ul>\n","protected":false},"excerpt":{"rendered":"<p>Artikelcode: PI002223D-12017Z-198 Artikel Farbe: Beige Cape aus ikonischem Ultralight Nylon, der authentischste Ausdruck des Herno-Stils Eine exklusive Technologie, die die Verwendung von 20 Denier japanischem Nylon und hochwertiger 90\/10 Daunenf\u00fcllung mit Injektionsverfahren vorsieht, um ein noch leichteres Tragegef\u00fchl zu bieten Das Ergebnis ist eine gute Wasserbest\u00e4ndigkeit mit einem besonders luxuri\u00f6sen, seiden\u00e4hnlichen Griff Entwickelt, um Freizeit-Looks&hellip;<\/p>\n","protected":false},"featured_media":153827,"template":"","meta":{"_acf_changed":false},"product_brand":[],"product_cat":[1273,1274,1279,1308,1277],"product_tag":[1719],"class_list":{"0":"post-154064","1":"product","2":"type-product","3":"status-publish","4":"has-post-thumbnail","6":"product_cat-damen","7":"product_cat-damenbekleidung","8":"product_cat-jacken-damen","9":"product_cat-neuheiten-fur-damen","10":"product_cat-oberbekleidung-damen","11":"product_tag-neuheiten","12":"marca-herno-de","14":"first","15":"instock","16":"shipping-taxable","17":"purchasable","18":"product-type-variable"},"acf":[],"yoast_head":"<!-- This site is optimized with the Yoast SEO plugin v27.2 - https:\/\/yoast.com\/product\/yoast-seo-wordpress\/ -->\n<title>ULTRALEICHTE NYLON-KAPUZE BEIGE - Rabaini<\/title>\n<meta name=\"robots\" content=\"index, follow, max-snippet:-1, max-image-preview:large, max-video-preview:-1\" \/>\n<link rel=\"canonical\" href=\"https:\/\/www.rabaini.it\/de\/ultraleichte-nylon-kapuze-beige\/\" \/>\n<meta property=\"og:locale\" content=\"de_DE\" \/>\n<meta property=\"og:type\" content=\"article\" \/>\n<meta property=\"og:title\" content=\"ULTRALEICHTE NYLON-KAPUZE BEIGE - Rabaini\" \/>\n<meta property=\"og:description\" content=\"Artikelcode: PI002223D-12017Z-198 Artikel Farbe: Beige Cape aus ikonischem Ultralight Nylon, der authentischste Ausdruck des Herno-Stils Eine exklusive Technologie, die die Verwendung von 20 Denier japanischem Nylon und hochwertiger 90\/10 Daunenf\u00fcllung mit Injektionsverfahren vorsieht, um ein noch leichteres Tragegef\u00fchl zu bieten Das Ergebnis ist eine gute Wasserbest\u00e4ndigkeit mit einem besonders luxuri\u00f6sen, seiden\u00e4hnlichen Griff Entwickelt, um Freizeit-Looks&hellip;\" \/>\n<meta property=\"og:url\" content=\"https:\/\/www.rabaini.it\/de\/ultraleichte-nylon-kapuze-beige\/\" \/>\n<meta property=\"og:site_name\" content=\"Rabaini\" \/>\n<meta property=\"article:modified_time\" content=\"2026-04-28T17:08:07+00:00\" \/>\n<meta property=\"og:image\" content=\"https:\/\/www.rabaini.it\/wp-content\/uploads\/2026\/04\/1.1-1.jpg\" \/>\n\t<meta property=\"og:image:width\" content=\"1500\" \/>\n\t<meta property=\"og:image:height\" content=\"1500\" \/>\n\t<meta property=\"og:image:type\" content=\"image\/jpeg\" \/>\n<meta name=\"twitter:card\" content=\"summary_large_image\" \/>\n<meta name=\"twitter:label1\" content=\"Gesch\u00e4tzte Lesezeit\" \/>\n\t<meta name=\"twitter:data1\" content=\"1\u00a0Minute\" \/>\n<script type=\"application\/ld+json\" class=\"yoast-schema-graph\">{\"@context\":\"https:\/\/schema.org\",\"@graph\":[{\"@type\":\"WebPage\",\"@id\":\"https:\/\/www.rabaini.it\/de\/ultraleichte-nylon-kapuze-beige\/\",\"url\":\"https:\/\/www.rabaini.it\/de\/ultraleichte-nylon-kapuze-beige\/\",\"name\":\"ULTRALEICHTE NYLON-KAPUZE BEIGE - Rabaini\",\"isPartOf\":{\"@id\":\"https:\/\/www.rabaini.it\/de\/#website\"},\"primaryImageOfPage\":{\"@id\":\"https:\/\/www.rabaini.it\/de\/ultraleichte-nylon-kapuze-beige\/#primaryimage\"},\"image\":{\"@id\":\"https:\/\/www.rabaini.it\/de\/ultraleichte-nylon-kapuze-beige\/#primaryimage\"},\"thumbnailUrl\":\"https:\/\/www.rabaini.it\/wp-content\/uploads\/2026\/04\/1.1-1.jpg\",\"datePublished\":\"2026-04-28T08:51:45+00:00\",\"dateModified\":\"2026-04-28T17:08:07+00:00\",\"breadcrumb\":{\"@id\":\"https:\/\/www.rabaini.it\/de\/ultraleichte-nylon-kapuze-beige\/#breadcrumb\"},\"inLanguage\":\"de\",\"potentialAction\":[{\"@type\":\"ReadAction\",\"target\":[\"https:\/\/www.rabaini.it\/de\/ultraleichte-nylon-kapuze-beige\/\"]}]},{\"@type\":\"ImageObject\",\"inLanguage\":\"de\",\"@id\":\"https:\/\/www.rabaini.it\/de\/ultraleichte-nylon-kapuze-beige\/#primaryimage\",\"url\":\"https:\/\/www.rabaini.it\/wp-content\/uploads\/2026\/04\/1.1-1.jpg\",\"contentUrl\":\"https:\/\/www.rabaini.it\/wp-content\/uploads\/2026\/04\/1.1-1.jpg\",\"width\":1500,\"height\":1500},{\"@type\":\"BreadcrumbList\",\"@id\":\"https:\/\/www.rabaini.it\/de\/ultraleichte-nylon-kapuze-beige\/#breadcrumb\",\"itemListElement\":[{\"@type\":\"ListItem\",\"position\":1,\"name\":\"Home\",\"item\":\"https:\/\/www.rabaini.it\/de\/homepage\/\"},{\"@type\":\"ListItem\",\"position\":2,\"name\":\"Gesch\u00e4ft\",\"item\":\"https:\/\/www.rabaini.it\/geschaeft\/\"},{\"@type\":\"ListItem\",\"position\":3,\"name\":\"Damen\",\"item\":\"https:\/\/www.rabaini.it\/de\/damen\/\"},{\"@type\":\"ListItem\",\"position\":4,\"name\":\"ULTRALEICHTE NYLON-KAPUZE BEIGE\"}]},{\"@type\":\"WebSite\",\"@id\":\"https:\/\/www.rabaini.it\/de\/#website\",\"url\":\"https:\/\/www.rabaini.it\/de\/\",\"name\":\"Rabaini\",\"description\":\"\",\"potentialAction\":[{\"@type\":\"SearchAction\",\"target\":{\"@type\":\"EntryPoint\",\"urlTemplate\":\"https:\/\/www.rabaini.it\/de\/?s={search_term_string}\"},\"query-input\":{\"@type\":\"PropertyValueSpecification\",\"valueRequired\":true,\"valueName\":\"search_term_string\"}}],\"inLanguage\":\"de\"}]}<\/script>\n<!-- \/ Yoast SEO plugin. -->","yoast_head_json":{"title":"ULTRALEICHTE NYLON-KAPUZE BEIGE - Rabaini","robots":{"index":"index","follow":"follow","max-snippet":"max-snippet:-1","max-image-preview":"max-image-preview:large","max-video-preview":"max-video-preview:-1"},"canonical":"https:\/\/www.rabaini.it\/de\/ultraleichte-nylon-kapuze-beige\/","og_locale":"de_DE","og_type":"article","og_title":"ULTRALEICHTE NYLON-KAPUZE BEIGE - Rabaini","og_description":"Artikelcode: PI002223D-12017Z-198 Artikel Farbe: Beige Cape aus ikonischem Ultralight Nylon, der authentischste Ausdruck des Herno-Stils Eine exklusive Technologie, die die Verwendung von 20 Denier japanischem Nylon und hochwertiger 90\/10 Daunenf\u00fcllung mit Injektionsverfahren vorsieht, um ein noch leichteres Tragegef\u00fchl zu bieten Das Ergebnis ist eine gute Wasserbest\u00e4ndigkeit mit einem besonders luxuri\u00f6sen, seiden\u00e4hnlichen Griff Entwickelt, um Freizeit-Looks&hellip;","og_url":"https:\/\/www.rabaini.it\/de\/ultraleichte-nylon-kapuze-beige\/","og_site_name":"Rabaini","article_modified_time":"2026-04-28T17:08:07+00:00","og_image":[{"width":1500,"height":1500,"url":"https:\/\/www.rabaini.it\/wp-content\/uploads\/2026\/04\/1.1-1.jpg","type":"image\/jpeg"}],"twitter_card":"summary_large_image","twitter_misc":{"Gesch\u00e4tzte Lesezeit":"1\u00a0Minute"},"schema":{"@context":"https:\/\/schema.org","@graph":[{"@type":"WebPage","@id":"https:\/\/www.rabaini.it\/de\/ultraleichte-nylon-kapuze-beige\/","url":"https:\/\/www.rabaini.it\/de\/ultraleichte-nylon-kapuze-beige\/","name":"ULTRALEICHTE NYLON-KAPUZE BEIGE - Rabaini","isPartOf":{"@id":"https:\/\/www.rabaini.it\/de\/#website"},"primaryImageOfPage":{"@id":"https:\/\/www.rabaini.it\/de\/ultraleichte-nylon-kapuze-beige\/#primaryimage"},"image":{"@id":"https:\/\/www.rabaini.it\/de\/ultraleichte-nylon-kapuze-beige\/#primaryimage"},"thumbnailUrl":"https:\/\/www.rabaini.it\/wp-content\/uploads\/2026\/04\/1.1-1.jpg","datePublished":"2026-04-28T08:51:45+00:00","dateModified":"2026-04-28T17:08:07+00:00","breadcrumb":{"@id":"https:\/\/www.rabaini.it\/de\/ultraleichte-nylon-kapuze-beige\/#breadcrumb"},"inLanguage":"de","potentialAction":[{"@type":"ReadAction","target":["https:\/\/www.rabaini.it\/de\/ultraleichte-nylon-kapuze-beige\/"]}]},{"@type":"ImageObject","inLanguage":"de","@id":"https:\/\/www.rabaini.it\/de\/ultraleichte-nylon-kapuze-beige\/#primaryimage","url":"https:\/\/www.rabaini.it\/wp-content\/uploads\/2026\/04\/1.1-1.jpg","contentUrl":"https:\/\/www.rabaini.it\/wp-content\/uploads\/2026\/04\/1.1-1.jpg","width":1500,"height":1500},{"@type":"BreadcrumbList","@id":"https:\/\/www.rabaini.it\/de\/ultraleichte-nylon-kapuze-beige\/#breadcrumb","itemListElement":[{"@type":"ListItem","position":1,"name":"Home","item":"https:\/\/www.rabaini.it\/de\/homepage\/"},{"@type":"ListItem","position":2,"name":"Gesch\u00e4ft","item":"https:\/\/www.rabaini.it\/geschaeft\/"},{"@type":"ListItem","position":3,"name":"Damen","item":"https:\/\/www.rabaini.it\/de\/damen\/"},{"@type":"ListItem","position":4,"name":"ULTRALEICHTE NYLON-KAPUZE BEIGE"}]},{"@type":"WebSite","@id":"https:\/\/www.rabaini.it\/de\/#website","url":"https:\/\/www.rabaini.it\/de\/","name":"Rabaini","description":"","potentialAction":[{"@type":"SearchAction","target":{"@type":"EntryPoint","urlTemplate":"https:\/\/www.rabaini.it\/de\/?s={search_term_string}"},"query-input":{"@type":"PropertyValueSpecification","valueRequired":true,"valueName":"search_term_string"}}],"inLanguage":"de"}]}},"_links":{"self":[{"href":"https:\/\/www.rabaini.it\/de\/wp-json\/wp\/v2\/product\/154064","targetHints":{"allow":["GET"]}}],"collection":[{"href":"https:\/\/www.rabaini.it\/de\/wp-json\/wp\/v2\/product"}],"about":[{"href":"https:\/\/www.rabaini.it\/de\/wp-json\/wp\/v2\/types\/product"}],"wp:featuredmedia":[{"embeddable":true,"href":"https:\/\/www.rabaini.it\/de\/wp-json\/wp\/v2\/media\/153827"}],"wp:attachment":[{"href":"https:\/\/www.rabaini.it\/de\/wp-json\/wp\/v2\/media?parent=154064"}],"wp:term":[{"taxonomy":"product_brand","embeddable":true,"href":"https:\/\/www.rabaini.it\/de\/wp-json\/wp\/v2\/product_brand?post=154064"},{"taxonomy":"product_cat","embeddable":true,"href":"https:\/\/www.rabaini.it\/de\/wp-json\/wp\/v2\/product_cat?post=154064"},{"taxonomy":"product_tag","embeddable":true,"href":"https:\/\/www.rabaini.it\/de\/wp-json\/wp\/v2\/product_tag?post=154064"}],"curies":[{"name":"wp","href":"https:\/\/api.w.org\/{rel}","templated":true}]}}