{"id":153799,"date":"2026-04-23T18:52:15","date_gmt":"2026-04-23T16:52:15","guid":{"rendered":"https:\/\/www.rabaini.it\/?post_type=product&#038;p=153799"},"modified":"2026-04-23T18:52:15","modified_gmt":"2026-04-23T16:52:15","slug":"venus-soft-midi-schultertasche-aus-weisem-genarbtem-leder","status":"publish","type":"product","link":"https:\/\/www.rabaini.it\/de\/venus-soft-midi-schultertasche-aus-weisem-genarbtem-leder\/","title":{"rendered":"VENUS SOFT MIDI SCHULTERTASCHE AUS WEI\u00dfEM GENARBTEM LEDER"},"content":{"rendered":"<ul>\n<li>Artikelcode: B02212 SOFT<\/li>\n<li>Artikel Farbe: Wei\u00df<\/li>\n<li>Made in Italy<\/li>\n<li>Venus ist eine Tasche mit weichen Formen und strukturiertem Design, eine perfekte Verbindung zwischen Vergangenheit und Zukunft, eine stilistische Kontinuit\u00e4t, bereichert durch moderne Elemente wie den offenen G\u00fcrtel-Detail, die l\u00e4ngliche (East-West) Form und den Ketten-Schulterriemen<\/li>\n<li>Ma\u00dfe: Breite: 40 cm \/ H\u00f6he: 30 cm \/ Tiefe: 10 cm<\/li>\n<li>Taschen: zwei Innentaschen, davon eine mit Rei\u00dfverschluss<\/li>\n<li>Verschluss: Patte mit Magnetkn\u00f6pfen, Schnallendetail<\/li>\n<li>Funktionalit\u00e4t: Schulterhenkel aus Leder und Kette<\/li>\n<li>Material: genarbtes Kalbsleder<\/li>\n<li>Details: Beschl\u00e4ge mit Palladium-Finish<\/li>\n<li>Die Venus Soft Midi ist eine Schultertasche aus genarbtem Leder, zugleich elegant und funktional<\/li>\n<li>Au\u00dfenmaterial: 100% Rindsleder<\/li>\n<li>Innenfutter: 50% Polyamid, 50% Polyurethan<\/li>\n<\/ul>\n","protected":false},"excerpt":{"rendered":"<p>Artikelcode: B02212 SOFT Artikel Farbe: Wei\u00df Made in Italy Venus ist eine Tasche mit weichen Formen und strukturiertem Design, eine perfekte Verbindung zwischen Vergangenheit und Zukunft, eine stilistische Kontinuit\u00e4t, bereichert durch moderne Elemente wie den offenen G\u00fcrtel-Detail, die l\u00e4ngliche (East-West) Form und den Ketten-Schulterriemen Ma\u00dfe: Breite: 40 cm \/ H\u00f6he: 30 cm \/ Tiefe: 10&hellip;<\/p>\n","protected":false},"featured_media":153264,"template":"","meta":{"_acf_changed":false},"product_brand":[],"product_cat":[1273,1295,1308,1296,1301],"product_tag":[1719],"class_list":{"0":"post-153799","1":"product","2":"type-product","3":"status-publish","4":"has-post-thumbnail","6":"product_cat-damen","7":"product_cat-damenaccessoires","8":"product_cat-neuheiten-fur-damen","9":"product_cat-taschen-damen","10":"product_cat-umhangetaschen-damen","11":"product_tag-neuheiten","12":"marca-orciani-de","14":"first","15":"instock","16":"shipping-taxable","17":"purchasable","18":"product-type-simple"},"acf":[],"yoast_head":"<!-- This site is optimized with the Yoast SEO plugin v27.2 - https:\/\/yoast.com\/product\/yoast-seo-wordpress\/ -->\n<title>VENUS SOFT MIDI SCHULTERTASCHE AUS WEI\u00dfEM GENARBTEM LEDER - Rabaini<\/title>\n<meta name=\"robots\" content=\"index, follow, max-snippet:-1, max-image-preview:large, max-video-preview:-1\" \/>\n<link rel=\"canonical\" href=\"https:\/\/www.rabaini.it\/de\/venus-soft-midi-schultertasche-aus-weisem-genarbtem-leder\/\" \/>\n<meta property=\"og:locale\" content=\"de_DE\" \/>\n<meta property=\"og:type\" content=\"article\" \/>\n<meta property=\"og:title\" content=\"VENUS SOFT MIDI SCHULTERTASCHE AUS WEI\u00dfEM GENARBTEM LEDER - Rabaini\" \/>\n<meta property=\"og:description\" content=\"Artikelcode: B02212 SOFT Artikel Farbe: Wei\u00df Made in Italy Venus ist eine Tasche mit weichen Formen und strukturiertem Design, eine perfekte Verbindung zwischen Vergangenheit und Zukunft, eine stilistische Kontinuit\u00e4t, bereichert durch moderne Elemente wie den offenen G\u00fcrtel-Detail, die l\u00e4ngliche (East-West) Form und den Ketten-Schulterriemen Ma\u00dfe: Breite: 40 cm \/ H\u00f6he: 30 cm \/ Tiefe: 10&hellip;\" \/>\n<meta property=\"og:url\" content=\"https:\/\/www.rabaini.it\/de\/venus-soft-midi-schultertasche-aus-weisem-genarbtem-leder\/\" \/>\n<meta property=\"og:site_name\" content=\"Rabaini\" \/>\n<meta property=\"og:image\" content=\"https:\/\/www.rabaini.it\/wp-content\/uploads\/2026\/04\/DSC_1908.jpg\" \/>\n\t<meta property=\"og:image:width\" content=\"1500\" \/>\n\t<meta property=\"og:image:height\" content=\"1500\" \/>\n\t<meta property=\"og:image:type\" content=\"image\/jpeg\" \/>\n<meta name=\"twitter:card\" content=\"summary_large_image\" \/>\n<meta name=\"twitter:label1\" content=\"Gesch\u00e4tzte Lesezeit\" \/>\n\t<meta name=\"twitter:data1\" content=\"1\u00a0Minute\" \/>\n<script type=\"application\/ld+json\" class=\"yoast-schema-graph\">{\"@context\":\"https:\/\/schema.org\",\"@graph\":[{\"@type\":\"WebPage\",\"@id\":\"https:\/\/www.rabaini.it\/de\/venus-soft-midi-schultertasche-aus-weisem-genarbtem-leder\/\",\"url\":\"https:\/\/www.rabaini.it\/de\/venus-soft-midi-schultertasche-aus-weisem-genarbtem-leder\/\",\"name\":\"VENUS SOFT MIDI SCHULTERTASCHE AUS WEI\u00dfEM GENARBTEM LEDER - Rabaini\",\"isPartOf\":{\"@id\":\"https:\/\/www.rabaini.it\/de\/#website\"},\"primaryImageOfPage\":{\"@id\":\"https:\/\/www.rabaini.it\/de\/venus-soft-midi-schultertasche-aus-weisem-genarbtem-leder\/#primaryimage\"},\"image\":{\"@id\":\"https:\/\/www.rabaini.it\/de\/venus-soft-midi-schultertasche-aus-weisem-genarbtem-leder\/#primaryimage\"},\"thumbnailUrl\":\"https:\/\/www.rabaini.it\/wp-content\/uploads\/2026\/04\/DSC_1908.jpg\",\"datePublished\":\"2026-04-23T16:52:15+00:00\",\"breadcrumb\":{\"@id\":\"https:\/\/www.rabaini.it\/de\/venus-soft-midi-schultertasche-aus-weisem-genarbtem-leder\/#breadcrumb\"},\"inLanguage\":\"de\",\"potentialAction\":[{\"@type\":\"ReadAction\",\"target\":[\"https:\/\/www.rabaini.it\/de\/venus-soft-midi-schultertasche-aus-weisem-genarbtem-leder\/\"]}]},{\"@type\":\"ImageObject\",\"inLanguage\":\"de\",\"@id\":\"https:\/\/www.rabaini.it\/de\/venus-soft-midi-schultertasche-aus-weisem-genarbtem-leder\/#primaryimage\",\"url\":\"https:\/\/www.rabaini.it\/wp-content\/uploads\/2026\/04\/DSC_1908.jpg\",\"contentUrl\":\"https:\/\/www.rabaini.it\/wp-content\/uploads\/2026\/04\/DSC_1908.jpg\",\"width\":1500,\"height\":1500},{\"@type\":\"BreadcrumbList\",\"@id\":\"https:\/\/www.rabaini.it\/de\/venus-soft-midi-schultertasche-aus-weisem-genarbtem-leder\/#breadcrumb\",\"itemListElement\":[{\"@type\":\"ListItem\",\"position\":1,\"name\":\"Home\",\"item\":\"https:\/\/www.rabaini.it\/de\/homepage\/\"},{\"@type\":\"ListItem\",\"position\":2,\"name\":\"Gesch\u00e4ft\",\"item\":\"https:\/\/www.rabaini.it\/geschaeft\/\"},{\"@type\":\"ListItem\",\"position\":3,\"name\":\"Damen\",\"item\":\"https:\/\/www.rabaini.it\/de\/damen\/\"},{\"@type\":\"ListItem\",\"position\":4,\"name\":\"VENUS SOFT MIDI SCHULTERTASCHE AUS WEI\u00dfEM GENARBTEM LEDER\"}]},{\"@type\":\"WebSite\",\"@id\":\"https:\/\/www.rabaini.it\/de\/#website\",\"url\":\"https:\/\/www.rabaini.it\/de\/\",\"name\":\"Rabaini\",\"description\":\"\",\"potentialAction\":[{\"@type\":\"SearchAction\",\"target\":{\"@type\":\"EntryPoint\",\"urlTemplate\":\"https:\/\/www.rabaini.it\/de\/?s={search_term_string}\"},\"query-input\":{\"@type\":\"PropertyValueSpecification\",\"valueRequired\":true,\"valueName\":\"search_term_string\"}}],\"inLanguage\":\"de\"}]}<\/script>\n<!-- \/ Yoast SEO plugin. -->","yoast_head_json":{"title":"VENUS SOFT MIDI SCHULTERTASCHE AUS WEI\u00dfEM GENARBTEM LEDER - Rabaini","robots":{"index":"index","follow":"follow","max-snippet":"max-snippet:-1","max-image-preview":"max-image-preview:large","max-video-preview":"max-video-preview:-1"},"canonical":"https:\/\/www.rabaini.it\/de\/venus-soft-midi-schultertasche-aus-weisem-genarbtem-leder\/","og_locale":"de_DE","og_type":"article","og_title":"VENUS SOFT MIDI SCHULTERTASCHE AUS WEI\u00dfEM GENARBTEM LEDER - Rabaini","og_description":"Artikelcode: B02212 SOFT Artikel Farbe: Wei\u00df Made in Italy Venus ist eine Tasche mit weichen Formen und strukturiertem Design, eine perfekte Verbindung zwischen Vergangenheit und Zukunft, eine stilistische Kontinuit\u00e4t, bereichert durch moderne Elemente wie den offenen G\u00fcrtel-Detail, die l\u00e4ngliche (East-West) Form und den Ketten-Schulterriemen Ma\u00dfe: Breite: 40 cm \/ H\u00f6he: 30 cm \/ Tiefe: 10&hellip;","og_url":"https:\/\/www.rabaini.it\/de\/venus-soft-midi-schultertasche-aus-weisem-genarbtem-leder\/","og_site_name":"Rabaini","og_image":[{"width":1500,"height":1500,"url":"https:\/\/www.rabaini.it\/wp-content\/uploads\/2026\/04\/DSC_1908.jpg","type":"image\/jpeg"}],"twitter_card":"summary_large_image","twitter_misc":{"Gesch\u00e4tzte Lesezeit":"1\u00a0Minute"},"schema":{"@context":"https:\/\/schema.org","@graph":[{"@type":"WebPage","@id":"https:\/\/www.rabaini.it\/de\/venus-soft-midi-schultertasche-aus-weisem-genarbtem-leder\/","url":"https:\/\/www.rabaini.it\/de\/venus-soft-midi-schultertasche-aus-weisem-genarbtem-leder\/","name":"VENUS SOFT MIDI SCHULTERTASCHE AUS WEI\u00dfEM GENARBTEM LEDER - Rabaini","isPartOf":{"@id":"https:\/\/www.rabaini.it\/de\/#website"},"primaryImageOfPage":{"@id":"https:\/\/www.rabaini.it\/de\/venus-soft-midi-schultertasche-aus-weisem-genarbtem-leder\/#primaryimage"},"image":{"@id":"https:\/\/www.rabaini.it\/de\/venus-soft-midi-schultertasche-aus-weisem-genarbtem-leder\/#primaryimage"},"thumbnailUrl":"https:\/\/www.rabaini.it\/wp-content\/uploads\/2026\/04\/DSC_1908.jpg","datePublished":"2026-04-23T16:52:15+00:00","breadcrumb":{"@id":"https:\/\/www.rabaini.it\/de\/venus-soft-midi-schultertasche-aus-weisem-genarbtem-leder\/#breadcrumb"},"inLanguage":"de","potentialAction":[{"@type":"ReadAction","target":["https:\/\/www.rabaini.it\/de\/venus-soft-midi-schultertasche-aus-weisem-genarbtem-leder\/"]}]},{"@type":"ImageObject","inLanguage":"de","@id":"https:\/\/www.rabaini.it\/de\/venus-soft-midi-schultertasche-aus-weisem-genarbtem-leder\/#primaryimage","url":"https:\/\/www.rabaini.it\/wp-content\/uploads\/2026\/04\/DSC_1908.jpg","contentUrl":"https:\/\/www.rabaini.it\/wp-content\/uploads\/2026\/04\/DSC_1908.jpg","width":1500,"height":1500},{"@type":"BreadcrumbList","@id":"https:\/\/www.rabaini.it\/de\/venus-soft-midi-schultertasche-aus-weisem-genarbtem-leder\/#breadcrumb","itemListElement":[{"@type":"ListItem","position":1,"name":"Home","item":"https:\/\/www.rabaini.it\/de\/homepage\/"},{"@type":"ListItem","position":2,"name":"Gesch\u00e4ft","item":"https:\/\/www.rabaini.it\/geschaeft\/"},{"@type":"ListItem","position":3,"name":"Damen","item":"https:\/\/www.rabaini.it\/de\/damen\/"},{"@type":"ListItem","position":4,"name":"VENUS SOFT MIDI SCHULTERTASCHE AUS WEI\u00dfEM GENARBTEM LEDER"}]},{"@type":"WebSite","@id":"https:\/\/www.rabaini.it\/de\/#website","url":"https:\/\/www.rabaini.it\/de\/","name":"Rabaini","description":"","potentialAction":[{"@type":"SearchAction","target":{"@type":"EntryPoint","urlTemplate":"https:\/\/www.rabaini.it\/de\/?s={search_term_string}"},"query-input":{"@type":"PropertyValueSpecification","valueRequired":true,"valueName":"search_term_string"}}],"inLanguage":"de"}]}},"_links":{"self":[{"href":"https:\/\/www.rabaini.it\/de\/wp-json\/wp\/v2\/product\/153799","targetHints":{"allow":["GET"]}}],"collection":[{"href":"https:\/\/www.rabaini.it\/de\/wp-json\/wp\/v2\/product"}],"about":[{"href":"https:\/\/www.rabaini.it\/de\/wp-json\/wp\/v2\/types\/product"}],"wp:featuredmedia":[{"embeddable":true,"href":"https:\/\/www.rabaini.it\/de\/wp-json\/wp\/v2\/media\/153264"}],"wp:attachment":[{"href":"https:\/\/www.rabaini.it\/de\/wp-json\/wp\/v2\/media?parent=153799"}],"wp:term":[{"taxonomy":"product_brand","embeddable":true,"href":"https:\/\/www.rabaini.it\/de\/wp-json\/wp\/v2\/product_brand?post=153799"},{"taxonomy":"product_cat","embeddable":true,"href":"https:\/\/www.rabaini.it\/de\/wp-json\/wp\/v2\/product_cat?post=153799"},{"taxonomy":"product_tag","embeddable":true,"href":"https:\/\/www.rabaini.it\/de\/wp-json\/wp\/v2\/product_tag?post=153799"}],"curies":[{"name":"wp","href":"https:\/\/api.w.org\/{rel}","templated":true}]}}