{"id":153791,"date":"2026-04-23T18:52:18","date_gmt":"2026-04-23T16:52:18","guid":{"rendered":"https:\/\/www.rabaini.it\/?post_type=product&#038;p=153791"},"modified":"2026-04-23T18:52:18","modified_gmt":"2026-04-23T16:52:18","slug":"isola-peach-fringe-grose-schultertasche-aus-navy-wildleder","status":"publish","type":"product","link":"https:\/\/www.rabaini.it\/de\/isola-peach-fringe-grose-schultertasche-aus-navy-wildleder\/","title":{"rendered":"ISOLA PEACH FRINGE GRO\u00dfE SCHULTERTASCHE AUS NAVY-WILDLEDER"},"content":{"rendered":"<ul>\n<li>Artikelcode: B02226 PEACH FRINGE<\/li>\n<li>Artikel Farbe: Navy<\/li>\n<li>Made in Italy<\/li>\n<li>Ma\u00dfe: Breite: 35 cm \/ H\u00f6he: 43 cm \/ Tiefe: 13 cm<\/li>\n<li>Taschen: zwei Innentaschen, davon eine mit Rei\u00dfverschluss<\/li>\n<li>Verschluss: Rei\u00dfverschluss<\/li>\n<li>Funktionalit\u00e4t: verstellbarer Schulterriemen<\/li>\n<li>Material: Veloursleder mit Fransen-Detail<\/li>\n<li>Details: Beschl\u00e4ge in hellgoldener Optik<\/li>\n<li>Au\u00dfenmaterial: 100% Rindsleder<\/li>\n<li>Innenfutter: 50% Polyamid, 50% Polyurethan<\/li>\n<\/ul>\n","protected":false},"excerpt":{"rendered":"<p>Artikelcode: B02226 PEACH FRINGE Artikel Farbe: Navy Made in Italy Ma\u00dfe: Breite: 35 cm \/ H\u00f6he: 43 cm \/ Tiefe: 13 cm Taschen: zwei Innentaschen, davon eine mit Rei\u00dfverschluss Verschluss: Rei\u00dfverschluss Funktionalit\u00e4t: verstellbarer Schulterriemen Material: Veloursleder mit Fransen-Detail Details: Beschl\u00e4ge in hellgoldener Optik Au\u00dfenmaterial: 100% Rindsleder Innenfutter: 50% Polyamid, 50% Polyurethan<\/p>\n","protected":false},"featured_media":153228,"template":"","meta":{"_acf_changed":false},"product_brand":[],"product_cat":[1273,1295,1308,1296,1301],"product_tag":[1719],"class_list":{"0":"post-153791","1":"product","2":"type-product","3":"status-publish","4":"has-post-thumbnail","6":"product_cat-damen","7":"product_cat-damenaccessoires","8":"product_cat-neuheiten-fur-damen","9":"product_cat-taschen-damen","10":"product_cat-umhangetaschen-damen","11":"product_tag-neuheiten","12":"marca-orciani-de","14":"first","15":"instock","16":"shipping-taxable","17":"purchasable","18":"product-type-simple"},"acf":[],"yoast_head":"<!-- This site is optimized with the Yoast SEO plugin v27.2 - https:\/\/yoast.com\/product\/yoast-seo-wordpress\/ -->\n<title>ISOLA PEACH FRINGE GRO\u00dfE SCHULTERTASCHE AUS NAVY-WILDLEDER - Rabaini<\/title>\n<meta name=\"robots\" content=\"index, follow, max-snippet:-1, max-image-preview:large, max-video-preview:-1\" \/>\n<link rel=\"canonical\" href=\"https:\/\/www.rabaini.it\/de\/isola-peach-fringe-grose-schultertasche-aus-navy-wildleder\/\" \/>\n<meta property=\"og:locale\" content=\"de_DE\" \/>\n<meta property=\"og:type\" content=\"article\" \/>\n<meta property=\"og:title\" content=\"ISOLA PEACH FRINGE GRO\u00dfE SCHULTERTASCHE AUS NAVY-WILDLEDER - Rabaini\" \/>\n<meta property=\"og:description\" content=\"Artikelcode: B02226 PEACH FRINGE Artikel Farbe: Navy Made in Italy Ma\u00dfe: Breite: 35 cm \/ H\u00f6he: 43 cm \/ Tiefe: 13 cm Taschen: zwei Innentaschen, davon eine mit Rei\u00dfverschluss Verschluss: Rei\u00dfverschluss Funktionalit\u00e4t: verstellbarer Schulterriemen Material: Veloursleder mit Fransen-Detail Details: Beschl\u00e4ge in hellgoldener Optik Au\u00dfenmaterial: 100% Rindsleder Innenfutter: 50% Polyamid, 50% Polyurethan\" \/>\n<meta property=\"og:url\" content=\"https:\/\/www.rabaini.it\/de\/isola-peach-fringe-grose-schultertasche-aus-navy-wildleder\/\" \/>\n<meta property=\"og:site_name\" content=\"Rabaini\" \/>\n<meta property=\"og:image\" content=\"https:\/\/www.rabaini.it\/wp-content\/uploads\/2026\/04\/DSC_1890.jpg\" \/>\n\t<meta property=\"og:image:width\" content=\"1500\" \/>\n\t<meta property=\"og:image:height\" content=\"1500\" \/>\n\t<meta property=\"og:image:type\" content=\"image\/jpeg\" \/>\n<meta name=\"twitter:card\" content=\"summary_large_image\" \/>\n<script type=\"application\/ld+json\" class=\"yoast-schema-graph\">{\"@context\":\"https:\/\/schema.org\",\"@graph\":[{\"@type\":\"WebPage\",\"@id\":\"https:\/\/www.rabaini.it\/de\/isola-peach-fringe-grose-schultertasche-aus-navy-wildleder\/\",\"url\":\"https:\/\/www.rabaini.it\/de\/isola-peach-fringe-grose-schultertasche-aus-navy-wildleder\/\",\"name\":\"ISOLA PEACH FRINGE GRO\u00dfE SCHULTERTASCHE AUS NAVY-WILDLEDER - Rabaini\",\"isPartOf\":{\"@id\":\"https:\/\/www.rabaini.it\/de\/#website\"},\"primaryImageOfPage\":{\"@id\":\"https:\/\/www.rabaini.it\/de\/isola-peach-fringe-grose-schultertasche-aus-navy-wildleder\/#primaryimage\"},\"image\":{\"@id\":\"https:\/\/www.rabaini.it\/de\/isola-peach-fringe-grose-schultertasche-aus-navy-wildleder\/#primaryimage\"},\"thumbnailUrl\":\"https:\/\/www.rabaini.it\/wp-content\/uploads\/2026\/04\/DSC_1890.jpg\",\"datePublished\":\"2026-04-23T16:52:18+00:00\",\"breadcrumb\":{\"@id\":\"https:\/\/www.rabaini.it\/de\/isola-peach-fringe-grose-schultertasche-aus-navy-wildleder\/#breadcrumb\"},\"inLanguage\":\"de\",\"potentialAction\":[{\"@type\":\"ReadAction\",\"target\":[\"https:\/\/www.rabaini.it\/de\/isola-peach-fringe-grose-schultertasche-aus-navy-wildleder\/\"]}]},{\"@type\":\"ImageObject\",\"inLanguage\":\"de\",\"@id\":\"https:\/\/www.rabaini.it\/de\/isola-peach-fringe-grose-schultertasche-aus-navy-wildleder\/#primaryimage\",\"url\":\"https:\/\/www.rabaini.it\/wp-content\/uploads\/2026\/04\/DSC_1890.jpg\",\"contentUrl\":\"https:\/\/www.rabaini.it\/wp-content\/uploads\/2026\/04\/DSC_1890.jpg\",\"width\":1500,\"height\":1500},{\"@type\":\"BreadcrumbList\",\"@id\":\"https:\/\/www.rabaini.it\/de\/isola-peach-fringe-grose-schultertasche-aus-navy-wildleder\/#breadcrumb\",\"itemListElement\":[{\"@type\":\"ListItem\",\"position\":1,\"name\":\"Home\",\"item\":\"https:\/\/www.rabaini.it\/de\/homepage\/\"},{\"@type\":\"ListItem\",\"position\":2,\"name\":\"Gesch\u00e4ft\",\"item\":\"https:\/\/www.rabaini.it\/geschaeft\/\"},{\"@type\":\"ListItem\",\"position\":3,\"name\":\"Damen\",\"item\":\"https:\/\/www.rabaini.it\/de\/damen\/\"},{\"@type\":\"ListItem\",\"position\":4,\"name\":\"Damenaccessoires\",\"item\":\"https:\/\/www.rabaini.it\/de\/damenaccessoires\/\"},{\"@type\":\"ListItem\",\"position\":5,\"name\":\"Taschen\",\"item\":\"https:\/\/www.rabaini.it\/de\/taschen-damen\/\"},{\"@type\":\"ListItem\",\"position\":6,\"name\":\"Umh\u00e4ngetaschen\",\"item\":\"https:\/\/www.rabaini.it\/de\/umhangetaschen-damen\/\"},{\"@type\":\"ListItem\",\"position\":7,\"name\":\"ISOLA PEACH FRINGE GRO\u00dfE SCHULTERTASCHE AUS NAVY-WILDLEDER\"}]},{\"@type\":\"WebSite\",\"@id\":\"https:\/\/www.rabaini.it\/de\/#website\",\"url\":\"https:\/\/www.rabaini.it\/de\/\",\"name\":\"Rabaini\",\"description\":\"\",\"potentialAction\":[{\"@type\":\"SearchAction\",\"target\":{\"@type\":\"EntryPoint\",\"urlTemplate\":\"https:\/\/www.rabaini.it\/de\/?s={search_term_string}\"},\"query-input\":{\"@type\":\"PropertyValueSpecification\",\"valueRequired\":true,\"valueName\":\"search_term_string\"}}],\"inLanguage\":\"de\"}]}<\/script>\n<!-- \/ Yoast SEO plugin. -->","yoast_head_json":{"title":"ISOLA PEACH FRINGE GRO\u00dfE SCHULTERTASCHE AUS NAVY-WILDLEDER - Rabaini","robots":{"index":"index","follow":"follow","max-snippet":"max-snippet:-1","max-image-preview":"max-image-preview:large","max-video-preview":"max-video-preview:-1"},"canonical":"https:\/\/www.rabaini.it\/de\/isola-peach-fringe-grose-schultertasche-aus-navy-wildleder\/","og_locale":"de_DE","og_type":"article","og_title":"ISOLA PEACH FRINGE GRO\u00dfE SCHULTERTASCHE AUS NAVY-WILDLEDER - Rabaini","og_description":"Artikelcode: B02226 PEACH FRINGE Artikel Farbe: Navy Made in Italy Ma\u00dfe: Breite: 35 cm \/ H\u00f6he: 43 cm \/ Tiefe: 13 cm Taschen: zwei Innentaschen, davon eine mit Rei\u00dfverschluss Verschluss: Rei\u00dfverschluss Funktionalit\u00e4t: verstellbarer Schulterriemen Material: Veloursleder mit Fransen-Detail Details: Beschl\u00e4ge in hellgoldener Optik Au\u00dfenmaterial: 100% Rindsleder Innenfutter: 50% Polyamid, 50% Polyurethan","og_url":"https:\/\/www.rabaini.it\/de\/isola-peach-fringe-grose-schultertasche-aus-navy-wildleder\/","og_site_name":"Rabaini","og_image":[{"width":1500,"height":1500,"url":"https:\/\/www.rabaini.it\/wp-content\/uploads\/2026\/04\/DSC_1890.jpg","type":"image\/jpeg"}],"twitter_card":"summary_large_image","schema":{"@context":"https:\/\/schema.org","@graph":[{"@type":"WebPage","@id":"https:\/\/www.rabaini.it\/de\/isola-peach-fringe-grose-schultertasche-aus-navy-wildleder\/","url":"https:\/\/www.rabaini.it\/de\/isola-peach-fringe-grose-schultertasche-aus-navy-wildleder\/","name":"ISOLA PEACH FRINGE GRO\u00dfE SCHULTERTASCHE AUS NAVY-WILDLEDER - Rabaini","isPartOf":{"@id":"https:\/\/www.rabaini.it\/de\/#website"},"primaryImageOfPage":{"@id":"https:\/\/www.rabaini.it\/de\/isola-peach-fringe-grose-schultertasche-aus-navy-wildleder\/#primaryimage"},"image":{"@id":"https:\/\/www.rabaini.it\/de\/isola-peach-fringe-grose-schultertasche-aus-navy-wildleder\/#primaryimage"},"thumbnailUrl":"https:\/\/www.rabaini.it\/wp-content\/uploads\/2026\/04\/DSC_1890.jpg","datePublished":"2026-04-23T16:52:18+00:00","breadcrumb":{"@id":"https:\/\/www.rabaini.it\/de\/isola-peach-fringe-grose-schultertasche-aus-navy-wildleder\/#breadcrumb"},"inLanguage":"de","potentialAction":[{"@type":"ReadAction","target":["https:\/\/www.rabaini.it\/de\/isola-peach-fringe-grose-schultertasche-aus-navy-wildleder\/"]}]},{"@type":"ImageObject","inLanguage":"de","@id":"https:\/\/www.rabaini.it\/de\/isola-peach-fringe-grose-schultertasche-aus-navy-wildleder\/#primaryimage","url":"https:\/\/www.rabaini.it\/wp-content\/uploads\/2026\/04\/DSC_1890.jpg","contentUrl":"https:\/\/www.rabaini.it\/wp-content\/uploads\/2026\/04\/DSC_1890.jpg","width":1500,"height":1500},{"@type":"BreadcrumbList","@id":"https:\/\/www.rabaini.it\/de\/isola-peach-fringe-grose-schultertasche-aus-navy-wildleder\/#breadcrumb","itemListElement":[{"@type":"ListItem","position":1,"name":"Home","item":"https:\/\/www.rabaini.it\/de\/homepage\/"},{"@type":"ListItem","position":2,"name":"Gesch\u00e4ft","item":"https:\/\/www.rabaini.it\/geschaeft\/"},{"@type":"ListItem","position":3,"name":"Damen","item":"https:\/\/www.rabaini.it\/de\/damen\/"},{"@type":"ListItem","position":4,"name":"Damenaccessoires","item":"https:\/\/www.rabaini.it\/de\/damenaccessoires\/"},{"@type":"ListItem","position":5,"name":"Taschen","item":"https:\/\/www.rabaini.it\/de\/taschen-damen\/"},{"@type":"ListItem","position":6,"name":"Umh\u00e4ngetaschen","item":"https:\/\/www.rabaini.it\/de\/umhangetaschen-damen\/"},{"@type":"ListItem","position":7,"name":"ISOLA PEACH FRINGE GRO\u00dfE SCHULTERTASCHE AUS NAVY-WILDLEDER"}]},{"@type":"WebSite","@id":"https:\/\/www.rabaini.it\/de\/#website","url":"https:\/\/www.rabaini.it\/de\/","name":"Rabaini","description":"","potentialAction":[{"@type":"SearchAction","target":{"@type":"EntryPoint","urlTemplate":"https:\/\/www.rabaini.it\/de\/?s={search_term_string}"},"query-input":{"@type":"PropertyValueSpecification","valueRequired":true,"valueName":"search_term_string"}}],"inLanguage":"de"}]}},"_links":{"self":[{"href":"https:\/\/www.rabaini.it\/de\/wp-json\/wp\/v2\/product\/153791","targetHints":{"allow":["GET"]}}],"collection":[{"href":"https:\/\/www.rabaini.it\/de\/wp-json\/wp\/v2\/product"}],"about":[{"href":"https:\/\/www.rabaini.it\/de\/wp-json\/wp\/v2\/types\/product"}],"wp:featuredmedia":[{"embeddable":true,"href":"https:\/\/www.rabaini.it\/de\/wp-json\/wp\/v2\/media\/153228"}],"wp:attachment":[{"href":"https:\/\/www.rabaini.it\/de\/wp-json\/wp\/v2\/media?parent=153791"}],"wp:term":[{"taxonomy":"product_brand","embeddable":true,"href":"https:\/\/www.rabaini.it\/de\/wp-json\/wp\/v2\/product_brand?post=153791"},{"taxonomy":"product_cat","embeddable":true,"href":"https:\/\/www.rabaini.it\/de\/wp-json\/wp\/v2\/product_cat?post=153791"},{"taxonomy":"product_tag","embeddable":true,"href":"https:\/\/www.rabaini.it\/de\/wp-json\/wp\/v2\/product_tag?post=153791"}],"curies":[{"name":"wp","href":"https:\/\/api.w.org\/{rel}","templated":true}]}}