{"id":153784,"date":"2026-04-22T18:09:55","date_gmt":"2026-04-22T16:09:55","guid":{"rendered":"https:\/\/www.rabaini.it\/?post_type=product&#038;p=153784"},"modified":"2026-04-23T18:48:47","modified_gmt":"2026-04-23T16:48:47","slug":"grune-baumwollhose","status":"publish","type":"product","link":"https:\/\/www.rabaini.it\/de\/grune-baumwollhose\/","title":{"rendered":"GR\u00dcNE BAUMWOLLHOSE"},"content":{"rendered":"<ul>\n<li>Artikelcode: TS0487X\/OLD824<\/li>\n<li>Artikel Farbe: Gr\u00fcn<\/li>\n<li>Made in Italy<\/li>\n<li>Herrenhose aus Baumwolle mit klarem und modernem Design, perfekt f\u00fcr allt\u00e4gliche Eleganz<\/li>\n<li>Ausgestattet mit verdecktem Rei\u00dfverschluss und Knopfverschluss, Seitentaschen und paspelierten Ges\u00e4\u00dftaschen, vereint sie Funktionalit\u00e4t und Stil<\/li>\n<li>Die regul\u00e4re Passform mit leicht zulaufendem Bein sorgt den ganzen Tag \u00fcber f\u00fcr Komfort und Vielseitigkeit<\/li>\n<li>Zusammensetzung: 98% Baumwolle, 2% Elastan<\/li>\n<\/ul>\n","protected":false},"excerpt":{"rendered":"<p>Artikelcode: TS0487X\/OLD824 Artikel Farbe: Gr\u00fcn Made in Italy Herrenhose aus Baumwolle mit klarem und modernem Design, perfekt f\u00fcr allt\u00e4gliche Eleganz Ausgestattet mit verdecktem Rei\u00dfverschluss und Knopfverschluss, Seitentaschen und paspelierten Ges\u00e4\u00dftaschen, vereint sie Funktionalit\u00e4t und Stil Die regul\u00e4re Passform mit leicht zulaufendem Bein sorgt den ganzen Tag \u00fcber f\u00fcr Komfort und Vielseitigkeit Zusammensetzung: 98% Baumwolle, 2%&hellip;<\/p>\n","protected":false},"featured_media":153219,"template":"","meta":{"_acf_changed":false},"product_brand":[],"product_cat":[1324,1325,1340,1356],"product_tag":[1719],"class_list":{"0":"post-153784","1":"product","2":"type-product","3":"status-publish","4":"has-post-thumbnail","6":"product_cat-herren","7":"product_cat-herrenbekleidung","8":"product_cat-hose-herren","9":"product_cat-neuheiten-fur-herren","10":"product_tag-neuheiten","11":"marca-berwich-de","13":"first","14":"instock","15":"shipping-taxable","16":"purchasable","17":"product-type-variable"},"acf":[],"yoast_head":"<!-- This site is optimized with the Yoast SEO plugin v27.2 - https:\/\/yoast.com\/product\/yoast-seo-wordpress\/ -->\n<title>GR\u00dcNE BAUMWOLLHOSE - Rabaini<\/title>\n<meta name=\"robots\" content=\"index, follow, max-snippet:-1, max-image-preview:large, max-video-preview:-1\" \/>\n<link rel=\"canonical\" href=\"https:\/\/www.rabaini.it\/de\/grune-baumwollhose\/\" \/>\n<meta property=\"og:locale\" content=\"de_DE\" \/>\n<meta property=\"og:type\" content=\"article\" \/>\n<meta property=\"og:title\" content=\"GR\u00dcNE BAUMWOLLHOSE - Rabaini\" \/>\n<meta property=\"og:description\" content=\"Artikelcode: TS0487X\/OLD824 Artikel Farbe: Gr\u00fcn Made in Italy Herrenhose aus Baumwolle mit klarem und modernem Design, perfekt f\u00fcr allt\u00e4gliche Eleganz Ausgestattet mit verdecktem Rei\u00dfverschluss und Knopfverschluss, Seitentaschen und paspelierten Ges\u00e4\u00dftaschen, vereint sie Funktionalit\u00e4t und Stil Die regul\u00e4re Passform mit leicht zulaufendem Bein sorgt den ganzen Tag \u00fcber f\u00fcr Komfort und Vielseitigkeit Zusammensetzung: 98% Baumwolle, 2%&hellip;\" \/>\n<meta property=\"og:url\" content=\"https:\/\/www.rabaini.it\/de\/grune-baumwollhose\/\" \/>\n<meta property=\"og:site_name\" content=\"Rabaini\" \/>\n<meta property=\"article:modified_time\" content=\"2026-04-23T16:48:47+00:00\" \/>\n<meta property=\"og:image\" content=\"https:\/\/www.rabaini.it\/wp-content\/uploads\/2026\/04\/22.1.jpg\" \/>\n\t<meta property=\"og:image:width\" content=\"1500\" \/>\n\t<meta property=\"og:image:height\" content=\"1500\" \/>\n\t<meta property=\"og:image:type\" content=\"image\/jpeg\" \/>\n<meta name=\"twitter:card\" content=\"summary_large_image\" \/>\n<script type=\"application\/ld+json\" class=\"yoast-schema-graph\">{\"@context\":\"https:\/\/schema.org\",\"@graph\":[{\"@type\":\"WebPage\",\"@id\":\"https:\/\/www.rabaini.it\/de\/grune-baumwollhose\/\",\"url\":\"https:\/\/www.rabaini.it\/de\/grune-baumwollhose\/\",\"name\":\"GR\u00dcNE BAUMWOLLHOSE - Rabaini\",\"isPartOf\":{\"@id\":\"https:\/\/www.rabaini.it\/de\/#website\"},\"primaryImageOfPage\":{\"@id\":\"https:\/\/www.rabaini.it\/de\/grune-baumwollhose\/#primaryimage\"},\"image\":{\"@id\":\"https:\/\/www.rabaini.it\/de\/grune-baumwollhose\/#primaryimage\"},\"thumbnailUrl\":\"https:\/\/www.rabaini.it\/wp-content\/uploads\/2026\/04\/22.1.jpg\",\"datePublished\":\"2026-04-22T16:09:55+00:00\",\"dateModified\":\"2026-04-23T16:48:47+00:00\",\"breadcrumb\":{\"@id\":\"https:\/\/www.rabaini.it\/de\/grune-baumwollhose\/#breadcrumb\"},\"inLanguage\":\"de\",\"potentialAction\":[{\"@type\":\"ReadAction\",\"target\":[\"https:\/\/www.rabaini.it\/de\/grune-baumwollhose\/\"]}]},{\"@type\":\"ImageObject\",\"inLanguage\":\"de\",\"@id\":\"https:\/\/www.rabaini.it\/de\/grune-baumwollhose\/#primaryimage\",\"url\":\"https:\/\/www.rabaini.it\/wp-content\/uploads\/2026\/04\/22.1.jpg\",\"contentUrl\":\"https:\/\/www.rabaini.it\/wp-content\/uploads\/2026\/04\/22.1.jpg\",\"width\":1500,\"height\":1500},{\"@type\":\"BreadcrumbList\",\"@id\":\"https:\/\/www.rabaini.it\/de\/grune-baumwollhose\/#breadcrumb\",\"itemListElement\":[{\"@type\":\"ListItem\",\"position\":1,\"name\":\"Home\",\"item\":\"https:\/\/www.rabaini.it\/de\/homepage\/\"},{\"@type\":\"ListItem\",\"position\":2,\"name\":\"Gesch\u00e4ft\",\"item\":\"https:\/\/www.rabaini.it\/geschaeft\/\"},{\"@type\":\"ListItem\",\"position\":3,\"name\":\"Herren\",\"item\":\"https:\/\/www.rabaini.it\/de\/herren\/\"},{\"@type\":\"ListItem\",\"position\":4,\"name\":\"GR\u00dcNE BAUMWOLLHOSE\"}]},{\"@type\":\"WebSite\",\"@id\":\"https:\/\/www.rabaini.it\/de\/#website\",\"url\":\"https:\/\/www.rabaini.it\/de\/\",\"name\":\"Rabaini\",\"description\":\"\",\"potentialAction\":[{\"@type\":\"SearchAction\",\"target\":{\"@type\":\"EntryPoint\",\"urlTemplate\":\"https:\/\/www.rabaini.it\/de\/?s={search_term_string}\"},\"query-input\":{\"@type\":\"PropertyValueSpecification\",\"valueRequired\":true,\"valueName\":\"search_term_string\"}}],\"inLanguage\":\"de\"}]}<\/script>\n<!-- \/ Yoast SEO plugin. -->","yoast_head_json":{"title":"GR\u00dcNE BAUMWOLLHOSE - Rabaini","robots":{"index":"index","follow":"follow","max-snippet":"max-snippet:-1","max-image-preview":"max-image-preview:large","max-video-preview":"max-video-preview:-1"},"canonical":"https:\/\/www.rabaini.it\/de\/grune-baumwollhose\/","og_locale":"de_DE","og_type":"article","og_title":"GR\u00dcNE BAUMWOLLHOSE - Rabaini","og_description":"Artikelcode: TS0487X\/OLD824 Artikel Farbe: Gr\u00fcn Made in Italy Herrenhose aus Baumwolle mit klarem und modernem Design, perfekt f\u00fcr allt\u00e4gliche Eleganz Ausgestattet mit verdecktem Rei\u00dfverschluss und Knopfverschluss, Seitentaschen und paspelierten Ges\u00e4\u00dftaschen, vereint sie Funktionalit\u00e4t und Stil Die regul\u00e4re Passform mit leicht zulaufendem Bein sorgt den ganzen Tag \u00fcber f\u00fcr Komfort und Vielseitigkeit Zusammensetzung: 98% Baumwolle, 2%&hellip;","og_url":"https:\/\/www.rabaini.it\/de\/grune-baumwollhose\/","og_site_name":"Rabaini","article_modified_time":"2026-04-23T16:48:47+00:00","og_image":[{"width":1500,"height":1500,"url":"https:\/\/www.rabaini.it\/wp-content\/uploads\/2026\/04\/22.1.jpg","type":"image\/jpeg"}],"twitter_card":"summary_large_image","schema":{"@context":"https:\/\/schema.org","@graph":[{"@type":"WebPage","@id":"https:\/\/www.rabaini.it\/de\/grune-baumwollhose\/","url":"https:\/\/www.rabaini.it\/de\/grune-baumwollhose\/","name":"GR\u00dcNE BAUMWOLLHOSE - Rabaini","isPartOf":{"@id":"https:\/\/www.rabaini.it\/de\/#website"},"primaryImageOfPage":{"@id":"https:\/\/www.rabaini.it\/de\/grune-baumwollhose\/#primaryimage"},"image":{"@id":"https:\/\/www.rabaini.it\/de\/grune-baumwollhose\/#primaryimage"},"thumbnailUrl":"https:\/\/www.rabaini.it\/wp-content\/uploads\/2026\/04\/22.1.jpg","datePublished":"2026-04-22T16:09:55+00:00","dateModified":"2026-04-23T16:48:47+00:00","breadcrumb":{"@id":"https:\/\/www.rabaini.it\/de\/grune-baumwollhose\/#breadcrumb"},"inLanguage":"de","potentialAction":[{"@type":"ReadAction","target":["https:\/\/www.rabaini.it\/de\/grune-baumwollhose\/"]}]},{"@type":"ImageObject","inLanguage":"de","@id":"https:\/\/www.rabaini.it\/de\/grune-baumwollhose\/#primaryimage","url":"https:\/\/www.rabaini.it\/wp-content\/uploads\/2026\/04\/22.1.jpg","contentUrl":"https:\/\/www.rabaini.it\/wp-content\/uploads\/2026\/04\/22.1.jpg","width":1500,"height":1500},{"@type":"BreadcrumbList","@id":"https:\/\/www.rabaini.it\/de\/grune-baumwollhose\/#breadcrumb","itemListElement":[{"@type":"ListItem","position":1,"name":"Home","item":"https:\/\/www.rabaini.it\/de\/homepage\/"},{"@type":"ListItem","position":2,"name":"Gesch\u00e4ft","item":"https:\/\/www.rabaini.it\/geschaeft\/"},{"@type":"ListItem","position":3,"name":"Herren","item":"https:\/\/www.rabaini.it\/de\/herren\/"},{"@type":"ListItem","position":4,"name":"GR\u00dcNE BAUMWOLLHOSE"}]},{"@type":"WebSite","@id":"https:\/\/www.rabaini.it\/de\/#website","url":"https:\/\/www.rabaini.it\/de\/","name":"Rabaini","description":"","potentialAction":[{"@type":"SearchAction","target":{"@type":"EntryPoint","urlTemplate":"https:\/\/www.rabaini.it\/de\/?s={search_term_string}"},"query-input":{"@type":"PropertyValueSpecification","valueRequired":true,"valueName":"search_term_string"}}],"inLanguage":"de"}]}},"_links":{"self":[{"href":"https:\/\/www.rabaini.it\/de\/wp-json\/wp\/v2\/product\/153784","targetHints":{"allow":["GET"]}}],"collection":[{"href":"https:\/\/www.rabaini.it\/de\/wp-json\/wp\/v2\/product"}],"about":[{"href":"https:\/\/www.rabaini.it\/de\/wp-json\/wp\/v2\/types\/product"}],"wp:featuredmedia":[{"embeddable":true,"href":"https:\/\/www.rabaini.it\/de\/wp-json\/wp\/v2\/media\/153219"}],"wp:attachment":[{"href":"https:\/\/www.rabaini.it\/de\/wp-json\/wp\/v2\/media?parent=153784"}],"wp:term":[{"taxonomy":"product_brand","embeddable":true,"href":"https:\/\/www.rabaini.it\/de\/wp-json\/wp\/v2\/product_brand?post=153784"},{"taxonomy":"product_cat","embeddable":true,"href":"https:\/\/www.rabaini.it\/de\/wp-json\/wp\/v2\/product_cat?post=153784"},{"taxonomy":"product_tag","embeddable":true,"href":"https:\/\/www.rabaini.it\/de\/wp-json\/wp\/v2\/product_tag?post=153784"}],"curies":[{"name":"wp","href":"https:\/\/api.w.org\/{rel}","templated":true}]}}