{"id":153712,"date":"2026-04-22T16:33:38","date_gmt":"2026-04-22T14:33:38","guid":{"rendered":"https:\/\/www.rabaini.it\/?post_type=product&#038;p=153712"},"modified":"2026-04-23T18:45:54","modified_gmt":"2026-04-23T16:45:54","slug":"portland-weisses-t-shirt-mit-stickerei-forte-dei-marmi-habitue","status":"publish","type":"product","link":"https:\/\/www.rabaini.it\/de\/portland-weisses-t-shirt-mit-stickerei-forte-dei-marmi-habitue\/","title":{"rendered":"PORTLAND WEISSES T-SHIRT MIT STICKEREI \u201eFORTE DEI MARMI HABITU\u00c9\u201c"},"content":{"rendered":"<ul>\n<li>Artikelcode: PORTLAND FORTE DEI MARMI SUMMER 01N EMB<\/li>\n<li>Artikel Farbe: Wei\u00df<\/li>\n<li>Das Portland T-Shirt besteht aus reiner Baumwolle und bietet Komfort sowie ein nat\u00fcrliches Gef\u00fchl auf der Haut<\/li>\n<li>Das einfarbig wei\u00dfe Design unterstreicht die schlichte Konstruktion des Kleidungsst\u00fccks<\/li>\n<li>Das Modell verf\u00fcgt \u00fcber eine Stickerei \u201eForte dei Marmi Habitu\u00e9\u201c auf der Brust, w\u00e4hrend die R\u00fcckseite durch eine gro\u00dfe Grafik mit Strandkabine, Fahrrad, Sonnenschirm und Schriftzug verziert ist<\/li>\n<li>Das Kleidungsst\u00fcck ist mit einem gestickten Logo am \u00c4rmel, Rundhalsausschnitt, kurzen \u00c4rmeln und einer geraden Linie mit regul\u00e4rer Passform versehen<\/li>\n<li>Portland T-Shirt<\/li>\n<li>Reine Baumwolle<\/li>\n<li>Unifarben<\/li>\n<li>Stickerei \u201eForte dei Marmi Habitu\u00e9\u201c auf der Brust<\/li>\n<li>Gro\u00dfe Illustration auf der R\u00fcckseite<\/li>\n<li>Gesticktes Logo am \u00c4rmel<\/li>\n<li>Rundhalsausschnitt<\/li>\n<li>Kurzarm<\/li>\n<li>Regul\u00e4re Passform<\/li>\n<li>Zusammensetzung: 100% Baumwolle<\/li>\n<\/ul>\n","protected":false},"excerpt":{"rendered":"<p>Artikelcode: PORTLAND FORTE DEI MARMI SUMMER 01N EMB Artikel Farbe: Wei\u00df Das Portland T-Shirt besteht aus reiner Baumwolle und bietet Komfort sowie ein nat\u00fcrliches Gef\u00fchl auf der Haut Das einfarbig wei\u00dfe Design unterstreicht die schlichte Konstruktion des Kleidungsst\u00fccks Das Modell verf\u00fcgt \u00fcber eine Stickerei \u201eForte dei Marmi Habitu\u00e9\u201c auf der Brust, w\u00e4hrend die R\u00fcckseite durch&hellip;<\/p>\n","protected":false},"featured_media":153165,"template":"","meta":{"_acf_changed":false},"product_brand":[],"product_cat":[1324,1325,1356,1343],"product_tag":[1719],"class_list":{"0":"post-153712","1":"product","2":"type-product","3":"status-publish","4":"has-post-thumbnail","6":"product_cat-herren","7":"product_cat-herrenbekleidung","8":"product_cat-neuheiten-fur-herren","9":"product_cat-t-shirt-herren","10":"product_tag-neuheiten","11":"marca-saint-barth-de","13":"first","14":"instock","15":"shipping-taxable","16":"purchasable","17":"product-type-variable"},"acf":[],"yoast_head":"<!-- This site is optimized with the Yoast SEO plugin v27.2 - https:\/\/yoast.com\/product\/yoast-seo-wordpress\/ -->\n<title>PORTLAND WEISSES T-SHIRT MIT STICKEREI \u201eFORTE DEI MARMI HABITU\u00c9\u201c - Rabaini<\/title>\n<meta name=\"robots\" content=\"index, follow, max-snippet:-1, max-image-preview:large, max-video-preview:-1\" \/>\n<link rel=\"canonical\" href=\"https:\/\/www.rabaini.it\/de\/portland-weisses-t-shirt-mit-stickerei-forte-dei-marmi-habitue\/\" \/>\n<meta property=\"og:locale\" content=\"de_DE\" \/>\n<meta property=\"og:type\" content=\"article\" \/>\n<meta property=\"og:title\" content=\"PORTLAND WEISSES T-SHIRT MIT STICKEREI \u201eFORTE DEI MARMI HABITU\u00c9\u201c - Rabaini\" \/>\n<meta property=\"og:description\" content=\"Artikelcode: PORTLAND FORTE DEI MARMI SUMMER 01N EMB Artikel Farbe: Wei\u00df Das Portland T-Shirt besteht aus reiner Baumwolle und bietet Komfort sowie ein nat\u00fcrliches Gef\u00fchl auf der Haut Das einfarbig wei\u00dfe Design unterstreicht die schlichte Konstruktion des Kleidungsst\u00fccks Das Modell verf\u00fcgt \u00fcber eine Stickerei \u201eForte dei Marmi Habitu\u00e9\u201c auf der Brust, w\u00e4hrend die R\u00fcckseite durch&hellip;\" \/>\n<meta property=\"og:url\" content=\"https:\/\/www.rabaini.it\/de\/portland-weisses-t-shirt-mit-stickerei-forte-dei-marmi-habitue\/\" \/>\n<meta property=\"og:site_name\" content=\"Rabaini\" \/>\n<meta property=\"article:modified_time\" content=\"2026-04-23T16:45:54+00:00\" \/>\n<meta property=\"og:image\" content=\"https:\/\/www.rabaini.it\/wp-content\/uploads\/2026\/04\/16.1.jpg\" \/>\n\t<meta property=\"og:image:width\" content=\"1500\" \/>\n\t<meta property=\"og:image:height\" content=\"1500\" \/>\n\t<meta property=\"og:image:type\" content=\"image\/jpeg\" \/>\n<meta name=\"twitter:card\" content=\"summary_large_image\" \/>\n<meta name=\"twitter:label1\" content=\"Gesch\u00e4tzte Lesezeit\" \/>\n\t<meta name=\"twitter:data1\" content=\"1\u00a0Minute\" \/>\n<script type=\"application\/ld+json\" class=\"yoast-schema-graph\">{\"@context\":\"https:\/\/schema.org\",\"@graph\":[{\"@type\":\"WebPage\",\"@id\":\"https:\/\/www.rabaini.it\/de\/portland-weisses-t-shirt-mit-stickerei-forte-dei-marmi-habitue\/\",\"url\":\"https:\/\/www.rabaini.it\/de\/portland-weisses-t-shirt-mit-stickerei-forte-dei-marmi-habitue\/\",\"name\":\"PORTLAND WEISSES T-SHIRT MIT STICKEREI \u201eFORTE DEI MARMI HABITU\u00c9\u201c - Rabaini\",\"isPartOf\":{\"@id\":\"https:\/\/www.rabaini.it\/de\/#website\"},\"primaryImageOfPage\":{\"@id\":\"https:\/\/www.rabaini.it\/de\/portland-weisses-t-shirt-mit-stickerei-forte-dei-marmi-habitue\/#primaryimage\"},\"image\":{\"@id\":\"https:\/\/www.rabaini.it\/de\/portland-weisses-t-shirt-mit-stickerei-forte-dei-marmi-habitue\/#primaryimage\"},\"thumbnailUrl\":\"https:\/\/www.rabaini.it\/wp-content\/uploads\/2026\/04\/16.1.jpg\",\"datePublished\":\"2026-04-22T14:33:38+00:00\",\"dateModified\":\"2026-04-23T16:45:54+00:00\",\"breadcrumb\":{\"@id\":\"https:\/\/www.rabaini.it\/de\/portland-weisses-t-shirt-mit-stickerei-forte-dei-marmi-habitue\/#breadcrumb\"},\"inLanguage\":\"de\",\"potentialAction\":[{\"@type\":\"ReadAction\",\"target\":[\"https:\/\/www.rabaini.it\/de\/portland-weisses-t-shirt-mit-stickerei-forte-dei-marmi-habitue\/\"]}]},{\"@type\":\"ImageObject\",\"inLanguage\":\"de\",\"@id\":\"https:\/\/www.rabaini.it\/de\/portland-weisses-t-shirt-mit-stickerei-forte-dei-marmi-habitue\/#primaryimage\",\"url\":\"https:\/\/www.rabaini.it\/wp-content\/uploads\/2026\/04\/16.1.jpg\",\"contentUrl\":\"https:\/\/www.rabaini.it\/wp-content\/uploads\/2026\/04\/16.1.jpg\",\"width\":1500,\"height\":1500},{\"@type\":\"BreadcrumbList\",\"@id\":\"https:\/\/www.rabaini.it\/de\/portland-weisses-t-shirt-mit-stickerei-forte-dei-marmi-habitue\/#breadcrumb\",\"itemListElement\":[{\"@type\":\"ListItem\",\"position\":1,\"name\":\"Home\",\"item\":\"https:\/\/www.rabaini.it\/de\/homepage\/\"},{\"@type\":\"ListItem\",\"position\":2,\"name\":\"Gesch\u00e4ft\",\"item\":\"https:\/\/www.rabaini.it\/geschaeft\/\"},{\"@type\":\"ListItem\",\"position\":3,\"name\":\"Herren\",\"item\":\"https:\/\/www.rabaini.it\/de\/herren\/\"},{\"@type\":\"ListItem\",\"position\":4,\"name\":\"PORTLAND WEISSES T-SHIRT MIT STICKEREI \u201eFORTE DEI MARMI HABITU\u00c9\u201c\"}]},{\"@type\":\"WebSite\",\"@id\":\"https:\/\/www.rabaini.it\/de\/#website\",\"url\":\"https:\/\/www.rabaini.it\/de\/\",\"name\":\"Rabaini\",\"description\":\"\",\"potentialAction\":[{\"@type\":\"SearchAction\",\"target\":{\"@type\":\"EntryPoint\",\"urlTemplate\":\"https:\/\/www.rabaini.it\/de\/?s={search_term_string}\"},\"query-input\":{\"@type\":\"PropertyValueSpecification\",\"valueRequired\":true,\"valueName\":\"search_term_string\"}}],\"inLanguage\":\"de\"}]}<\/script>\n<!-- \/ Yoast SEO plugin. -->","yoast_head_json":{"title":"PORTLAND WEISSES T-SHIRT MIT STICKEREI \u201eFORTE DEI MARMI HABITU\u00c9\u201c - Rabaini","robots":{"index":"index","follow":"follow","max-snippet":"max-snippet:-1","max-image-preview":"max-image-preview:large","max-video-preview":"max-video-preview:-1"},"canonical":"https:\/\/www.rabaini.it\/de\/portland-weisses-t-shirt-mit-stickerei-forte-dei-marmi-habitue\/","og_locale":"de_DE","og_type":"article","og_title":"PORTLAND WEISSES T-SHIRT MIT STICKEREI \u201eFORTE DEI MARMI HABITU\u00c9\u201c - Rabaini","og_description":"Artikelcode: PORTLAND FORTE DEI MARMI SUMMER 01N EMB Artikel Farbe: Wei\u00df Das Portland T-Shirt besteht aus reiner Baumwolle und bietet Komfort sowie ein nat\u00fcrliches Gef\u00fchl auf der Haut Das einfarbig wei\u00dfe Design unterstreicht die schlichte Konstruktion des Kleidungsst\u00fccks Das Modell verf\u00fcgt \u00fcber eine Stickerei \u201eForte dei Marmi Habitu\u00e9\u201c auf der Brust, w\u00e4hrend die R\u00fcckseite durch&hellip;","og_url":"https:\/\/www.rabaini.it\/de\/portland-weisses-t-shirt-mit-stickerei-forte-dei-marmi-habitue\/","og_site_name":"Rabaini","article_modified_time":"2026-04-23T16:45:54+00:00","og_image":[{"width":1500,"height":1500,"url":"https:\/\/www.rabaini.it\/wp-content\/uploads\/2026\/04\/16.1.jpg","type":"image\/jpeg"}],"twitter_card":"summary_large_image","twitter_misc":{"Gesch\u00e4tzte Lesezeit":"1\u00a0Minute"},"schema":{"@context":"https:\/\/schema.org","@graph":[{"@type":"WebPage","@id":"https:\/\/www.rabaini.it\/de\/portland-weisses-t-shirt-mit-stickerei-forte-dei-marmi-habitue\/","url":"https:\/\/www.rabaini.it\/de\/portland-weisses-t-shirt-mit-stickerei-forte-dei-marmi-habitue\/","name":"PORTLAND WEISSES T-SHIRT MIT STICKEREI \u201eFORTE DEI MARMI HABITU\u00c9\u201c - Rabaini","isPartOf":{"@id":"https:\/\/www.rabaini.it\/de\/#website"},"primaryImageOfPage":{"@id":"https:\/\/www.rabaini.it\/de\/portland-weisses-t-shirt-mit-stickerei-forte-dei-marmi-habitue\/#primaryimage"},"image":{"@id":"https:\/\/www.rabaini.it\/de\/portland-weisses-t-shirt-mit-stickerei-forte-dei-marmi-habitue\/#primaryimage"},"thumbnailUrl":"https:\/\/www.rabaini.it\/wp-content\/uploads\/2026\/04\/16.1.jpg","datePublished":"2026-04-22T14:33:38+00:00","dateModified":"2026-04-23T16:45:54+00:00","breadcrumb":{"@id":"https:\/\/www.rabaini.it\/de\/portland-weisses-t-shirt-mit-stickerei-forte-dei-marmi-habitue\/#breadcrumb"},"inLanguage":"de","potentialAction":[{"@type":"ReadAction","target":["https:\/\/www.rabaini.it\/de\/portland-weisses-t-shirt-mit-stickerei-forte-dei-marmi-habitue\/"]}]},{"@type":"ImageObject","inLanguage":"de","@id":"https:\/\/www.rabaini.it\/de\/portland-weisses-t-shirt-mit-stickerei-forte-dei-marmi-habitue\/#primaryimage","url":"https:\/\/www.rabaini.it\/wp-content\/uploads\/2026\/04\/16.1.jpg","contentUrl":"https:\/\/www.rabaini.it\/wp-content\/uploads\/2026\/04\/16.1.jpg","width":1500,"height":1500},{"@type":"BreadcrumbList","@id":"https:\/\/www.rabaini.it\/de\/portland-weisses-t-shirt-mit-stickerei-forte-dei-marmi-habitue\/#breadcrumb","itemListElement":[{"@type":"ListItem","position":1,"name":"Home","item":"https:\/\/www.rabaini.it\/de\/homepage\/"},{"@type":"ListItem","position":2,"name":"Gesch\u00e4ft","item":"https:\/\/www.rabaini.it\/geschaeft\/"},{"@type":"ListItem","position":3,"name":"Herren","item":"https:\/\/www.rabaini.it\/de\/herren\/"},{"@type":"ListItem","position":4,"name":"PORTLAND WEISSES T-SHIRT MIT STICKEREI \u201eFORTE DEI MARMI HABITU\u00c9\u201c"}]},{"@type":"WebSite","@id":"https:\/\/www.rabaini.it\/de\/#website","url":"https:\/\/www.rabaini.it\/de\/","name":"Rabaini","description":"","potentialAction":[{"@type":"SearchAction","target":{"@type":"EntryPoint","urlTemplate":"https:\/\/www.rabaini.it\/de\/?s={search_term_string}"},"query-input":{"@type":"PropertyValueSpecification","valueRequired":true,"valueName":"search_term_string"}}],"inLanguage":"de"}]}},"_links":{"self":[{"href":"https:\/\/www.rabaini.it\/de\/wp-json\/wp\/v2\/product\/153712","targetHints":{"allow":["GET"]}}],"collection":[{"href":"https:\/\/www.rabaini.it\/de\/wp-json\/wp\/v2\/product"}],"about":[{"href":"https:\/\/www.rabaini.it\/de\/wp-json\/wp\/v2\/types\/product"}],"wp:featuredmedia":[{"embeddable":true,"href":"https:\/\/www.rabaini.it\/de\/wp-json\/wp\/v2\/media\/153165"}],"wp:attachment":[{"href":"https:\/\/www.rabaini.it\/de\/wp-json\/wp\/v2\/media?parent=153712"}],"wp:term":[{"taxonomy":"product_brand","embeddable":true,"href":"https:\/\/www.rabaini.it\/de\/wp-json\/wp\/v2\/product_brand?post=153712"},{"taxonomy":"product_cat","embeddable":true,"href":"https:\/\/www.rabaini.it\/de\/wp-json\/wp\/v2\/product_cat?post=153712"},{"taxonomy":"product_tag","embeddable":true,"href":"https:\/\/www.rabaini.it\/de\/wp-json\/wp\/v2\/product_tag?post=153712"}],"curies":[{"name":"wp","href":"https:\/\/api.w.org\/{rel}","templated":true}]}}