{"id":153664,"date":"2026-04-22T15:28:47","date_gmt":"2026-04-22T13:28:47","guid":{"rendered":"https:\/\/www.rabaini.it\/?post_type=product&#038;p=153664"},"modified":"2026-04-23T18:44:28","modified_gmt":"2026-04-23T16:44:28","slug":"gestreiftes-poloshirt-aus-leinen-und-baumwolle-grun-und-cremeweiss","status":"publish","type":"product","link":"https:\/\/www.rabaini.it\/de\/gestreiftes-poloshirt-aus-leinen-und-baumwolle-grun-und-cremeweiss\/","title":{"rendered":"GESTREIFTES POLOSHIRT AUS LEINEN UND BAUMWOLLE GR\u00dcN UND CREMEWEISS"},"content":{"rendered":"<ul>\n<li>Artikelcode: RYE STRIPES 5201 RYE0001 01241L<\/li>\n<li>Artikel Farbe: Gr\u00fcn und Cremewei\u00df<\/li>\n<li>Poloshirt aus Leinen und Baumwolle, ein leichtes und frisches Garn, ideal f\u00fcr die Sommersaison<\/li>\n<li>Das Streifendesign verleiht eine dynamische und raffinierte Note, w\u00e4hrend der klassische Kragen und die knopflose \u00d6ffnung das Modell in einem l\u00e4ssig-eleganten Stil abrunden<\/li>\n<li>Das auf dem \u00c4rmel gestickte Logo setzt einen markanten Akzent<\/li>\n<li>Gestreiftes Muster<\/li>\n<li>Klassischer Kragen<\/li>\n<li>Kurzarm<\/li>\n<li>Vordere \u00d6ffnung ohne Kn\u00f6pfe<\/li>\n<li>Gesticktes Logo am \u00c4rmel<\/li>\n<li>Regul\u00e4re Passform<\/li>\n<li>Zusammensetzung: 52% Leinen, 24% Baumwolle, 24% Polyamid<\/li>\n<\/ul>\n","protected":false},"excerpt":{"rendered":"<p>Artikelcode: RYE STRIPES 5201 RYE0001 01241L Artikel Farbe: Gr\u00fcn und Cremewei\u00df Poloshirt aus Leinen und Baumwolle, ein leichtes und frisches Garn, ideal f\u00fcr die Sommersaison Das Streifendesign verleiht eine dynamische und raffinierte Note, w\u00e4hrend der klassische Kragen und die knopflose \u00d6ffnung das Modell in einem l\u00e4ssig-eleganten Stil abrunden Das auf dem \u00c4rmel gestickte Logo setzt&hellip;<\/p>\n","protected":false},"featured_media":153129,"template":"","meta":{"_acf_changed":false},"product_brand":[],"product_cat":[1324,1325,1356,1342],"product_tag":[1719],"class_list":{"0":"post-153664","1":"product","2":"type-product","3":"status-publish","4":"has-post-thumbnail","6":"product_cat-herren","7":"product_cat-herrenbekleidung","8":"product_cat-neuheiten-fur-herren","9":"product_cat-polo-shirt-herren","10":"product_tag-neuheiten","11":"marca-saint-barth-de","13":"first","14":"instock","15":"shipping-taxable","16":"purchasable","17":"product-type-variable"},"acf":[],"yoast_head":"<!-- This site is optimized with the Yoast SEO plugin v27.2 - https:\/\/yoast.com\/product\/yoast-seo-wordpress\/ -->\n<title>GESTREIFTES POLOSHIRT AUS LEINEN UND BAUMWOLLE GR\u00dcN UND CREMEWEISS - Rabaini<\/title>\n<meta name=\"robots\" content=\"index, follow, max-snippet:-1, max-image-preview:large, max-video-preview:-1\" \/>\n<link rel=\"canonical\" href=\"https:\/\/www.rabaini.it\/de\/gestreiftes-poloshirt-aus-leinen-und-baumwolle-grun-und-cremeweiss\/\" \/>\n<meta property=\"og:locale\" content=\"de_DE\" \/>\n<meta property=\"og:type\" content=\"article\" \/>\n<meta property=\"og:title\" content=\"GESTREIFTES POLOSHIRT AUS LEINEN UND BAUMWOLLE GR\u00dcN UND CREMEWEISS - Rabaini\" \/>\n<meta property=\"og:description\" content=\"Artikelcode: RYE STRIPES 5201 RYE0001 01241L Artikel Farbe: Gr\u00fcn und Cremewei\u00df Poloshirt aus Leinen und Baumwolle, ein leichtes und frisches Garn, ideal f\u00fcr die Sommersaison Das Streifendesign verleiht eine dynamische und raffinierte Note, w\u00e4hrend der klassische Kragen und die knopflose \u00d6ffnung das Modell in einem l\u00e4ssig-eleganten Stil abrunden Das auf dem \u00c4rmel gestickte Logo setzt&hellip;\" \/>\n<meta property=\"og:url\" content=\"https:\/\/www.rabaini.it\/de\/gestreiftes-poloshirt-aus-leinen-und-baumwolle-grun-und-cremeweiss\/\" \/>\n<meta property=\"og:site_name\" content=\"Rabaini\" \/>\n<meta property=\"article:modified_time\" content=\"2026-04-23T16:44:28+00:00\" \/>\n<meta property=\"og:image\" content=\"https:\/\/www.rabaini.it\/wp-content\/uploads\/2026\/04\/12.1.jpg\" \/>\n\t<meta property=\"og:image:width\" content=\"1500\" \/>\n\t<meta property=\"og:image:height\" content=\"1500\" \/>\n\t<meta property=\"og:image:type\" content=\"image\/jpeg\" \/>\n<meta name=\"twitter:card\" content=\"summary_large_image\" \/>\n<script type=\"application\/ld+json\" class=\"yoast-schema-graph\">{\"@context\":\"https:\/\/schema.org\",\"@graph\":[{\"@type\":\"WebPage\",\"@id\":\"https:\/\/www.rabaini.it\/de\/gestreiftes-poloshirt-aus-leinen-und-baumwolle-grun-und-cremeweiss\/\",\"url\":\"https:\/\/www.rabaini.it\/de\/gestreiftes-poloshirt-aus-leinen-und-baumwolle-grun-und-cremeweiss\/\",\"name\":\"GESTREIFTES POLOSHIRT AUS LEINEN UND BAUMWOLLE GR\u00dcN UND CREMEWEISS - Rabaini\",\"isPartOf\":{\"@id\":\"https:\/\/www.rabaini.it\/de\/#website\"},\"primaryImageOfPage\":{\"@id\":\"https:\/\/www.rabaini.it\/de\/gestreiftes-poloshirt-aus-leinen-und-baumwolle-grun-und-cremeweiss\/#primaryimage\"},\"image\":{\"@id\":\"https:\/\/www.rabaini.it\/de\/gestreiftes-poloshirt-aus-leinen-und-baumwolle-grun-und-cremeweiss\/#primaryimage\"},\"thumbnailUrl\":\"https:\/\/www.rabaini.it\/wp-content\/uploads\/2026\/04\/12.1.jpg\",\"datePublished\":\"2026-04-22T13:28:47+00:00\",\"dateModified\":\"2026-04-23T16:44:28+00:00\",\"breadcrumb\":{\"@id\":\"https:\/\/www.rabaini.it\/de\/gestreiftes-poloshirt-aus-leinen-und-baumwolle-grun-und-cremeweiss\/#breadcrumb\"},\"inLanguage\":\"de\",\"potentialAction\":[{\"@type\":\"ReadAction\",\"target\":[\"https:\/\/www.rabaini.it\/de\/gestreiftes-poloshirt-aus-leinen-und-baumwolle-grun-und-cremeweiss\/\"]}]},{\"@type\":\"ImageObject\",\"inLanguage\":\"de\",\"@id\":\"https:\/\/www.rabaini.it\/de\/gestreiftes-poloshirt-aus-leinen-und-baumwolle-grun-und-cremeweiss\/#primaryimage\",\"url\":\"https:\/\/www.rabaini.it\/wp-content\/uploads\/2026\/04\/12.1.jpg\",\"contentUrl\":\"https:\/\/www.rabaini.it\/wp-content\/uploads\/2026\/04\/12.1.jpg\",\"width\":1500,\"height\":1500},{\"@type\":\"BreadcrumbList\",\"@id\":\"https:\/\/www.rabaini.it\/de\/gestreiftes-poloshirt-aus-leinen-und-baumwolle-grun-und-cremeweiss\/#breadcrumb\",\"itemListElement\":[{\"@type\":\"ListItem\",\"position\":1,\"name\":\"Home\",\"item\":\"https:\/\/www.rabaini.it\/de\/homepage\/\"},{\"@type\":\"ListItem\",\"position\":2,\"name\":\"Gesch\u00e4ft\",\"item\":\"https:\/\/www.rabaini.it\/geschaeft\/\"},{\"@type\":\"ListItem\",\"position\":3,\"name\":\"Herren\",\"item\":\"https:\/\/www.rabaini.it\/de\/herren\/\"},{\"@type\":\"ListItem\",\"position\":4,\"name\":\"GESTREIFTES POLOSHIRT AUS LEINEN UND BAUMWOLLE GR\u00dcN UND CREMEWEISS\"}]},{\"@type\":\"WebSite\",\"@id\":\"https:\/\/www.rabaini.it\/de\/#website\",\"url\":\"https:\/\/www.rabaini.it\/de\/\",\"name\":\"Rabaini\",\"description\":\"\",\"potentialAction\":[{\"@type\":\"SearchAction\",\"target\":{\"@type\":\"EntryPoint\",\"urlTemplate\":\"https:\/\/www.rabaini.it\/de\/?s={search_term_string}\"},\"query-input\":{\"@type\":\"PropertyValueSpecification\",\"valueRequired\":true,\"valueName\":\"search_term_string\"}}],\"inLanguage\":\"de\"}]}<\/script>\n<!-- \/ Yoast SEO plugin. -->","yoast_head_json":{"title":"GESTREIFTES POLOSHIRT AUS LEINEN UND BAUMWOLLE GR\u00dcN UND CREMEWEISS - Rabaini","robots":{"index":"index","follow":"follow","max-snippet":"max-snippet:-1","max-image-preview":"max-image-preview:large","max-video-preview":"max-video-preview:-1"},"canonical":"https:\/\/www.rabaini.it\/de\/gestreiftes-poloshirt-aus-leinen-und-baumwolle-grun-und-cremeweiss\/","og_locale":"de_DE","og_type":"article","og_title":"GESTREIFTES POLOSHIRT AUS LEINEN UND BAUMWOLLE GR\u00dcN UND CREMEWEISS - Rabaini","og_description":"Artikelcode: RYE STRIPES 5201 RYE0001 01241L Artikel Farbe: Gr\u00fcn und Cremewei\u00df Poloshirt aus Leinen und Baumwolle, ein leichtes und frisches Garn, ideal f\u00fcr die Sommersaison Das Streifendesign verleiht eine dynamische und raffinierte Note, w\u00e4hrend der klassische Kragen und die knopflose \u00d6ffnung das Modell in einem l\u00e4ssig-eleganten Stil abrunden Das auf dem \u00c4rmel gestickte Logo setzt&hellip;","og_url":"https:\/\/www.rabaini.it\/de\/gestreiftes-poloshirt-aus-leinen-und-baumwolle-grun-und-cremeweiss\/","og_site_name":"Rabaini","article_modified_time":"2026-04-23T16:44:28+00:00","og_image":[{"width":1500,"height":1500,"url":"https:\/\/www.rabaini.it\/wp-content\/uploads\/2026\/04\/12.1.jpg","type":"image\/jpeg"}],"twitter_card":"summary_large_image","schema":{"@context":"https:\/\/schema.org","@graph":[{"@type":"WebPage","@id":"https:\/\/www.rabaini.it\/de\/gestreiftes-poloshirt-aus-leinen-und-baumwolle-grun-und-cremeweiss\/","url":"https:\/\/www.rabaini.it\/de\/gestreiftes-poloshirt-aus-leinen-und-baumwolle-grun-und-cremeweiss\/","name":"GESTREIFTES POLOSHIRT AUS LEINEN UND BAUMWOLLE GR\u00dcN UND CREMEWEISS - Rabaini","isPartOf":{"@id":"https:\/\/www.rabaini.it\/de\/#website"},"primaryImageOfPage":{"@id":"https:\/\/www.rabaini.it\/de\/gestreiftes-poloshirt-aus-leinen-und-baumwolle-grun-und-cremeweiss\/#primaryimage"},"image":{"@id":"https:\/\/www.rabaini.it\/de\/gestreiftes-poloshirt-aus-leinen-und-baumwolle-grun-und-cremeweiss\/#primaryimage"},"thumbnailUrl":"https:\/\/www.rabaini.it\/wp-content\/uploads\/2026\/04\/12.1.jpg","datePublished":"2026-04-22T13:28:47+00:00","dateModified":"2026-04-23T16:44:28+00:00","breadcrumb":{"@id":"https:\/\/www.rabaini.it\/de\/gestreiftes-poloshirt-aus-leinen-und-baumwolle-grun-und-cremeweiss\/#breadcrumb"},"inLanguage":"de","potentialAction":[{"@type":"ReadAction","target":["https:\/\/www.rabaini.it\/de\/gestreiftes-poloshirt-aus-leinen-und-baumwolle-grun-und-cremeweiss\/"]}]},{"@type":"ImageObject","inLanguage":"de","@id":"https:\/\/www.rabaini.it\/de\/gestreiftes-poloshirt-aus-leinen-und-baumwolle-grun-und-cremeweiss\/#primaryimage","url":"https:\/\/www.rabaini.it\/wp-content\/uploads\/2026\/04\/12.1.jpg","contentUrl":"https:\/\/www.rabaini.it\/wp-content\/uploads\/2026\/04\/12.1.jpg","width":1500,"height":1500},{"@type":"BreadcrumbList","@id":"https:\/\/www.rabaini.it\/de\/gestreiftes-poloshirt-aus-leinen-und-baumwolle-grun-und-cremeweiss\/#breadcrumb","itemListElement":[{"@type":"ListItem","position":1,"name":"Home","item":"https:\/\/www.rabaini.it\/de\/homepage\/"},{"@type":"ListItem","position":2,"name":"Gesch\u00e4ft","item":"https:\/\/www.rabaini.it\/geschaeft\/"},{"@type":"ListItem","position":3,"name":"Herren","item":"https:\/\/www.rabaini.it\/de\/herren\/"},{"@type":"ListItem","position":4,"name":"GESTREIFTES POLOSHIRT AUS LEINEN UND BAUMWOLLE GR\u00dcN UND CREMEWEISS"}]},{"@type":"WebSite","@id":"https:\/\/www.rabaini.it\/de\/#website","url":"https:\/\/www.rabaini.it\/de\/","name":"Rabaini","description":"","potentialAction":[{"@type":"SearchAction","target":{"@type":"EntryPoint","urlTemplate":"https:\/\/www.rabaini.it\/de\/?s={search_term_string}"},"query-input":{"@type":"PropertyValueSpecification","valueRequired":true,"valueName":"search_term_string"}}],"inLanguage":"de"}]}},"_links":{"self":[{"href":"https:\/\/www.rabaini.it\/de\/wp-json\/wp\/v2\/product\/153664","targetHints":{"allow":["GET"]}}],"collection":[{"href":"https:\/\/www.rabaini.it\/de\/wp-json\/wp\/v2\/product"}],"about":[{"href":"https:\/\/www.rabaini.it\/de\/wp-json\/wp\/v2\/types\/product"}],"wp:featuredmedia":[{"embeddable":true,"href":"https:\/\/www.rabaini.it\/de\/wp-json\/wp\/v2\/media\/153129"}],"wp:attachment":[{"href":"https:\/\/www.rabaini.it\/de\/wp-json\/wp\/v2\/media?parent=153664"}],"wp:term":[{"taxonomy":"product_brand","embeddable":true,"href":"https:\/\/www.rabaini.it\/de\/wp-json\/wp\/v2\/product_brand?post=153664"},{"taxonomy":"product_cat","embeddable":true,"href":"https:\/\/www.rabaini.it\/de\/wp-json\/wp\/v2\/product_cat?post=153664"},{"taxonomy":"product_tag","embeddable":true,"href":"https:\/\/www.rabaini.it\/de\/wp-json\/wp\/v2\/product_tag?post=153664"}],"curies":[{"name":"wp","href":"https:\/\/api.w.org\/{rel}","templated":true}]}}