{"id":153652,"date":"2026-04-22T12:08:35","date_gmt":"2026-04-22T10:08:35","guid":{"rendered":"https:\/\/www.rabaini.it\/?post_type=product&#038;p=153652"},"modified":"2026-04-23T18:44:11","modified_gmt":"2026-04-23T16:44:11","slug":"poloshirt-aus-jersey-mit-wappen","status":"publish","type":"product","link":"https:\/\/www.rabaini.it\/de\/poloshirt-aus-jersey-mit-wappen\/","title":{"rendered":"POLOSHIRT AUS JERSEY MIT WAPPEN"},"content":{"rendered":"<ul>\n<li>Artikelcode: 710B14219003 CLASSICS WHITE<\/li>\n<li>Artikel Farbe: Wei\u00df<\/li>\n<li>Ein Grundpfeiler des amerikanischen Stils seit 1972, das Poloshirt wurde oft kopiert, aber nie erreicht<\/li>\n<li>Im Laufe der Jahrzehnte hat Ralph Lauren seinen charakteristischen Stil in einer Vielzahl von Farben und Modellen neu interpretiert, ohne jemals die Qualit\u00e4t und Detailgenauigkeit des ikonischen Originals zu ver\u00e4ndern<\/li>\n<li>Teil der saisonalen Kollektion, die den Reichtum und die Vielfalt der Polo-Sporttraditionen feiert, verf\u00fcgt diese Version aus Baumwolljersey \u00fcber exklusive Stickgrafiken und ist mit Twill-Applikationen mit der Zahl \u201e3\u201c veredelt, die typischerweise dem Kapit\u00e4n eines Poloteams zugewiesen wird<\/li>\n<li>Classic-Fit: lockerer Schnitt an Brust, Taille und \u00c4rmeln, mit tiefer angesetzten Arml\u00f6chern, die n\u00e4her am Ellbogen sitzen<\/li>\n<li>Kurz\u00e4rmel mit Rippb\u00fcndchen<\/li>\n<li>\u201ePolo Ralph Lauren Established MCMLXVII\u201c, \u201eP.R.L. Co. Fine Quality Goods\u201c, Zahl \u201e3\u201c, zwei gekreuzte Schl\u00e4ger und Krone auf der rechten Brust gestickt<\/li>\n<li>Twill-Applikation mit r\u00f6mischer Zahl \u201eIV\u201c am rechten \u00c4rmel und mittig am R\u00fccken<\/li>\n<li>Gerader Saum mit Seitenschlitzen<\/li>\n<li>Rotes Doppel-Pony-Logo auf der linken Brust gestickt<\/li>\n<li>Zusammensetzung: 100% Baumwolle<\/li>\n<\/ul>\n","protected":false},"excerpt":{"rendered":"<p>Artikelcode: 710B14219003 CLASSICS WHITE Artikel Farbe: Wei\u00df Ein Grundpfeiler des amerikanischen Stils seit 1972, das Poloshirt wurde oft kopiert, aber nie erreicht Im Laufe der Jahrzehnte hat Ralph Lauren seinen charakteristischen Stil in einer Vielzahl von Farben und Modellen neu interpretiert, ohne jemals die Qualit\u00e4t und Detailgenauigkeit des ikonischen Originals zu ver\u00e4ndern Teil der saisonalen&hellip;<\/p>\n","protected":false},"featured_media":153120,"template":"","meta":{"_acf_changed":false},"product_brand":[],"product_cat":[1324,1325,1356,1342],"product_tag":[1719],"class_list":{"0":"post-153652","1":"product","2":"type-product","3":"status-publish","4":"has-post-thumbnail","6":"product_cat-herren","7":"product_cat-herrenbekleidung","8":"product_cat-neuheiten-fur-herren","9":"product_cat-polo-shirt-herren","10":"product_tag-neuheiten","11":"marca-ralph-lauren-de","13":"first","14":"instock","15":"shipping-taxable","16":"purchasable","17":"product-type-variable"},"acf":[],"yoast_head":"<!-- This site is optimized with the Yoast SEO plugin v27.2 - https:\/\/yoast.com\/product\/yoast-seo-wordpress\/ -->\n<title>POLOSHIRT AUS JERSEY MIT WAPPEN - Rabaini<\/title>\n<meta name=\"robots\" content=\"index, follow, max-snippet:-1, max-image-preview:large, max-video-preview:-1\" \/>\n<link rel=\"canonical\" href=\"https:\/\/www.rabaini.it\/de\/poloshirt-aus-jersey-mit-wappen\/\" \/>\n<meta property=\"og:locale\" content=\"de_DE\" \/>\n<meta property=\"og:type\" content=\"article\" \/>\n<meta property=\"og:title\" content=\"POLOSHIRT AUS JERSEY MIT WAPPEN - Rabaini\" \/>\n<meta property=\"og:description\" content=\"Artikelcode: 710B14219003 CLASSICS WHITE Artikel Farbe: Wei\u00df Ein Grundpfeiler des amerikanischen Stils seit 1972, das Poloshirt wurde oft kopiert, aber nie erreicht Im Laufe der Jahrzehnte hat Ralph Lauren seinen charakteristischen Stil in einer Vielzahl von Farben und Modellen neu interpretiert, ohne jemals die Qualit\u00e4t und Detailgenauigkeit des ikonischen Originals zu ver\u00e4ndern Teil der saisonalen&hellip;\" \/>\n<meta property=\"og:url\" content=\"https:\/\/www.rabaini.it\/de\/poloshirt-aus-jersey-mit-wappen\/\" \/>\n<meta property=\"og:site_name\" content=\"Rabaini\" \/>\n<meta property=\"article:modified_time\" content=\"2026-04-23T16:44:11+00:00\" \/>\n<meta property=\"og:image\" content=\"https:\/\/www.rabaini.it\/wp-content\/uploads\/2026\/04\/11.1.jpg\" \/>\n\t<meta property=\"og:image:width\" content=\"1500\" \/>\n\t<meta property=\"og:image:height\" content=\"1500\" \/>\n\t<meta property=\"og:image:type\" content=\"image\/jpeg\" \/>\n<meta name=\"twitter:card\" content=\"summary_large_image\" \/>\n<meta name=\"twitter:label1\" content=\"Gesch\u00e4tzte Lesezeit\" \/>\n\t<meta name=\"twitter:data1\" content=\"1\u00a0Minute\" \/>\n<script type=\"application\/ld+json\" class=\"yoast-schema-graph\">{\"@context\":\"https:\/\/schema.org\",\"@graph\":[{\"@type\":\"WebPage\",\"@id\":\"https:\/\/www.rabaini.it\/de\/poloshirt-aus-jersey-mit-wappen\/\",\"url\":\"https:\/\/www.rabaini.it\/de\/poloshirt-aus-jersey-mit-wappen\/\",\"name\":\"POLOSHIRT AUS JERSEY MIT WAPPEN - Rabaini\",\"isPartOf\":{\"@id\":\"https:\/\/www.rabaini.it\/de\/#website\"},\"primaryImageOfPage\":{\"@id\":\"https:\/\/www.rabaini.it\/de\/poloshirt-aus-jersey-mit-wappen\/#primaryimage\"},\"image\":{\"@id\":\"https:\/\/www.rabaini.it\/de\/poloshirt-aus-jersey-mit-wappen\/#primaryimage\"},\"thumbnailUrl\":\"https:\/\/www.rabaini.it\/wp-content\/uploads\/2026\/04\/11.1.jpg\",\"datePublished\":\"2026-04-22T10:08:35+00:00\",\"dateModified\":\"2026-04-23T16:44:11+00:00\",\"breadcrumb\":{\"@id\":\"https:\/\/www.rabaini.it\/de\/poloshirt-aus-jersey-mit-wappen\/#breadcrumb\"},\"inLanguage\":\"de\",\"potentialAction\":[{\"@type\":\"ReadAction\",\"target\":[\"https:\/\/www.rabaini.it\/de\/poloshirt-aus-jersey-mit-wappen\/\"]}]},{\"@type\":\"ImageObject\",\"inLanguage\":\"de\",\"@id\":\"https:\/\/www.rabaini.it\/de\/poloshirt-aus-jersey-mit-wappen\/#primaryimage\",\"url\":\"https:\/\/www.rabaini.it\/wp-content\/uploads\/2026\/04\/11.1.jpg\",\"contentUrl\":\"https:\/\/www.rabaini.it\/wp-content\/uploads\/2026\/04\/11.1.jpg\",\"width\":1500,\"height\":1500},{\"@type\":\"BreadcrumbList\",\"@id\":\"https:\/\/www.rabaini.it\/de\/poloshirt-aus-jersey-mit-wappen\/#breadcrumb\",\"itemListElement\":[{\"@type\":\"ListItem\",\"position\":1,\"name\":\"Home\",\"item\":\"https:\/\/www.rabaini.it\/de\/homepage\/\"},{\"@type\":\"ListItem\",\"position\":2,\"name\":\"Gesch\u00e4ft\",\"item\":\"https:\/\/www.rabaini.it\/geschaeft\/\"},{\"@type\":\"ListItem\",\"position\":3,\"name\":\"Herren\",\"item\":\"https:\/\/www.rabaini.it\/de\/herren\/\"},{\"@type\":\"ListItem\",\"position\":4,\"name\":\"POLOSHIRT AUS JERSEY MIT WAPPEN\"}]},{\"@type\":\"WebSite\",\"@id\":\"https:\/\/www.rabaini.it\/de\/#website\",\"url\":\"https:\/\/www.rabaini.it\/de\/\",\"name\":\"Rabaini\",\"description\":\"\",\"potentialAction\":[{\"@type\":\"SearchAction\",\"target\":{\"@type\":\"EntryPoint\",\"urlTemplate\":\"https:\/\/www.rabaini.it\/de\/?s={search_term_string}\"},\"query-input\":{\"@type\":\"PropertyValueSpecification\",\"valueRequired\":true,\"valueName\":\"search_term_string\"}}],\"inLanguage\":\"de\"}]}<\/script>\n<!-- \/ Yoast SEO plugin. -->","yoast_head_json":{"title":"POLOSHIRT AUS JERSEY MIT WAPPEN - Rabaini","robots":{"index":"index","follow":"follow","max-snippet":"max-snippet:-1","max-image-preview":"max-image-preview:large","max-video-preview":"max-video-preview:-1"},"canonical":"https:\/\/www.rabaini.it\/de\/poloshirt-aus-jersey-mit-wappen\/","og_locale":"de_DE","og_type":"article","og_title":"POLOSHIRT AUS JERSEY MIT WAPPEN - Rabaini","og_description":"Artikelcode: 710B14219003 CLASSICS WHITE Artikel Farbe: Wei\u00df Ein Grundpfeiler des amerikanischen Stils seit 1972, das Poloshirt wurde oft kopiert, aber nie erreicht Im Laufe der Jahrzehnte hat Ralph Lauren seinen charakteristischen Stil in einer Vielzahl von Farben und Modellen neu interpretiert, ohne jemals die Qualit\u00e4t und Detailgenauigkeit des ikonischen Originals zu ver\u00e4ndern Teil der saisonalen&hellip;","og_url":"https:\/\/www.rabaini.it\/de\/poloshirt-aus-jersey-mit-wappen\/","og_site_name":"Rabaini","article_modified_time":"2026-04-23T16:44:11+00:00","og_image":[{"width":1500,"height":1500,"url":"https:\/\/www.rabaini.it\/wp-content\/uploads\/2026\/04\/11.1.jpg","type":"image\/jpeg"}],"twitter_card":"summary_large_image","twitter_misc":{"Gesch\u00e4tzte Lesezeit":"1\u00a0Minute"},"schema":{"@context":"https:\/\/schema.org","@graph":[{"@type":"WebPage","@id":"https:\/\/www.rabaini.it\/de\/poloshirt-aus-jersey-mit-wappen\/","url":"https:\/\/www.rabaini.it\/de\/poloshirt-aus-jersey-mit-wappen\/","name":"POLOSHIRT AUS JERSEY MIT WAPPEN - Rabaini","isPartOf":{"@id":"https:\/\/www.rabaini.it\/de\/#website"},"primaryImageOfPage":{"@id":"https:\/\/www.rabaini.it\/de\/poloshirt-aus-jersey-mit-wappen\/#primaryimage"},"image":{"@id":"https:\/\/www.rabaini.it\/de\/poloshirt-aus-jersey-mit-wappen\/#primaryimage"},"thumbnailUrl":"https:\/\/www.rabaini.it\/wp-content\/uploads\/2026\/04\/11.1.jpg","datePublished":"2026-04-22T10:08:35+00:00","dateModified":"2026-04-23T16:44:11+00:00","breadcrumb":{"@id":"https:\/\/www.rabaini.it\/de\/poloshirt-aus-jersey-mit-wappen\/#breadcrumb"},"inLanguage":"de","potentialAction":[{"@type":"ReadAction","target":["https:\/\/www.rabaini.it\/de\/poloshirt-aus-jersey-mit-wappen\/"]}]},{"@type":"ImageObject","inLanguage":"de","@id":"https:\/\/www.rabaini.it\/de\/poloshirt-aus-jersey-mit-wappen\/#primaryimage","url":"https:\/\/www.rabaini.it\/wp-content\/uploads\/2026\/04\/11.1.jpg","contentUrl":"https:\/\/www.rabaini.it\/wp-content\/uploads\/2026\/04\/11.1.jpg","width":1500,"height":1500},{"@type":"BreadcrumbList","@id":"https:\/\/www.rabaini.it\/de\/poloshirt-aus-jersey-mit-wappen\/#breadcrumb","itemListElement":[{"@type":"ListItem","position":1,"name":"Home","item":"https:\/\/www.rabaini.it\/de\/homepage\/"},{"@type":"ListItem","position":2,"name":"Gesch\u00e4ft","item":"https:\/\/www.rabaini.it\/geschaeft\/"},{"@type":"ListItem","position":3,"name":"Herren","item":"https:\/\/www.rabaini.it\/de\/herren\/"},{"@type":"ListItem","position":4,"name":"POLOSHIRT AUS JERSEY MIT WAPPEN"}]},{"@type":"WebSite","@id":"https:\/\/www.rabaini.it\/de\/#website","url":"https:\/\/www.rabaini.it\/de\/","name":"Rabaini","description":"","potentialAction":[{"@type":"SearchAction","target":{"@type":"EntryPoint","urlTemplate":"https:\/\/www.rabaini.it\/de\/?s={search_term_string}"},"query-input":{"@type":"PropertyValueSpecification","valueRequired":true,"valueName":"search_term_string"}}],"inLanguage":"de"}]}},"_links":{"self":[{"href":"https:\/\/www.rabaini.it\/de\/wp-json\/wp\/v2\/product\/153652","targetHints":{"allow":["GET"]}}],"collection":[{"href":"https:\/\/www.rabaini.it\/de\/wp-json\/wp\/v2\/product"}],"about":[{"href":"https:\/\/www.rabaini.it\/de\/wp-json\/wp\/v2\/types\/product"}],"wp:featuredmedia":[{"embeddable":true,"href":"https:\/\/www.rabaini.it\/de\/wp-json\/wp\/v2\/media\/153120"}],"wp:attachment":[{"href":"https:\/\/www.rabaini.it\/de\/wp-json\/wp\/v2\/media?parent=153652"}],"wp:term":[{"taxonomy":"product_brand","embeddable":true,"href":"https:\/\/www.rabaini.it\/de\/wp-json\/wp\/v2\/product_brand?post=153652"},{"taxonomy":"product_cat","embeddable":true,"href":"https:\/\/www.rabaini.it\/de\/wp-json\/wp\/v2\/product_cat?post=153652"},{"taxonomy":"product_tag","embeddable":true,"href":"https:\/\/www.rabaini.it\/de\/wp-json\/wp\/v2\/product_tag?post=153652"}],"curies":[{"name":"wp","href":"https:\/\/api.w.org\/{rel}","templated":true}]}}