{"id":153628,"date":"2026-04-22T11:15:50","date_gmt":"2026-04-22T09:15:50","guid":{"rendered":"https:\/\/www.rabaini.it\/?post_type=product&#038;p=153628"},"modified":"2026-04-23T18:43:11","modified_gmt":"2026-04-23T16:43:11","slug":"polo-bear-kapuzensweatshirt-turkis","status":"publish","type":"product","link":"https:\/\/www.rabaini.it\/de\/polo-bear-kapuzensweatshirt-turkis\/","title":{"rendered":"POLO BEAR KAPUZENSWEATSHIRT T\u00dcRKIS"},"content":{"rendered":"<ul>\n<li>Artikelcode: 710B14624001 CLASSICS BLUE<\/li>\n<li>Artikel Farbe: T\u00fcrkis<\/li>\n<li>Dieses Kapuzensweatshirt besteht aus einem weichen Baumwollmix und ist mit unserem ikonischen Maskottchen, dem Polo Bear, bedruckt<\/li>\n<li>Kapuze mit Kordelzug<\/li>\n<li>Lange \u00c4rmel mit Rippb\u00fcndchen<\/li>\n<li>Polo Bear sowie die Schriftz\u00fcge \u201ePolo Bear by Ralph Lauren\u201c und \u201eRalph Lauren\u201c mittig auf der Vorderseite aufgedruckt<\/li>\n<li>K\u00e4ngurutaschen an den Seiten<\/li>\n<li>Rippbund am Saum<\/li>\n<li>Zusammensetzung: 84% Baumwolle, 16% Polyester<\/li>\n<li>Rippdetails: 99% Baumwolle, 1% Elasthan<\/li>\n<\/ul>\n","protected":false},"excerpt":{"rendered":"<p>Artikelcode: 710B14624001 CLASSICS BLUE Artikel Farbe: T\u00fcrkis Dieses Kapuzensweatshirt besteht aus einem weichen Baumwollmix und ist mit unserem ikonischen Maskottchen, dem Polo Bear, bedruckt Kapuze mit Kordelzug Lange \u00c4rmel mit Rippb\u00fcndchen Polo Bear sowie die Schriftz\u00fcge \u201ePolo Bear by Ralph Lauren\u201c und \u201eRalph Lauren\u201c mittig auf der Vorderseite aufgedruckt K\u00e4ngurutaschen an den Seiten Rippbund am&hellip;<\/p>\n","protected":false},"featured_media":153102,"template":"","meta":{"_acf_changed":false},"product_brand":[],"product_cat":[1324,1325,1356,1337],"product_tag":[1719],"class_list":{"0":"post-153628","1":"product","2":"type-product","3":"status-publish","4":"has-post-thumbnail","6":"product_cat-herren","7":"product_cat-herrenbekleidung","8":"product_cat-neuheiten-fur-herren","9":"product_cat-sweatshirts-herren","10":"product_tag-neuheiten","11":"marca-ralph-lauren-de","13":"first","14":"instock","15":"shipping-taxable","16":"purchasable","17":"product-type-variable"},"acf":[],"yoast_head":"<!-- This site is optimized with the Yoast SEO plugin v27.2 - https:\/\/yoast.com\/product\/yoast-seo-wordpress\/ -->\n<title>POLO BEAR KAPUZENSWEATSHIRT T\u00dcRKIS - Rabaini<\/title>\n<meta name=\"robots\" content=\"index, follow, max-snippet:-1, max-image-preview:large, max-video-preview:-1\" \/>\n<link rel=\"canonical\" href=\"https:\/\/www.rabaini.it\/de\/polo-bear-kapuzensweatshirt-turkis\/\" \/>\n<meta property=\"og:locale\" content=\"de_DE\" \/>\n<meta property=\"og:type\" content=\"article\" \/>\n<meta property=\"og:title\" content=\"POLO BEAR KAPUZENSWEATSHIRT T\u00dcRKIS - Rabaini\" \/>\n<meta property=\"og:description\" content=\"Artikelcode: 710B14624001 CLASSICS BLUE Artikel Farbe: T\u00fcrkis Dieses Kapuzensweatshirt besteht aus einem weichen Baumwollmix und ist mit unserem ikonischen Maskottchen, dem Polo Bear, bedruckt Kapuze mit Kordelzug Lange \u00c4rmel mit Rippb\u00fcndchen Polo Bear sowie die Schriftz\u00fcge \u201ePolo Bear by Ralph Lauren\u201c und \u201eRalph Lauren\u201c mittig auf der Vorderseite aufgedruckt K\u00e4ngurutaschen an den Seiten Rippbund am&hellip;\" \/>\n<meta property=\"og:url\" content=\"https:\/\/www.rabaini.it\/de\/polo-bear-kapuzensweatshirt-turkis\/\" \/>\n<meta property=\"og:site_name\" content=\"Rabaini\" \/>\n<meta property=\"article:modified_time\" content=\"2026-04-23T16:43:11+00:00\" \/>\n<meta property=\"og:image\" content=\"https:\/\/www.rabaini.it\/wp-content\/uploads\/2026\/04\/9.1.jpg\" \/>\n\t<meta property=\"og:image:width\" content=\"1500\" \/>\n\t<meta property=\"og:image:height\" content=\"1500\" \/>\n\t<meta property=\"og:image:type\" content=\"image\/jpeg\" \/>\n<meta name=\"twitter:card\" content=\"summary_large_image\" \/>\n<script type=\"application\/ld+json\" class=\"yoast-schema-graph\">{\"@context\":\"https:\/\/schema.org\",\"@graph\":[{\"@type\":\"WebPage\",\"@id\":\"https:\/\/www.rabaini.it\/de\/polo-bear-kapuzensweatshirt-turkis\/\",\"url\":\"https:\/\/www.rabaini.it\/de\/polo-bear-kapuzensweatshirt-turkis\/\",\"name\":\"POLO BEAR KAPUZENSWEATSHIRT T\u00dcRKIS - Rabaini\",\"isPartOf\":{\"@id\":\"https:\/\/www.rabaini.it\/de\/#website\"},\"primaryImageOfPage\":{\"@id\":\"https:\/\/www.rabaini.it\/de\/polo-bear-kapuzensweatshirt-turkis\/#primaryimage\"},\"image\":{\"@id\":\"https:\/\/www.rabaini.it\/de\/polo-bear-kapuzensweatshirt-turkis\/#primaryimage\"},\"thumbnailUrl\":\"https:\/\/www.rabaini.it\/wp-content\/uploads\/2026\/04\/9.1.jpg\",\"datePublished\":\"2026-04-22T09:15:50+00:00\",\"dateModified\":\"2026-04-23T16:43:11+00:00\",\"breadcrumb\":{\"@id\":\"https:\/\/www.rabaini.it\/de\/polo-bear-kapuzensweatshirt-turkis\/#breadcrumb\"},\"inLanguage\":\"de\",\"potentialAction\":[{\"@type\":\"ReadAction\",\"target\":[\"https:\/\/www.rabaini.it\/de\/polo-bear-kapuzensweatshirt-turkis\/\"]}]},{\"@type\":\"ImageObject\",\"inLanguage\":\"de\",\"@id\":\"https:\/\/www.rabaini.it\/de\/polo-bear-kapuzensweatshirt-turkis\/#primaryimage\",\"url\":\"https:\/\/www.rabaini.it\/wp-content\/uploads\/2026\/04\/9.1.jpg\",\"contentUrl\":\"https:\/\/www.rabaini.it\/wp-content\/uploads\/2026\/04\/9.1.jpg\",\"width\":1500,\"height\":1500},{\"@type\":\"BreadcrumbList\",\"@id\":\"https:\/\/www.rabaini.it\/de\/polo-bear-kapuzensweatshirt-turkis\/#breadcrumb\",\"itemListElement\":[{\"@type\":\"ListItem\",\"position\":1,\"name\":\"Home\",\"item\":\"https:\/\/www.rabaini.it\/de\/homepage\/\"},{\"@type\":\"ListItem\",\"position\":2,\"name\":\"Gesch\u00e4ft\",\"item\":\"https:\/\/www.rabaini.it\/geschaeft\/\"},{\"@type\":\"ListItem\",\"position\":3,\"name\":\"Herren\",\"item\":\"https:\/\/www.rabaini.it\/de\/herren\/\"},{\"@type\":\"ListItem\",\"position\":4,\"name\":\"POLO BEAR KAPUZENSWEATSHIRT T\u00dcRKIS\"}]},{\"@type\":\"WebSite\",\"@id\":\"https:\/\/www.rabaini.it\/de\/#website\",\"url\":\"https:\/\/www.rabaini.it\/de\/\",\"name\":\"Rabaini\",\"description\":\"\",\"potentialAction\":[{\"@type\":\"SearchAction\",\"target\":{\"@type\":\"EntryPoint\",\"urlTemplate\":\"https:\/\/www.rabaini.it\/de\/?s={search_term_string}\"},\"query-input\":{\"@type\":\"PropertyValueSpecification\",\"valueRequired\":true,\"valueName\":\"search_term_string\"}}],\"inLanguage\":\"de\"}]}<\/script>\n<!-- \/ Yoast SEO plugin. -->","yoast_head_json":{"title":"POLO BEAR KAPUZENSWEATSHIRT T\u00dcRKIS - Rabaini","robots":{"index":"index","follow":"follow","max-snippet":"max-snippet:-1","max-image-preview":"max-image-preview:large","max-video-preview":"max-video-preview:-1"},"canonical":"https:\/\/www.rabaini.it\/de\/polo-bear-kapuzensweatshirt-turkis\/","og_locale":"de_DE","og_type":"article","og_title":"POLO BEAR KAPUZENSWEATSHIRT T\u00dcRKIS - Rabaini","og_description":"Artikelcode: 710B14624001 CLASSICS BLUE Artikel Farbe: T\u00fcrkis Dieses Kapuzensweatshirt besteht aus einem weichen Baumwollmix und ist mit unserem ikonischen Maskottchen, dem Polo Bear, bedruckt Kapuze mit Kordelzug Lange \u00c4rmel mit Rippb\u00fcndchen Polo Bear sowie die Schriftz\u00fcge \u201ePolo Bear by Ralph Lauren\u201c und \u201eRalph Lauren\u201c mittig auf der Vorderseite aufgedruckt K\u00e4ngurutaschen an den Seiten Rippbund am&hellip;","og_url":"https:\/\/www.rabaini.it\/de\/polo-bear-kapuzensweatshirt-turkis\/","og_site_name":"Rabaini","article_modified_time":"2026-04-23T16:43:11+00:00","og_image":[{"width":1500,"height":1500,"url":"https:\/\/www.rabaini.it\/wp-content\/uploads\/2026\/04\/9.1.jpg","type":"image\/jpeg"}],"twitter_card":"summary_large_image","schema":{"@context":"https:\/\/schema.org","@graph":[{"@type":"WebPage","@id":"https:\/\/www.rabaini.it\/de\/polo-bear-kapuzensweatshirt-turkis\/","url":"https:\/\/www.rabaini.it\/de\/polo-bear-kapuzensweatshirt-turkis\/","name":"POLO BEAR KAPUZENSWEATSHIRT T\u00dcRKIS - Rabaini","isPartOf":{"@id":"https:\/\/www.rabaini.it\/de\/#website"},"primaryImageOfPage":{"@id":"https:\/\/www.rabaini.it\/de\/polo-bear-kapuzensweatshirt-turkis\/#primaryimage"},"image":{"@id":"https:\/\/www.rabaini.it\/de\/polo-bear-kapuzensweatshirt-turkis\/#primaryimage"},"thumbnailUrl":"https:\/\/www.rabaini.it\/wp-content\/uploads\/2026\/04\/9.1.jpg","datePublished":"2026-04-22T09:15:50+00:00","dateModified":"2026-04-23T16:43:11+00:00","breadcrumb":{"@id":"https:\/\/www.rabaini.it\/de\/polo-bear-kapuzensweatshirt-turkis\/#breadcrumb"},"inLanguage":"de","potentialAction":[{"@type":"ReadAction","target":["https:\/\/www.rabaini.it\/de\/polo-bear-kapuzensweatshirt-turkis\/"]}]},{"@type":"ImageObject","inLanguage":"de","@id":"https:\/\/www.rabaini.it\/de\/polo-bear-kapuzensweatshirt-turkis\/#primaryimage","url":"https:\/\/www.rabaini.it\/wp-content\/uploads\/2026\/04\/9.1.jpg","contentUrl":"https:\/\/www.rabaini.it\/wp-content\/uploads\/2026\/04\/9.1.jpg","width":1500,"height":1500},{"@type":"BreadcrumbList","@id":"https:\/\/www.rabaini.it\/de\/polo-bear-kapuzensweatshirt-turkis\/#breadcrumb","itemListElement":[{"@type":"ListItem","position":1,"name":"Home","item":"https:\/\/www.rabaini.it\/de\/homepage\/"},{"@type":"ListItem","position":2,"name":"Gesch\u00e4ft","item":"https:\/\/www.rabaini.it\/geschaeft\/"},{"@type":"ListItem","position":3,"name":"Herren","item":"https:\/\/www.rabaini.it\/de\/herren\/"},{"@type":"ListItem","position":4,"name":"POLO BEAR KAPUZENSWEATSHIRT T\u00dcRKIS"}]},{"@type":"WebSite","@id":"https:\/\/www.rabaini.it\/de\/#website","url":"https:\/\/www.rabaini.it\/de\/","name":"Rabaini","description":"","potentialAction":[{"@type":"SearchAction","target":{"@type":"EntryPoint","urlTemplate":"https:\/\/www.rabaini.it\/de\/?s={search_term_string}"},"query-input":{"@type":"PropertyValueSpecification","valueRequired":true,"valueName":"search_term_string"}}],"inLanguage":"de"}]}},"_links":{"self":[{"href":"https:\/\/www.rabaini.it\/de\/wp-json\/wp\/v2\/product\/153628","targetHints":{"allow":["GET"]}}],"collection":[{"href":"https:\/\/www.rabaini.it\/de\/wp-json\/wp\/v2\/product"}],"about":[{"href":"https:\/\/www.rabaini.it\/de\/wp-json\/wp\/v2\/types\/product"}],"wp:featuredmedia":[{"embeddable":true,"href":"https:\/\/www.rabaini.it\/de\/wp-json\/wp\/v2\/media\/153102"}],"wp:attachment":[{"href":"https:\/\/www.rabaini.it\/de\/wp-json\/wp\/v2\/media?parent=153628"}],"wp:term":[{"taxonomy":"product_brand","embeddable":true,"href":"https:\/\/www.rabaini.it\/de\/wp-json\/wp\/v2\/product_brand?post=153628"},{"taxonomy":"product_cat","embeddable":true,"href":"https:\/\/www.rabaini.it\/de\/wp-json\/wp\/v2\/product_cat?post=153628"},{"taxonomy":"product_tag","embeddable":true,"href":"https:\/\/www.rabaini.it\/de\/wp-json\/wp\/v2\/product_tag?post=153628"}],"curies":[{"name":"wp","href":"https:\/\/api.w.org\/{rel}","templated":true}]}}