{"id":153544,"date":"2026-04-21T17:46:15","date_gmt":"2026-04-21T15:46:15","guid":{"rendered":"https:\/\/www.rabaini.it\/?post_type=product&#038;p=153544"},"modified":"2026-04-23T18:40:18","modified_gmt":"2026-04-23T16:40:18","slug":"nabucco-jkt-blau","status":"publish","type":"product","link":"https:\/\/www.rabaini.it\/de\/nabucco-jkt-blau\/","title":{"rendered":"NABUCCO JKT BLAU"},"content":{"rendered":"<ul>\n<li>Artikelcode: 26019 60<\/li>\n<li>Artikel Farbe: Blau<\/li>\n<li>Eine zeitgem\u00e4\u00dfe Interpretation der sommerlichen Bomberjacke, gepr\u00e4gt von klaren Linien und einer makellosen Verarbeitung<\/li>\n<li>Gefertigt aus hochwertigem Micro-Velours mit Suede-Effekt \u00fcberzeugt die Nabucco Jkt durch ihre samtige Haptik und den leichten Tragekomfort und verk\u00f6rpert einen anspruchsvollen Casual-Stil<\/li>\n<li>Das minimalistische Design wird durch den Metallrei\u00dfverschluss betont, der die Vorderseite und die Seitentaschen pr\u00e4gt<\/li>\n<li>Der Stehkragen, die B\u00fcndchen und der Saum aus elastischem Rippstrick perfektionieren die regul\u00e4re Passform<\/li>\n<li>Im Inneren, mit Eco-Suede gef\u00fcttert, offenbart die Innentasche mit unsichtbarem Rei\u00dfverschluss charakteristische Details wie die fluoreszierende orangefarbene Paspel und das Herz-Label \u201eMade with love, designed in Tuscany\u201c<\/li>\n<li>Das schwarze, mikroinjizierte Logo am linken \u00c4rmel kennzeichnet ein Kleidungsst\u00fcck, das Modernit\u00e4t und Leichtigkeit vereint, ideal f\u00fcr einen stilvoll entspannten urbanen Alltagslook, getragen \u00fcber einem Polo und einer Five-Pocket-Hose aus der Kollektion<\/li>\n<li>Zusammensetzung: 80% Polyamid, 20% Elastan<\/li>\n<\/ul>\n","protected":false},"excerpt":{"rendered":"<p>Artikelcode: 26019 60 Artikel Farbe: Blau Eine zeitgem\u00e4\u00dfe Interpretation der sommerlichen Bomberjacke, gepr\u00e4gt von klaren Linien und einer makellosen Verarbeitung Gefertigt aus hochwertigem Micro-Velours mit Suede-Effekt \u00fcberzeugt die Nabucco Jkt durch ihre samtige Haptik und den leichten Tragekomfort und verk\u00f6rpert einen anspruchsvollen Casual-Stil Das minimalistische Design wird durch den Metallrei\u00dfverschluss betont, der die Vorderseite und&hellip;<\/p>\n","protected":false},"featured_media":153039,"template":"","meta":{"_acf_changed":false},"product_brand":[],"product_cat":[1324,1325,1331,1356,1329],"product_tag":[1719],"class_list":{"0":"post-153544","1":"product","2":"type-product","3":"status-publish","4":"has-post-thumbnail","6":"product_cat-herren","7":"product_cat-herrenbekleidung","8":"product_cat-jacken-herren","9":"product_cat-neuheiten-fur-herren","10":"product_cat-oberbekleidung-herren","11":"product_tag-neuheiten","12":"marca-rrd-de","14":"first","15":"instock","16":"shipping-taxable","17":"purchasable","18":"product-type-variable"},"acf":[],"yoast_head":"<!-- This site is optimized with the Yoast SEO plugin v27.2 - https:\/\/yoast.com\/product\/yoast-seo-wordpress\/ -->\n<title>NABUCCO JKT BLAU - Rabaini<\/title>\n<meta name=\"robots\" content=\"index, follow, max-snippet:-1, max-image-preview:large, max-video-preview:-1\" \/>\n<link rel=\"canonical\" href=\"https:\/\/www.rabaini.it\/de\/nabucco-jkt-blau\/\" \/>\n<meta property=\"og:locale\" content=\"de_DE\" \/>\n<meta property=\"og:type\" content=\"article\" \/>\n<meta property=\"og:title\" content=\"NABUCCO JKT BLAU - Rabaini\" \/>\n<meta property=\"og:description\" content=\"Artikelcode: 26019 60 Artikel Farbe: Blau Eine zeitgem\u00e4\u00dfe Interpretation der sommerlichen Bomberjacke, gepr\u00e4gt von klaren Linien und einer makellosen Verarbeitung Gefertigt aus hochwertigem Micro-Velours mit Suede-Effekt \u00fcberzeugt die Nabucco Jkt durch ihre samtige Haptik und den leichten Tragekomfort und verk\u00f6rpert einen anspruchsvollen Casual-Stil Das minimalistische Design wird durch den Metallrei\u00dfverschluss betont, der die Vorderseite und&hellip;\" \/>\n<meta property=\"og:url\" content=\"https:\/\/www.rabaini.it\/de\/nabucco-jkt-blau\/\" \/>\n<meta property=\"og:site_name\" content=\"Rabaini\" \/>\n<meta property=\"article:modified_time\" content=\"2026-04-23T16:40:18+00:00\" \/>\n<meta property=\"og:image\" content=\"https:\/\/www.rabaini.it\/wp-content\/uploads\/2026\/04\/2.1.jpg\" \/>\n\t<meta property=\"og:image:width\" content=\"1500\" \/>\n\t<meta property=\"og:image:height\" content=\"1500\" \/>\n\t<meta property=\"og:image:type\" content=\"image\/jpeg\" \/>\n<meta name=\"twitter:card\" content=\"summary_large_image\" \/>\n<meta name=\"twitter:label1\" content=\"Gesch\u00e4tzte Lesezeit\" \/>\n\t<meta name=\"twitter:data1\" content=\"1\u00a0Minute\" \/>\n<script type=\"application\/ld+json\" class=\"yoast-schema-graph\">{\"@context\":\"https:\/\/schema.org\",\"@graph\":[{\"@type\":\"WebPage\",\"@id\":\"https:\/\/www.rabaini.it\/de\/nabucco-jkt-blau\/\",\"url\":\"https:\/\/www.rabaini.it\/de\/nabucco-jkt-blau\/\",\"name\":\"NABUCCO JKT BLAU - Rabaini\",\"isPartOf\":{\"@id\":\"https:\/\/www.rabaini.it\/de\/#website\"},\"primaryImageOfPage\":{\"@id\":\"https:\/\/www.rabaini.it\/de\/nabucco-jkt-blau\/#primaryimage\"},\"image\":{\"@id\":\"https:\/\/www.rabaini.it\/de\/nabucco-jkt-blau\/#primaryimage\"},\"thumbnailUrl\":\"https:\/\/www.rabaini.it\/wp-content\/uploads\/2026\/04\/2.1.jpg\",\"datePublished\":\"2026-04-21T15:46:15+00:00\",\"dateModified\":\"2026-04-23T16:40:18+00:00\",\"breadcrumb\":{\"@id\":\"https:\/\/www.rabaini.it\/de\/nabucco-jkt-blau\/#breadcrumb\"},\"inLanguage\":\"de\",\"potentialAction\":[{\"@type\":\"ReadAction\",\"target\":[\"https:\/\/www.rabaini.it\/de\/nabucco-jkt-blau\/\"]}]},{\"@type\":\"ImageObject\",\"inLanguage\":\"de\",\"@id\":\"https:\/\/www.rabaini.it\/de\/nabucco-jkt-blau\/#primaryimage\",\"url\":\"https:\/\/www.rabaini.it\/wp-content\/uploads\/2026\/04\/2.1.jpg\",\"contentUrl\":\"https:\/\/www.rabaini.it\/wp-content\/uploads\/2026\/04\/2.1.jpg\",\"width\":1500,\"height\":1500},{\"@type\":\"BreadcrumbList\",\"@id\":\"https:\/\/www.rabaini.it\/de\/nabucco-jkt-blau\/#breadcrumb\",\"itemListElement\":[{\"@type\":\"ListItem\",\"position\":1,\"name\":\"Home\",\"item\":\"https:\/\/www.rabaini.it\/de\/homepage\/\"},{\"@type\":\"ListItem\",\"position\":2,\"name\":\"Gesch\u00e4ft\",\"item\":\"https:\/\/www.rabaini.it\/geschaeft\/\"},{\"@type\":\"ListItem\",\"position\":3,\"name\":\"Herren\",\"item\":\"https:\/\/www.rabaini.it\/de\/herren\/\"},{\"@type\":\"ListItem\",\"position\":4,\"name\":\"NABUCCO JKT BLAU\"}]},{\"@type\":\"WebSite\",\"@id\":\"https:\/\/www.rabaini.it\/de\/#website\",\"url\":\"https:\/\/www.rabaini.it\/de\/\",\"name\":\"Rabaini\",\"description\":\"\",\"potentialAction\":[{\"@type\":\"SearchAction\",\"target\":{\"@type\":\"EntryPoint\",\"urlTemplate\":\"https:\/\/www.rabaini.it\/de\/?s={search_term_string}\"},\"query-input\":{\"@type\":\"PropertyValueSpecification\",\"valueRequired\":true,\"valueName\":\"search_term_string\"}}],\"inLanguage\":\"de\"}]}<\/script>\n<!-- \/ Yoast SEO plugin. -->","yoast_head_json":{"title":"NABUCCO JKT BLAU - Rabaini","robots":{"index":"index","follow":"follow","max-snippet":"max-snippet:-1","max-image-preview":"max-image-preview:large","max-video-preview":"max-video-preview:-1"},"canonical":"https:\/\/www.rabaini.it\/de\/nabucco-jkt-blau\/","og_locale":"de_DE","og_type":"article","og_title":"NABUCCO JKT BLAU - Rabaini","og_description":"Artikelcode: 26019 60 Artikel Farbe: Blau Eine zeitgem\u00e4\u00dfe Interpretation der sommerlichen Bomberjacke, gepr\u00e4gt von klaren Linien und einer makellosen Verarbeitung Gefertigt aus hochwertigem Micro-Velours mit Suede-Effekt \u00fcberzeugt die Nabucco Jkt durch ihre samtige Haptik und den leichten Tragekomfort und verk\u00f6rpert einen anspruchsvollen Casual-Stil Das minimalistische Design wird durch den Metallrei\u00dfverschluss betont, der die Vorderseite und&hellip;","og_url":"https:\/\/www.rabaini.it\/de\/nabucco-jkt-blau\/","og_site_name":"Rabaini","article_modified_time":"2026-04-23T16:40:18+00:00","og_image":[{"width":1500,"height":1500,"url":"https:\/\/www.rabaini.it\/wp-content\/uploads\/2026\/04\/2.1.jpg","type":"image\/jpeg"}],"twitter_card":"summary_large_image","twitter_misc":{"Gesch\u00e4tzte Lesezeit":"1\u00a0Minute"},"schema":{"@context":"https:\/\/schema.org","@graph":[{"@type":"WebPage","@id":"https:\/\/www.rabaini.it\/de\/nabucco-jkt-blau\/","url":"https:\/\/www.rabaini.it\/de\/nabucco-jkt-blau\/","name":"NABUCCO JKT BLAU - Rabaini","isPartOf":{"@id":"https:\/\/www.rabaini.it\/de\/#website"},"primaryImageOfPage":{"@id":"https:\/\/www.rabaini.it\/de\/nabucco-jkt-blau\/#primaryimage"},"image":{"@id":"https:\/\/www.rabaini.it\/de\/nabucco-jkt-blau\/#primaryimage"},"thumbnailUrl":"https:\/\/www.rabaini.it\/wp-content\/uploads\/2026\/04\/2.1.jpg","datePublished":"2026-04-21T15:46:15+00:00","dateModified":"2026-04-23T16:40:18+00:00","breadcrumb":{"@id":"https:\/\/www.rabaini.it\/de\/nabucco-jkt-blau\/#breadcrumb"},"inLanguage":"de","potentialAction":[{"@type":"ReadAction","target":["https:\/\/www.rabaini.it\/de\/nabucco-jkt-blau\/"]}]},{"@type":"ImageObject","inLanguage":"de","@id":"https:\/\/www.rabaini.it\/de\/nabucco-jkt-blau\/#primaryimage","url":"https:\/\/www.rabaini.it\/wp-content\/uploads\/2026\/04\/2.1.jpg","contentUrl":"https:\/\/www.rabaini.it\/wp-content\/uploads\/2026\/04\/2.1.jpg","width":1500,"height":1500},{"@type":"BreadcrumbList","@id":"https:\/\/www.rabaini.it\/de\/nabucco-jkt-blau\/#breadcrumb","itemListElement":[{"@type":"ListItem","position":1,"name":"Home","item":"https:\/\/www.rabaini.it\/de\/homepage\/"},{"@type":"ListItem","position":2,"name":"Gesch\u00e4ft","item":"https:\/\/www.rabaini.it\/geschaeft\/"},{"@type":"ListItem","position":3,"name":"Herren","item":"https:\/\/www.rabaini.it\/de\/herren\/"},{"@type":"ListItem","position":4,"name":"NABUCCO JKT BLAU"}]},{"@type":"WebSite","@id":"https:\/\/www.rabaini.it\/de\/#website","url":"https:\/\/www.rabaini.it\/de\/","name":"Rabaini","description":"","potentialAction":[{"@type":"SearchAction","target":{"@type":"EntryPoint","urlTemplate":"https:\/\/www.rabaini.it\/de\/?s={search_term_string}"},"query-input":{"@type":"PropertyValueSpecification","valueRequired":true,"valueName":"search_term_string"}}],"inLanguage":"de"}]}},"_links":{"self":[{"href":"https:\/\/www.rabaini.it\/de\/wp-json\/wp\/v2\/product\/153544","targetHints":{"allow":["GET"]}}],"collection":[{"href":"https:\/\/www.rabaini.it\/de\/wp-json\/wp\/v2\/product"}],"about":[{"href":"https:\/\/www.rabaini.it\/de\/wp-json\/wp\/v2\/types\/product"}],"wp:featuredmedia":[{"embeddable":true,"href":"https:\/\/www.rabaini.it\/de\/wp-json\/wp\/v2\/media\/153039"}],"wp:attachment":[{"href":"https:\/\/www.rabaini.it\/de\/wp-json\/wp\/v2\/media?parent=153544"}],"wp:term":[{"taxonomy":"product_brand","embeddable":true,"href":"https:\/\/www.rabaini.it\/de\/wp-json\/wp\/v2\/product_brand?post=153544"},{"taxonomy":"product_cat","embeddable":true,"href":"https:\/\/www.rabaini.it\/de\/wp-json\/wp\/v2\/product_cat?post=153544"},{"taxonomy":"product_tag","embeddable":true,"href":"https:\/\/www.rabaini.it\/de\/wp-json\/wp\/v2\/product_tag?post=153544"}],"curies":[{"name":"wp","href":"https:\/\/api.w.org\/{rel}","templated":true}]}}