{"id":153532,"date":"2026-04-21T16:57:43","date_gmt":"2026-04-21T14:57:43","guid":{"rendered":"https:\/\/www.rabaini.it\/?post_type=product&#038;p=153532"},"modified":"2026-04-23T18:38:52","modified_gmt":"2026-04-23T16:38:52","slug":"montecristo-double-benzina-wendejacke-blau-und-sand","status":"publish","type":"product","link":"https:\/\/www.rabaini.it\/de\/montecristo-double-benzina-wendejacke-blau-und-sand\/","title":{"rendered":"MONTECRISTO DOUBLE BENZINA WENDEJACKE BLAU UND SAND"},"content":{"rendered":"<ul>\n<li>Artikelcode: 26014 85<\/li>\n<li>Artikel Farbe: Blau und Sand<\/li>\n<li>Ein makelloser Dialog zwischen Hightech-Innovation und essentiellem Design: Diese wendbare Bomberjacke aus Stretchgewebe mit matter Optik tr\u00e4gt das Meer in ihrer DNA, neu interpretiert in einem eleganten urbanen und zutiefst zeitgem\u00e4\u00dfen Stil<\/li>\n<li>Die leichte und atmungsaktive Konstruktion umh\u00fcllt den K\u00f6rper mit raffinierter Nat\u00fcrlichkeit<\/li>\n<li>Der gummierte Zwei-Wege-Rei\u00dfverschluss, der \u00fcber die gesamte L\u00e4nge verl\u00e4uft und den Stehkragen schlie\u00dft, pr\u00e4gt die klare \u00c4sthetik der Jacke<\/li>\n<li>Die Seitentaschen mit unsichtbaren Rei\u00dfverschl\u00fcssen unterstreichen zus\u00e4tzlich die Reinheit der Linien, w\u00e4hrend die Wendbarkeit die Einsatzm\u00f6glichkeiten erweitert<\/li>\n<li>Zusammensetzung: 86% Polyamid, 14% Elastan<\/li>\n<li>Futter: 100% Polyamid<\/li>\n<\/ul>\n","protected":false},"excerpt":{"rendered":"<p>Artikelcode: 26014 85 Artikel Farbe: Blau und Sand Ein makelloser Dialog zwischen Hightech-Innovation und essentiellem Design: Diese wendbare Bomberjacke aus Stretchgewebe mit matter Optik tr\u00e4gt das Meer in ihrer DNA, neu interpretiert in einem eleganten urbanen und zutiefst zeitgem\u00e4\u00dfen Stil Die leichte und atmungsaktive Konstruktion umh\u00fcllt den K\u00f6rper mit raffinierter Nat\u00fcrlichkeit Der gummierte Zwei-Wege-Rei\u00dfverschluss, der&hellip;<\/p>\n","protected":false},"featured_media":153027,"template":"","meta":{"_acf_changed":false},"product_brand":[],"product_cat":[1324,1325,1331,1356,1329],"product_tag":[1719],"class_list":{"0":"post-153532","1":"product","2":"type-product","3":"status-publish","4":"has-post-thumbnail","6":"product_cat-herren","7":"product_cat-herrenbekleidung","8":"product_cat-jacken-herren","9":"product_cat-neuheiten-fur-herren","10":"product_cat-oberbekleidung-herren","11":"product_tag-neuheiten","12":"marca-rrd-de","14":"first","15":"instock","16":"shipping-taxable","17":"purchasable","18":"product-type-variable"},"acf":[],"yoast_head":"<!-- This site is optimized with the Yoast SEO plugin v27.2 - https:\/\/yoast.com\/product\/yoast-seo-wordpress\/ -->\n<title>MONTECRISTO DOUBLE BENZINA WENDEJACKE BLAU UND SAND - Rabaini<\/title>\n<meta name=\"robots\" content=\"index, follow, max-snippet:-1, max-image-preview:large, max-video-preview:-1\" \/>\n<link rel=\"canonical\" href=\"https:\/\/www.rabaini.it\/de\/montecristo-double-benzina-wendejacke-blau-und-sand\/\" \/>\n<meta property=\"og:locale\" content=\"de_DE\" \/>\n<meta property=\"og:type\" content=\"article\" \/>\n<meta property=\"og:title\" content=\"MONTECRISTO DOUBLE BENZINA WENDEJACKE BLAU UND SAND - Rabaini\" \/>\n<meta property=\"og:description\" content=\"Artikelcode: 26014 85 Artikel Farbe: Blau und Sand Ein makelloser Dialog zwischen Hightech-Innovation und essentiellem Design: Diese wendbare Bomberjacke aus Stretchgewebe mit matter Optik tr\u00e4gt das Meer in ihrer DNA, neu interpretiert in einem eleganten urbanen und zutiefst zeitgem\u00e4\u00dfen Stil Die leichte und atmungsaktive Konstruktion umh\u00fcllt den K\u00f6rper mit raffinierter Nat\u00fcrlichkeit Der gummierte Zwei-Wege-Rei\u00dfverschluss, der&hellip;\" \/>\n<meta property=\"og:url\" content=\"https:\/\/www.rabaini.it\/de\/montecristo-double-benzina-wendejacke-blau-und-sand\/\" \/>\n<meta property=\"og:site_name\" content=\"Rabaini\" \/>\n<meta property=\"article:modified_time\" content=\"2026-04-23T16:38:52+00:00\" \/>\n<meta property=\"og:image\" content=\"https:\/\/www.rabaini.it\/wp-content\/uploads\/2026\/04\/1.1.jpg\" \/>\n\t<meta property=\"og:image:width\" content=\"1500\" \/>\n\t<meta property=\"og:image:height\" content=\"1500\" \/>\n\t<meta property=\"og:image:type\" content=\"image\/jpeg\" \/>\n<meta name=\"twitter:card\" content=\"summary_large_image\" \/>\n<meta name=\"twitter:label1\" content=\"Gesch\u00e4tzte Lesezeit\" \/>\n\t<meta name=\"twitter:data1\" content=\"1\u00a0Minute\" \/>\n<script type=\"application\/ld+json\" class=\"yoast-schema-graph\">{\"@context\":\"https:\/\/schema.org\",\"@graph\":[{\"@type\":\"WebPage\",\"@id\":\"https:\/\/www.rabaini.it\/de\/montecristo-double-benzina-wendejacke-blau-und-sand\/\",\"url\":\"https:\/\/www.rabaini.it\/de\/montecristo-double-benzina-wendejacke-blau-und-sand\/\",\"name\":\"MONTECRISTO DOUBLE BENZINA WENDEJACKE BLAU UND SAND - Rabaini\",\"isPartOf\":{\"@id\":\"https:\/\/www.rabaini.it\/de\/#website\"},\"primaryImageOfPage\":{\"@id\":\"https:\/\/www.rabaini.it\/de\/montecristo-double-benzina-wendejacke-blau-und-sand\/#primaryimage\"},\"image\":{\"@id\":\"https:\/\/www.rabaini.it\/de\/montecristo-double-benzina-wendejacke-blau-und-sand\/#primaryimage\"},\"thumbnailUrl\":\"https:\/\/www.rabaini.it\/wp-content\/uploads\/2026\/04\/1.1.jpg\",\"datePublished\":\"2026-04-21T14:57:43+00:00\",\"dateModified\":\"2026-04-23T16:38:52+00:00\",\"breadcrumb\":{\"@id\":\"https:\/\/www.rabaini.it\/de\/montecristo-double-benzina-wendejacke-blau-und-sand\/#breadcrumb\"},\"inLanguage\":\"de\",\"potentialAction\":[{\"@type\":\"ReadAction\",\"target\":[\"https:\/\/www.rabaini.it\/de\/montecristo-double-benzina-wendejacke-blau-und-sand\/\"]}]},{\"@type\":\"ImageObject\",\"inLanguage\":\"de\",\"@id\":\"https:\/\/www.rabaini.it\/de\/montecristo-double-benzina-wendejacke-blau-und-sand\/#primaryimage\",\"url\":\"https:\/\/www.rabaini.it\/wp-content\/uploads\/2026\/04\/1.1.jpg\",\"contentUrl\":\"https:\/\/www.rabaini.it\/wp-content\/uploads\/2026\/04\/1.1.jpg\",\"width\":1500,\"height\":1500},{\"@type\":\"BreadcrumbList\",\"@id\":\"https:\/\/www.rabaini.it\/de\/montecristo-double-benzina-wendejacke-blau-und-sand\/#breadcrumb\",\"itemListElement\":[{\"@type\":\"ListItem\",\"position\":1,\"name\":\"Home\",\"item\":\"https:\/\/www.rabaini.it\/de\/homepage\/\"},{\"@type\":\"ListItem\",\"position\":2,\"name\":\"Gesch\u00e4ft\",\"item\":\"https:\/\/www.rabaini.it\/geschaeft\/\"},{\"@type\":\"ListItem\",\"position\":3,\"name\":\"Herren\",\"item\":\"https:\/\/www.rabaini.it\/de\/herren\/\"},{\"@type\":\"ListItem\",\"position\":4,\"name\":\"MONTECRISTO DOUBLE BENZINA WENDEJACKE BLAU UND SAND\"}]},{\"@type\":\"WebSite\",\"@id\":\"https:\/\/www.rabaini.it\/de\/#website\",\"url\":\"https:\/\/www.rabaini.it\/de\/\",\"name\":\"Rabaini\",\"description\":\"\",\"potentialAction\":[{\"@type\":\"SearchAction\",\"target\":{\"@type\":\"EntryPoint\",\"urlTemplate\":\"https:\/\/www.rabaini.it\/de\/?s={search_term_string}\"},\"query-input\":{\"@type\":\"PropertyValueSpecification\",\"valueRequired\":true,\"valueName\":\"search_term_string\"}}],\"inLanguage\":\"de\"}]}<\/script>\n<!-- \/ Yoast SEO plugin. -->","yoast_head_json":{"title":"MONTECRISTO DOUBLE BENZINA WENDEJACKE BLAU UND SAND - Rabaini","robots":{"index":"index","follow":"follow","max-snippet":"max-snippet:-1","max-image-preview":"max-image-preview:large","max-video-preview":"max-video-preview:-1"},"canonical":"https:\/\/www.rabaini.it\/de\/montecristo-double-benzina-wendejacke-blau-und-sand\/","og_locale":"de_DE","og_type":"article","og_title":"MONTECRISTO DOUBLE BENZINA WENDEJACKE BLAU UND SAND - Rabaini","og_description":"Artikelcode: 26014 85 Artikel Farbe: Blau und Sand Ein makelloser Dialog zwischen Hightech-Innovation und essentiellem Design: Diese wendbare Bomberjacke aus Stretchgewebe mit matter Optik tr\u00e4gt das Meer in ihrer DNA, neu interpretiert in einem eleganten urbanen und zutiefst zeitgem\u00e4\u00dfen Stil Die leichte und atmungsaktive Konstruktion umh\u00fcllt den K\u00f6rper mit raffinierter Nat\u00fcrlichkeit Der gummierte Zwei-Wege-Rei\u00dfverschluss, der&hellip;","og_url":"https:\/\/www.rabaini.it\/de\/montecristo-double-benzina-wendejacke-blau-und-sand\/","og_site_name":"Rabaini","article_modified_time":"2026-04-23T16:38:52+00:00","og_image":[{"width":1500,"height":1500,"url":"https:\/\/www.rabaini.it\/wp-content\/uploads\/2026\/04\/1.1.jpg","type":"image\/jpeg"}],"twitter_card":"summary_large_image","twitter_misc":{"Gesch\u00e4tzte Lesezeit":"1\u00a0Minute"},"schema":{"@context":"https:\/\/schema.org","@graph":[{"@type":"WebPage","@id":"https:\/\/www.rabaini.it\/de\/montecristo-double-benzina-wendejacke-blau-und-sand\/","url":"https:\/\/www.rabaini.it\/de\/montecristo-double-benzina-wendejacke-blau-und-sand\/","name":"MONTECRISTO DOUBLE BENZINA WENDEJACKE BLAU UND SAND - Rabaini","isPartOf":{"@id":"https:\/\/www.rabaini.it\/de\/#website"},"primaryImageOfPage":{"@id":"https:\/\/www.rabaini.it\/de\/montecristo-double-benzina-wendejacke-blau-und-sand\/#primaryimage"},"image":{"@id":"https:\/\/www.rabaini.it\/de\/montecristo-double-benzina-wendejacke-blau-und-sand\/#primaryimage"},"thumbnailUrl":"https:\/\/www.rabaini.it\/wp-content\/uploads\/2026\/04\/1.1.jpg","datePublished":"2026-04-21T14:57:43+00:00","dateModified":"2026-04-23T16:38:52+00:00","breadcrumb":{"@id":"https:\/\/www.rabaini.it\/de\/montecristo-double-benzina-wendejacke-blau-und-sand\/#breadcrumb"},"inLanguage":"de","potentialAction":[{"@type":"ReadAction","target":["https:\/\/www.rabaini.it\/de\/montecristo-double-benzina-wendejacke-blau-und-sand\/"]}]},{"@type":"ImageObject","inLanguage":"de","@id":"https:\/\/www.rabaini.it\/de\/montecristo-double-benzina-wendejacke-blau-und-sand\/#primaryimage","url":"https:\/\/www.rabaini.it\/wp-content\/uploads\/2026\/04\/1.1.jpg","contentUrl":"https:\/\/www.rabaini.it\/wp-content\/uploads\/2026\/04\/1.1.jpg","width":1500,"height":1500},{"@type":"BreadcrumbList","@id":"https:\/\/www.rabaini.it\/de\/montecristo-double-benzina-wendejacke-blau-und-sand\/#breadcrumb","itemListElement":[{"@type":"ListItem","position":1,"name":"Home","item":"https:\/\/www.rabaini.it\/de\/homepage\/"},{"@type":"ListItem","position":2,"name":"Gesch\u00e4ft","item":"https:\/\/www.rabaini.it\/geschaeft\/"},{"@type":"ListItem","position":3,"name":"Herren","item":"https:\/\/www.rabaini.it\/de\/herren\/"},{"@type":"ListItem","position":4,"name":"MONTECRISTO DOUBLE BENZINA WENDEJACKE BLAU UND SAND"}]},{"@type":"WebSite","@id":"https:\/\/www.rabaini.it\/de\/#website","url":"https:\/\/www.rabaini.it\/de\/","name":"Rabaini","description":"","potentialAction":[{"@type":"SearchAction","target":{"@type":"EntryPoint","urlTemplate":"https:\/\/www.rabaini.it\/de\/?s={search_term_string}"},"query-input":{"@type":"PropertyValueSpecification","valueRequired":true,"valueName":"search_term_string"}}],"inLanguage":"de"}]}},"_links":{"self":[{"href":"https:\/\/www.rabaini.it\/de\/wp-json\/wp\/v2\/product\/153532","targetHints":{"allow":["GET"]}}],"collection":[{"href":"https:\/\/www.rabaini.it\/de\/wp-json\/wp\/v2\/product"}],"about":[{"href":"https:\/\/www.rabaini.it\/de\/wp-json\/wp\/v2\/types\/product"}],"wp:featuredmedia":[{"embeddable":true,"href":"https:\/\/www.rabaini.it\/de\/wp-json\/wp\/v2\/media\/153027"}],"wp:attachment":[{"href":"https:\/\/www.rabaini.it\/de\/wp-json\/wp\/v2\/media?parent=153532"}],"wp:term":[{"taxonomy":"product_brand","embeddable":true,"href":"https:\/\/www.rabaini.it\/de\/wp-json\/wp\/v2\/product_brand?post=153532"},{"taxonomy":"product_cat","embeddable":true,"href":"https:\/\/www.rabaini.it\/de\/wp-json\/wp\/v2\/product_cat?post=153532"},{"taxonomy":"product_tag","embeddable":true,"href":"https:\/\/www.rabaini.it\/de\/wp-json\/wp\/v2\/product_tag?post=153532"}],"curies":[{"name":"wp","href":"https:\/\/api.w.org\/{rel}","templated":true}]}}