{"id":152977,"date":"2026-04-10T18:14:24","date_gmt":"2026-04-10T16:14:24","guid":{"rendered":"https:\/\/www.rabaini.it\/?post_type=product&#038;p=152977"},"modified":"2026-04-14T00:45:58","modified_gmt":"2026-04-13T22:45:58","slug":"wave-herren-sneaker-aus-militargrunem-veloursleder-und-gewebe","status":"publish","type":"product","link":"https:\/\/www.rabaini.it\/de\/wave-herren-sneaker-aus-militargrunem-veloursleder-und-gewebe\/","title":{"rendered":"WAVE HERREN SNEAKER AUS MILIT\u00c4RGR\u00dcNEM VELOURSLEDER UND GEWEBE"},"content":{"rendered":"<ul>\n<li>Artikelcode: 2F06<\/li>\n<li>Artikel Farbe: Multicolor<\/li>\n<li>Sneaker aus Veloursleder und Gewebe mit ikonischen \u00d6sen<\/li>\n<li>Schn\u00fcrverschluss, Kork-Innensohle<\/li>\n<li>Sneaker mit Obermaterial aus Veloursleder und Gewebe, das dem Modell einen einzigartigen Look verleiht und Eleganz mit Funktionalit\u00e4t verbindet<\/li>\n<li>Ikonische Details wie die geformten \u00d6sen runden den Look ab, w\u00e4hrend der Schn\u00fcrverschluss f\u00fcr eine perfekte Passform sorgt<\/li>\n<li>Das Innenfutter besteht aus Leder und Stoff f\u00fcr h\u00f6chsten Komfort, erg\u00e4nzt durch eine Kork-Innensohle, die Wohlbefinden bei jedem Schritt garantiert<\/li>\n<\/ul>\n","protected":false},"excerpt":{"rendered":"<p>Artikelcode: 2F06 Artikel Farbe: Multicolor Sneaker aus Veloursleder und Gewebe mit ikonischen \u00d6sen Schn\u00fcrverschluss, Kork-Innensohle Sneaker mit Obermaterial aus Veloursleder und Gewebe, das dem Modell einen einzigartigen Look verleiht und Eleganz mit Funktionalit\u00e4t verbindet Ikonische Details wie die geformten \u00d6sen runden den Look ab, w\u00e4hrend der Schn\u00fcrverschluss f\u00fcr eine perfekte Passform sorgt Das Innenfutter besteht&hellip;<\/p>\n","protected":false},"featured_media":151085,"template":"","meta":{"_acf_changed":false},"product_brand":[],"product_cat":[1324,1358,1356,1361],"product_tag":[1719],"class_list":{"0":"post-152977","1":"product","2":"type-product","3":"status-publish","4":"has-post-thumbnail","6":"product_cat-herren","7":"product_cat-herrenschuhe","8":"product_cat-neuheiten-fur-herren","9":"product_cat-turnschuhe-herren","10":"product_tag-neuheiten","11":"marca-flower-mountain-de","13":"first","14":"instock","15":"shipping-taxable","16":"purchasable","17":"product-type-variable"},"acf":[],"yoast_head":"<!-- This site is optimized with the Yoast SEO plugin v27.2 - https:\/\/yoast.com\/product\/yoast-seo-wordpress\/ -->\n<title>WAVE HERREN SNEAKER AUS MILIT\u00c4RGR\u00dcNEM VELOURSLEDER UND GEWEBE - Rabaini<\/title>\n<meta name=\"robots\" content=\"index, follow, max-snippet:-1, max-image-preview:large, max-video-preview:-1\" \/>\n<link rel=\"canonical\" href=\"https:\/\/www.rabaini.it\/de\/wave-herren-sneaker-aus-militargrunem-veloursleder-und-gewebe\/\" \/>\n<meta property=\"og:locale\" content=\"de_DE\" \/>\n<meta property=\"og:type\" content=\"article\" \/>\n<meta property=\"og:title\" content=\"WAVE HERREN SNEAKER AUS MILIT\u00c4RGR\u00dcNEM VELOURSLEDER UND GEWEBE - Rabaini\" \/>\n<meta property=\"og:description\" content=\"Artikelcode: 2F06 Artikel Farbe: Multicolor Sneaker aus Veloursleder und Gewebe mit ikonischen \u00d6sen Schn\u00fcrverschluss, Kork-Innensohle Sneaker mit Obermaterial aus Veloursleder und Gewebe, das dem Modell einen einzigartigen Look verleiht und Eleganz mit Funktionalit\u00e4t verbindet Ikonische Details wie die geformten \u00d6sen runden den Look ab, w\u00e4hrend der Schn\u00fcrverschluss f\u00fcr eine perfekte Passform sorgt Das Innenfutter besteht&hellip;\" \/>\n<meta property=\"og:url\" content=\"https:\/\/www.rabaini.it\/de\/wave-herren-sneaker-aus-militargrunem-veloursleder-und-gewebe\/\" \/>\n<meta property=\"og:site_name\" content=\"Rabaini\" \/>\n<meta property=\"article:modified_time\" content=\"2026-04-13T22:45:58+00:00\" \/>\n<meta property=\"og:image\" content=\"https:\/\/www.rabaini.it\/wp-content\/uploads\/2026\/04\/DSC_1878.jpg\" \/>\n\t<meta property=\"og:image:width\" content=\"1500\" \/>\n\t<meta property=\"og:image:height\" content=\"1500\" \/>\n\t<meta property=\"og:image:type\" content=\"image\/jpeg\" \/>\n<meta name=\"twitter:card\" content=\"summary_large_image\" \/>\n<script type=\"application\/ld+json\" class=\"yoast-schema-graph\">{\"@context\":\"https:\/\/schema.org\",\"@graph\":[{\"@type\":\"WebPage\",\"@id\":\"https:\/\/www.rabaini.it\/de\/wave-herren-sneaker-aus-militargrunem-veloursleder-und-gewebe\/\",\"url\":\"https:\/\/www.rabaini.it\/de\/wave-herren-sneaker-aus-militargrunem-veloursleder-und-gewebe\/\",\"name\":\"WAVE HERREN SNEAKER AUS MILIT\u00c4RGR\u00dcNEM VELOURSLEDER UND GEWEBE - Rabaini\",\"isPartOf\":{\"@id\":\"https:\/\/www.rabaini.it\/de\/#website\"},\"primaryImageOfPage\":{\"@id\":\"https:\/\/www.rabaini.it\/de\/wave-herren-sneaker-aus-militargrunem-veloursleder-und-gewebe\/#primaryimage\"},\"image\":{\"@id\":\"https:\/\/www.rabaini.it\/de\/wave-herren-sneaker-aus-militargrunem-veloursleder-und-gewebe\/#primaryimage\"},\"thumbnailUrl\":\"https:\/\/www.rabaini.it\/wp-content\/uploads\/2026\/04\/DSC_1878.jpg\",\"datePublished\":\"2026-04-10T16:14:24+00:00\",\"dateModified\":\"2026-04-13T22:45:58+00:00\",\"breadcrumb\":{\"@id\":\"https:\/\/www.rabaini.it\/de\/wave-herren-sneaker-aus-militargrunem-veloursleder-und-gewebe\/#breadcrumb\"},\"inLanguage\":\"de\",\"potentialAction\":[{\"@type\":\"ReadAction\",\"target\":[\"https:\/\/www.rabaini.it\/de\/wave-herren-sneaker-aus-militargrunem-veloursleder-und-gewebe\/\"]}]},{\"@type\":\"ImageObject\",\"inLanguage\":\"de\",\"@id\":\"https:\/\/www.rabaini.it\/de\/wave-herren-sneaker-aus-militargrunem-veloursleder-und-gewebe\/#primaryimage\",\"url\":\"https:\/\/www.rabaini.it\/wp-content\/uploads\/2026\/04\/DSC_1878.jpg\",\"contentUrl\":\"https:\/\/www.rabaini.it\/wp-content\/uploads\/2026\/04\/DSC_1878.jpg\",\"width\":1500,\"height\":1500},{\"@type\":\"BreadcrumbList\",\"@id\":\"https:\/\/www.rabaini.it\/de\/wave-herren-sneaker-aus-militargrunem-veloursleder-und-gewebe\/#breadcrumb\",\"itemListElement\":[{\"@type\":\"ListItem\",\"position\":1,\"name\":\"Home\",\"item\":\"https:\/\/www.rabaini.it\/de\/homepage\/\"},{\"@type\":\"ListItem\",\"position\":2,\"name\":\"Gesch\u00e4ft\",\"item\":\"https:\/\/www.rabaini.it\/geschaeft\/\"},{\"@type\":\"ListItem\",\"position\":3,\"name\":\"Herren\",\"item\":\"https:\/\/www.rabaini.it\/de\/herren\/\"},{\"@type\":\"ListItem\",\"position\":4,\"name\":\"WAVE HERREN SNEAKER AUS MILIT\u00c4RGR\u00dcNEM VELOURSLEDER UND GEWEBE\"}]},{\"@type\":\"WebSite\",\"@id\":\"https:\/\/www.rabaini.it\/de\/#website\",\"url\":\"https:\/\/www.rabaini.it\/de\/\",\"name\":\"Rabaini\",\"description\":\"\",\"potentialAction\":[{\"@type\":\"SearchAction\",\"target\":{\"@type\":\"EntryPoint\",\"urlTemplate\":\"https:\/\/www.rabaini.it\/de\/?s={search_term_string}\"},\"query-input\":{\"@type\":\"PropertyValueSpecification\",\"valueRequired\":true,\"valueName\":\"search_term_string\"}}],\"inLanguage\":\"de\"}]}<\/script>\n<!-- \/ Yoast SEO plugin. -->","yoast_head_json":{"title":"WAVE HERREN SNEAKER AUS MILIT\u00c4RGR\u00dcNEM VELOURSLEDER UND GEWEBE - Rabaini","robots":{"index":"index","follow":"follow","max-snippet":"max-snippet:-1","max-image-preview":"max-image-preview:large","max-video-preview":"max-video-preview:-1"},"canonical":"https:\/\/www.rabaini.it\/de\/wave-herren-sneaker-aus-militargrunem-veloursleder-und-gewebe\/","og_locale":"de_DE","og_type":"article","og_title":"WAVE HERREN SNEAKER AUS MILIT\u00c4RGR\u00dcNEM VELOURSLEDER UND GEWEBE - Rabaini","og_description":"Artikelcode: 2F06 Artikel Farbe: Multicolor Sneaker aus Veloursleder und Gewebe mit ikonischen \u00d6sen Schn\u00fcrverschluss, Kork-Innensohle Sneaker mit Obermaterial aus Veloursleder und Gewebe, das dem Modell einen einzigartigen Look verleiht und Eleganz mit Funktionalit\u00e4t verbindet Ikonische Details wie die geformten \u00d6sen runden den Look ab, w\u00e4hrend der Schn\u00fcrverschluss f\u00fcr eine perfekte Passform sorgt Das Innenfutter besteht&hellip;","og_url":"https:\/\/www.rabaini.it\/de\/wave-herren-sneaker-aus-militargrunem-veloursleder-und-gewebe\/","og_site_name":"Rabaini","article_modified_time":"2026-04-13T22:45:58+00:00","og_image":[{"width":1500,"height":1500,"url":"https:\/\/www.rabaini.it\/wp-content\/uploads\/2026\/04\/DSC_1878.jpg","type":"image\/jpeg"}],"twitter_card":"summary_large_image","schema":{"@context":"https:\/\/schema.org","@graph":[{"@type":"WebPage","@id":"https:\/\/www.rabaini.it\/de\/wave-herren-sneaker-aus-militargrunem-veloursleder-und-gewebe\/","url":"https:\/\/www.rabaini.it\/de\/wave-herren-sneaker-aus-militargrunem-veloursleder-und-gewebe\/","name":"WAVE HERREN SNEAKER AUS MILIT\u00c4RGR\u00dcNEM VELOURSLEDER UND GEWEBE - Rabaini","isPartOf":{"@id":"https:\/\/www.rabaini.it\/de\/#website"},"primaryImageOfPage":{"@id":"https:\/\/www.rabaini.it\/de\/wave-herren-sneaker-aus-militargrunem-veloursleder-und-gewebe\/#primaryimage"},"image":{"@id":"https:\/\/www.rabaini.it\/de\/wave-herren-sneaker-aus-militargrunem-veloursleder-und-gewebe\/#primaryimage"},"thumbnailUrl":"https:\/\/www.rabaini.it\/wp-content\/uploads\/2026\/04\/DSC_1878.jpg","datePublished":"2026-04-10T16:14:24+00:00","dateModified":"2026-04-13T22:45:58+00:00","breadcrumb":{"@id":"https:\/\/www.rabaini.it\/de\/wave-herren-sneaker-aus-militargrunem-veloursleder-und-gewebe\/#breadcrumb"},"inLanguage":"de","potentialAction":[{"@type":"ReadAction","target":["https:\/\/www.rabaini.it\/de\/wave-herren-sneaker-aus-militargrunem-veloursleder-und-gewebe\/"]}]},{"@type":"ImageObject","inLanguage":"de","@id":"https:\/\/www.rabaini.it\/de\/wave-herren-sneaker-aus-militargrunem-veloursleder-und-gewebe\/#primaryimage","url":"https:\/\/www.rabaini.it\/wp-content\/uploads\/2026\/04\/DSC_1878.jpg","contentUrl":"https:\/\/www.rabaini.it\/wp-content\/uploads\/2026\/04\/DSC_1878.jpg","width":1500,"height":1500},{"@type":"BreadcrumbList","@id":"https:\/\/www.rabaini.it\/de\/wave-herren-sneaker-aus-militargrunem-veloursleder-und-gewebe\/#breadcrumb","itemListElement":[{"@type":"ListItem","position":1,"name":"Home","item":"https:\/\/www.rabaini.it\/de\/homepage\/"},{"@type":"ListItem","position":2,"name":"Gesch\u00e4ft","item":"https:\/\/www.rabaini.it\/geschaeft\/"},{"@type":"ListItem","position":3,"name":"Herren","item":"https:\/\/www.rabaini.it\/de\/herren\/"},{"@type":"ListItem","position":4,"name":"WAVE HERREN SNEAKER AUS MILIT\u00c4RGR\u00dcNEM VELOURSLEDER UND GEWEBE"}]},{"@type":"WebSite","@id":"https:\/\/www.rabaini.it\/de\/#website","url":"https:\/\/www.rabaini.it\/de\/","name":"Rabaini","description":"","potentialAction":[{"@type":"SearchAction","target":{"@type":"EntryPoint","urlTemplate":"https:\/\/www.rabaini.it\/de\/?s={search_term_string}"},"query-input":{"@type":"PropertyValueSpecification","valueRequired":true,"valueName":"search_term_string"}}],"inLanguage":"de"}]}},"_links":{"self":[{"href":"https:\/\/www.rabaini.it\/de\/wp-json\/wp\/v2\/product\/152977","targetHints":{"allow":["GET"]}}],"collection":[{"href":"https:\/\/www.rabaini.it\/de\/wp-json\/wp\/v2\/product"}],"about":[{"href":"https:\/\/www.rabaini.it\/de\/wp-json\/wp\/v2\/types\/product"}],"wp:featuredmedia":[{"embeddable":true,"href":"https:\/\/www.rabaini.it\/de\/wp-json\/wp\/v2\/media\/151085"}],"wp:attachment":[{"href":"https:\/\/www.rabaini.it\/de\/wp-json\/wp\/v2\/media?parent=152977"}],"wp:term":[{"taxonomy":"product_brand","embeddable":true,"href":"https:\/\/www.rabaini.it\/de\/wp-json\/wp\/v2\/product_brand?post=152977"},{"taxonomy":"product_cat","embeddable":true,"href":"https:\/\/www.rabaini.it\/de\/wp-json\/wp\/v2\/product_cat?post=152977"},{"taxonomy":"product_tag","embeddable":true,"href":"https:\/\/www.rabaini.it\/de\/wp-json\/wp\/v2\/product_tag?post=152977"}],"curies":[{"name":"wp","href":"https:\/\/api.w.org\/{rel}","templated":true}]}}