{"id":152959,"date":"2026-04-10T18:10:56","date_gmt":"2026-04-10T16:10:56","guid":{"rendered":"https:\/\/www.rabaini.it\/?post_type=product&#038;p=152959"},"modified":"2026-04-14T00:44:52","modified_gmt":"2026-04-13T22:44:52","slug":"yamano-3-herren-sneaker-aus-hellblauem-und-grauem-veloursleder-und-technischem-gewebe","status":"publish","type":"product","link":"https:\/\/www.rabaini.it\/de\/yamano-3-herren-sneaker-aus-hellblauem-und-grauem-veloursleder-und-technischem-gewebe\/","title":{"rendered":"YAMANO 3 HERREN SNEAKER AUS HELLBLAUEM UND GRAUEM VELOURSLEDER UND TECHNISCHEM GEWEBE"},"content":{"rendered":"<ul>\n<li>Artikelcode: 2B12<\/li>\n<li>Artikel Farbe: Multicolor<\/li>\n<li>Sportlicher Sneaker mit Obermaterial aus Leder und technischem Gewebe, Schn\u00fcrsenkeln und Kork-Innensohle<\/li>\n<li>Ideal f\u00fcr t\u00e4glichen Komfort<\/li>\n<li>Dieser sportliche Sneaker kombiniert Komfort und Design dank eines Obermaterials aus Leder und technischem Gewebe, das den Fu\u00df umschlie\u00dft<\/li>\n<li>Details zeigen sich in den ikonischen blumenf\u00f6rmigen \u00d6sen<\/li>\n<li>Der Verschluss erfolgt mit Schn\u00fcrsenkeln f\u00fcr eine praktische und sichere Passform<\/li>\n<li>Im Inneren besteht das Futter aus einer Mischung aus Leder und Stoff, w\u00e4hrend die Kork-Innensohle maximalen Komfort gew\u00e4hrleistet<\/li>\n<\/ul>\n","protected":false},"excerpt":{"rendered":"<p>Artikelcode: 2B12 Artikel Farbe: Multicolor Sportlicher Sneaker mit Obermaterial aus Leder und technischem Gewebe, Schn\u00fcrsenkeln und Kork-Innensohle Ideal f\u00fcr t\u00e4glichen Komfort Dieser sportliche Sneaker kombiniert Komfort und Design dank eines Obermaterials aus Leder und technischem Gewebe, das den Fu\u00df umschlie\u00dft Details zeigen sich in den ikonischen blumenf\u00f6rmigen \u00d6sen Der Verschluss erfolgt mit Schn\u00fcrsenkeln f\u00fcr eine&hellip;<\/p>\n","protected":false},"featured_media":151076,"template":"","meta":{"_acf_changed":false},"product_brand":[],"product_cat":[1324,1358,1356,1361],"product_tag":[1719],"class_list":{"0":"post-152959","1":"product","2":"type-product","3":"status-publish","4":"has-post-thumbnail","6":"product_cat-herren","7":"product_cat-herrenschuhe","8":"product_cat-neuheiten-fur-herren","9":"product_cat-turnschuhe-herren","10":"product_tag-neuheiten","11":"marca-flower-mountain-de","13":"first","14":"instock","15":"shipping-taxable","16":"purchasable","17":"product-type-variable"},"acf":[],"yoast_head":"<!-- This site is optimized with the Yoast SEO plugin v27.2 - https:\/\/yoast.com\/product\/yoast-seo-wordpress\/ -->\n<title>YAMANO 3 HERREN SNEAKER AUS HELLBLAUEM UND GRAUEM VELOURSLEDER UND TECHNISCHEM GEWEBE - Rabaini<\/title>\n<meta name=\"robots\" content=\"index, follow, max-snippet:-1, max-image-preview:large, max-video-preview:-1\" \/>\n<link rel=\"canonical\" href=\"https:\/\/www.rabaini.it\/de\/yamano-3-herren-sneaker-aus-hellblauem-und-grauem-veloursleder-und-technischem-gewebe\/\" \/>\n<meta property=\"og:locale\" content=\"de_DE\" \/>\n<meta property=\"og:type\" content=\"article\" \/>\n<meta property=\"og:title\" content=\"YAMANO 3 HERREN SNEAKER AUS HELLBLAUEM UND GRAUEM VELOURSLEDER UND TECHNISCHEM GEWEBE - Rabaini\" \/>\n<meta property=\"og:description\" content=\"Artikelcode: 2B12 Artikel Farbe: Multicolor Sportlicher Sneaker mit Obermaterial aus Leder und technischem Gewebe, Schn\u00fcrsenkeln und Kork-Innensohle Ideal f\u00fcr t\u00e4glichen Komfort Dieser sportliche Sneaker kombiniert Komfort und Design dank eines Obermaterials aus Leder und technischem Gewebe, das den Fu\u00df umschlie\u00dft Details zeigen sich in den ikonischen blumenf\u00f6rmigen \u00d6sen Der Verschluss erfolgt mit Schn\u00fcrsenkeln f\u00fcr eine&hellip;\" \/>\n<meta property=\"og:url\" content=\"https:\/\/www.rabaini.it\/de\/yamano-3-herren-sneaker-aus-hellblauem-und-grauem-veloursleder-und-technischem-gewebe\/\" \/>\n<meta property=\"og:site_name\" content=\"Rabaini\" \/>\n<meta property=\"article:modified_time\" content=\"2026-04-13T22:44:52+00:00\" \/>\n<meta property=\"og:image\" content=\"https:\/\/www.rabaini.it\/wp-content\/uploads\/2026\/04\/DSC_1875.jpg\" \/>\n\t<meta property=\"og:image:width\" content=\"1500\" \/>\n\t<meta property=\"og:image:height\" content=\"1500\" \/>\n\t<meta property=\"og:image:type\" content=\"image\/jpeg\" \/>\n<meta name=\"twitter:card\" content=\"summary_large_image\" \/>\n<script type=\"application\/ld+json\" class=\"yoast-schema-graph\">{\"@context\":\"https:\/\/schema.org\",\"@graph\":[{\"@type\":\"WebPage\",\"@id\":\"https:\/\/www.rabaini.it\/de\/yamano-3-herren-sneaker-aus-hellblauem-und-grauem-veloursleder-und-technischem-gewebe\/\",\"url\":\"https:\/\/www.rabaini.it\/de\/yamano-3-herren-sneaker-aus-hellblauem-und-grauem-veloursleder-und-technischem-gewebe\/\",\"name\":\"YAMANO 3 HERREN SNEAKER AUS HELLBLAUEM UND GRAUEM VELOURSLEDER UND TECHNISCHEM GEWEBE - Rabaini\",\"isPartOf\":{\"@id\":\"https:\/\/www.rabaini.it\/de\/#website\"},\"primaryImageOfPage\":{\"@id\":\"https:\/\/www.rabaini.it\/de\/yamano-3-herren-sneaker-aus-hellblauem-und-grauem-veloursleder-und-technischem-gewebe\/#primaryimage\"},\"image\":{\"@id\":\"https:\/\/www.rabaini.it\/de\/yamano-3-herren-sneaker-aus-hellblauem-und-grauem-veloursleder-und-technischem-gewebe\/#primaryimage\"},\"thumbnailUrl\":\"https:\/\/www.rabaini.it\/wp-content\/uploads\/2026\/04\/DSC_1875.jpg\",\"datePublished\":\"2026-04-10T16:10:56+00:00\",\"dateModified\":\"2026-04-13T22:44:52+00:00\",\"breadcrumb\":{\"@id\":\"https:\/\/www.rabaini.it\/de\/yamano-3-herren-sneaker-aus-hellblauem-und-grauem-veloursleder-und-technischem-gewebe\/#breadcrumb\"},\"inLanguage\":\"de\",\"potentialAction\":[{\"@type\":\"ReadAction\",\"target\":[\"https:\/\/www.rabaini.it\/de\/yamano-3-herren-sneaker-aus-hellblauem-und-grauem-veloursleder-und-technischem-gewebe\/\"]}]},{\"@type\":\"ImageObject\",\"inLanguage\":\"de\",\"@id\":\"https:\/\/www.rabaini.it\/de\/yamano-3-herren-sneaker-aus-hellblauem-und-grauem-veloursleder-und-technischem-gewebe\/#primaryimage\",\"url\":\"https:\/\/www.rabaini.it\/wp-content\/uploads\/2026\/04\/DSC_1875.jpg\",\"contentUrl\":\"https:\/\/www.rabaini.it\/wp-content\/uploads\/2026\/04\/DSC_1875.jpg\",\"width\":1500,\"height\":1500},{\"@type\":\"BreadcrumbList\",\"@id\":\"https:\/\/www.rabaini.it\/de\/yamano-3-herren-sneaker-aus-hellblauem-und-grauem-veloursleder-und-technischem-gewebe\/#breadcrumb\",\"itemListElement\":[{\"@type\":\"ListItem\",\"position\":1,\"name\":\"Home\",\"item\":\"https:\/\/www.rabaini.it\/de\/homepage\/\"},{\"@type\":\"ListItem\",\"position\":2,\"name\":\"Gesch\u00e4ft\",\"item\":\"https:\/\/www.rabaini.it\/geschaeft\/\"},{\"@type\":\"ListItem\",\"position\":3,\"name\":\"Herren\",\"item\":\"https:\/\/www.rabaini.it\/de\/herren\/\"},{\"@type\":\"ListItem\",\"position\":4,\"name\":\"YAMANO 3 HERREN SNEAKER AUS HELLBLAUEM UND GRAUEM VELOURSLEDER UND TECHNISCHEM GEWEBE\"}]},{\"@type\":\"WebSite\",\"@id\":\"https:\/\/www.rabaini.it\/de\/#website\",\"url\":\"https:\/\/www.rabaini.it\/de\/\",\"name\":\"Rabaini\",\"description\":\"\",\"potentialAction\":[{\"@type\":\"SearchAction\",\"target\":{\"@type\":\"EntryPoint\",\"urlTemplate\":\"https:\/\/www.rabaini.it\/de\/?s={search_term_string}\"},\"query-input\":{\"@type\":\"PropertyValueSpecification\",\"valueRequired\":true,\"valueName\":\"search_term_string\"}}],\"inLanguage\":\"de\"}]}<\/script>\n<!-- \/ Yoast SEO plugin. -->","yoast_head_json":{"title":"YAMANO 3 HERREN SNEAKER AUS HELLBLAUEM UND GRAUEM VELOURSLEDER UND TECHNISCHEM GEWEBE - Rabaini","robots":{"index":"index","follow":"follow","max-snippet":"max-snippet:-1","max-image-preview":"max-image-preview:large","max-video-preview":"max-video-preview:-1"},"canonical":"https:\/\/www.rabaini.it\/de\/yamano-3-herren-sneaker-aus-hellblauem-und-grauem-veloursleder-und-technischem-gewebe\/","og_locale":"de_DE","og_type":"article","og_title":"YAMANO 3 HERREN SNEAKER AUS HELLBLAUEM UND GRAUEM VELOURSLEDER UND TECHNISCHEM GEWEBE - Rabaini","og_description":"Artikelcode: 2B12 Artikel Farbe: Multicolor Sportlicher Sneaker mit Obermaterial aus Leder und technischem Gewebe, Schn\u00fcrsenkeln und Kork-Innensohle Ideal f\u00fcr t\u00e4glichen Komfort Dieser sportliche Sneaker kombiniert Komfort und Design dank eines Obermaterials aus Leder und technischem Gewebe, das den Fu\u00df umschlie\u00dft Details zeigen sich in den ikonischen blumenf\u00f6rmigen \u00d6sen Der Verschluss erfolgt mit Schn\u00fcrsenkeln f\u00fcr eine&hellip;","og_url":"https:\/\/www.rabaini.it\/de\/yamano-3-herren-sneaker-aus-hellblauem-und-grauem-veloursleder-und-technischem-gewebe\/","og_site_name":"Rabaini","article_modified_time":"2026-04-13T22:44:52+00:00","og_image":[{"width":1500,"height":1500,"url":"https:\/\/www.rabaini.it\/wp-content\/uploads\/2026\/04\/DSC_1875.jpg","type":"image\/jpeg"}],"twitter_card":"summary_large_image","schema":{"@context":"https:\/\/schema.org","@graph":[{"@type":"WebPage","@id":"https:\/\/www.rabaini.it\/de\/yamano-3-herren-sneaker-aus-hellblauem-und-grauem-veloursleder-und-technischem-gewebe\/","url":"https:\/\/www.rabaini.it\/de\/yamano-3-herren-sneaker-aus-hellblauem-und-grauem-veloursleder-und-technischem-gewebe\/","name":"YAMANO 3 HERREN SNEAKER AUS HELLBLAUEM UND GRAUEM VELOURSLEDER UND TECHNISCHEM GEWEBE - Rabaini","isPartOf":{"@id":"https:\/\/www.rabaini.it\/de\/#website"},"primaryImageOfPage":{"@id":"https:\/\/www.rabaini.it\/de\/yamano-3-herren-sneaker-aus-hellblauem-und-grauem-veloursleder-und-technischem-gewebe\/#primaryimage"},"image":{"@id":"https:\/\/www.rabaini.it\/de\/yamano-3-herren-sneaker-aus-hellblauem-und-grauem-veloursleder-und-technischem-gewebe\/#primaryimage"},"thumbnailUrl":"https:\/\/www.rabaini.it\/wp-content\/uploads\/2026\/04\/DSC_1875.jpg","datePublished":"2026-04-10T16:10:56+00:00","dateModified":"2026-04-13T22:44:52+00:00","breadcrumb":{"@id":"https:\/\/www.rabaini.it\/de\/yamano-3-herren-sneaker-aus-hellblauem-und-grauem-veloursleder-und-technischem-gewebe\/#breadcrumb"},"inLanguage":"de","potentialAction":[{"@type":"ReadAction","target":["https:\/\/www.rabaini.it\/de\/yamano-3-herren-sneaker-aus-hellblauem-und-grauem-veloursleder-und-technischem-gewebe\/"]}]},{"@type":"ImageObject","inLanguage":"de","@id":"https:\/\/www.rabaini.it\/de\/yamano-3-herren-sneaker-aus-hellblauem-und-grauem-veloursleder-und-technischem-gewebe\/#primaryimage","url":"https:\/\/www.rabaini.it\/wp-content\/uploads\/2026\/04\/DSC_1875.jpg","contentUrl":"https:\/\/www.rabaini.it\/wp-content\/uploads\/2026\/04\/DSC_1875.jpg","width":1500,"height":1500},{"@type":"BreadcrumbList","@id":"https:\/\/www.rabaini.it\/de\/yamano-3-herren-sneaker-aus-hellblauem-und-grauem-veloursleder-und-technischem-gewebe\/#breadcrumb","itemListElement":[{"@type":"ListItem","position":1,"name":"Home","item":"https:\/\/www.rabaini.it\/de\/homepage\/"},{"@type":"ListItem","position":2,"name":"Gesch\u00e4ft","item":"https:\/\/www.rabaini.it\/geschaeft\/"},{"@type":"ListItem","position":3,"name":"Herren","item":"https:\/\/www.rabaini.it\/de\/herren\/"},{"@type":"ListItem","position":4,"name":"YAMANO 3 HERREN SNEAKER AUS HELLBLAUEM UND GRAUEM VELOURSLEDER UND TECHNISCHEM GEWEBE"}]},{"@type":"WebSite","@id":"https:\/\/www.rabaini.it\/de\/#website","url":"https:\/\/www.rabaini.it\/de\/","name":"Rabaini","description":"","potentialAction":[{"@type":"SearchAction","target":{"@type":"EntryPoint","urlTemplate":"https:\/\/www.rabaini.it\/de\/?s={search_term_string}"},"query-input":{"@type":"PropertyValueSpecification","valueRequired":true,"valueName":"search_term_string"}}],"inLanguage":"de"}]}},"_links":{"self":[{"href":"https:\/\/www.rabaini.it\/de\/wp-json\/wp\/v2\/product\/152959","targetHints":{"allow":["GET"]}}],"collection":[{"href":"https:\/\/www.rabaini.it\/de\/wp-json\/wp\/v2\/product"}],"about":[{"href":"https:\/\/www.rabaini.it\/de\/wp-json\/wp\/v2\/types\/product"}],"wp:featuredmedia":[{"embeddable":true,"href":"https:\/\/www.rabaini.it\/de\/wp-json\/wp\/v2\/media\/151076"}],"wp:attachment":[{"href":"https:\/\/www.rabaini.it\/de\/wp-json\/wp\/v2\/media?parent=152959"}],"wp:term":[{"taxonomy":"product_brand","embeddable":true,"href":"https:\/\/www.rabaini.it\/de\/wp-json\/wp\/v2\/product_brand?post=152959"},{"taxonomy":"product_cat","embeddable":true,"href":"https:\/\/www.rabaini.it\/de\/wp-json\/wp\/v2\/product_cat?post=152959"},{"taxonomy":"product_tag","embeddable":true,"href":"https:\/\/www.rabaini.it\/de\/wp-json\/wp\/v2\/product_tag?post=152959"}],"curies":[{"name":"wp","href":"https:\/\/api.w.org\/{rel}","templated":true}]}}