{"id":152887,"date":"2026-04-10T17:52:11","date_gmt":"2026-04-10T15:52:11","guid":{"rendered":"https:\/\/www.rabaini.it\/?post_type=product&#038;p=152887"},"modified":"2026-04-14T00:41:00","modified_gmt":"2026-04-13T22:41:00","slug":"medalist-low-sneaker-aus-weissem-leder-blauem-und-beigem-veloursleder","status":"publish","type":"product","link":"https:\/\/www.rabaini.it\/de\/medalist-low-sneaker-aus-weissem-leder-blauem-und-beigem-veloursleder\/","title":{"rendered":"MEDALIST LOW SNEAKER AUS WEISSEM LEDER, BLAUEM UND BEIGEM VELOURSLEDER"},"content":{"rendered":"<ul>\n<li>Artikelcode: AULM LS28<\/li>\n<li>Artikel Farbe: Wei\u00df und Blau<\/li>\n<li>Der Autry Medalist interpretiert den Tennisstil der 80er Jahre neu und verbindet Heritage-Vibes mit einer zeitgen\u00f6ssischen \u00c4sthetik<\/li>\n<li>Mit einem minimalistischen Design ist er der perfekte Alltagssneaker dank seines zeitlosen und vielseitigen Looks und bietet t\u00e4glichen Komfort sowie eine Kombination aus Stil und Funktionalit\u00e4t<\/li>\n<li>Die Version aus Leder und Veloursleder verleiht selbst klassischen Looks einen besonderen Twist<\/li>\n<li>Dieser Herrensneaker ist aus weichem wei\u00dfem Leder mit authentischem Look gefertigt und wird durch beige Veloursleder-Verst\u00e4rkungen erg\u00e4nzt, die einen starken grafischen und haptischen Kontrast schaffen<\/li>\n<li>Das blaue Lederdetail an der Ferse ist mit dem Autry-Logo versehen<\/li>\n<li>Obermaterial aus Leder und Veloursleder<\/li>\n<li>Zehenbereich mit Mikroperforationen<\/li>\n<li>Flache Baumwollschn\u00fcrsenkel<\/li>\n<li>Besticktes Label auf der Zunge<\/li>\n<li>Gepolsterter Kragen<\/li>\n<li>Futter aus Leder und Baumwoll-Frottee<\/li>\n<li>Erh\u00f6hte Innensohle aus Leder (2 cm)<\/li>\n<li>Gummisohle<\/li>\n<li>Sohlenh\u00f6he: 2,5-3,5 cm<\/li>\n<li>Obermaterial: 70% Rindsleder, 20% Velours-Rindsleder, 10% Nylon<\/li>\n<li>Futter: 40% Schweinsleder, 50% Frottee, 10% Nylon<\/li>\n<li>Sohle: 100% Gummi<\/li>\n<\/ul>\n","protected":false},"excerpt":{"rendered":"<p>Artikelcode: AULM LS28 Artikel Farbe: Wei\u00df und Blau Der Autry Medalist interpretiert den Tennisstil der 80er Jahre neu und verbindet Heritage-Vibes mit einer zeitgen\u00f6ssischen \u00c4sthetik Mit einem minimalistischen Design ist er der perfekte Alltagssneaker dank seines zeitlosen und vielseitigen Looks und bietet t\u00e4glichen Komfort sowie eine Kombination aus Stil und Funktionalit\u00e4t Die Version aus Leder&hellip;<\/p>\n","protected":false},"featured_media":151040,"template":"","meta":{"_acf_changed":false},"product_brand":[],"product_cat":[1324,1358,1356,1361],"product_tag":[1719],"class_list":{"0":"post-152887","1":"product","2":"type-product","3":"status-publish","4":"has-post-thumbnail","6":"product_cat-herren","7":"product_cat-herrenschuhe","8":"product_cat-neuheiten-fur-herren","9":"product_cat-turnschuhe-herren","10":"product_tag-neuheiten","11":"marca-autry-de","13":"first","14":"instock","15":"shipping-taxable","16":"purchasable","17":"product-type-variable"},"acf":[],"yoast_head":"<!-- This site is optimized with the Yoast SEO plugin v27.2 - https:\/\/yoast.com\/product\/yoast-seo-wordpress\/ -->\n<title>MEDALIST LOW SNEAKER AUS WEISSEM LEDER, BLAUEM UND BEIGEM VELOURSLEDER - Rabaini<\/title>\n<meta name=\"robots\" content=\"index, follow, max-snippet:-1, max-image-preview:large, max-video-preview:-1\" \/>\n<link rel=\"canonical\" href=\"https:\/\/www.rabaini.it\/de\/medalist-low-sneaker-aus-weissem-leder-blauem-und-beigem-veloursleder\/\" \/>\n<meta property=\"og:locale\" content=\"de_DE\" \/>\n<meta property=\"og:type\" content=\"article\" \/>\n<meta property=\"og:title\" content=\"MEDALIST LOW SNEAKER AUS WEISSEM LEDER, BLAUEM UND BEIGEM VELOURSLEDER - Rabaini\" \/>\n<meta property=\"og:description\" content=\"Artikelcode: AULM LS28 Artikel Farbe: Wei\u00df und Blau Der Autry Medalist interpretiert den Tennisstil der 80er Jahre neu und verbindet Heritage-Vibes mit einer zeitgen\u00f6ssischen \u00c4sthetik Mit einem minimalistischen Design ist er der perfekte Alltagssneaker dank seines zeitlosen und vielseitigen Looks und bietet t\u00e4glichen Komfort sowie eine Kombination aus Stil und Funktionalit\u00e4t Die Version aus Leder&hellip;\" \/>\n<meta property=\"og:url\" content=\"https:\/\/www.rabaini.it\/de\/medalist-low-sneaker-aus-weissem-leder-blauem-und-beigem-veloursleder\/\" \/>\n<meta property=\"og:site_name\" content=\"Rabaini\" \/>\n<meta property=\"article:modified_time\" content=\"2026-04-13T22:41:00+00:00\" \/>\n<meta property=\"og:image\" content=\"https:\/\/www.rabaini.it\/wp-content\/uploads\/2026\/04\/DSC_1863.jpg\" \/>\n\t<meta property=\"og:image:width\" content=\"1500\" \/>\n\t<meta property=\"og:image:height\" content=\"1500\" \/>\n\t<meta property=\"og:image:type\" content=\"image\/jpeg\" \/>\n<meta name=\"twitter:card\" content=\"summary_large_image\" \/>\n<meta name=\"twitter:label1\" content=\"Gesch\u00e4tzte Lesezeit\" \/>\n\t<meta name=\"twitter:data1\" content=\"1\u00a0Minute\" \/>\n<script type=\"application\/ld+json\" class=\"yoast-schema-graph\">{\"@context\":\"https:\/\/schema.org\",\"@graph\":[{\"@type\":\"WebPage\",\"@id\":\"https:\/\/www.rabaini.it\/de\/medalist-low-sneaker-aus-weissem-leder-blauem-und-beigem-veloursleder\/\",\"url\":\"https:\/\/www.rabaini.it\/de\/medalist-low-sneaker-aus-weissem-leder-blauem-und-beigem-veloursleder\/\",\"name\":\"MEDALIST LOW SNEAKER AUS WEISSEM LEDER, BLAUEM UND BEIGEM VELOURSLEDER - Rabaini\",\"isPartOf\":{\"@id\":\"https:\/\/www.rabaini.it\/de\/#website\"},\"primaryImageOfPage\":{\"@id\":\"https:\/\/www.rabaini.it\/de\/medalist-low-sneaker-aus-weissem-leder-blauem-und-beigem-veloursleder\/#primaryimage\"},\"image\":{\"@id\":\"https:\/\/www.rabaini.it\/de\/medalist-low-sneaker-aus-weissem-leder-blauem-und-beigem-veloursleder\/#primaryimage\"},\"thumbnailUrl\":\"https:\/\/www.rabaini.it\/wp-content\/uploads\/2026\/04\/DSC_1863.jpg\",\"datePublished\":\"2026-04-10T15:52:11+00:00\",\"dateModified\":\"2026-04-13T22:41:00+00:00\",\"breadcrumb\":{\"@id\":\"https:\/\/www.rabaini.it\/de\/medalist-low-sneaker-aus-weissem-leder-blauem-und-beigem-veloursleder\/#breadcrumb\"},\"inLanguage\":\"de\",\"potentialAction\":[{\"@type\":\"ReadAction\",\"target\":[\"https:\/\/www.rabaini.it\/de\/medalist-low-sneaker-aus-weissem-leder-blauem-und-beigem-veloursleder\/\"]}]},{\"@type\":\"ImageObject\",\"inLanguage\":\"de\",\"@id\":\"https:\/\/www.rabaini.it\/de\/medalist-low-sneaker-aus-weissem-leder-blauem-und-beigem-veloursleder\/#primaryimage\",\"url\":\"https:\/\/www.rabaini.it\/wp-content\/uploads\/2026\/04\/DSC_1863.jpg\",\"contentUrl\":\"https:\/\/www.rabaini.it\/wp-content\/uploads\/2026\/04\/DSC_1863.jpg\",\"width\":1500,\"height\":1500},{\"@type\":\"BreadcrumbList\",\"@id\":\"https:\/\/www.rabaini.it\/de\/medalist-low-sneaker-aus-weissem-leder-blauem-und-beigem-veloursleder\/#breadcrumb\",\"itemListElement\":[{\"@type\":\"ListItem\",\"position\":1,\"name\":\"Home\",\"item\":\"https:\/\/www.rabaini.it\/de\/homepage\/\"},{\"@type\":\"ListItem\",\"position\":2,\"name\":\"Gesch\u00e4ft\",\"item\":\"https:\/\/www.rabaini.it\/geschaeft\/\"},{\"@type\":\"ListItem\",\"position\":3,\"name\":\"Herren\",\"item\":\"https:\/\/www.rabaini.it\/de\/herren\/\"},{\"@type\":\"ListItem\",\"position\":4,\"name\":\"MEDALIST LOW SNEAKER AUS WEISSEM LEDER, BLAUEM UND BEIGEM VELOURSLEDER\"}]},{\"@type\":\"WebSite\",\"@id\":\"https:\/\/www.rabaini.it\/de\/#website\",\"url\":\"https:\/\/www.rabaini.it\/de\/\",\"name\":\"Rabaini\",\"description\":\"\",\"potentialAction\":[{\"@type\":\"SearchAction\",\"target\":{\"@type\":\"EntryPoint\",\"urlTemplate\":\"https:\/\/www.rabaini.it\/de\/?s={search_term_string}\"},\"query-input\":{\"@type\":\"PropertyValueSpecification\",\"valueRequired\":true,\"valueName\":\"search_term_string\"}}],\"inLanguage\":\"de\"}]}<\/script>\n<!-- \/ Yoast SEO plugin. -->","yoast_head_json":{"title":"MEDALIST LOW SNEAKER AUS WEISSEM LEDER, BLAUEM UND BEIGEM VELOURSLEDER - Rabaini","robots":{"index":"index","follow":"follow","max-snippet":"max-snippet:-1","max-image-preview":"max-image-preview:large","max-video-preview":"max-video-preview:-1"},"canonical":"https:\/\/www.rabaini.it\/de\/medalist-low-sneaker-aus-weissem-leder-blauem-und-beigem-veloursleder\/","og_locale":"de_DE","og_type":"article","og_title":"MEDALIST LOW SNEAKER AUS WEISSEM LEDER, BLAUEM UND BEIGEM VELOURSLEDER - Rabaini","og_description":"Artikelcode: AULM LS28 Artikel Farbe: Wei\u00df und Blau Der Autry Medalist interpretiert den Tennisstil der 80er Jahre neu und verbindet Heritage-Vibes mit einer zeitgen\u00f6ssischen \u00c4sthetik Mit einem minimalistischen Design ist er der perfekte Alltagssneaker dank seines zeitlosen und vielseitigen Looks und bietet t\u00e4glichen Komfort sowie eine Kombination aus Stil und Funktionalit\u00e4t Die Version aus Leder&hellip;","og_url":"https:\/\/www.rabaini.it\/de\/medalist-low-sneaker-aus-weissem-leder-blauem-und-beigem-veloursleder\/","og_site_name":"Rabaini","article_modified_time":"2026-04-13T22:41:00+00:00","og_image":[{"width":1500,"height":1500,"url":"https:\/\/www.rabaini.it\/wp-content\/uploads\/2026\/04\/DSC_1863.jpg","type":"image\/jpeg"}],"twitter_card":"summary_large_image","twitter_misc":{"Gesch\u00e4tzte Lesezeit":"1\u00a0Minute"},"schema":{"@context":"https:\/\/schema.org","@graph":[{"@type":"WebPage","@id":"https:\/\/www.rabaini.it\/de\/medalist-low-sneaker-aus-weissem-leder-blauem-und-beigem-veloursleder\/","url":"https:\/\/www.rabaini.it\/de\/medalist-low-sneaker-aus-weissem-leder-blauem-und-beigem-veloursleder\/","name":"MEDALIST LOW SNEAKER AUS WEISSEM LEDER, BLAUEM UND BEIGEM VELOURSLEDER - Rabaini","isPartOf":{"@id":"https:\/\/www.rabaini.it\/de\/#website"},"primaryImageOfPage":{"@id":"https:\/\/www.rabaini.it\/de\/medalist-low-sneaker-aus-weissem-leder-blauem-und-beigem-veloursleder\/#primaryimage"},"image":{"@id":"https:\/\/www.rabaini.it\/de\/medalist-low-sneaker-aus-weissem-leder-blauem-und-beigem-veloursleder\/#primaryimage"},"thumbnailUrl":"https:\/\/www.rabaini.it\/wp-content\/uploads\/2026\/04\/DSC_1863.jpg","datePublished":"2026-04-10T15:52:11+00:00","dateModified":"2026-04-13T22:41:00+00:00","breadcrumb":{"@id":"https:\/\/www.rabaini.it\/de\/medalist-low-sneaker-aus-weissem-leder-blauem-und-beigem-veloursleder\/#breadcrumb"},"inLanguage":"de","potentialAction":[{"@type":"ReadAction","target":["https:\/\/www.rabaini.it\/de\/medalist-low-sneaker-aus-weissem-leder-blauem-und-beigem-veloursleder\/"]}]},{"@type":"ImageObject","inLanguage":"de","@id":"https:\/\/www.rabaini.it\/de\/medalist-low-sneaker-aus-weissem-leder-blauem-und-beigem-veloursleder\/#primaryimage","url":"https:\/\/www.rabaini.it\/wp-content\/uploads\/2026\/04\/DSC_1863.jpg","contentUrl":"https:\/\/www.rabaini.it\/wp-content\/uploads\/2026\/04\/DSC_1863.jpg","width":1500,"height":1500},{"@type":"BreadcrumbList","@id":"https:\/\/www.rabaini.it\/de\/medalist-low-sneaker-aus-weissem-leder-blauem-und-beigem-veloursleder\/#breadcrumb","itemListElement":[{"@type":"ListItem","position":1,"name":"Home","item":"https:\/\/www.rabaini.it\/de\/homepage\/"},{"@type":"ListItem","position":2,"name":"Gesch\u00e4ft","item":"https:\/\/www.rabaini.it\/geschaeft\/"},{"@type":"ListItem","position":3,"name":"Herren","item":"https:\/\/www.rabaini.it\/de\/herren\/"},{"@type":"ListItem","position":4,"name":"MEDALIST LOW SNEAKER AUS WEISSEM LEDER, BLAUEM UND BEIGEM VELOURSLEDER"}]},{"@type":"WebSite","@id":"https:\/\/www.rabaini.it\/de\/#website","url":"https:\/\/www.rabaini.it\/de\/","name":"Rabaini","description":"","potentialAction":[{"@type":"SearchAction","target":{"@type":"EntryPoint","urlTemplate":"https:\/\/www.rabaini.it\/de\/?s={search_term_string}"},"query-input":{"@type":"PropertyValueSpecification","valueRequired":true,"valueName":"search_term_string"}}],"inLanguage":"de"}]}},"_links":{"self":[{"href":"https:\/\/www.rabaini.it\/de\/wp-json\/wp\/v2\/product\/152887","targetHints":{"allow":["GET"]}}],"collection":[{"href":"https:\/\/www.rabaini.it\/de\/wp-json\/wp\/v2\/product"}],"about":[{"href":"https:\/\/www.rabaini.it\/de\/wp-json\/wp\/v2\/types\/product"}],"wp:featuredmedia":[{"embeddable":true,"href":"https:\/\/www.rabaini.it\/de\/wp-json\/wp\/v2\/media\/151040"}],"wp:attachment":[{"href":"https:\/\/www.rabaini.it\/de\/wp-json\/wp\/v2\/media?parent=152887"}],"wp:term":[{"taxonomy":"product_brand","embeddable":true,"href":"https:\/\/www.rabaini.it\/de\/wp-json\/wp\/v2\/product_brand?post=152887"},{"taxonomy":"product_cat","embeddable":true,"href":"https:\/\/www.rabaini.it\/de\/wp-json\/wp\/v2\/product_cat?post=152887"},{"taxonomy":"product_tag","embeddable":true,"href":"https:\/\/www.rabaini.it\/de\/wp-json\/wp\/v2\/product_tag?post=152887"}],"curies":[{"name":"wp","href":"https:\/\/api.w.org\/{rel}","templated":true}]}}