{"id":152869,"date":"2026-04-10T17:49:46","date_gmt":"2026-04-10T15:49:46","guid":{"rendered":"https:\/\/www.rabaini.it\/?post_type=product&#038;p=152869"},"modified":"2026-04-14T00:40:10","modified_gmt":"2026-04-13T22:40:10","slug":"windscape-low-sneaker-aus-weissem-leder-und-space","status":"publish","type":"product","link":"https:\/\/www.rabaini.it\/de\/windscape-low-sneaker-aus-weissem-leder-und-space\/","title":{"rendered":"WINDSCAPE LOW SNEAKER AUS WEISSEM LEDER UND SPACE"},"content":{"rendered":"<ul>\n<li>Artikelcode: SCLM UK05<\/li>\n<li>Artikel Farbe: Wei\u00df und Space<\/li>\n<li>Autry reitet die urbanen Wellen mit Windscape, dem neuen Sneaker, inspiriert von der unbeschwerten Haltung der Land-Surfer, die seit den 1950er Jahren die sonnigen K\u00fcsten Hawaiis auf dem Longboard erkunden<\/li>\n<li>Mit einer minimalistischen Form und retro Charme sind diese Sneaker aus Materialien gefertigt, die reiche Texturkontraste erzeugen und durch Vintage-Details erg\u00e4nzt werden, die an die Surfkultur erinnern<\/li>\n<li>Robust und vielseitig verf\u00fcgt der Sneaker \u00fcber eine vulkanisierte Sohle: eine Cupsole-Konstruktion, die leicht und dennoch widerstandsf\u00e4hig ist und maximale Flexibilit\u00e4t sowie Komfort bietet<\/li>\n<li>Obermaterial aus Leder<\/li>\n<li>Flache Baumwollschn\u00fcrsenkel<\/li>\n<li>Leicht gepolsterte Zunge mit Label-Logo<\/li>\n<li>Futter aus Leder und Baumwoll-Frottee<\/li>\n<li>Erh\u00f6hte Innensohle aus Leder (2 cm)<\/li>\n<li>Gummisohle<\/li>\n<li>Sohlenh\u00f6he: 2,5 &#8211; 3 cm<\/li>\n<li>Obermaterial: 90% Leder 10% Nylon<\/li>\n<li>Futter: 50% Leder, 50% Baumwoll-Frottee<\/li>\n<li>Sohle: 100% Gummi<\/li>\n<\/ul>\n","protected":false},"excerpt":{"rendered":"<p>Artikelcode: SCLM UK05 Artikel Farbe: Wei\u00df und Space Autry reitet die urbanen Wellen mit Windscape, dem neuen Sneaker, inspiriert von der unbeschwerten Haltung der Land-Surfer, die seit den 1950er Jahren die sonnigen K\u00fcsten Hawaiis auf dem Longboard erkunden Mit einer minimalistischen Form und retro Charme sind diese Sneaker aus Materialien gefertigt, die reiche Texturkontraste erzeugen&hellip;<\/p>\n","protected":false},"featured_media":151031,"template":"","meta":{"_acf_changed":false},"product_brand":[],"product_cat":[1324,1358,1356,1361],"product_tag":[1719],"class_list":{"0":"post-152869","1":"product","2":"type-product","3":"status-publish","4":"has-post-thumbnail","6":"product_cat-herren","7":"product_cat-herrenschuhe","8":"product_cat-neuheiten-fur-herren","9":"product_cat-turnschuhe-herren","10":"product_tag-neuheiten","11":"marca-autry-de","13":"first","14":"instock","15":"shipping-taxable","16":"purchasable","17":"product-type-variable"},"acf":[],"yoast_head":"<!-- This site is optimized with the Yoast SEO plugin v27.2 - https:\/\/yoast.com\/product\/yoast-seo-wordpress\/ -->\n<title>WINDSCAPE LOW SNEAKER AUS WEISSEM LEDER UND SPACE - Rabaini<\/title>\n<meta name=\"robots\" content=\"index, follow, max-snippet:-1, max-image-preview:large, max-video-preview:-1\" \/>\n<link rel=\"canonical\" href=\"https:\/\/www.rabaini.it\/de\/windscape-low-sneaker-aus-weissem-leder-und-space\/\" \/>\n<meta property=\"og:locale\" content=\"de_DE\" \/>\n<meta property=\"og:type\" content=\"article\" \/>\n<meta property=\"og:title\" content=\"WINDSCAPE LOW SNEAKER AUS WEISSEM LEDER UND SPACE - Rabaini\" \/>\n<meta property=\"og:description\" content=\"Artikelcode: SCLM UK05 Artikel Farbe: Wei\u00df und Space Autry reitet die urbanen Wellen mit Windscape, dem neuen Sneaker, inspiriert von der unbeschwerten Haltung der Land-Surfer, die seit den 1950er Jahren die sonnigen K\u00fcsten Hawaiis auf dem Longboard erkunden Mit einer minimalistischen Form und retro Charme sind diese Sneaker aus Materialien gefertigt, die reiche Texturkontraste erzeugen&hellip;\" \/>\n<meta property=\"og:url\" content=\"https:\/\/www.rabaini.it\/de\/windscape-low-sneaker-aus-weissem-leder-und-space\/\" \/>\n<meta property=\"og:site_name\" content=\"Rabaini\" \/>\n<meta property=\"article:modified_time\" content=\"2026-04-13T22:40:10+00:00\" \/>\n<meta property=\"og:image\" content=\"https:\/\/www.rabaini.it\/wp-content\/uploads\/2026\/04\/DSC_1860.jpg\" \/>\n\t<meta property=\"og:image:width\" content=\"1500\" \/>\n\t<meta property=\"og:image:height\" content=\"1500\" \/>\n\t<meta property=\"og:image:type\" content=\"image\/jpeg\" \/>\n<meta name=\"twitter:card\" content=\"summary_large_image\" \/>\n<meta name=\"twitter:label1\" content=\"Gesch\u00e4tzte Lesezeit\" \/>\n\t<meta name=\"twitter:data1\" content=\"1\u00a0Minute\" \/>\n<script type=\"application\/ld+json\" class=\"yoast-schema-graph\">{\"@context\":\"https:\/\/schema.org\",\"@graph\":[{\"@type\":\"WebPage\",\"@id\":\"https:\/\/www.rabaini.it\/de\/windscape-low-sneaker-aus-weissem-leder-und-space\/\",\"url\":\"https:\/\/www.rabaini.it\/de\/windscape-low-sneaker-aus-weissem-leder-und-space\/\",\"name\":\"WINDSCAPE LOW SNEAKER AUS WEISSEM LEDER UND SPACE - Rabaini\",\"isPartOf\":{\"@id\":\"https:\/\/www.rabaini.it\/de\/#website\"},\"primaryImageOfPage\":{\"@id\":\"https:\/\/www.rabaini.it\/de\/windscape-low-sneaker-aus-weissem-leder-und-space\/#primaryimage\"},\"image\":{\"@id\":\"https:\/\/www.rabaini.it\/de\/windscape-low-sneaker-aus-weissem-leder-und-space\/#primaryimage\"},\"thumbnailUrl\":\"https:\/\/www.rabaini.it\/wp-content\/uploads\/2026\/04\/DSC_1860.jpg\",\"datePublished\":\"2026-04-10T15:49:46+00:00\",\"dateModified\":\"2026-04-13T22:40:10+00:00\",\"breadcrumb\":{\"@id\":\"https:\/\/www.rabaini.it\/de\/windscape-low-sneaker-aus-weissem-leder-und-space\/#breadcrumb\"},\"inLanguage\":\"de\",\"potentialAction\":[{\"@type\":\"ReadAction\",\"target\":[\"https:\/\/www.rabaini.it\/de\/windscape-low-sneaker-aus-weissem-leder-und-space\/\"]}]},{\"@type\":\"ImageObject\",\"inLanguage\":\"de\",\"@id\":\"https:\/\/www.rabaini.it\/de\/windscape-low-sneaker-aus-weissem-leder-und-space\/#primaryimage\",\"url\":\"https:\/\/www.rabaini.it\/wp-content\/uploads\/2026\/04\/DSC_1860.jpg\",\"contentUrl\":\"https:\/\/www.rabaini.it\/wp-content\/uploads\/2026\/04\/DSC_1860.jpg\",\"width\":1500,\"height\":1500},{\"@type\":\"BreadcrumbList\",\"@id\":\"https:\/\/www.rabaini.it\/de\/windscape-low-sneaker-aus-weissem-leder-und-space\/#breadcrumb\",\"itemListElement\":[{\"@type\":\"ListItem\",\"position\":1,\"name\":\"Home\",\"item\":\"https:\/\/www.rabaini.it\/de\/homepage\/\"},{\"@type\":\"ListItem\",\"position\":2,\"name\":\"Gesch\u00e4ft\",\"item\":\"https:\/\/www.rabaini.it\/geschaeft\/\"},{\"@type\":\"ListItem\",\"position\":3,\"name\":\"Herren\",\"item\":\"https:\/\/www.rabaini.it\/de\/herren\/\"},{\"@type\":\"ListItem\",\"position\":4,\"name\":\"WINDSCAPE LOW SNEAKER AUS WEISSEM LEDER UND SPACE\"}]},{\"@type\":\"WebSite\",\"@id\":\"https:\/\/www.rabaini.it\/de\/#website\",\"url\":\"https:\/\/www.rabaini.it\/de\/\",\"name\":\"Rabaini\",\"description\":\"\",\"potentialAction\":[{\"@type\":\"SearchAction\",\"target\":{\"@type\":\"EntryPoint\",\"urlTemplate\":\"https:\/\/www.rabaini.it\/de\/?s={search_term_string}\"},\"query-input\":{\"@type\":\"PropertyValueSpecification\",\"valueRequired\":true,\"valueName\":\"search_term_string\"}}],\"inLanguage\":\"de\"}]}<\/script>\n<!-- \/ Yoast SEO plugin. -->","yoast_head_json":{"title":"WINDSCAPE LOW SNEAKER AUS WEISSEM LEDER UND SPACE - Rabaini","robots":{"index":"index","follow":"follow","max-snippet":"max-snippet:-1","max-image-preview":"max-image-preview:large","max-video-preview":"max-video-preview:-1"},"canonical":"https:\/\/www.rabaini.it\/de\/windscape-low-sneaker-aus-weissem-leder-und-space\/","og_locale":"de_DE","og_type":"article","og_title":"WINDSCAPE LOW SNEAKER AUS WEISSEM LEDER UND SPACE - Rabaini","og_description":"Artikelcode: SCLM UK05 Artikel Farbe: Wei\u00df und Space Autry reitet die urbanen Wellen mit Windscape, dem neuen Sneaker, inspiriert von der unbeschwerten Haltung der Land-Surfer, die seit den 1950er Jahren die sonnigen K\u00fcsten Hawaiis auf dem Longboard erkunden Mit einer minimalistischen Form und retro Charme sind diese Sneaker aus Materialien gefertigt, die reiche Texturkontraste erzeugen&hellip;","og_url":"https:\/\/www.rabaini.it\/de\/windscape-low-sneaker-aus-weissem-leder-und-space\/","og_site_name":"Rabaini","article_modified_time":"2026-04-13T22:40:10+00:00","og_image":[{"width":1500,"height":1500,"url":"https:\/\/www.rabaini.it\/wp-content\/uploads\/2026\/04\/DSC_1860.jpg","type":"image\/jpeg"}],"twitter_card":"summary_large_image","twitter_misc":{"Gesch\u00e4tzte Lesezeit":"1\u00a0Minute"},"schema":{"@context":"https:\/\/schema.org","@graph":[{"@type":"WebPage","@id":"https:\/\/www.rabaini.it\/de\/windscape-low-sneaker-aus-weissem-leder-und-space\/","url":"https:\/\/www.rabaini.it\/de\/windscape-low-sneaker-aus-weissem-leder-und-space\/","name":"WINDSCAPE LOW SNEAKER AUS WEISSEM LEDER UND SPACE - Rabaini","isPartOf":{"@id":"https:\/\/www.rabaini.it\/de\/#website"},"primaryImageOfPage":{"@id":"https:\/\/www.rabaini.it\/de\/windscape-low-sneaker-aus-weissem-leder-und-space\/#primaryimage"},"image":{"@id":"https:\/\/www.rabaini.it\/de\/windscape-low-sneaker-aus-weissem-leder-und-space\/#primaryimage"},"thumbnailUrl":"https:\/\/www.rabaini.it\/wp-content\/uploads\/2026\/04\/DSC_1860.jpg","datePublished":"2026-04-10T15:49:46+00:00","dateModified":"2026-04-13T22:40:10+00:00","breadcrumb":{"@id":"https:\/\/www.rabaini.it\/de\/windscape-low-sneaker-aus-weissem-leder-und-space\/#breadcrumb"},"inLanguage":"de","potentialAction":[{"@type":"ReadAction","target":["https:\/\/www.rabaini.it\/de\/windscape-low-sneaker-aus-weissem-leder-und-space\/"]}]},{"@type":"ImageObject","inLanguage":"de","@id":"https:\/\/www.rabaini.it\/de\/windscape-low-sneaker-aus-weissem-leder-und-space\/#primaryimage","url":"https:\/\/www.rabaini.it\/wp-content\/uploads\/2026\/04\/DSC_1860.jpg","contentUrl":"https:\/\/www.rabaini.it\/wp-content\/uploads\/2026\/04\/DSC_1860.jpg","width":1500,"height":1500},{"@type":"BreadcrumbList","@id":"https:\/\/www.rabaini.it\/de\/windscape-low-sneaker-aus-weissem-leder-und-space\/#breadcrumb","itemListElement":[{"@type":"ListItem","position":1,"name":"Home","item":"https:\/\/www.rabaini.it\/de\/homepage\/"},{"@type":"ListItem","position":2,"name":"Gesch\u00e4ft","item":"https:\/\/www.rabaini.it\/geschaeft\/"},{"@type":"ListItem","position":3,"name":"Herren","item":"https:\/\/www.rabaini.it\/de\/herren\/"},{"@type":"ListItem","position":4,"name":"WINDSCAPE LOW SNEAKER AUS WEISSEM LEDER UND SPACE"}]},{"@type":"WebSite","@id":"https:\/\/www.rabaini.it\/de\/#website","url":"https:\/\/www.rabaini.it\/de\/","name":"Rabaini","description":"","potentialAction":[{"@type":"SearchAction","target":{"@type":"EntryPoint","urlTemplate":"https:\/\/www.rabaini.it\/de\/?s={search_term_string}"},"query-input":{"@type":"PropertyValueSpecification","valueRequired":true,"valueName":"search_term_string"}}],"inLanguage":"de"}]}},"_links":{"self":[{"href":"https:\/\/www.rabaini.it\/de\/wp-json\/wp\/v2\/product\/152869","targetHints":{"allow":["GET"]}}],"collection":[{"href":"https:\/\/www.rabaini.it\/de\/wp-json\/wp\/v2\/product"}],"about":[{"href":"https:\/\/www.rabaini.it\/de\/wp-json\/wp\/v2\/types\/product"}],"wp:featuredmedia":[{"embeddable":true,"href":"https:\/\/www.rabaini.it\/de\/wp-json\/wp\/v2\/media\/151031"}],"wp:attachment":[{"href":"https:\/\/www.rabaini.it\/de\/wp-json\/wp\/v2\/media?parent=152869"}],"wp:term":[{"taxonomy":"product_brand","embeddable":true,"href":"https:\/\/www.rabaini.it\/de\/wp-json\/wp\/v2\/product_brand?post=152869"},{"taxonomy":"product_cat","embeddable":true,"href":"https:\/\/www.rabaini.it\/de\/wp-json\/wp\/v2\/product_cat?post=152869"},{"taxonomy":"product_tag","embeddable":true,"href":"https:\/\/www.rabaini.it\/de\/wp-json\/wp\/v2\/product_tag?post=152869"}],"curies":[{"name":"wp","href":"https:\/\/api.w.org\/{rel}","templated":true}]}}