{"id":152828,"date":"2026-04-10T17:38:17","date_gmt":"2026-04-10T15:38:17","guid":{"rendered":"https:\/\/www.rabaini.it\/?post_type=product&#038;p=152828"},"modified":"2026-04-14T00:37:42","modified_gmt":"2026-04-13T22:37:42","slug":"rebel-sneakers-aus-denim","status":"publish","type":"product","link":"https:\/\/www.rabaini.it\/de\/rebel-sneakers-aus-denim\/","title":{"rendered":"REBEL SNEAKERS AUS DENIM"},"content":{"rendered":"<ul>\n<li>Artikelcode: HXM6910FZ6CUYF586G<\/li>\n<li>Artikel Farbe: Denim<\/li>\n<li>Ein urbaner Herrenschuh, inspiriert von Skate-Sneakern der 90er Jahre<\/li>\n<li>Die Hogan Rebel sind aus Denim gefertigt, mit seitlich gesticktem H, das einen ausgewaschenen Effekt erzeugt<\/li>\n<li>Die Memory-Foam-Innensohle vervollst\u00e4ndigt dieses vielseitige und raffinierte Modell<\/li>\n<li>Hogan Rebel Sneaker<\/li>\n<li>Obermaterial aus Denim<\/li>\n<li>Hogan-Logo auf der Zunge gepr\u00e4gt<\/li>\n<li>Sichtbare N\u00e4hte<\/li>\n<li>Memory-Foam-Innensohle<\/li>\n<li>Gummisohle<\/li>\n<li>Gesamth\u00f6he 3,8 cm<\/li>\n<\/ul>\n","protected":false},"excerpt":{"rendered":"<p>Artikelcode: HXM6910FZ6CUYF586G Artikel Farbe: Denim Ein urbaner Herrenschuh, inspiriert von Skate-Sneakern der 90er Jahre Die Hogan Rebel sind aus Denim gefertigt, mit seitlich gesticktem H, das einen ausgewaschenen Effekt erzeugt Die Memory-Foam-Innensohle vervollst\u00e4ndigt dieses vielseitige und raffinierte Modell Hogan Rebel Sneaker Obermaterial aus Denim Hogan-Logo auf der Zunge gepr\u00e4gt Sichtbare N\u00e4hte Memory-Foam-Innensohle Gummisohle Gesamth\u00f6he 3,8&hellip;<\/p>\n","protected":false},"featured_media":151112,"template":"","meta":{"_acf_changed":false},"product_brand":[],"product_cat":[1324,1358,1356,1361],"product_tag":[1719],"class_list":{"0":"post-152828","1":"product","2":"type-product","3":"status-publish","4":"has-post-thumbnail","6":"product_cat-herren","7":"product_cat-herrenschuhe","8":"product_cat-neuheiten-fur-herren","9":"product_cat-turnschuhe-herren","10":"product_tag-neuheiten","11":"marca-hogan-de","13":"first","14":"instock","15":"shipping-taxable","16":"purchasable","17":"product-type-variable"},"acf":[],"yoast_head":"<!-- This site is optimized with the Yoast SEO plugin v27.2 - https:\/\/yoast.com\/product\/yoast-seo-wordpress\/ -->\n<title>REBEL SNEAKERS AUS DENIM - Rabaini<\/title>\n<meta name=\"robots\" content=\"index, follow, max-snippet:-1, max-image-preview:large, max-video-preview:-1\" \/>\n<link rel=\"canonical\" href=\"https:\/\/www.rabaini.it\/de\/rebel-sneakers-aus-denim\/\" \/>\n<meta property=\"og:locale\" content=\"de_DE\" \/>\n<meta property=\"og:type\" content=\"article\" \/>\n<meta property=\"og:title\" content=\"REBEL SNEAKERS AUS DENIM - Rabaini\" \/>\n<meta property=\"og:description\" content=\"Artikelcode: HXM6910FZ6CUYF586G Artikel Farbe: Denim Ein urbaner Herrenschuh, inspiriert von Skate-Sneakern der 90er Jahre Die Hogan Rebel sind aus Denim gefertigt, mit seitlich gesticktem H, das einen ausgewaschenen Effekt erzeugt Die Memory-Foam-Innensohle vervollst\u00e4ndigt dieses vielseitige und raffinierte Modell Hogan Rebel Sneaker Obermaterial aus Denim Hogan-Logo auf der Zunge gepr\u00e4gt Sichtbare N\u00e4hte Memory-Foam-Innensohle Gummisohle Gesamth\u00f6he 3,8&hellip;\" \/>\n<meta property=\"og:url\" content=\"https:\/\/www.rabaini.it\/de\/rebel-sneakers-aus-denim\/\" \/>\n<meta property=\"og:site_name\" content=\"Rabaini\" \/>\n<meta property=\"article:modified_time\" content=\"2026-04-13T22:37:42+00:00\" \/>\n<meta property=\"og:image\" content=\"https:\/\/www.rabaini.it\/wp-content\/uploads\/2026\/04\/DSC_1887.jpg\" \/>\n\t<meta property=\"og:image:width\" content=\"1500\" \/>\n\t<meta property=\"og:image:height\" content=\"1500\" \/>\n\t<meta property=\"og:image:type\" content=\"image\/jpeg\" \/>\n<meta name=\"twitter:card\" content=\"summary_large_image\" \/>\n<script type=\"application\/ld+json\" class=\"yoast-schema-graph\">{\"@context\":\"https:\/\/schema.org\",\"@graph\":[{\"@type\":\"WebPage\",\"@id\":\"https:\/\/www.rabaini.it\/de\/rebel-sneakers-aus-denim\/\",\"url\":\"https:\/\/www.rabaini.it\/de\/rebel-sneakers-aus-denim\/\",\"name\":\"REBEL SNEAKERS AUS DENIM - Rabaini\",\"isPartOf\":{\"@id\":\"https:\/\/www.rabaini.it\/de\/#website\"},\"primaryImageOfPage\":{\"@id\":\"https:\/\/www.rabaini.it\/de\/rebel-sneakers-aus-denim\/#primaryimage\"},\"image\":{\"@id\":\"https:\/\/www.rabaini.it\/de\/rebel-sneakers-aus-denim\/#primaryimage\"},\"thumbnailUrl\":\"https:\/\/www.rabaini.it\/wp-content\/uploads\/2026\/04\/DSC_1887.jpg\",\"datePublished\":\"2026-04-10T15:38:17+00:00\",\"dateModified\":\"2026-04-13T22:37:42+00:00\",\"breadcrumb\":{\"@id\":\"https:\/\/www.rabaini.it\/de\/rebel-sneakers-aus-denim\/#breadcrumb\"},\"inLanguage\":\"de\",\"potentialAction\":[{\"@type\":\"ReadAction\",\"target\":[\"https:\/\/www.rabaini.it\/de\/rebel-sneakers-aus-denim\/\"]}]},{\"@type\":\"ImageObject\",\"inLanguage\":\"de\",\"@id\":\"https:\/\/www.rabaini.it\/de\/rebel-sneakers-aus-denim\/#primaryimage\",\"url\":\"https:\/\/www.rabaini.it\/wp-content\/uploads\/2026\/04\/DSC_1887.jpg\",\"contentUrl\":\"https:\/\/www.rabaini.it\/wp-content\/uploads\/2026\/04\/DSC_1887.jpg\",\"width\":1500,\"height\":1500},{\"@type\":\"BreadcrumbList\",\"@id\":\"https:\/\/www.rabaini.it\/de\/rebel-sneakers-aus-denim\/#breadcrumb\",\"itemListElement\":[{\"@type\":\"ListItem\",\"position\":1,\"name\":\"Home\",\"item\":\"https:\/\/www.rabaini.it\/de\/homepage\/\"},{\"@type\":\"ListItem\",\"position\":2,\"name\":\"Gesch\u00e4ft\",\"item\":\"https:\/\/www.rabaini.it\/geschaeft\/\"},{\"@type\":\"ListItem\",\"position\":3,\"name\":\"Herren\",\"item\":\"https:\/\/www.rabaini.it\/de\/herren\/\"},{\"@type\":\"ListItem\",\"position\":4,\"name\":\"REBEL SNEAKERS AUS DENIM\"}]},{\"@type\":\"WebSite\",\"@id\":\"https:\/\/www.rabaini.it\/de\/#website\",\"url\":\"https:\/\/www.rabaini.it\/de\/\",\"name\":\"Rabaini\",\"description\":\"\",\"potentialAction\":[{\"@type\":\"SearchAction\",\"target\":{\"@type\":\"EntryPoint\",\"urlTemplate\":\"https:\/\/www.rabaini.it\/de\/?s={search_term_string}\"},\"query-input\":{\"@type\":\"PropertyValueSpecification\",\"valueRequired\":true,\"valueName\":\"search_term_string\"}}],\"inLanguage\":\"de\"}]}<\/script>\n<!-- \/ Yoast SEO plugin. -->","yoast_head_json":{"title":"REBEL SNEAKERS AUS DENIM - Rabaini","robots":{"index":"index","follow":"follow","max-snippet":"max-snippet:-1","max-image-preview":"max-image-preview:large","max-video-preview":"max-video-preview:-1"},"canonical":"https:\/\/www.rabaini.it\/de\/rebel-sneakers-aus-denim\/","og_locale":"de_DE","og_type":"article","og_title":"REBEL SNEAKERS AUS DENIM - Rabaini","og_description":"Artikelcode: HXM6910FZ6CUYF586G Artikel Farbe: Denim Ein urbaner Herrenschuh, inspiriert von Skate-Sneakern der 90er Jahre Die Hogan Rebel sind aus Denim gefertigt, mit seitlich gesticktem H, das einen ausgewaschenen Effekt erzeugt Die Memory-Foam-Innensohle vervollst\u00e4ndigt dieses vielseitige und raffinierte Modell Hogan Rebel Sneaker Obermaterial aus Denim Hogan-Logo auf der Zunge gepr\u00e4gt Sichtbare N\u00e4hte Memory-Foam-Innensohle Gummisohle Gesamth\u00f6he 3,8&hellip;","og_url":"https:\/\/www.rabaini.it\/de\/rebel-sneakers-aus-denim\/","og_site_name":"Rabaini","article_modified_time":"2026-04-13T22:37:42+00:00","og_image":[{"width":1500,"height":1500,"url":"https:\/\/www.rabaini.it\/wp-content\/uploads\/2026\/04\/DSC_1887.jpg","type":"image\/jpeg"}],"twitter_card":"summary_large_image","schema":{"@context":"https:\/\/schema.org","@graph":[{"@type":"WebPage","@id":"https:\/\/www.rabaini.it\/de\/rebel-sneakers-aus-denim\/","url":"https:\/\/www.rabaini.it\/de\/rebel-sneakers-aus-denim\/","name":"REBEL SNEAKERS AUS DENIM - Rabaini","isPartOf":{"@id":"https:\/\/www.rabaini.it\/de\/#website"},"primaryImageOfPage":{"@id":"https:\/\/www.rabaini.it\/de\/rebel-sneakers-aus-denim\/#primaryimage"},"image":{"@id":"https:\/\/www.rabaini.it\/de\/rebel-sneakers-aus-denim\/#primaryimage"},"thumbnailUrl":"https:\/\/www.rabaini.it\/wp-content\/uploads\/2026\/04\/DSC_1887.jpg","datePublished":"2026-04-10T15:38:17+00:00","dateModified":"2026-04-13T22:37:42+00:00","breadcrumb":{"@id":"https:\/\/www.rabaini.it\/de\/rebel-sneakers-aus-denim\/#breadcrumb"},"inLanguage":"de","potentialAction":[{"@type":"ReadAction","target":["https:\/\/www.rabaini.it\/de\/rebel-sneakers-aus-denim\/"]}]},{"@type":"ImageObject","inLanguage":"de","@id":"https:\/\/www.rabaini.it\/de\/rebel-sneakers-aus-denim\/#primaryimage","url":"https:\/\/www.rabaini.it\/wp-content\/uploads\/2026\/04\/DSC_1887.jpg","contentUrl":"https:\/\/www.rabaini.it\/wp-content\/uploads\/2026\/04\/DSC_1887.jpg","width":1500,"height":1500},{"@type":"BreadcrumbList","@id":"https:\/\/www.rabaini.it\/de\/rebel-sneakers-aus-denim\/#breadcrumb","itemListElement":[{"@type":"ListItem","position":1,"name":"Home","item":"https:\/\/www.rabaini.it\/de\/homepage\/"},{"@type":"ListItem","position":2,"name":"Gesch\u00e4ft","item":"https:\/\/www.rabaini.it\/geschaeft\/"},{"@type":"ListItem","position":3,"name":"Herren","item":"https:\/\/www.rabaini.it\/de\/herren\/"},{"@type":"ListItem","position":4,"name":"REBEL SNEAKERS AUS DENIM"}]},{"@type":"WebSite","@id":"https:\/\/www.rabaini.it\/de\/#website","url":"https:\/\/www.rabaini.it\/de\/","name":"Rabaini","description":"","potentialAction":[{"@type":"SearchAction","target":{"@type":"EntryPoint","urlTemplate":"https:\/\/www.rabaini.it\/de\/?s={search_term_string}"},"query-input":{"@type":"PropertyValueSpecification","valueRequired":true,"valueName":"search_term_string"}}],"inLanguage":"de"}]}},"_links":{"self":[{"href":"https:\/\/www.rabaini.it\/de\/wp-json\/wp\/v2\/product\/152828","targetHints":{"allow":["GET"]}}],"collection":[{"href":"https:\/\/www.rabaini.it\/de\/wp-json\/wp\/v2\/product"}],"about":[{"href":"https:\/\/www.rabaini.it\/de\/wp-json\/wp\/v2\/types\/product"}],"wp:featuredmedia":[{"embeddable":true,"href":"https:\/\/www.rabaini.it\/de\/wp-json\/wp\/v2\/media\/151112"}],"wp:attachment":[{"href":"https:\/\/www.rabaini.it\/de\/wp-json\/wp\/v2\/media?parent=152828"}],"wp:term":[{"taxonomy":"product_brand","embeddable":true,"href":"https:\/\/www.rabaini.it\/de\/wp-json\/wp\/v2\/product_brand?post=152828"},{"taxonomy":"product_cat","embeddable":true,"href":"https:\/\/www.rabaini.it\/de\/wp-json\/wp\/v2\/product_cat?post=152828"},{"taxonomy":"product_tag","embeddable":true,"href":"https:\/\/www.rabaini.it\/de\/wp-json\/wp\/v2\/product_tag?post=152828"}],"curies":[{"name":"wp","href":"https:\/\/api.w.org\/{rel}","templated":true}]}}