{"id":152744,"date":"2026-04-10T16:36:47","date_gmt":"2026-04-10T14:36:47","guid":{"rendered":"https:\/\/www.rabaini.it\/?post_type=product&#038;p=152744"},"modified":"2026-04-14T00:34:12","modified_gmt":"2026-04-13T22:34:12","slug":"h-tv-mokassins-aus-wildleder-in-braun","status":"publish","type":"product","link":"https:\/\/www.rabaini.it\/de\/h-tv-mokassins-aus-wildleder-in-braun\/","title":{"rendered":"H-TV Mokassins aus Wildleder in Braun"},"content":{"rendered":"<ul>\n<li>Artikelnummer: HXM6680GB50BTMS610<\/li>\n<li>Farbe: Braun<\/li>\n<li>Klar definierte Linien, eine nostalgische R\u00fcckkehr zur Techwear der 80er Jahre dient als Inspiration f\u00fcr das Modell Hogan H-TV<\/li>\n<li>Diese Mokassin-Version aus Wildleder verf\u00fcgt \u00fcber eine leichte Sohle und einen Riemen mit handwerklichen Ziern\u00e4hten<\/li>\n<li>Die Memory-Foam-Innensohle sorgt f\u00fcr ein gepolstertes Tragegef\u00fchl<\/li>\n<li>Hogan H-TV Herren-Mokassins<\/li>\n<li>Obermaterial aus Wildleder<\/li>\n<li>Riemen-Detail<\/li>\n<li>Handgefertigte N\u00e4hte<\/li>\n<li>8 mm Memory-Foam-Innensohle<\/li>\n<li>Gummisohle<\/li>\n<li>Gesamth\u00f6he: 3,5 cm<\/li>\n<\/ul>\n","protected":false},"excerpt":{"rendered":"<p>Artikelnummer: HXM6680GB50BTMS610 Farbe: Braun Klar definierte Linien, eine nostalgische R\u00fcckkehr zur Techwear der 80er Jahre dient als Inspiration f\u00fcr das Modell Hogan H-TV Diese Mokassin-Version aus Wildleder verf\u00fcgt \u00fcber eine leichte Sohle und einen Riemen mit handwerklichen Ziern\u00e4hten Die Memory-Foam-Innensohle sorgt f\u00fcr ein gepolstertes Tragegef\u00fchl Hogan H-TV Herren-Mokassins Obermaterial aus Wildleder Riemen-Detail Handgefertigte N\u00e4hte 8&hellip;<\/p>\n","protected":false},"featured_media":151004,"template":"","meta":{"_acf_changed":false},"product_brand":[],"product_cat":[1324,1358,1359,1356],"product_tag":[1719],"class_list":{"0":"post-152744","1":"product","2":"type-product","3":"status-publish","4":"has-post-thumbnail","6":"product_cat-herren","7":"product_cat-herrenschuhe","8":"product_cat-mokassins-herren","9":"product_cat-neuheiten-fur-herren","10":"product_tag-neuheiten","11":"marca-hogan-de","13":"first","14":"instock","15":"shipping-taxable","16":"purchasable","17":"product-type-variable"},"acf":[],"yoast_head":"<!-- This site is optimized with the Yoast SEO plugin v27.2 - https:\/\/yoast.com\/product\/yoast-seo-wordpress\/ -->\n<title>H-TV Mokassins aus Wildleder in Braun - Rabaini<\/title>\n<meta name=\"robots\" content=\"index, follow, max-snippet:-1, max-image-preview:large, max-video-preview:-1\" \/>\n<link rel=\"canonical\" href=\"https:\/\/www.rabaini.it\/de\/h-tv-mokassins-aus-wildleder-in-braun\/\" \/>\n<meta property=\"og:locale\" content=\"de_DE\" \/>\n<meta property=\"og:type\" content=\"article\" \/>\n<meta property=\"og:title\" content=\"H-TV Mokassins aus Wildleder in Braun - Rabaini\" \/>\n<meta property=\"og:description\" content=\"Artikelnummer: HXM6680GB50BTMS610 Farbe: Braun Klar definierte Linien, eine nostalgische R\u00fcckkehr zur Techwear der 80er Jahre dient als Inspiration f\u00fcr das Modell Hogan H-TV Diese Mokassin-Version aus Wildleder verf\u00fcgt \u00fcber eine leichte Sohle und einen Riemen mit handwerklichen Ziern\u00e4hten Die Memory-Foam-Innensohle sorgt f\u00fcr ein gepolstertes Tragegef\u00fchl Hogan H-TV Herren-Mokassins Obermaterial aus Wildleder Riemen-Detail Handgefertigte N\u00e4hte 8&hellip;\" \/>\n<meta property=\"og:url\" content=\"https:\/\/www.rabaini.it\/de\/h-tv-mokassins-aus-wildleder-in-braun\/\" \/>\n<meta property=\"og:site_name\" content=\"Rabaini\" \/>\n<meta property=\"article:modified_time\" content=\"2026-04-13T22:34:12+00:00\" \/>\n<meta property=\"og:image\" content=\"https:\/\/www.rabaini.it\/wp-content\/uploads\/2026\/04\/DSC_1850.jpg\" \/>\n\t<meta property=\"og:image:width\" content=\"1500\" \/>\n\t<meta property=\"og:image:height\" content=\"1500\" \/>\n\t<meta property=\"og:image:type\" content=\"image\/jpeg\" \/>\n<meta name=\"twitter:card\" content=\"summary_large_image\" \/>\n<script type=\"application\/ld+json\" class=\"yoast-schema-graph\">{\"@context\":\"https:\/\/schema.org\",\"@graph\":[{\"@type\":\"WebPage\",\"@id\":\"https:\/\/www.rabaini.it\/de\/h-tv-mokassins-aus-wildleder-in-braun\/\",\"url\":\"https:\/\/www.rabaini.it\/de\/h-tv-mokassins-aus-wildleder-in-braun\/\",\"name\":\"H-TV Mokassins aus Wildleder in Braun - Rabaini\",\"isPartOf\":{\"@id\":\"https:\/\/www.rabaini.it\/de\/#website\"},\"primaryImageOfPage\":{\"@id\":\"https:\/\/www.rabaini.it\/de\/h-tv-mokassins-aus-wildleder-in-braun\/#primaryimage\"},\"image\":{\"@id\":\"https:\/\/www.rabaini.it\/de\/h-tv-mokassins-aus-wildleder-in-braun\/#primaryimage\"},\"thumbnailUrl\":\"https:\/\/www.rabaini.it\/wp-content\/uploads\/2026\/04\/DSC_1850.jpg\",\"datePublished\":\"2026-04-10T14:36:47+00:00\",\"dateModified\":\"2026-04-13T22:34:12+00:00\",\"breadcrumb\":{\"@id\":\"https:\/\/www.rabaini.it\/de\/h-tv-mokassins-aus-wildleder-in-braun\/#breadcrumb\"},\"inLanguage\":\"de\",\"potentialAction\":[{\"@type\":\"ReadAction\",\"target\":[\"https:\/\/www.rabaini.it\/de\/h-tv-mokassins-aus-wildleder-in-braun\/\"]}]},{\"@type\":\"ImageObject\",\"inLanguage\":\"de\",\"@id\":\"https:\/\/www.rabaini.it\/de\/h-tv-mokassins-aus-wildleder-in-braun\/#primaryimage\",\"url\":\"https:\/\/www.rabaini.it\/wp-content\/uploads\/2026\/04\/DSC_1850.jpg\",\"contentUrl\":\"https:\/\/www.rabaini.it\/wp-content\/uploads\/2026\/04\/DSC_1850.jpg\",\"width\":1500,\"height\":1500},{\"@type\":\"BreadcrumbList\",\"@id\":\"https:\/\/www.rabaini.it\/de\/h-tv-mokassins-aus-wildleder-in-braun\/#breadcrumb\",\"itemListElement\":[{\"@type\":\"ListItem\",\"position\":1,\"name\":\"Home\",\"item\":\"https:\/\/www.rabaini.it\/de\/homepage\/\"},{\"@type\":\"ListItem\",\"position\":2,\"name\":\"Gesch\u00e4ft\",\"item\":\"https:\/\/www.rabaini.it\/geschaeft\/\"},{\"@type\":\"ListItem\",\"position\":3,\"name\":\"Herren\",\"item\":\"https:\/\/www.rabaini.it\/de\/herren\/\"},{\"@type\":\"ListItem\",\"position\":4,\"name\":\"H-TV Mokassins aus Wildleder in Braun\"}]},{\"@type\":\"WebSite\",\"@id\":\"https:\/\/www.rabaini.it\/de\/#website\",\"url\":\"https:\/\/www.rabaini.it\/de\/\",\"name\":\"Rabaini\",\"description\":\"\",\"potentialAction\":[{\"@type\":\"SearchAction\",\"target\":{\"@type\":\"EntryPoint\",\"urlTemplate\":\"https:\/\/www.rabaini.it\/de\/?s={search_term_string}\"},\"query-input\":{\"@type\":\"PropertyValueSpecification\",\"valueRequired\":true,\"valueName\":\"search_term_string\"}}],\"inLanguage\":\"de\"}]}<\/script>\n<!-- \/ Yoast SEO plugin. -->","yoast_head_json":{"title":"H-TV Mokassins aus Wildleder in Braun - Rabaini","robots":{"index":"index","follow":"follow","max-snippet":"max-snippet:-1","max-image-preview":"max-image-preview:large","max-video-preview":"max-video-preview:-1"},"canonical":"https:\/\/www.rabaini.it\/de\/h-tv-mokassins-aus-wildleder-in-braun\/","og_locale":"de_DE","og_type":"article","og_title":"H-TV Mokassins aus Wildleder in Braun - Rabaini","og_description":"Artikelnummer: HXM6680GB50BTMS610 Farbe: Braun Klar definierte Linien, eine nostalgische R\u00fcckkehr zur Techwear der 80er Jahre dient als Inspiration f\u00fcr das Modell Hogan H-TV Diese Mokassin-Version aus Wildleder verf\u00fcgt \u00fcber eine leichte Sohle und einen Riemen mit handwerklichen Ziern\u00e4hten Die Memory-Foam-Innensohle sorgt f\u00fcr ein gepolstertes Tragegef\u00fchl Hogan H-TV Herren-Mokassins Obermaterial aus Wildleder Riemen-Detail Handgefertigte N\u00e4hte 8&hellip;","og_url":"https:\/\/www.rabaini.it\/de\/h-tv-mokassins-aus-wildleder-in-braun\/","og_site_name":"Rabaini","article_modified_time":"2026-04-13T22:34:12+00:00","og_image":[{"width":1500,"height":1500,"url":"https:\/\/www.rabaini.it\/wp-content\/uploads\/2026\/04\/DSC_1850.jpg","type":"image\/jpeg"}],"twitter_card":"summary_large_image","schema":{"@context":"https:\/\/schema.org","@graph":[{"@type":"WebPage","@id":"https:\/\/www.rabaini.it\/de\/h-tv-mokassins-aus-wildleder-in-braun\/","url":"https:\/\/www.rabaini.it\/de\/h-tv-mokassins-aus-wildleder-in-braun\/","name":"H-TV Mokassins aus Wildleder in Braun - Rabaini","isPartOf":{"@id":"https:\/\/www.rabaini.it\/de\/#website"},"primaryImageOfPage":{"@id":"https:\/\/www.rabaini.it\/de\/h-tv-mokassins-aus-wildleder-in-braun\/#primaryimage"},"image":{"@id":"https:\/\/www.rabaini.it\/de\/h-tv-mokassins-aus-wildleder-in-braun\/#primaryimage"},"thumbnailUrl":"https:\/\/www.rabaini.it\/wp-content\/uploads\/2026\/04\/DSC_1850.jpg","datePublished":"2026-04-10T14:36:47+00:00","dateModified":"2026-04-13T22:34:12+00:00","breadcrumb":{"@id":"https:\/\/www.rabaini.it\/de\/h-tv-mokassins-aus-wildleder-in-braun\/#breadcrumb"},"inLanguage":"de","potentialAction":[{"@type":"ReadAction","target":["https:\/\/www.rabaini.it\/de\/h-tv-mokassins-aus-wildleder-in-braun\/"]}]},{"@type":"ImageObject","inLanguage":"de","@id":"https:\/\/www.rabaini.it\/de\/h-tv-mokassins-aus-wildleder-in-braun\/#primaryimage","url":"https:\/\/www.rabaini.it\/wp-content\/uploads\/2026\/04\/DSC_1850.jpg","contentUrl":"https:\/\/www.rabaini.it\/wp-content\/uploads\/2026\/04\/DSC_1850.jpg","width":1500,"height":1500},{"@type":"BreadcrumbList","@id":"https:\/\/www.rabaini.it\/de\/h-tv-mokassins-aus-wildleder-in-braun\/#breadcrumb","itemListElement":[{"@type":"ListItem","position":1,"name":"Home","item":"https:\/\/www.rabaini.it\/de\/homepage\/"},{"@type":"ListItem","position":2,"name":"Gesch\u00e4ft","item":"https:\/\/www.rabaini.it\/geschaeft\/"},{"@type":"ListItem","position":3,"name":"Herren","item":"https:\/\/www.rabaini.it\/de\/herren\/"},{"@type":"ListItem","position":4,"name":"H-TV Mokassins aus Wildleder in Braun"}]},{"@type":"WebSite","@id":"https:\/\/www.rabaini.it\/de\/#website","url":"https:\/\/www.rabaini.it\/de\/","name":"Rabaini","description":"","potentialAction":[{"@type":"SearchAction","target":{"@type":"EntryPoint","urlTemplate":"https:\/\/www.rabaini.it\/de\/?s={search_term_string}"},"query-input":{"@type":"PropertyValueSpecification","valueRequired":true,"valueName":"search_term_string"}}],"inLanguage":"de"}]}},"_links":{"self":[{"href":"https:\/\/www.rabaini.it\/de\/wp-json\/wp\/v2\/product\/152744","targetHints":{"allow":["GET"]}}],"collection":[{"href":"https:\/\/www.rabaini.it\/de\/wp-json\/wp\/v2\/product"}],"about":[{"href":"https:\/\/www.rabaini.it\/de\/wp-json\/wp\/v2\/types\/product"}],"wp:featuredmedia":[{"embeddable":true,"href":"https:\/\/www.rabaini.it\/de\/wp-json\/wp\/v2\/media\/151004"}],"wp:attachment":[{"href":"https:\/\/www.rabaini.it\/de\/wp-json\/wp\/v2\/media?parent=152744"}],"wp:term":[{"taxonomy":"product_brand","embeddable":true,"href":"https:\/\/www.rabaini.it\/de\/wp-json\/wp\/v2\/product_brand?post=152744"},{"taxonomy":"product_cat","embeddable":true,"href":"https:\/\/www.rabaini.it\/de\/wp-json\/wp\/v2\/product_cat?post=152744"},{"taxonomy":"product_tag","embeddable":true,"href":"https:\/\/www.rabaini.it\/de\/wp-json\/wp\/v2\/product_tag?post=152744"}],"curies":[{"name":"wp","href":"https:\/\/api.w.org\/{rel}","templated":true}]}}