{"id":152722,"date":"2026-04-10T16:31:52","date_gmt":"2026-04-10T14:31:52","guid":{"rendered":"https:\/\/www.rabaini.it\/?post_type=product&#038;p=152722"},"modified":"2026-04-14T00:49:22","modified_gmt":"2026-04-13T22:49:22","slug":"clogs-aus-braunem-wildlder","status":"publish","type":"product","link":"https:\/\/www.rabaini.it\/de\/clogs-aus-braunem-wildlder\/","title":{"rendered":"CLOGS AUS BRAUNEM WILDLDER"},"content":{"rendered":"<ul>\n<li>Artikelnummer: CPH798<\/li>\n<li>Farbe: Braun<\/li>\n<li>Made in Italy<\/li>\n<li>Moderne Clog-Sandalen aus weichem Wildleder (Leder)<\/li>\n<li>Die charakteristische Holzsohle mit Absatz und die offene Spitze sorgen f\u00fcr einen trendigen Look, w\u00e4hrend das dezente Logo auf dem Wildleder und die silbernen Nieten an den Seiten ein markantes Detail hinzuf\u00fcgen<\/li>\n<li>Die Schuhe werden in Kopenhagen entworfen und in Europa hergestellt<\/li>\n<li>Das Leder stammt von ausgew\u00e4hlten familiengef\u00fchrten Manufakturen in Italien<\/li>\n<li>Au\u00dfenmaterial: weiches Wildleder (Leder) aus Italien<\/li>\n<li>Innenmaterial: weiches Leder<\/li>\n<li>Flexible, rutschfeste und strapazierf\u00e4hige Sohle<\/li>\n<li>Handgefertigt in Italien<\/li>\n<\/ul>\n","protected":false},"excerpt":{"rendered":"<p>Artikelnummer: CPH798 Farbe: Braun Made in Italy Moderne Clog-Sandalen aus weichem Wildleder (Leder) Die charakteristische Holzsohle mit Absatz und die offene Spitze sorgen f\u00fcr einen trendigen Look, w\u00e4hrend das dezente Logo auf dem Wildleder und die silbernen Nieten an den Seiten ein markantes Detail hinzuf\u00fcgen Die Schuhe werden in Kopenhagen entworfen und in Europa hergestellt&hellip;<\/p>\n","protected":false},"featured_media":150995,"template":"","meta":{"_acf_changed":false},"product_brand":[],"product_cat":[1273,1310,1322,1308],"product_tag":[1719],"class_list":{"0":"post-152722","1":"product","2":"type-product","3":"status-publish","4":"has-post-thumbnail","6":"product_cat-damen","7":"product_cat-damenschuhe","8":"product_cat-hufe-damen","9":"product_cat-neuheiten-fur-damen","10":"product_tag-neuheiten","11":"marca-copenhagen-de","13":"first","14":"instock","15":"shipping-taxable","16":"purchasable","17":"product-type-variable"},"acf":[],"yoast_head":"<!-- This site is optimized with the Yoast SEO plugin v27.2 - https:\/\/yoast.com\/product\/yoast-seo-wordpress\/ -->\n<title>CLOGS AUS BRAUNEM WILDLDER - Rabaini<\/title>\n<meta name=\"robots\" content=\"index, follow, max-snippet:-1, max-image-preview:large, max-video-preview:-1\" \/>\n<link rel=\"canonical\" href=\"https:\/\/www.rabaini.it\/de\/clogs-aus-braunem-wildlder\/\" \/>\n<meta property=\"og:locale\" content=\"de_DE\" \/>\n<meta property=\"og:type\" content=\"article\" \/>\n<meta property=\"og:title\" content=\"CLOGS AUS BRAUNEM WILDLDER - Rabaini\" \/>\n<meta property=\"og:description\" content=\"Artikelnummer: CPH798 Farbe: Braun Made in Italy Moderne Clog-Sandalen aus weichem Wildleder (Leder) Die charakteristische Holzsohle mit Absatz und die offene Spitze sorgen f\u00fcr einen trendigen Look, w\u00e4hrend das dezente Logo auf dem Wildleder und die silbernen Nieten an den Seiten ein markantes Detail hinzuf\u00fcgen Die Schuhe werden in Kopenhagen entworfen und in Europa hergestellt&hellip;\" \/>\n<meta property=\"og:url\" content=\"https:\/\/www.rabaini.it\/de\/clogs-aus-braunem-wildlder\/\" \/>\n<meta property=\"og:site_name\" content=\"Rabaini\" \/>\n<meta property=\"article:modified_time\" content=\"2026-04-13T22:49:22+00:00\" \/>\n<meta property=\"og:image\" content=\"https:\/\/www.rabaini.it\/wp-content\/uploads\/2026\/04\/DSC_1847.jpg\" \/>\n\t<meta property=\"og:image:width\" content=\"1500\" \/>\n\t<meta property=\"og:image:height\" content=\"1500\" \/>\n\t<meta property=\"og:image:type\" content=\"image\/jpeg\" \/>\n<meta name=\"twitter:card\" content=\"summary_large_image\" \/>\n<script type=\"application\/ld+json\" class=\"yoast-schema-graph\">{\"@context\":\"https:\/\/schema.org\",\"@graph\":[{\"@type\":\"WebPage\",\"@id\":\"https:\/\/www.rabaini.it\/de\/clogs-aus-braunem-wildlder\/\",\"url\":\"https:\/\/www.rabaini.it\/de\/clogs-aus-braunem-wildlder\/\",\"name\":\"CLOGS AUS BRAUNEM WILDLDER - Rabaini\",\"isPartOf\":{\"@id\":\"https:\/\/www.rabaini.it\/de\/#website\"},\"primaryImageOfPage\":{\"@id\":\"https:\/\/www.rabaini.it\/de\/clogs-aus-braunem-wildlder\/#primaryimage\"},\"image\":{\"@id\":\"https:\/\/www.rabaini.it\/de\/clogs-aus-braunem-wildlder\/#primaryimage\"},\"thumbnailUrl\":\"https:\/\/www.rabaini.it\/wp-content\/uploads\/2026\/04\/DSC_1847.jpg\",\"datePublished\":\"2026-04-10T14:31:52+00:00\",\"dateModified\":\"2026-04-13T22:49:22+00:00\",\"breadcrumb\":{\"@id\":\"https:\/\/www.rabaini.it\/de\/clogs-aus-braunem-wildlder\/#breadcrumb\"},\"inLanguage\":\"de\",\"potentialAction\":[{\"@type\":\"ReadAction\",\"target\":[\"https:\/\/www.rabaini.it\/de\/clogs-aus-braunem-wildlder\/\"]}]},{\"@type\":\"ImageObject\",\"inLanguage\":\"de\",\"@id\":\"https:\/\/www.rabaini.it\/de\/clogs-aus-braunem-wildlder\/#primaryimage\",\"url\":\"https:\/\/www.rabaini.it\/wp-content\/uploads\/2026\/04\/DSC_1847.jpg\",\"contentUrl\":\"https:\/\/www.rabaini.it\/wp-content\/uploads\/2026\/04\/DSC_1847.jpg\",\"width\":1500,\"height\":1500},{\"@type\":\"BreadcrumbList\",\"@id\":\"https:\/\/www.rabaini.it\/de\/clogs-aus-braunem-wildlder\/#breadcrumb\",\"itemListElement\":[{\"@type\":\"ListItem\",\"position\":1,\"name\":\"Home\",\"item\":\"https:\/\/www.rabaini.it\/de\/homepage\/\"},{\"@type\":\"ListItem\",\"position\":2,\"name\":\"Gesch\u00e4ft\",\"item\":\"https:\/\/www.rabaini.it\/geschaeft\/\"},{\"@type\":\"ListItem\",\"position\":3,\"name\":\"Damen\",\"item\":\"https:\/\/www.rabaini.it\/de\/damen\/\"},{\"@type\":\"ListItem\",\"position\":4,\"name\":\"CLOGS AUS BRAUNEM WILDLDER\"}]},{\"@type\":\"WebSite\",\"@id\":\"https:\/\/www.rabaini.it\/de\/#website\",\"url\":\"https:\/\/www.rabaini.it\/de\/\",\"name\":\"Rabaini\",\"description\":\"\",\"potentialAction\":[{\"@type\":\"SearchAction\",\"target\":{\"@type\":\"EntryPoint\",\"urlTemplate\":\"https:\/\/www.rabaini.it\/de\/?s={search_term_string}\"},\"query-input\":{\"@type\":\"PropertyValueSpecification\",\"valueRequired\":true,\"valueName\":\"search_term_string\"}}],\"inLanguage\":\"de\"}]}<\/script>\n<!-- \/ Yoast SEO plugin. -->","yoast_head_json":{"title":"CLOGS AUS BRAUNEM WILDLDER - Rabaini","robots":{"index":"index","follow":"follow","max-snippet":"max-snippet:-1","max-image-preview":"max-image-preview:large","max-video-preview":"max-video-preview:-1"},"canonical":"https:\/\/www.rabaini.it\/de\/clogs-aus-braunem-wildlder\/","og_locale":"de_DE","og_type":"article","og_title":"CLOGS AUS BRAUNEM WILDLDER - Rabaini","og_description":"Artikelnummer: CPH798 Farbe: Braun Made in Italy Moderne Clog-Sandalen aus weichem Wildleder (Leder) Die charakteristische Holzsohle mit Absatz und die offene Spitze sorgen f\u00fcr einen trendigen Look, w\u00e4hrend das dezente Logo auf dem Wildleder und die silbernen Nieten an den Seiten ein markantes Detail hinzuf\u00fcgen Die Schuhe werden in Kopenhagen entworfen und in Europa hergestellt&hellip;","og_url":"https:\/\/www.rabaini.it\/de\/clogs-aus-braunem-wildlder\/","og_site_name":"Rabaini","article_modified_time":"2026-04-13T22:49:22+00:00","og_image":[{"width":1500,"height":1500,"url":"https:\/\/www.rabaini.it\/wp-content\/uploads\/2026\/04\/DSC_1847.jpg","type":"image\/jpeg"}],"twitter_card":"summary_large_image","schema":{"@context":"https:\/\/schema.org","@graph":[{"@type":"WebPage","@id":"https:\/\/www.rabaini.it\/de\/clogs-aus-braunem-wildlder\/","url":"https:\/\/www.rabaini.it\/de\/clogs-aus-braunem-wildlder\/","name":"CLOGS AUS BRAUNEM WILDLDER - Rabaini","isPartOf":{"@id":"https:\/\/www.rabaini.it\/de\/#website"},"primaryImageOfPage":{"@id":"https:\/\/www.rabaini.it\/de\/clogs-aus-braunem-wildlder\/#primaryimage"},"image":{"@id":"https:\/\/www.rabaini.it\/de\/clogs-aus-braunem-wildlder\/#primaryimage"},"thumbnailUrl":"https:\/\/www.rabaini.it\/wp-content\/uploads\/2026\/04\/DSC_1847.jpg","datePublished":"2026-04-10T14:31:52+00:00","dateModified":"2026-04-13T22:49:22+00:00","breadcrumb":{"@id":"https:\/\/www.rabaini.it\/de\/clogs-aus-braunem-wildlder\/#breadcrumb"},"inLanguage":"de","potentialAction":[{"@type":"ReadAction","target":["https:\/\/www.rabaini.it\/de\/clogs-aus-braunem-wildlder\/"]}]},{"@type":"ImageObject","inLanguage":"de","@id":"https:\/\/www.rabaini.it\/de\/clogs-aus-braunem-wildlder\/#primaryimage","url":"https:\/\/www.rabaini.it\/wp-content\/uploads\/2026\/04\/DSC_1847.jpg","contentUrl":"https:\/\/www.rabaini.it\/wp-content\/uploads\/2026\/04\/DSC_1847.jpg","width":1500,"height":1500},{"@type":"BreadcrumbList","@id":"https:\/\/www.rabaini.it\/de\/clogs-aus-braunem-wildlder\/#breadcrumb","itemListElement":[{"@type":"ListItem","position":1,"name":"Home","item":"https:\/\/www.rabaini.it\/de\/homepage\/"},{"@type":"ListItem","position":2,"name":"Gesch\u00e4ft","item":"https:\/\/www.rabaini.it\/geschaeft\/"},{"@type":"ListItem","position":3,"name":"Damen","item":"https:\/\/www.rabaini.it\/de\/damen\/"},{"@type":"ListItem","position":4,"name":"CLOGS AUS BRAUNEM WILDLDER"}]},{"@type":"WebSite","@id":"https:\/\/www.rabaini.it\/de\/#website","url":"https:\/\/www.rabaini.it\/de\/","name":"Rabaini","description":"","potentialAction":[{"@type":"SearchAction","target":{"@type":"EntryPoint","urlTemplate":"https:\/\/www.rabaini.it\/de\/?s={search_term_string}"},"query-input":{"@type":"PropertyValueSpecification","valueRequired":true,"valueName":"search_term_string"}}],"inLanguage":"de"}]}},"_links":{"self":[{"href":"https:\/\/www.rabaini.it\/de\/wp-json\/wp\/v2\/product\/152722","targetHints":{"allow":["GET"]}}],"collection":[{"href":"https:\/\/www.rabaini.it\/de\/wp-json\/wp\/v2\/product"}],"about":[{"href":"https:\/\/www.rabaini.it\/de\/wp-json\/wp\/v2\/types\/product"}],"wp:featuredmedia":[{"embeddable":true,"href":"https:\/\/www.rabaini.it\/de\/wp-json\/wp\/v2\/media\/150995"}],"wp:attachment":[{"href":"https:\/\/www.rabaini.it\/de\/wp-json\/wp\/v2\/media?parent=152722"}],"wp:term":[{"taxonomy":"product_brand","embeddable":true,"href":"https:\/\/www.rabaini.it\/de\/wp-json\/wp\/v2\/product_brand?post=152722"},{"taxonomy":"product_cat","embeddable":true,"href":"https:\/\/www.rabaini.it\/de\/wp-json\/wp\/v2\/product_cat?post=152722"},{"taxonomy":"product_tag","embeddable":true,"href":"https:\/\/www.rabaini.it\/de\/wp-json\/wp\/v2\/product_tag?post=152722"}],"curies":[{"name":"wp","href":"https:\/\/api.w.org\/{rel}","templated":true}]}}