{"id":152706,"date":"2026-04-10T16:13:59","date_gmt":"2026-04-10T14:13:59","guid":{"rendered":"https:\/\/www.rabaini.it\/?post_type=product&#038;p=152706"},"modified":"2026-04-13T19:25:02","modified_gmt":"2026-04-13T17:25:02","slug":"sandalen-mit-doppeltem-riemen-aus-denim","status":"publish","type":"product","link":"https:\/\/www.rabaini.it\/de\/sandalen-mit-doppeltem-riemen-aus-denim\/","title":{"rendered":"Sandalen mit doppeltem Riemen aus Denim"},"content":{"rendered":"<ul>\n<li>Artikelnummer: CPH704<\/li>\n<li>Farbe: Denim<\/li>\n<li>Made in Italy<\/li>\n<li>Aus weichem Denim gefertigt, verbinden diese Sandalen ein raffiniertes Design mit maximalem Komfort<\/li>\n<li>Der doppelte Riemen mit Klettverschluss sorgt f\u00fcr sicheren Halt, w\u00e4hrend das dezente Logo an der Au\u00dfenseite und die dunkle Sohle dem Look eine moderne Note verleihen<\/li>\n<li>Die Schuhe werden in Kopenhagen entworfen und in Europa hergestellt<\/li>\n<li>Das Leder stammt von ausgew\u00e4hlten familiengef\u00fchrten Manufakturen in Italien<\/li>\n<li>Au\u00dfenmaterial: weiches Denim<\/li>\n<li>Innenmaterial: weiches Glattleder<\/li>\n<li>Gepolsterte Innensohle aus Leder<\/li>\n<li>Flexible, rutschfeste und strapazierf\u00e4hige Sohle<\/li>\n<li>Handgefertigt in Italien<\/li>\n<\/ul>\n","protected":false},"excerpt":{"rendered":"<p>Artikelnummer: CPH704 Farbe: Denim Made in Italy Aus weichem Denim gefertigt, verbinden diese Sandalen ein raffiniertes Design mit maximalem Komfort Der doppelte Riemen mit Klettverschluss sorgt f\u00fcr sicheren Halt, w\u00e4hrend das dezente Logo an der Au\u00dfenseite und die dunkle Sohle dem Look eine moderne Note verleihen Die Schuhe werden in Kopenhagen entworfen und in Europa&hellip;<\/p>\n","protected":false},"featured_media":150986,"template":"","meta":{"_acf_changed":false},"product_brand":[],"product_cat":[1273,1310,1312,1308,1315],"product_tag":[1719],"class_list":{"0":"post-152706","1":"product","2":"type-product","3":"status-publish","4":"has-post-thumbnail","6":"product_cat-damen","7":"product_cat-damenschuhe","8":"product_cat-hausschuhe-damen","9":"product_cat-neuheiten-fur-damen","10":"product_cat-sandalen-damen","11":"product_tag-neuheiten","12":"marca-copenhagen-de","14":"first","15":"instock","16":"shipping-taxable","17":"purchasable","18":"product-type-variable"},"acf":[],"yoast_head":"<!-- This site is optimized with the Yoast SEO plugin v27.2 - https:\/\/yoast.com\/product\/yoast-seo-wordpress\/ -->\n<title>Sandalen mit doppeltem Riemen aus Denim - Rabaini<\/title>\n<meta name=\"robots\" content=\"index, follow, max-snippet:-1, max-image-preview:large, max-video-preview:-1\" \/>\n<link rel=\"canonical\" href=\"https:\/\/www.rabaini.it\/de\/sandalen-mit-doppeltem-riemen-aus-denim\/\" \/>\n<meta property=\"og:locale\" content=\"de_DE\" \/>\n<meta property=\"og:type\" content=\"article\" \/>\n<meta property=\"og:title\" content=\"Sandalen mit doppeltem Riemen aus Denim - Rabaini\" \/>\n<meta property=\"og:description\" content=\"Artikelnummer: CPH704 Farbe: Denim Made in Italy Aus weichem Denim gefertigt, verbinden diese Sandalen ein raffiniertes Design mit maximalem Komfort Der doppelte Riemen mit Klettverschluss sorgt f\u00fcr sicheren Halt, w\u00e4hrend das dezente Logo an der Au\u00dfenseite und die dunkle Sohle dem Look eine moderne Note verleihen Die Schuhe werden in Kopenhagen entworfen und in Europa&hellip;\" \/>\n<meta property=\"og:url\" content=\"https:\/\/www.rabaini.it\/de\/sandalen-mit-doppeltem-riemen-aus-denim\/\" \/>\n<meta property=\"og:site_name\" content=\"Rabaini\" \/>\n<meta property=\"article:modified_time\" content=\"2026-04-13T17:25:02+00:00\" \/>\n<meta property=\"og:image\" content=\"https:\/\/www.rabaini.it\/wp-content\/uploads\/2026\/04\/DSC_1844.jpg\" \/>\n\t<meta property=\"og:image:width\" content=\"1500\" \/>\n\t<meta property=\"og:image:height\" content=\"1500\" \/>\n\t<meta property=\"og:image:type\" content=\"image\/jpeg\" \/>\n<meta name=\"twitter:card\" content=\"summary_large_image\" \/>\n<script type=\"application\/ld+json\" class=\"yoast-schema-graph\">{\"@context\":\"https:\/\/schema.org\",\"@graph\":[{\"@type\":\"WebPage\",\"@id\":\"https:\/\/www.rabaini.it\/de\/sandalen-mit-doppeltem-riemen-aus-denim\/\",\"url\":\"https:\/\/www.rabaini.it\/de\/sandalen-mit-doppeltem-riemen-aus-denim\/\",\"name\":\"Sandalen mit doppeltem Riemen aus Denim - Rabaini\",\"isPartOf\":{\"@id\":\"https:\/\/www.rabaini.it\/de\/#website\"},\"primaryImageOfPage\":{\"@id\":\"https:\/\/www.rabaini.it\/de\/sandalen-mit-doppeltem-riemen-aus-denim\/#primaryimage\"},\"image\":{\"@id\":\"https:\/\/www.rabaini.it\/de\/sandalen-mit-doppeltem-riemen-aus-denim\/#primaryimage\"},\"thumbnailUrl\":\"https:\/\/www.rabaini.it\/wp-content\/uploads\/2026\/04\/DSC_1844.jpg\",\"datePublished\":\"2026-04-10T14:13:59+00:00\",\"dateModified\":\"2026-04-13T17:25:02+00:00\",\"breadcrumb\":{\"@id\":\"https:\/\/www.rabaini.it\/de\/sandalen-mit-doppeltem-riemen-aus-denim\/#breadcrumb\"},\"inLanguage\":\"de\",\"potentialAction\":[{\"@type\":\"ReadAction\",\"target\":[\"https:\/\/www.rabaini.it\/de\/sandalen-mit-doppeltem-riemen-aus-denim\/\"]}]},{\"@type\":\"ImageObject\",\"inLanguage\":\"de\",\"@id\":\"https:\/\/www.rabaini.it\/de\/sandalen-mit-doppeltem-riemen-aus-denim\/#primaryimage\",\"url\":\"https:\/\/www.rabaini.it\/wp-content\/uploads\/2026\/04\/DSC_1844.jpg\",\"contentUrl\":\"https:\/\/www.rabaini.it\/wp-content\/uploads\/2026\/04\/DSC_1844.jpg\",\"width\":1500,\"height\":1500},{\"@type\":\"BreadcrumbList\",\"@id\":\"https:\/\/www.rabaini.it\/de\/sandalen-mit-doppeltem-riemen-aus-denim\/#breadcrumb\",\"itemListElement\":[{\"@type\":\"ListItem\",\"position\":1,\"name\":\"Home\",\"item\":\"https:\/\/www.rabaini.it\/de\/homepage\/\"},{\"@type\":\"ListItem\",\"position\":2,\"name\":\"Gesch\u00e4ft\",\"item\":\"https:\/\/www.rabaini.it\/geschaeft\/\"},{\"@type\":\"ListItem\",\"position\":3,\"name\":\"Damen\",\"item\":\"https:\/\/www.rabaini.it\/de\/damen\/\"},{\"@type\":\"ListItem\",\"position\":4,\"name\":\"Sandalen mit doppeltem Riemen aus Denim\"}]},{\"@type\":\"WebSite\",\"@id\":\"https:\/\/www.rabaini.it\/de\/#website\",\"url\":\"https:\/\/www.rabaini.it\/de\/\",\"name\":\"Rabaini\",\"description\":\"\",\"potentialAction\":[{\"@type\":\"SearchAction\",\"target\":{\"@type\":\"EntryPoint\",\"urlTemplate\":\"https:\/\/www.rabaini.it\/de\/?s={search_term_string}\"},\"query-input\":{\"@type\":\"PropertyValueSpecification\",\"valueRequired\":true,\"valueName\":\"search_term_string\"}}],\"inLanguage\":\"de\"}]}<\/script>\n<!-- \/ Yoast SEO plugin. -->","yoast_head_json":{"title":"Sandalen mit doppeltem Riemen aus Denim - Rabaini","robots":{"index":"index","follow":"follow","max-snippet":"max-snippet:-1","max-image-preview":"max-image-preview:large","max-video-preview":"max-video-preview:-1"},"canonical":"https:\/\/www.rabaini.it\/de\/sandalen-mit-doppeltem-riemen-aus-denim\/","og_locale":"de_DE","og_type":"article","og_title":"Sandalen mit doppeltem Riemen aus Denim - Rabaini","og_description":"Artikelnummer: CPH704 Farbe: Denim Made in Italy Aus weichem Denim gefertigt, verbinden diese Sandalen ein raffiniertes Design mit maximalem Komfort Der doppelte Riemen mit Klettverschluss sorgt f\u00fcr sicheren Halt, w\u00e4hrend das dezente Logo an der Au\u00dfenseite und die dunkle Sohle dem Look eine moderne Note verleihen Die Schuhe werden in Kopenhagen entworfen und in Europa&hellip;","og_url":"https:\/\/www.rabaini.it\/de\/sandalen-mit-doppeltem-riemen-aus-denim\/","og_site_name":"Rabaini","article_modified_time":"2026-04-13T17:25:02+00:00","og_image":[{"width":1500,"height":1500,"url":"https:\/\/www.rabaini.it\/wp-content\/uploads\/2026\/04\/DSC_1844.jpg","type":"image\/jpeg"}],"twitter_card":"summary_large_image","schema":{"@context":"https:\/\/schema.org","@graph":[{"@type":"WebPage","@id":"https:\/\/www.rabaini.it\/de\/sandalen-mit-doppeltem-riemen-aus-denim\/","url":"https:\/\/www.rabaini.it\/de\/sandalen-mit-doppeltem-riemen-aus-denim\/","name":"Sandalen mit doppeltem Riemen aus Denim - Rabaini","isPartOf":{"@id":"https:\/\/www.rabaini.it\/de\/#website"},"primaryImageOfPage":{"@id":"https:\/\/www.rabaini.it\/de\/sandalen-mit-doppeltem-riemen-aus-denim\/#primaryimage"},"image":{"@id":"https:\/\/www.rabaini.it\/de\/sandalen-mit-doppeltem-riemen-aus-denim\/#primaryimage"},"thumbnailUrl":"https:\/\/www.rabaini.it\/wp-content\/uploads\/2026\/04\/DSC_1844.jpg","datePublished":"2026-04-10T14:13:59+00:00","dateModified":"2026-04-13T17:25:02+00:00","breadcrumb":{"@id":"https:\/\/www.rabaini.it\/de\/sandalen-mit-doppeltem-riemen-aus-denim\/#breadcrumb"},"inLanguage":"de","potentialAction":[{"@type":"ReadAction","target":["https:\/\/www.rabaini.it\/de\/sandalen-mit-doppeltem-riemen-aus-denim\/"]}]},{"@type":"ImageObject","inLanguage":"de","@id":"https:\/\/www.rabaini.it\/de\/sandalen-mit-doppeltem-riemen-aus-denim\/#primaryimage","url":"https:\/\/www.rabaini.it\/wp-content\/uploads\/2026\/04\/DSC_1844.jpg","contentUrl":"https:\/\/www.rabaini.it\/wp-content\/uploads\/2026\/04\/DSC_1844.jpg","width":1500,"height":1500},{"@type":"BreadcrumbList","@id":"https:\/\/www.rabaini.it\/de\/sandalen-mit-doppeltem-riemen-aus-denim\/#breadcrumb","itemListElement":[{"@type":"ListItem","position":1,"name":"Home","item":"https:\/\/www.rabaini.it\/de\/homepage\/"},{"@type":"ListItem","position":2,"name":"Gesch\u00e4ft","item":"https:\/\/www.rabaini.it\/geschaeft\/"},{"@type":"ListItem","position":3,"name":"Damen","item":"https:\/\/www.rabaini.it\/de\/damen\/"},{"@type":"ListItem","position":4,"name":"Sandalen mit doppeltem Riemen aus Denim"}]},{"@type":"WebSite","@id":"https:\/\/www.rabaini.it\/de\/#website","url":"https:\/\/www.rabaini.it\/de\/","name":"Rabaini","description":"","potentialAction":[{"@type":"SearchAction","target":{"@type":"EntryPoint","urlTemplate":"https:\/\/www.rabaini.it\/de\/?s={search_term_string}"},"query-input":{"@type":"PropertyValueSpecification","valueRequired":true,"valueName":"search_term_string"}}],"inLanguage":"de"}]}},"_links":{"self":[{"href":"https:\/\/www.rabaini.it\/de\/wp-json\/wp\/v2\/product\/152706","targetHints":{"allow":["GET"]}}],"collection":[{"href":"https:\/\/www.rabaini.it\/de\/wp-json\/wp\/v2\/product"}],"about":[{"href":"https:\/\/www.rabaini.it\/de\/wp-json\/wp\/v2\/types\/product"}],"wp:featuredmedia":[{"embeddable":true,"href":"https:\/\/www.rabaini.it\/de\/wp-json\/wp\/v2\/media\/150986"}],"wp:attachment":[{"href":"https:\/\/www.rabaini.it\/de\/wp-json\/wp\/v2\/media?parent=152706"}],"wp:term":[{"taxonomy":"product_brand","embeddable":true,"href":"https:\/\/www.rabaini.it\/de\/wp-json\/wp\/v2\/product_brand?post=152706"},{"taxonomy":"product_cat","embeddable":true,"href":"https:\/\/www.rabaini.it\/de\/wp-json\/wp\/v2\/product_cat?post=152706"},{"taxonomy":"product_tag","embeddable":true,"href":"https:\/\/www.rabaini.it\/de\/wp-json\/wp\/v2\/product_tag?post=152706"}],"curies":[{"name":"wp","href":"https:\/\/api.w.org\/{rel}","templated":true}]}}