{"id":152674,"date":"2026-04-10T16:05:51","date_gmt":"2026-04-10T14:05:51","guid":{"rendered":"https:\/\/www.rabaini.it\/?post_type=product&#038;p=152674"},"modified":"2026-04-13T19:23:34","modified_gmt":"2026-04-13T17:23:34","slug":"boots-mokassin-aus-denim","status":"publish","type":"product","link":"https:\/\/www.rabaini.it\/de\/boots-mokassin-aus-denim\/","title":{"rendered":"Boots-Mokassin aus Denim"},"content":{"rendered":"<ul>\n<li>Artikelnummer: CPH160<\/li>\n<li>Farbe: Denim<\/li>\n<li>Diese Bootsschuhe in Denim-Optik zeichnen sich durch eine entspannte Silhouette, feine N\u00e4hte und dezente Logo-Details aus<\/li>\n<li>Der Slip-on-Stil mit dekorativer Schn\u00fcrung und Metalldetails macht sie zu modernen Mokassins, perfekt f\u00fcr einen l\u00e4ssigen urbanen Look<\/li>\n<li>Die Schuhe werden in Kopenhagen entworfen und in Europa hergestellt<\/li>\n<li>Das Leder stammt von ausgew\u00e4hlten familiengef\u00fchrten Manufakturen in Italien<\/li>\n<li data-section-id=\"si5iab\" data-start=\"451\" data-end=\"487\">Au\u00dfenmaterial: weiches Denim<\/li>\n<li data-section-id=\"tfsjbu\" data-start=\"488\" data-end=\"532\">Innenmaterial: weiches Wildleder (Leder)<\/li>\n<li data-section-id=\"2ftr4y\" data-start=\"533\" data-end=\"586\">Herausnehmbare, gepolsterte Innensohle aus Leder<\/li>\n<li data-section-id=\"so5e68\" data-start=\"587\" data-end=\"633\">Flexible, rutschfeste und strapazierf\u00e4hige Sohle<\/li>\n<li data-section-id=\"1vmloi3\" data-start=\"780\" data-end=\"842\">Handgefertigt in Portugal<\/li>\n<\/ul>\n","protected":false},"excerpt":{"rendered":"<p>Artikelnummer: CPH160 Farbe: Denim Diese Bootsschuhe in Denim-Optik zeichnen sich durch eine entspannte Silhouette, feine N\u00e4hte und dezente Logo-Details aus Der Slip-on-Stil mit dekorativer Schn\u00fcrung und Metalldetails macht sie zu modernen Mokassins, perfekt f\u00fcr einen l\u00e4ssigen urbanen Look Die Schuhe werden in Kopenhagen entworfen und in Europa hergestellt Das Leder stammt von ausgew\u00e4hlten familiengef\u00fchrten Manufakturen&hellip;<\/p>\n","protected":false},"featured_media":150968,"template":"","meta":{"_acf_changed":false},"product_brand":[],"product_cat":[1273,1310,1313,1308],"product_tag":[1719],"class_list":{"0":"post-152674","1":"product","2":"type-product","3":"status-publish","4":"has-post-thumbnail","6":"product_cat-damen","7":"product_cat-damenschuhe","8":"product_cat-mokassins-damen","9":"product_cat-neuheiten-fur-damen","10":"product_tag-neuheiten","11":"marca-copenhagen-de","13":"first","14":"instock","15":"shipping-taxable","16":"purchasable","17":"product-type-variable"},"acf":[],"yoast_head":"<!-- This site is optimized with the Yoast SEO plugin v27.2 - https:\/\/yoast.com\/product\/yoast-seo-wordpress\/ -->\n<title>Boots-Mokassin aus Denim - Rabaini<\/title>\n<meta name=\"robots\" content=\"index, follow, max-snippet:-1, max-image-preview:large, max-video-preview:-1\" \/>\n<link rel=\"canonical\" href=\"https:\/\/www.rabaini.it\/de\/boots-mokassin-aus-denim\/\" \/>\n<meta property=\"og:locale\" content=\"de_DE\" \/>\n<meta property=\"og:type\" content=\"article\" \/>\n<meta property=\"og:title\" content=\"Boots-Mokassin aus Denim - Rabaini\" \/>\n<meta property=\"og:description\" content=\"Artikelnummer: CPH160 Farbe: Denim Diese Bootsschuhe in Denim-Optik zeichnen sich durch eine entspannte Silhouette, feine N\u00e4hte und dezente Logo-Details aus Der Slip-on-Stil mit dekorativer Schn\u00fcrung und Metalldetails macht sie zu modernen Mokassins, perfekt f\u00fcr einen l\u00e4ssigen urbanen Look Die Schuhe werden in Kopenhagen entworfen und in Europa hergestellt Das Leder stammt von ausgew\u00e4hlten familiengef\u00fchrten Manufakturen&hellip;\" \/>\n<meta property=\"og:url\" content=\"https:\/\/www.rabaini.it\/de\/boots-mokassin-aus-denim\/\" \/>\n<meta property=\"og:site_name\" content=\"Rabaini\" \/>\n<meta property=\"article:modified_time\" content=\"2026-04-13T17:23:34+00:00\" \/>\n<meta property=\"og:image\" content=\"https:\/\/www.rabaini.it\/wp-content\/uploads\/2026\/04\/DSC_1838.jpg\" \/>\n\t<meta property=\"og:image:width\" content=\"1500\" \/>\n\t<meta property=\"og:image:height\" content=\"1500\" \/>\n\t<meta property=\"og:image:type\" content=\"image\/jpeg\" \/>\n<meta name=\"twitter:card\" content=\"summary_large_image\" \/>\n<script type=\"application\/ld+json\" class=\"yoast-schema-graph\">{\"@context\":\"https:\/\/schema.org\",\"@graph\":[{\"@type\":\"WebPage\",\"@id\":\"https:\/\/www.rabaini.it\/de\/boots-mokassin-aus-denim\/\",\"url\":\"https:\/\/www.rabaini.it\/de\/boots-mokassin-aus-denim\/\",\"name\":\"Boots-Mokassin aus Denim - Rabaini\",\"isPartOf\":{\"@id\":\"https:\/\/www.rabaini.it\/de\/#website\"},\"primaryImageOfPage\":{\"@id\":\"https:\/\/www.rabaini.it\/de\/boots-mokassin-aus-denim\/#primaryimage\"},\"image\":{\"@id\":\"https:\/\/www.rabaini.it\/de\/boots-mokassin-aus-denim\/#primaryimage\"},\"thumbnailUrl\":\"https:\/\/www.rabaini.it\/wp-content\/uploads\/2026\/04\/DSC_1838.jpg\",\"datePublished\":\"2026-04-10T14:05:51+00:00\",\"dateModified\":\"2026-04-13T17:23:34+00:00\",\"breadcrumb\":{\"@id\":\"https:\/\/www.rabaini.it\/de\/boots-mokassin-aus-denim\/#breadcrumb\"},\"inLanguage\":\"de\",\"potentialAction\":[{\"@type\":\"ReadAction\",\"target\":[\"https:\/\/www.rabaini.it\/de\/boots-mokassin-aus-denim\/\"]}]},{\"@type\":\"ImageObject\",\"inLanguage\":\"de\",\"@id\":\"https:\/\/www.rabaini.it\/de\/boots-mokassin-aus-denim\/#primaryimage\",\"url\":\"https:\/\/www.rabaini.it\/wp-content\/uploads\/2026\/04\/DSC_1838.jpg\",\"contentUrl\":\"https:\/\/www.rabaini.it\/wp-content\/uploads\/2026\/04\/DSC_1838.jpg\",\"width\":1500,\"height\":1500},{\"@type\":\"BreadcrumbList\",\"@id\":\"https:\/\/www.rabaini.it\/de\/boots-mokassin-aus-denim\/#breadcrumb\",\"itemListElement\":[{\"@type\":\"ListItem\",\"position\":1,\"name\":\"Home\",\"item\":\"https:\/\/www.rabaini.it\/de\/homepage\/\"},{\"@type\":\"ListItem\",\"position\":2,\"name\":\"Gesch\u00e4ft\",\"item\":\"https:\/\/www.rabaini.it\/geschaeft\/\"},{\"@type\":\"ListItem\",\"position\":3,\"name\":\"Damen\",\"item\":\"https:\/\/www.rabaini.it\/de\/damen\/\"},{\"@type\":\"ListItem\",\"position\":4,\"name\":\"Boots-Mokassin aus Denim\"}]},{\"@type\":\"WebSite\",\"@id\":\"https:\/\/www.rabaini.it\/de\/#website\",\"url\":\"https:\/\/www.rabaini.it\/de\/\",\"name\":\"Rabaini\",\"description\":\"\",\"potentialAction\":[{\"@type\":\"SearchAction\",\"target\":{\"@type\":\"EntryPoint\",\"urlTemplate\":\"https:\/\/www.rabaini.it\/de\/?s={search_term_string}\"},\"query-input\":{\"@type\":\"PropertyValueSpecification\",\"valueRequired\":true,\"valueName\":\"search_term_string\"}}],\"inLanguage\":\"de\"}]}<\/script>\n<!-- \/ Yoast SEO plugin. -->","yoast_head_json":{"title":"Boots-Mokassin aus Denim - Rabaini","robots":{"index":"index","follow":"follow","max-snippet":"max-snippet:-1","max-image-preview":"max-image-preview:large","max-video-preview":"max-video-preview:-1"},"canonical":"https:\/\/www.rabaini.it\/de\/boots-mokassin-aus-denim\/","og_locale":"de_DE","og_type":"article","og_title":"Boots-Mokassin aus Denim - Rabaini","og_description":"Artikelnummer: CPH160 Farbe: Denim Diese Bootsschuhe in Denim-Optik zeichnen sich durch eine entspannte Silhouette, feine N\u00e4hte und dezente Logo-Details aus Der Slip-on-Stil mit dekorativer Schn\u00fcrung und Metalldetails macht sie zu modernen Mokassins, perfekt f\u00fcr einen l\u00e4ssigen urbanen Look Die Schuhe werden in Kopenhagen entworfen und in Europa hergestellt Das Leder stammt von ausgew\u00e4hlten familiengef\u00fchrten Manufakturen&hellip;","og_url":"https:\/\/www.rabaini.it\/de\/boots-mokassin-aus-denim\/","og_site_name":"Rabaini","article_modified_time":"2026-04-13T17:23:34+00:00","og_image":[{"width":1500,"height":1500,"url":"https:\/\/www.rabaini.it\/wp-content\/uploads\/2026\/04\/DSC_1838.jpg","type":"image\/jpeg"}],"twitter_card":"summary_large_image","schema":{"@context":"https:\/\/schema.org","@graph":[{"@type":"WebPage","@id":"https:\/\/www.rabaini.it\/de\/boots-mokassin-aus-denim\/","url":"https:\/\/www.rabaini.it\/de\/boots-mokassin-aus-denim\/","name":"Boots-Mokassin aus Denim - Rabaini","isPartOf":{"@id":"https:\/\/www.rabaini.it\/de\/#website"},"primaryImageOfPage":{"@id":"https:\/\/www.rabaini.it\/de\/boots-mokassin-aus-denim\/#primaryimage"},"image":{"@id":"https:\/\/www.rabaini.it\/de\/boots-mokassin-aus-denim\/#primaryimage"},"thumbnailUrl":"https:\/\/www.rabaini.it\/wp-content\/uploads\/2026\/04\/DSC_1838.jpg","datePublished":"2026-04-10T14:05:51+00:00","dateModified":"2026-04-13T17:23:34+00:00","breadcrumb":{"@id":"https:\/\/www.rabaini.it\/de\/boots-mokassin-aus-denim\/#breadcrumb"},"inLanguage":"de","potentialAction":[{"@type":"ReadAction","target":["https:\/\/www.rabaini.it\/de\/boots-mokassin-aus-denim\/"]}]},{"@type":"ImageObject","inLanguage":"de","@id":"https:\/\/www.rabaini.it\/de\/boots-mokassin-aus-denim\/#primaryimage","url":"https:\/\/www.rabaini.it\/wp-content\/uploads\/2026\/04\/DSC_1838.jpg","contentUrl":"https:\/\/www.rabaini.it\/wp-content\/uploads\/2026\/04\/DSC_1838.jpg","width":1500,"height":1500},{"@type":"BreadcrumbList","@id":"https:\/\/www.rabaini.it\/de\/boots-mokassin-aus-denim\/#breadcrumb","itemListElement":[{"@type":"ListItem","position":1,"name":"Home","item":"https:\/\/www.rabaini.it\/de\/homepage\/"},{"@type":"ListItem","position":2,"name":"Gesch\u00e4ft","item":"https:\/\/www.rabaini.it\/geschaeft\/"},{"@type":"ListItem","position":3,"name":"Damen","item":"https:\/\/www.rabaini.it\/de\/damen\/"},{"@type":"ListItem","position":4,"name":"Boots-Mokassin aus Denim"}]},{"@type":"WebSite","@id":"https:\/\/www.rabaini.it\/de\/#website","url":"https:\/\/www.rabaini.it\/de\/","name":"Rabaini","description":"","potentialAction":[{"@type":"SearchAction","target":{"@type":"EntryPoint","urlTemplate":"https:\/\/www.rabaini.it\/de\/?s={search_term_string}"},"query-input":{"@type":"PropertyValueSpecification","valueRequired":true,"valueName":"search_term_string"}}],"inLanguage":"de"}]}},"_links":{"self":[{"href":"https:\/\/www.rabaini.it\/de\/wp-json\/wp\/v2\/product\/152674","targetHints":{"allow":["GET"]}}],"collection":[{"href":"https:\/\/www.rabaini.it\/de\/wp-json\/wp\/v2\/product"}],"about":[{"href":"https:\/\/www.rabaini.it\/de\/wp-json\/wp\/v2\/types\/product"}],"wp:featuredmedia":[{"embeddable":true,"href":"https:\/\/www.rabaini.it\/de\/wp-json\/wp\/v2\/media\/150968"}],"wp:attachment":[{"href":"https:\/\/www.rabaini.it\/de\/wp-json\/wp\/v2\/media?parent=152674"}],"wp:term":[{"taxonomy":"product_brand","embeddable":true,"href":"https:\/\/www.rabaini.it\/de\/wp-json\/wp\/v2\/product_brand?post=152674"},{"taxonomy":"product_cat","embeddable":true,"href":"https:\/\/www.rabaini.it\/de\/wp-json\/wp\/v2\/product_cat?post=152674"},{"taxonomy":"product_tag","embeddable":true,"href":"https:\/\/www.rabaini.it\/de\/wp-json\/wp\/v2\/product_tag?post=152674"}],"curies":[{"name":"wp","href":"https:\/\/api.w.org\/{rel}","templated":true}]}}