{"id":152626,"date":"2026-04-10T15:42:44","date_gmt":"2026-04-10T13:42:44","guid":{"rendered":"https:\/\/www.rabaini.it\/?post_type=product&#038;p=152626"},"modified":"2026-04-13T19:21:48","modified_gmt":"2026-04-13T17:21:48","slug":"low-top-sneaker-aus-wildleder-und-glattleder-in-sandfarbe","status":"publish","type":"product","link":"https:\/\/www.rabaini.it\/de\/low-top-sneaker-aus-wildleder-und-glattleder-in-sandfarbe\/","title":{"rendered":"Low-Top Sneaker aus Wildleder und Glattleder in Sandfarbe"},"content":{"rendered":"<ul>\n<li>Artikelnummer: CPH98<\/li>\n<li>Farbe: Sand<\/li>\n<li>Low-Top-Sneaker aus Wildleder und Glattleder mit moderner, sportlicher Silhouette<\/li>\n<li>Kontrastfarbene Details werden mit dezenter Schn\u00fcrung und einer gepolsterten Ferse kombiniert, w\u00e4hrend das Logo auf der Zunge das Design abrundet<\/li>\n<li>Die Schuhe werden in Kopenhagen entworfen und in Europa hergestellt<\/li>\n<li>Das Leder stammt von ausgew\u00e4hlten familiengef\u00fchrten Manufakturen in Italien<\/li>\n<li>Au\u00dfenmaterial: weiches Glattleder und Wildleder aus Italien<\/li>\n<li>Schn\u00fcrsenkel aus 100 % Bio-Baumwolle<\/li>\n<li>Herausnehmbare, gepolsterte Innensohle aus Leder<\/li>\n<li>Flexible, rutschfeste und strapazierf\u00e4hige Sohle<\/li>\n<li>Handgefertigt in Portugal<\/li>\n<\/ul>\n","protected":false},"excerpt":{"rendered":"<p>Artikelnummer: CPH98 Farbe: Sand Low-Top-Sneaker aus Wildleder und Glattleder mit moderner, sportlicher Silhouette Kontrastfarbene Details werden mit dezenter Schn\u00fcrung und einer gepolsterten Ferse kombiniert, w\u00e4hrend das Logo auf der Zunge das Design abrundet Die Schuhe werden in Kopenhagen entworfen und in Europa hergestellt Das Leder stammt von ausgew\u00e4hlten familiengef\u00fchrten Manufakturen in Italien Au\u00dfenmaterial: weiches Glattleder&hellip;<\/p>\n","protected":false},"featured_media":150941,"template":"","meta":{"_acf_changed":false},"product_brand":[],"product_cat":[1273,1310,1308,1318],"product_tag":[1719],"class_list":{"0":"post-152626","1":"product","2":"type-product","3":"status-publish","4":"has-post-thumbnail","6":"product_cat-damen","7":"product_cat-damenschuhe","8":"product_cat-neuheiten-fur-damen","9":"product_cat-turnschuhe-damen","10":"product_tag-neuheiten","11":"marca-copenhagen-de","13":"first","14":"instock","15":"shipping-taxable","16":"purchasable","17":"product-type-variable"},"acf":[],"yoast_head":"<!-- This site is optimized with the Yoast SEO plugin v27.2 - https:\/\/yoast.com\/product\/yoast-seo-wordpress\/ -->\n<title>Low-Top Sneaker aus Wildleder und Glattleder in Sandfarbe - Rabaini<\/title>\n<meta name=\"robots\" content=\"index, follow, max-snippet:-1, max-image-preview:large, max-video-preview:-1\" \/>\n<link rel=\"canonical\" href=\"https:\/\/www.rabaini.it\/de\/low-top-sneaker-aus-wildleder-und-glattleder-in-sandfarbe\/\" \/>\n<meta property=\"og:locale\" content=\"de_DE\" \/>\n<meta property=\"og:type\" content=\"article\" \/>\n<meta property=\"og:title\" content=\"Low-Top Sneaker aus Wildleder und Glattleder in Sandfarbe - Rabaini\" \/>\n<meta property=\"og:description\" content=\"Artikelnummer: CPH98 Farbe: Sand Low-Top-Sneaker aus Wildleder und Glattleder mit moderner, sportlicher Silhouette Kontrastfarbene Details werden mit dezenter Schn\u00fcrung und einer gepolsterten Ferse kombiniert, w\u00e4hrend das Logo auf der Zunge das Design abrundet Die Schuhe werden in Kopenhagen entworfen und in Europa hergestellt Das Leder stammt von ausgew\u00e4hlten familiengef\u00fchrten Manufakturen in Italien Au\u00dfenmaterial: weiches Glattleder&hellip;\" \/>\n<meta property=\"og:url\" content=\"https:\/\/www.rabaini.it\/de\/low-top-sneaker-aus-wildleder-und-glattleder-in-sandfarbe\/\" \/>\n<meta property=\"og:site_name\" content=\"Rabaini\" \/>\n<meta property=\"article:modified_time\" content=\"2026-04-13T17:21:48+00:00\" \/>\n<meta property=\"og:image\" content=\"https:\/\/www.rabaini.it\/wp-content\/uploads\/2026\/04\/DSC_1827.jpg\" \/>\n\t<meta property=\"og:image:width\" content=\"1500\" \/>\n\t<meta property=\"og:image:height\" content=\"1500\" \/>\n\t<meta property=\"og:image:type\" content=\"image\/jpeg\" \/>\n<meta name=\"twitter:card\" content=\"summary_large_image\" \/>\n<script type=\"application\/ld+json\" class=\"yoast-schema-graph\">{\"@context\":\"https:\/\/schema.org\",\"@graph\":[{\"@type\":\"WebPage\",\"@id\":\"https:\/\/www.rabaini.it\/de\/low-top-sneaker-aus-wildleder-und-glattleder-in-sandfarbe\/\",\"url\":\"https:\/\/www.rabaini.it\/de\/low-top-sneaker-aus-wildleder-und-glattleder-in-sandfarbe\/\",\"name\":\"Low-Top Sneaker aus Wildleder und Glattleder in Sandfarbe - Rabaini\",\"isPartOf\":{\"@id\":\"https:\/\/www.rabaini.it\/de\/#website\"},\"primaryImageOfPage\":{\"@id\":\"https:\/\/www.rabaini.it\/de\/low-top-sneaker-aus-wildleder-und-glattleder-in-sandfarbe\/#primaryimage\"},\"image\":{\"@id\":\"https:\/\/www.rabaini.it\/de\/low-top-sneaker-aus-wildleder-und-glattleder-in-sandfarbe\/#primaryimage\"},\"thumbnailUrl\":\"https:\/\/www.rabaini.it\/wp-content\/uploads\/2026\/04\/DSC_1827.jpg\",\"datePublished\":\"2026-04-10T13:42:44+00:00\",\"dateModified\":\"2026-04-13T17:21:48+00:00\",\"breadcrumb\":{\"@id\":\"https:\/\/www.rabaini.it\/de\/low-top-sneaker-aus-wildleder-und-glattleder-in-sandfarbe\/#breadcrumb\"},\"inLanguage\":\"de\",\"potentialAction\":[{\"@type\":\"ReadAction\",\"target\":[\"https:\/\/www.rabaini.it\/de\/low-top-sneaker-aus-wildleder-und-glattleder-in-sandfarbe\/\"]}]},{\"@type\":\"ImageObject\",\"inLanguage\":\"de\",\"@id\":\"https:\/\/www.rabaini.it\/de\/low-top-sneaker-aus-wildleder-und-glattleder-in-sandfarbe\/#primaryimage\",\"url\":\"https:\/\/www.rabaini.it\/wp-content\/uploads\/2026\/04\/DSC_1827.jpg\",\"contentUrl\":\"https:\/\/www.rabaini.it\/wp-content\/uploads\/2026\/04\/DSC_1827.jpg\",\"width\":1500,\"height\":1500},{\"@type\":\"BreadcrumbList\",\"@id\":\"https:\/\/www.rabaini.it\/de\/low-top-sneaker-aus-wildleder-und-glattleder-in-sandfarbe\/#breadcrumb\",\"itemListElement\":[{\"@type\":\"ListItem\",\"position\":1,\"name\":\"Home\",\"item\":\"https:\/\/www.rabaini.it\/de\/homepage\/\"},{\"@type\":\"ListItem\",\"position\":2,\"name\":\"Gesch\u00e4ft\",\"item\":\"https:\/\/www.rabaini.it\/geschaeft\/\"},{\"@type\":\"ListItem\",\"position\":3,\"name\":\"Damen\",\"item\":\"https:\/\/www.rabaini.it\/de\/damen\/\"},{\"@type\":\"ListItem\",\"position\":4,\"name\":\"Low-Top Sneaker aus Wildleder und Glattleder in Sandfarbe\"}]},{\"@type\":\"WebSite\",\"@id\":\"https:\/\/www.rabaini.it\/de\/#website\",\"url\":\"https:\/\/www.rabaini.it\/de\/\",\"name\":\"Rabaini\",\"description\":\"\",\"potentialAction\":[{\"@type\":\"SearchAction\",\"target\":{\"@type\":\"EntryPoint\",\"urlTemplate\":\"https:\/\/www.rabaini.it\/de\/?s={search_term_string}\"},\"query-input\":{\"@type\":\"PropertyValueSpecification\",\"valueRequired\":true,\"valueName\":\"search_term_string\"}}],\"inLanguage\":\"de\"}]}<\/script>\n<!-- \/ Yoast SEO plugin. -->","yoast_head_json":{"title":"Low-Top Sneaker aus Wildleder und Glattleder in Sandfarbe - Rabaini","robots":{"index":"index","follow":"follow","max-snippet":"max-snippet:-1","max-image-preview":"max-image-preview:large","max-video-preview":"max-video-preview:-1"},"canonical":"https:\/\/www.rabaini.it\/de\/low-top-sneaker-aus-wildleder-und-glattleder-in-sandfarbe\/","og_locale":"de_DE","og_type":"article","og_title":"Low-Top Sneaker aus Wildleder und Glattleder in Sandfarbe - Rabaini","og_description":"Artikelnummer: CPH98 Farbe: Sand Low-Top-Sneaker aus Wildleder und Glattleder mit moderner, sportlicher Silhouette Kontrastfarbene Details werden mit dezenter Schn\u00fcrung und einer gepolsterten Ferse kombiniert, w\u00e4hrend das Logo auf der Zunge das Design abrundet Die Schuhe werden in Kopenhagen entworfen und in Europa hergestellt Das Leder stammt von ausgew\u00e4hlten familiengef\u00fchrten Manufakturen in Italien Au\u00dfenmaterial: weiches Glattleder&hellip;","og_url":"https:\/\/www.rabaini.it\/de\/low-top-sneaker-aus-wildleder-und-glattleder-in-sandfarbe\/","og_site_name":"Rabaini","article_modified_time":"2026-04-13T17:21:48+00:00","og_image":[{"width":1500,"height":1500,"url":"https:\/\/www.rabaini.it\/wp-content\/uploads\/2026\/04\/DSC_1827.jpg","type":"image\/jpeg"}],"twitter_card":"summary_large_image","schema":{"@context":"https:\/\/schema.org","@graph":[{"@type":"WebPage","@id":"https:\/\/www.rabaini.it\/de\/low-top-sneaker-aus-wildleder-und-glattleder-in-sandfarbe\/","url":"https:\/\/www.rabaini.it\/de\/low-top-sneaker-aus-wildleder-und-glattleder-in-sandfarbe\/","name":"Low-Top Sneaker aus Wildleder und Glattleder in Sandfarbe - Rabaini","isPartOf":{"@id":"https:\/\/www.rabaini.it\/de\/#website"},"primaryImageOfPage":{"@id":"https:\/\/www.rabaini.it\/de\/low-top-sneaker-aus-wildleder-und-glattleder-in-sandfarbe\/#primaryimage"},"image":{"@id":"https:\/\/www.rabaini.it\/de\/low-top-sneaker-aus-wildleder-und-glattleder-in-sandfarbe\/#primaryimage"},"thumbnailUrl":"https:\/\/www.rabaini.it\/wp-content\/uploads\/2026\/04\/DSC_1827.jpg","datePublished":"2026-04-10T13:42:44+00:00","dateModified":"2026-04-13T17:21:48+00:00","breadcrumb":{"@id":"https:\/\/www.rabaini.it\/de\/low-top-sneaker-aus-wildleder-und-glattleder-in-sandfarbe\/#breadcrumb"},"inLanguage":"de","potentialAction":[{"@type":"ReadAction","target":["https:\/\/www.rabaini.it\/de\/low-top-sneaker-aus-wildleder-und-glattleder-in-sandfarbe\/"]}]},{"@type":"ImageObject","inLanguage":"de","@id":"https:\/\/www.rabaini.it\/de\/low-top-sneaker-aus-wildleder-und-glattleder-in-sandfarbe\/#primaryimage","url":"https:\/\/www.rabaini.it\/wp-content\/uploads\/2026\/04\/DSC_1827.jpg","contentUrl":"https:\/\/www.rabaini.it\/wp-content\/uploads\/2026\/04\/DSC_1827.jpg","width":1500,"height":1500},{"@type":"BreadcrumbList","@id":"https:\/\/www.rabaini.it\/de\/low-top-sneaker-aus-wildleder-und-glattleder-in-sandfarbe\/#breadcrumb","itemListElement":[{"@type":"ListItem","position":1,"name":"Home","item":"https:\/\/www.rabaini.it\/de\/homepage\/"},{"@type":"ListItem","position":2,"name":"Gesch\u00e4ft","item":"https:\/\/www.rabaini.it\/geschaeft\/"},{"@type":"ListItem","position":3,"name":"Damen","item":"https:\/\/www.rabaini.it\/de\/damen\/"},{"@type":"ListItem","position":4,"name":"Low-Top Sneaker aus Wildleder und Glattleder in Sandfarbe"}]},{"@type":"WebSite","@id":"https:\/\/www.rabaini.it\/de\/#website","url":"https:\/\/www.rabaini.it\/de\/","name":"Rabaini","description":"","potentialAction":[{"@type":"SearchAction","target":{"@type":"EntryPoint","urlTemplate":"https:\/\/www.rabaini.it\/de\/?s={search_term_string}"},"query-input":{"@type":"PropertyValueSpecification","valueRequired":true,"valueName":"search_term_string"}}],"inLanguage":"de"}]}},"_links":{"self":[{"href":"https:\/\/www.rabaini.it\/de\/wp-json\/wp\/v2\/product\/152626","targetHints":{"allow":["GET"]}}],"collection":[{"href":"https:\/\/www.rabaini.it\/de\/wp-json\/wp\/v2\/product"}],"about":[{"href":"https:\/\/www.rabaini.it\/de\/wp-json\/wp\/v2\/types\/product"}],"wp:featuredmedia":[{"embeddable":true,"href":"https:\/\/www.rabaini.it\/de\/wp-json\/wp\/v2\/media\/150941"}],"wp:attachment":[{"href":"https:\/\/www.rabaini.it\/de\/wp-json\/wp\/v2\/media?parent=152626"}],"wp:term":[{"taxonomy":"product_brand","embeddable":true,"href":"https:\/\/www.rabaini.it\/de\/wp-json\/wp\/v2\/product_brand?post=152626"},{"taxonomy":"product_cat","embeddable":true,"href":"https:\/\/www.rabaini.it\/de\/wp-json\/wp\/v2\/product_cat?post=152626"},{"taxonomy":"product_tag","embeddable":true,"href":"https:\/\/www.rabaini.it\/de\/wp-json\/wp\/v2\/product_tag?post=152626"}],"curies":[{"name":"wp","href":"https:\/\/api.w.org\/{rel}","templated":true}]}}