{"id":152594,"date":"2026-04-10T15:28:33","date_gmt":"2026-04-10T13:28:33","guid":{"rendered":"https:\/\/www.rabaini.it\/?post_type=product&#038;p=152594"},"modified":"2026-04-13T19:19:52","modified_gmt":"2026-04-13T17:19:52","slug":"sandalen-mit-blockabsatz-und-knochelriemen-aus-braunem-leder","status":"publish","type":"product","link":"https:\/\/www.rabaini.it\/de\/sandalen-mit-blockabsatz-und-knochelriemen-aus-braunem-leder\/","title":{"rendered":"Sandalen mit Blockabsatz und Kn\u00f6chelriemen aus braunem Leder"},"content":{"rendered":"<ul>\n<li>Artikelnummer: LUISA<\/li>\n<li>Farbe: Braun<\/li>\n<li>Eine Sandale mit schlichtem und raffiniertem Design aus Leder f\u00fcr einen eleganten und zeitlosen Look<\/li>\n<li>Der vordere Riemen umschlie\u00dft den Fu\u00df schlicht, w\u00e4hrend der verstellbare Kn\u00f6chelriemen einen stabilen und sicheren Sitz gew\u00e4hrleistet<\/li>\n<li>Der breite, strukturierte Absatz verleiht der Silhouette mehr H\u00f6he und sorgt gleichzeitig f\u00fcr Komfort und Stabilit\u00e4t den ganzen Tag \u00fcber<\/li>\n<li>Das Innenfutter ist so gestaltet, dass es auch bei l\u00e4ngerem Tragen ein angenehmes Tragegef\u00fchl bietet<\/li>\n<li data-section-id=\"yl3oxp\" data-start=\"471\" data-end=\"497\">Lederobermaterial<\/li>\n<li data-section-id=\"14k2qn1\" data-start=\"498\" data-end=\"525\">Minimalistischer Frontriemen<\/li>\n<li data-section-id=\"h2etyx\" data-start=\"526\" data-end=\"564\">Verstellbarer Kn\u00f6chelriemen<\/li>\n<li data-section-id=\"12xpxd0\" data-start=\"565\" data-end=\"590\">Breiter und stabiler Absatz<\/li>\n<\/ul>\n","protected":false},"excerpt":{"rendered":"<p>Artikelnummer: LUISA Farbe: Braun Eine Sandale mit schlichtem und raffiniertem Design aus Leder f\u00fcr einen eleganten und zeitlosen Look Der vordere Riemen umschlie\u00dft den Fu\u00df schlicht, w\u00e4hrend der verstellbare Kn\u00f6chelriemen einen stabilen und sicheren Sitz gew\u00e4hrleistet Der breite, strukturierte Absatz verleiht der Silhouette mehr H\u00f6he und sorgt gleichzeitig f\u00fcr Komfort und Stabilit\u00e4t den ganzen Tag&hellip;<\/p>\n","protected":false},"featured_media":150923,"template":"","meta":{"_acf_changed":false},"product_brand":[],"product_cat":[1273,1310,1308,1315,1317],"product_tag":[1719],"class_list":{"0":"post-152594","1":"product","2":"type-product","3":"status-publish","4":"has-post-thumbnail","6":"product_cat-damen","7":"product_cat-damenschuhe","8":"product_cat-neuheiten-fur-damen","9":"product_cat-sandalen-damen","10":"product_cat-schuhe-mit-absatz-damen","11":"product_tag-neuheiten","12":"marca-angel-alarcon-de","14":"first","15":"instock","16":"shipping-taxable","17":"purchasable","18":"product-type-variable"},"acf":[],"yoast_head":"<!-- This site is optimized with the Yoast SEO plugin v27.2 - https:\/\/yoast.com\/product\/yoast-seo-wordpress\/ -->\n<title>Sandalen mit Blockabsatz und Kn\u00f6chelriemen aus braunem Leder - Rabaini<\/title>\n<meta name=\"robots\" content=\"index, follow, max-snippet:-1, max-image-preview:large, max-video-preview:-1\" \/>\n<link rel=\"canonical\" href=\"https:\/\/www.rabaini.it\/de\/sandalen-mit-blockabsatz-und-knochelriemen-aus-braunem-leder\/\" \/>\n<meta property=\"og:locale\" content=\"de_DE\" \/>\n<meta property=\"og:type\" content=\"article\" \/>\n<meta property=\"og:title\" content=\"Sandalen mit Blockabsatz und Kn\u00f6chelriemen aus braunem Leder - Rabaini\" \/>\n<meta property=\"og:description\" content=\"Artikelnummer: LUISA Farbe: Braun Eine Sandale mit schlichtem und raffiniertem Design aus Leder f\u00fcr einen eleganten und zeitlosen Look Der vordere Riemen umschlie\u00dft den Fu\u00df schlicht, w\u00e4hrend der verstellbare Kn\u00f6chelriemen einen stabilen und sicheren Sitz gew\u00e4hrleistet Der breite, strukturierte Absatz verleiht der Silhouette mehr H\u00f6he und sorgt gleichzeitig f\u00fcr Komfort und Stabilit\u00e4t den ganzen Tag&hellip;\" \/>\n<meta property=\"og:url\" content=\"https:\/\/www.rabaini.it\/de\/sandalen-mit-blockabsatz-und-knochelriemen-aus-braunem-leder\/\" \/>\n<meta property=\"og:site_name\" content=\"Rabaini\" \/>\n<meta property=\"article:modified_time\" content=\"2026-04-13T17:19:52+00:00\" \/>\n<meta property=\"og:image\" content=\"https:\/\/www.rabaini.it\/wp-content\/uploads\/2026\/04\/DSC_1821.jpg\" \/>\n\t<meta property=\"og:image:width\" content=\"1500\" \/>\n\t<meta property=\"og:image:height\" content=\"1500\" \/>\n\t<meta property=\"og:image:type\" content=\"image\/jpeg\" \/>\n<meta name=\"twitter:card\" content=\"summary_large_image\" \/>\n<script type=\"application\/ld+json\" class=\"yoast-schema-graph\">{\"@context\":\"https:\/\/schema.org\",\"@graph\":[{\"@type\":\"WebPage\",\"@id\":\"https:\/\/www.rabaini.it\/de\/sandalen-mit-blockabsatz-und-knochelriemen-aus-braunem-leder\/\",\"url\":\"https:\/\/www.rabaini.it\/de\/sandalen-mit-blockabsatz-und-knochelriemen-aus-braunem-leder\/\",\"name\":\"Sandalen mit Blockabsatz und Kn\u00f6chelriemen aus braunem Leder - Rabaini\",\"isPartOf\":{\"@id\":\"https:\/\/www.rabaini.it\/de\/#website\"},\"primaryImageOfPage\":{\"@id\":\"https:\/\/www.rabaini.it\/de\/sandalen-mit-blockabsatz-und-knochelriemen-aus-braunem-leder\/#primaryimage\"},\"image\":{\"@id\":\"https:\/\/www.rabaini.it\/de\/sandalen-mit-blockabsatz-und-knochelriemen-aus-braunem-leder\/#primaryimage\"},\"thumbnailUrl\":\"https:\/\/www.rabaini.it\/wp-content\/uploads\/2026\/04\/DSC_1821.jpg\",\"datePublished\":\"2026-04-10T13:28:33+00:00\",\"dateModified\":\"2026-04-13T17:19:52+00:00\",\"breadcrumb\":{\"@id\":\"https:\/\/www.rabaini.it\/de\/sandalen-mit-blockabsatz-und-knochelriemen-aus-braunem-leder\/#breadcrumb\"},\"inLanguage\":\"de\",\"potentialAction\":[{\"@type\":\"ReadAction\",\"target\":[\"https:\/\/www.rabaini.it\/de\/sandalen-mit-blockabsatz-und-knochelriemen-aus-braunem-leder\/\"]}]},{\"@type\":\"ImageObject\",\"inLanguage\":\"de\",\"@id\":\"https:\/\/www.rabaini.it\/de\/sandalen-mit-blockabsatz-und-knochelriemen-aus-braunem-leder\/#primaryimage\",\"url\":\"https:\/\/www.rabaini.it\/wp-content\/uploads\/2026\/04\/DSC_1821.jpg\",\"contentUrl\":\"https:\/\/www.rabaini.it\/wp-content\/uploads\/2026\/04\/DSC_1821.jpg\",\"width\":1500,\"height\":1500},{\"@type\":\"BreadcrumbList\",\"@id\":\"https:\/\/www.rabaini.it\/de\/sandalen-mit-blockabsatz-und-knochelriemen-aus-braunem-leder\/#breadcrumb\",\"itemListElement\":[{\"@type\":\"ListItem\",\"position\":1,\"name\":\"Home\",\"item\":\"https:\/\/www.rabaini.it\/de\/homepage\/\"},{\"@type\":\"ListItem\",\"position\":2,\"name\":\"Gesch\u00e4ft\",\"item\":\"https:\/\/www.rabaini.it\/geschaeft\/\"},{\"@type\":\"ListItem\",\"position\":3,\"name\":\"Damen\",\"item\":\"https:\/\/www.rabaini.it\/de\/damen\/\"},{\"@type\":\"ListItem\",\"position\":4,\"name\":\"Sandalen mit Blockabsatz und Kn\u00f6chelriemen aus braunem Leder\"}]},{\"@type\":\"WebSite\",\"@id\":\"https:\/\/www.rabaini.it\/de\/#website\",\"url\":\"https:\/\/www.rabaini.it\/de\/\",\"name\":\"Rabaini\",\"description\":\"\",\"potentialAction\":[{\"@type\":\"SearchAction\",\"target\":{\"@type\":\"EntryPoint\",\"urlTemplate\":\"https:\/\/www.rabaini.it\/de\/?s={search_term_string}\"},\"query-input\":{\"@type\":\"PropertyValueSpecification\",\"valueRequired\":true,\"valueName\":\"search_term_string\"}}],\"inLanguage\":\"de\"}]}<\/script>\n<!-- \/ Yoast SEO plugin. -->","yoast_head_json":{"title":"Sandalen mit Blockabsatz und Kn\u00f6chelriemen aus braunem Leder - Rabaini","robots":{"index":"index","follow":"follow","max-snippet":"max-snippet:-1","max-image-preview":"max-image-preview:large","max-video-preview":"max-video-preview:-1"},"canonical":"https:\/\/www.rabaini.it\/de\/sandalen-mit-blockabsatz-und-knochelriemen-aus-braunem-leder\/","og_locale":"de_DE","og_type":"article","og_title":"Sandalen mit Blockabsatz und Kn\u00f6chelriemen aus braunem Leder - Rabaini","og_description":"Artikelnummer: LUISA Farbe: Braun Eine Sandale mit schlichtem und raffiniertem Design aus Leder f\u00fcr einen eleganten und zeitlosen Look Der vordere Riemen umschlie\u00dft den Fu\u00df schlicht, w\u00e4hrend der verstellbare Kn\u00f6chelriemen einen stabilen und sicheren Sitz gew\u00e4hrleistet Der breite, strukturierte Absatz verleiht der Silhouette mehr H\u00f6he und sorgt gleichzeitig f\u00fcr Komfort und Stabilit\u00e4t den ganzen Tag&hellip;","og_url":"https:\/\/www.rabaini.it\/de\/sandalen-mit-blockabsatz-und-knochelriemen-aus-braunem-leder\/","og_site_name":"Rabaini","article_modified_time":"2026-04-13T17:19:52+00:00","og_image":[{"width":1500,"height":1500,"url":"https:\/\/www.rabaini.it\/wp-content\/uploads\/2026\/04\/DSC_1821.jpg","type":"image\/jpeg"}],"twitter_card":"summary_large_image","schema":{"@context":"https:\/\/schema.org","@graph":[{"@type":"WebPage","@id":"https:\/\/www.rabaini.it\/de\/sandalen-mit-blockabsatz-und-knochelriemen-aus-braunem-leder\/","url":"https:\/\/www.rabaini.it\/de\/sandalen-mit-blockabsatz-und-knochelriemen-aus-braunem-leder\/","name":"Sandalen mit Blockabsatz und Kn\u00f6chelriemen aus braunem Leder - Rabaini","isPartOf":{"@id":"https:\/\/www.rabaini.it\/de\/#website"},"primaryImageOfPage":{"@id":"https:\/\/www.rabaini.it\/de\/sandalen-mit-blockabsatz-und-knochelriemen-aus-braunem-leder\/#primaryimage"},"image":{"@id":"https:\/\/www.rabaini.it\/de\/sandalen-mit-blockabsatz-und-knochelriemen-aus-braunem-leder\/#primaryimage"},"thumbnailUrl":"https:\/\/www.rabaini.it\/wp-content\/uploads\/2026\/04\/DSC_1821.jpg","datePublished":"2026-04-10T13:28:33+00:00","dateModified":"2026-04-13T17:19:52+00:00","breadcrumb":{"@id":"https:\/\/www.rabaini.it\/de\/sandalen-mit-blockabsatz-und-knochelriemen-aus-braunem-leder\/#breadcrumb"},"inLanguage":"de","potentialAction":[{"@type":"ReadAction","target":["https:\/\/www.rabaini.it\/de\/sandalen-mit-blockabsatz-und-knochelriemen-aus-braunem-leder\/"]}]},{"@type":"ImageObject","inLanguage":"de","@id":"https:\/\/www.rabaini.it\/de\/sandalen-mit-blockabsatz-und-knochelriemen-aus-braunem-leder\/#primaryimage","url":"https:\/\/www.rabaini.it\/wp-content\/uploads\/2026\/04\/DSC_1821.jpg","contentUrl":"https:\/\/www.rabaini.it\/wp-content\/uploads\/2026\/04\/DSC_1821.jpg","width":1500,"height":1500},{"@type":"BreadcrumbList","@id":"https:\/\/www.rabaini.it\/de\/sandalen-mit-blockabsatz-und-knochelriemen-aus-braunem-leder\/#breadcrumb","itemListElement":[{"@type":"ListItem","position":1,"name":"Home","item":"https:\/\/www.rabaini.it\/de\/homepage\/"},{"@type":"ListItem","position":2,"name":"Gesch\u00e4ft","item":"https:\/\/www.rabaini.it\/geschaeft\/"},{"@type":"ListItem","position":3,"name":"Damen","item":"https:\/\/www.rabaini.it\/de\/damen\/"},{"@type":"ListItem","position":4,"name":"Sandalen mit Blockabsatz und Kn\u00f6chelriemen aus braunem Leder"}]},{"@type":"WebSite","@id":"https:\/\/www.rabaini.it\/de\/#website","url":"https:\/\/www.rabaini.it\/de\/","name":"Rabaini","description":"","potentialAction":[{"@type":"SearchAction","target":{"@type":"EntryPoint","urlTemplate":"https:\/\/www.rabaini.it\/de\/?s={search_term_string}"},"query-input":{"@type":"PropertyValueSpecification","valueRequired":true,"valueName":"search_term_string"}}],"inLanguage":"de"}]}},"_links":{"self":[{"href":"https:\/\/www.rabaini.it\/de\/wp-json\/wp\/v2\/product\/152594","targetHints":{"allow":["GET"]}}],"collection":[{"href":"https:\/\/www.rabaini.it\/de\/wp-json\/wp\/v2\/product"}],"about":[{"href":"https:\/\/www.rabaini.it\/de\/wp-json\/wp\/v2\/types\/product"}],"wp:featuredmedia":[{"embeddable":true,"href":"https:\/\/www.rabaini.it\/de\/wp-json\/wp\/v2\/media\/150923"}],"wp:attachment":[{"href":"https:\/\/www.rabaini.it\/de\/wp-json\/wp\/v2\/media?parent=152594"}],"wp:term":[{"taxonomy":"product_brand","embeddable":true,"href":"https:\/\/www.rabaini.it\/de\/wp-json\/wp\/v2\/product_brand?post=152594"},{"taxonomy":"product_cat","embeddable":true,"href":"https:\/\/www.rabaini.it\/de\/wp-json\/wp\/v2\/product_cat?post=152594"},{"taxonomy":"product_tag","embeddable":true,"href":"https:\/\/www.rabaini.it\/de\/wp-json\/wp\/v2\/product_tag?post=152594"}],"curies":[{"name":"wp","href":"https:\/\/api.w.org\/{rel}","templated":true}]}}