{"id":152562,"date":"2026-04-10T11:38:28","date_gmt":"2026-04-10T09:38:28","guid":{"rendered":"https:\/\/www.rabaini.it\/?post_type=product&#038;p=152562"},"modified":"2026-04-13T19:18:20","modified_gmt":"2026-04-13T17:18:20","slug":"pumps-aus-metallic-leder","status":"publish","type":"product","link":"https:\/\/www.rabaini.it\/de\/pumps-aus-metallic-leder\/","title":{"rendered":"Pumps aus Metallic-Leder"},"content":{"rendered":"<ul>\n<li>Artikelnummer: FABIANA<\/li>\n<li>Farbe: Silber<\/li>\n<li>Fabiana ist ein bequemer und moderner Pump mit schmal zulaufender Spitze, runder Aussparung und einem niedrigen 3,5 cm Absatz<\/li>\n<li>Ihr vielseitiges Design macht sie zu einem idealen Basic f\u00fcr den Alltag oder besondere Anl\u00e4sse und verbindet Eleganz und Komfort bei jedem Schritt<\/li>\n<li>Der hintere Riemen mit elastischem Abschluss sorgt f\u00fcr sanften Halt, w\u00e4hrend die innere Aussparung ein besonderes Designdetail darstellt und den Fu\u00df optisch streckt<\/li>\n<li>Die gepolsterte Innensohle und die Cuerolite-Sohle verbessern Leichtigkeit und Komfort<\/li>\n<li>Entworfen und hergestellt in Spanien ist Fabiana eine praktische und feminine Option f\u00fcr Frauen, die einen leicht zu tragenden, modernen Schuh suchen, der Stil und Funktionalit\u00e4t vereint<\/li>\n<\/ul>\n","protected":false},"excerpt":{"rendered":"<p>Artikelnummer: FABIANA Farbe: Silber Fabiana ist ein bequemer und moderner Pump mit schmal zulaufender Spitze, runder Aussparung und einem niedrigen 3,5 cm Absatz Ihr vielseitiges Design macht sie zu einem idealen Basic f\u00fcr den Alltag oder besondere Anl\u00e4sse und verbindet Eleganz und Komfort bei jedem Schritt Der hintere Riemen mit elastischem Abschluss sorgt f\u00fcr sanften&hellip;<\/p>\n","protected":false},"featured_media":150905,"template":"","meta":{"_acf_changed":false},"product_brand":[],"product_cat":[1273,1310,1308,1317],"product_tag":[1719],"class_list":{"0":"post-152562","1":"product","2":"type-product","3":"status-publish","4":"has-post-thumbnail","6":"product_cat-damen","7":"product_cat-damenschuhe","8":"product_cat-neuheiten-fur-damen","9":"product_cat-schuhe-mit-absatz-damen","10":"product_tag-neuheiten","11":"marca-angel-alarcon-de","13":"first","14":"instock","15":"shipping-taxable","16":"purchasable","17":"product-type-variable"},"acf":[],"yoast_head":"<!-- This site is optimized with the Yoast SEO plugin v27.2 - https:\/\/yoast.com\/product\/yoast-seo-wordpress\/ -->\n<title>Pumps aus Metallic-Leder - Rabaini<\/title>\n<meta name=\"robots\" content=\"index, follow, max-snippet:-1, max-image-preview:large, max-video-preview:-1\" \/>\n<link rel=\"canonical\" href=\"https:\/\/www.rabaini.it\/de\/pumps-aus-metallic-leder\/\" \/>\n<meta property=\"og:locale\" content=\"de_DE\" \/>\n<meta property=\"og:type\" content=\"article\" \/>\n<meta property=\"og:title\" content=\"Pumps aus Metallic-Leder - Rabaini\" \/>\n<meta property=\"og:description\" content=\"Artikelnummer: FABIANA Farbe: Silber Fabiana ist ein bequemer und moderner Pump mit schmal zulaufender Spitze, runder Aussparung und einem niedrigen 3,5 cm Absatz Ihr vielseitiges Design macht sie zu einem idealen Basic f\u00fcr den Alltag oder besondere Anl\u00e4sse und verbindet Eleganz und Komfort bei jedem Schritt Der hintere Riemen mit elastischem Abschluss sorgt f\u00fcr sanften&hellip;\" \/>\n<meta property=\"og:url\" content=\"https:\/\/www.rabaini.it\/de\/pumps-aus-metallic-leder\/\" \/>\n<meta property=\"og:site_name\" content=\"Rabaini\" \/>\n<meta property=\"article:modified_time\" content=\"2026-04-13T17:18:20+00:00\" \/>\n<meta property=\"og:image\" content=\"https:\/\/www.rabaini.it\/wp-content\/uploads\/2026\/04\/DSC_1815.jpg\" \/>\n\t<meta property=\"og:image:width\" content=\"1500\" \/>\n\t<meta property=\"og:image:height\" content=\"1500\" \/>\n\t<meta property=\"og:image:type\" content=\"image\/jpeg\" \/>\n<meta name=\"twitter:card\" content=\"summary_large_image\" \/>\n<meta name=\"twitter:label1\" content=\"Gesch\u00e4tzte Lesezeit\" \/>\n\t<meta name=\"twitter:data1\" content=\"1\u00a0Minute\" \/>\n<script type=\"application\/ld+json\" class=\"yoast-schema-graph\">{\"@context\":\"https:\/\/schema.org\",\"@graph\":[{\"@type\":\"WebPage\",\"@id\":\"https:\/\/www.rabaini.it\/de\/pumps-aus-metallic-leder\/\",\"url\":\"https:\/\/www.rabaini.it\/de\/pumps-aus-metallic-leder\/\",\"name\":\"Pumps aus Metallic-Leder - Rabaini\",\"isPartOf\":{\"@id\":\"https:\/\/www.rabaini.it\/de\/#website\"},\"primaryImageOfPage\":{\"@id\":\"https:\/\/www.rabaini.it\/de\/pumps-aus-metallic-leder\/#primaryimage\"},\"image\":{\"@id\":\"https:\/\/www.rabaini.it\/de\/pumps-aus-metallic-leder\/#primaryimage\"},\"thumbnailUrl\":\"https:\/\/www.rabaini.it\/wp-content\/uploads\/2026\/04\/DSC_1815.jpg\",\"datePublished\":\"2026-04-10T09:38:28+00:00\",\"dateModified\":\"2026-04-13T17:18:20+00:00\",\"breadcrumb\":{\"@id\":\"https:\/\/www.rabaini.it\/de\/pumps-aus-metallic-leder\/#breadcrumb\"},\"inLanguage\":\"de\",\"potentialAction\":[{\"@type\":\"ReadAction\",\"target\":[\"https:\/\/www.rabaini.it\/de\/pumps-aus-metallic-leder\/\"]}]},{\"@type\":\"ImageObject\",\"inLanguage\":\"de\",\"@id\":\"https:\/\/www.rabaini.it\/de\/pumps-aus-metallic-leder\/#primaryimage\",\"url\":\"https:\/\/www.rabaini.it\/wp-content\/uploads\/2026\/04\/DSC_1815.jpg\",\"contentUrl\":\"https:\/\/www.rabaini.it\/wp-content\/uploads\/2026\/04\/DSC_1815.jpg\",\"width\":1500,\"height\":1500},{\"@type\":\"BreadcrumbList\",\"@id\":\"https:\/\/www.rabaini.it\/de\/pumps-aus-metallic-leder\/#breadcrumb\",\"itemListElement\":[{\"@type\":\"ListItem\",\"position\":1,\"name\":\"Home\",\"item\":\"https:\/\/www.rabaini.it\/de\/homepage\/\"},{\"@type\":\"ListItem\",\"position\":2,\"name\":\"Gesch\u00e4ft\",\"item\":\"https:\/\/www.rabaini.it\/geschaeft\/\"},{\"@type\":\"ListItem\",\"position\":3,\"name\":\"Damen\",\"item\":\"https:\/\/www.rabaini.it\/de\/damen\/\"},{\"@type\":\"ListItem\",\"position\":4,\"name\":\"Pumps aus Metallic-Leder\"}]},{\"@type\":\"WebSite\",\"@id\":\"https:\/\/www.rabaini.it\/de\/#website\",\"url\":\"https:\/\/www.rabaini.it\/de\/\",\"name\":\"Rabaini\",\"description\":\"\",\"potentialAction\":[{\"@type\":\"SearchAction\",\"target\":{\"@type\":\"EntryPoint\",\"urlTemplate\":\"https:\/\/www.rabaini.it\/de\/?s={search_term_string}\"},\"query-input\":{\"@type\":\"PropertyValueSpecification\",\"valueRequired\":true,\"valueName\":\"search_term_string\"}}],\"inLanguage\":\"de\"}]}<\/script>\n<!-- \/ Yoast SEO plugin. -->","yoast_head_json":{"title":"Pumps aus Metallic-Leder - Rabaini","robots":{"index":"index","follow":"follow","max-snippet":"max-snippet:-1","max-image-preview":"max-image-preview:large","max-video-preview":"max-video-preview:-1"},"canonical":"https:\/\/www.rabaini.it\/de\/pumps-aus-metallic-leder\/","og_locale":"de_DE","og_type":"article","og_title":"Pumps aus Metallic-Leder - Rabaini","og_description":"Artikelnummer: FABIANA Farbe: Silber Fabiana ist ein bequemer und moderner Pump mit schmal zulaufender Spitze, runder Aussparung und einem niedrigen 3,5 cm Absatz Ihr vielseitiges Design macht sie zu einem idealen Basic f\u00fcr den Alltag oder besondere Anl\u00e4sse und verbindet Eleganz und Komfort bei jedem Schritt Der hintere Riemen mit elastischem Abschluss sorgt f\u00fcr sanften&hellip;","og_url":"https:\/\/www.rabaini.it\/de\/pumps-aus-metallic-leder\/","og_site_name":"Rabaini","article_modified_time":"2026-04-13T17:18:20+00:00","og_image":[{"width":1500,"height":1500,"url":"https:\/\/www.rabaini.it\/wp-content\/uploads\/2026\/04\/DSC_1815.jpg","type":"image\/jpeg"}],"twitter_card":"summary_large_image","twitter_misc":{"Gesch\u00e4tzte Lesezeit":"1\u00a0Minute"},"schema":{"@context":"https:\/\/schema.org","@graph":[{"@type":"WebPage","@id":"https:\/\/www.rabaini.it\/de\/pumps-aus-metallic-leder\/","url":"https:\/\/www.rabaini.it\/de\/pumps-aus-metallic-leder\/","name":"Pumps aus Metallic-Leder - Rabaini","isPartOf":{"@id":"https:\/\/www.rabaini.it\/de\/#website"},"primaryImageOfPage":{"@id":"https:\/\/www.rabaini.it\/de\/pumps-aus-metallic-leder\/#primaryimage"},"image":{"@id":"https:\/\/www.rabaini.it\/de\/pumps-aus-metallic-leder\/#primaryimage"},"thumbnailUrl":"https:\/\/www.rabaini.it\/wp-content\/uploads\/2026\/04\/DSC_1815.jpg","datePublished":"2026-04-10T09:38:28+00:00","dateModified":"2026-04-13T17:18:20+00:00","breadcrumb":{"@id":"https:\/\/www.rabaini.it\/de\/pumps-aus-metallic-leder\/#breadcrumb"},"inLanguage":"de","potentialAction":[{"@type":"ReadAction","target":["https:\/\/www.rabaini.it\/de\/pumps-aus-metallic-leder\/"]}]},{"@type":"ImageObject","inLanguage":"de","@id":"https:\/\/www.rabaini.it\/de\/pumps-aus-metallic-leder\/#primaryimage","url":"https:\/\/www.rabaini.it\/wp-content\/uploads\/2026\/04\/DSC_1815.jpg","contentUrl":"https:\/\/www.rabaini.it\/wp-content\/uploads\/2026\/04\/DSC_1815.jpg","width":1500,"height":1500},{"@type":"BreadcrumbList","@id":"https:\/\/www.rabaini.it\/de\/pumps-aus-metallic-leder\/#breadcrumb","itemListElement":[{"@type":"ListItem","position":1,"name":"Home","item":"https:\/\/www.rabaini.it\/de\/homepage\/"},{"@type":"ListItem","position":2,"name":"Gesch\u00e4ft","item":"https:\/\/www.rabaini.it\/geschaeft\/"},{"@type":"ListItem","position":3,"name":"Damen","item":"https:\/\/www.rabaini.it\/de\/damen\/"},{"@type":"ListItem","position":4,"name":"Pumps aus Metallic-Leder"}]},{"@type":"WebSite","@id":"https:\/\/www.rabaini.it\/de\/#website","url":"https:\/\/www.rabaini.it\/de\/","name":"Rabaini","description":"","potentialAction":[{"@type":"SearchAction","target":{"@type":"EntryPoint","urlTemplate":"https:\/\/www.rabaini.it\/de\/?s={search_term_string}"},"query-input":{"@type":"PropertyValueSpecification","valueRequired":true,"valueName":"search_term_string"}}],"inLanguage":"de"}]}},"_links":{"self":[{"href":"https:\/\/www.rabaini.it\/de\/wp-json\/wp\/v2\/product\/152562","targetHints":{"allow":["GET"]}}],"collection":[{"href":"https:\/\/www.rabaini.it\/de\/wp-json\/wp\/v2\/product"}],"about":[{"href":"https:\/\/www.rabaini.it\/de\/wp-json\/wp\/v2\/types\/product"}],"wp:featuredmedia":[{"embeddable":true,"href":"https:\/\/www.rabaini.it\/de\/wp-json\/wp\/v2\/media\/150905"}],"wp:attachment":[{"href":"https:\/\/www.rabaini.it\/de\/wp-json\/wp\/v2\/media?parent=152562"}],"wp:term":[{"taxonomy":"product_brand","embeddable":true,"href":"https:\/\/www.rabaini.it\/de\/wp-json\/wp\/v2\/product_brand?post=152562"},{"taxonomy":"product_cat","embeddable":true,"href":"https:\/\/www.rabaini.it\/de\/wp-json\/wp\/v2\/product_cat?post=152562"},{"taxonomy":"product_tag","embeddable":true,"href":"https:\/\/www.rabaini.it\/de\/wp-json\/wp\/v2\/product_tag?post=152562"}],"curies":[{"name":"wp","href":"https:\/\/api.w.org\/{rel}","templated":true}]}}