{"id":152546,"date":"2026-04-10T11:18:08","date_gmt":"2026-04-10T09:18:08","guid":{"rendered":"https:\/\/www.rabaini.it\/?post_type=product&#038;p=152546"},"modified":"2026-04-13T19:17:30","modified_gmt":"2026-04-13T17:17:30","slug":"nara-pumps-aus-leder-in-karamell","status":"publish","type":"product","link":"https:\/\/www.rabaini.it\/de\/nara-pumps-aus-leder-in-karamell\/","title":{"rendered":"Nara Pumps aus Leder in Karamell"},"content":{"rendered":"<ul>\n<li>Artikelnummer: NARA<\/li>\n<li>Farbe: Karamell<\/li>\n<li>Nara ist ein eleganter und moderner offener Stiletto mit schmaler Spitze, runder Aussparung und einem feinen 7,5 cm Absatz \u2013 angenehm genug f\u00fcr den ganzen Tag<\/li>\n<li>Er verf\u00fcgt \u00fcber einen elastischen Verschluss f\u00fcr sicheren Halt, eine gepolsterte Innensohle f\u00fcr besseren Komfort und eine Cuerolite-Sohle, die Leichtigkeit und Flexibilit\u00e4t bietet<\/li>\n<li>Ein Modell, das auf Komfort ausgelegt ist, ohne auf eine schlanke Silhouette zu verzichten<\/li>\n<li>Nara ist ideal f\u00fcr Frauen, die eine moderne, leicht zu tragende Pumpe suchen, perfekt f\u00fcr B\u00fcro und besondere Anl\u00e4sse<\/li>\n<\/ul>\n","protected":false},"excerpt":{"rendered":"<p>Artikelnummer: NARA Farbe: Karamell Nara ist ein eleganter und moderner offener Stiletto mit schmaler Spitze, runder Aussparung und einem feinen 7,5 cm Absatz \u2013 angenehm genug f\u00fcr den ganzen Tag Er verf\u00fcgt \u00fcber einen elastischen Verschluss f\u00fcr sicheren Halt, eine gepolsterte Innensohle f\u00fcr besseren Komfort und eine Cuerolite-Sohle, die Leichtigkeit und Flexibilit\u00e4t bietet Ein Modell,&hellip;<\/p>\n","protected":false},"featured_media":150896,"template":"","meta":{"_acf_changed":false},"product_brand":[],"product_cat":[1273,1310,1308,1317],"product_tag":[1719],"class_list":{"0":"post-152546","1":"product","2":"type-product","3":"status-publish","4":"has-post-thumbnail","6":"product_cat-damen","7":"product_cat-damenschuhe","8":"product_cat-neuheiten-fur-damen","9":"product_cat-schuhe-mit-absatz-damen","10":"product_tag-neuheiten","11":"marca-angel-alarcon-de","13":"first","14":"instock","15":"shipping-taxable","16":"purchasable","17":"product-type-variable"},"acf":[],"yoast_head":"<!-- This site is optimized with the Yoast SEO plugin v27.2 - https:\/\/yoast.com\/product\/yoast-seo-wordpress\/ -->\n<title>Nara Pumps aus Leder in Karamell - Rabaini<\/title>\n<meta name=\"robots\" content=\"index, follow, max-snippet:-1, max-image-preview:large, max-video-preview:-1\" \/>\n<link rel=\"canonical\" href=\"https:\/\/www.rabaini.it\/de\/nara-pumps-aus-leder-in-karamell\/\" \/>\n<meta property=\"og:locale\" content=\"de_DE\" \/>\n<meta property=\"og:type\" content=\"article\" \/>\n<meta property=\"og:title\" content=\"Nara Pumps aus Leder in Karamell - Rabaini\" \/>\n<meta property=\"og:description\" content=\"Artikelnummer: NARA Farbe: Karamell Nara ist ein eleganter und moderner offener Stiletto mit schmaler Spitze, runder Aussparung und einem feinen 7,5 cm Absatz \u2013 angenehm genug f\u00fcr den ganzen Tag Er verf\u00fcgt \u00fcber einen elastischen Verschluss f\u00fcr sicheren Halt, eine gepolsterte Innensohle f\u00fcr besseren Komfort und eine Cuerolite-Sohle, die Leichtigkeit und Flexibilit\u00e4t bietet Ein Modell,&hellip;\" \/>\n<meta property=\"og:url\" content=\"https:\/\/www.rabaini.it\/de\/nara-pumps-aus-leder-in-karamell\/\" \/>\n<meta property=\"og:site_name\" content=\"Rabaini\" \/>\n<meta property=\"article:modified_time\" content=\"2026-04-13T17:17:30+00:00\" \/>\n<meta property=\"og:image\" content=\"https:\/\/www.rabaini.it\/wp-content\/uploads\/2026\/04\/DSC_1812.jpg\" \/>\n\t<meta property=\"og:image:width\" content=\"1500\" \/>\n\t<meta property=\"og:image:height\" content=\"1500\" \/>\n\t<meta property=\"og:image:type\" content=\"image\/jpeg\" \/>\n<meta name=\"twitter:card\" content=\"summary_large_image\" \/>\n<script type=\"application\/ld+json\" class=\"yoast-schema-graph\">{\"@context\":\"https:\/\/schema.org\",\"@graph\":[{\"@type\":\"WebPage\",\"@id\":\"https:\/\/www.rabaini.it\/de\/nara-pumps-aus-leder-in-karamell\/\",\"url\":\"https:\/\/www.rabaini.it\/de\/nara-pumps-aus-leder-in-karamell\/\",\"name\":\"Nara Pumps aus Leder in Karamell - Rabaini\",\"isPartOf\":{\"@id\":\"https:\/\/www.rabaini.it\/de\/#website\"},\"primaryImageOfPage\":{\"@id\":\"https:\/\/www.rabaini.it\/de\/nara-pumps-aus-leder-in-karamell\/#primaryimage\"},\"image\":{\"@id\":\"https:\/\/www.rabaini.it\/de\/nara-pumps-aus-leder-in-karamell\/#primaryimage\"},\"thumbnailUrl\":\"https:\/\/www.rabaini.it\/wp-content\/uploads\/2026\/04\/DSC_1812.jpg\",\"datePublished\":\"2026-04-10T09:18:08+00:00\",\"dateModified\":\"2026-04-13T17:17:30+00:00\",\"breadcrumb\":{\"@id\":\"https:\/\/www.rabaini.it\/de\/nara-pumps-aus-leder-in-karamell\/#breadcrumb\"},\"inLanguage\":\"de\",\"potentialAction\":[{\"@type\":\"ReadAction\",\"target\":[\"https:\/\/www.rabaini.it\/de\/nara-pumps-aus-leder-in-karamell\/\"]}]},{\"@type\":\"ImageObject\",\"inLanguage\":\"de\",\"@id\":\"https:\/\/www.rabaini.it\/de\/nara-pumps-aus-leder-in-karamell\/#primaryimage\",\"url\":\"https:\/\/www.rabaini.it\/wp-content\/uploads\/2026\/04\/DSC_1812.jpg\",\"contentUrl\":\"https:\/\/www.rabaini.it\/wp-content\/uploads\/2026\/04\/DSC_1812.jpg\",\"width\":1500,\"height\":1500},{\"@type\":\"BreadcrumbList\",\"@id\":\"https:\/\/www.rabaini.it\/de\/nara-pumps-aus-leder-in-karamell\/#breadcrumb\",\"itemListElement\":[{\"@type\":\"ListItem\",\"position\":1,\"name\":\"Home\",\"item\":\"https:\/\/www.rabaini.it\/de\/homepage\/\"},{\"@type\":\"ListItem\",\"position\":2,\"name\":\"Gesch\u00e4ft\",\"item\":\"https:\/\/www.rabaini.it\/geschaeft\/\"},{\"@type\":\"ListItem\",\"position\":3,\"name\":\"Damen\",\"item\":\"https:\/\/www.rabaini.it\/de\/damen\/\"},{\"@type\":\"ListItem\",\"position\":4,\"name\":\"Nara Pumps aus Leder in Karamell\"}]},{\"@type\":\"WebSite\",\"@id\":\"https:\/\/www.rabaini.it\/de\/#website\",\"url\":\"https:\/\/www.rabaini.it\/de\/\",\"name\":\"Rabaini\",\"description\":\"\",\"potentialAction\":[{\"@type\":\"SearchAction\",\"target\":{\"@type\":\"EntryPoint\",\"urlTemplate\":\"https:\/\/www.rabaini.it\/de\/?s={search_term_string}\"},\"query-input\":{\"@type\":\"PropertyValueSpecification\",\"valueRequired\":true,\"valueName\":\"search_term_string\"}}],\"inLanguage\":\"de\"}]}<\/script>\n<!-- \/ Yoast SEO plugin. -->","yoast_head_json":{"title":"Nara Pumps aus Leder in Karamell - Rabaini","robots":{"index":"index","follow":"follow","max-snippet":"max-snippet:-1","max-image-preview":"max-image-preview:large","max-video-preview":"max-video-preview:-1"},"canonical":"https:\/\/www.rabaini.it\/de\/nara-pumps-aus-leder-in-karamell\/","og_locale":"de_DE","og_type":"article","og_title":"Nara Pumps aus Leder in Karamell - Rabaini","og_description":"Artikelnummer: NARA Farbe: Karamell Nara ist ein eleganter und moderner offener Stiletto mit schmaler Spitze, runder Aussparung und einem feinen 7,5 cm Absatz \u2013 angenehm genug f\u00fcr den ganzen Tag Er verf\u00fcgt \u00fcber einen elastischen Verschluss f\u00fcr sicheren Halt, eine gepolsterte Innensohle f\u00fcr besseren Komfort und eine Cuerolite-Sohle, die Leichtigkeit und Flexibilit\u00e4t bietet Ein Modell,&hellip;","og_url":"https:\/\/www.rabaini.it\/de\/nara-pumps-aus-leder-in-karamell\/","og_site_name":"Rabaini","article_modified_time":"2026-04-13T17:17:30+00:00","og_image":[{"width":1500,"height":1500,"url":"https:\/\/www.rabaini.it\/wp-content\/uploads\/2026\/04\/DSC_1812.jpg","type":"image\/jpeg"}],"twitter_card":"summary_large_image","schema":{"@context":"https:\/\/schema.org","@graph":[{"@type":"WebPage","@id":"https:\/\/www.rabaini.it\/de\/nara-pumps-aus-leder-in-karamell\/","url":"https:\/\/www.rabaini.it\/de\/nara-pumps-aus-leder-in-karamell\/","name":"Nara Pumps aus Leder in Karamell - Rabaini","isPartOf":{"@id":"https:\/\/www.rabaini.it\/de\/#website"},"primaryImageOfPage":{"@id":"https:\/\/www.rabaini.it\/de\/nara-pumps-aus-leder-in-karamell\/#primaryimage"},"image":{"@id":"https:\/\/www.rabaini.it\/de\/nara-pumps-aus-leder-in-karamell\/#primaryimage"},"thumbnailUrl":"https:\/\/www.rabaini.it\/wp-content\/uploads\/2026\/04\/DSC_1812.jpg","datePublished":"2026-04-10T09:18:08+00:00","dateModified":"2026-04-13T17:17:30+00:00","breadcrumb":{"@id":"https:\/\/www.rabaini.it\/de\/nara-pumps-aus-leder-in-karamell\/#breadcrumb"},"inLanguage":"de","potentialAction":[{"@type":"ReadAction","target":["https:\/\/www.rabaini.it\/de\/nara-pumps-aus-leder-in-karamell\/"]}]},{"@type":"ImageObject","inLanguage":"de","@id":"https:\/\/www.rabaini.it\/de\/nara-pumps-aus-leder-in-karamell\/#primaryimage","url":"https:\/\/www.rabaini.it\/wp-content\/uploads\/2026\/04\/DSC_1812.jpg","contentUrl":"https:\/\/www.rabaini.it\/wp-content\/uploads\/2026\/04\/DSC_1812.jpg","width":1500,"height":1500},{"@type":"BreadcrumbList","@id":"https:\/\/www.rabaini.it\/de\/nara-pumps-aus-leder-in-karamell\/#breadcrumb","itemListElement":[{"@type":"ListItem","position":1,"name":"Home","item":"https:\/\/www.rabaini.it\/de\/homepage\/"},{"@type":"ListItem","position":2,"name":"Gesch\u00e4ft","item":"https:\/\/www.rabaini.it\/geschaeft\/"},{"@type":"ListItem","position":3,"name":"Damen","item":"https:\/\/www.rabaini.it\/de\/damen\/"},{"@type":"ListItem","position":4,"name":"Nara Pumps aus Leder in Karamell"}]},{"@type":"WebSite","@id":"https:\/\/www.rabaini.it\/de\/#website","url":"https:\/\/www.rabaini.it\/de\/","name":"Rabaini","description":"","potentialAction":[{"@type":"SearchAction","target":{"@type":"EntryPoint","urlTemplate":"https:\/\/www.rabaini.it\/de\/?s={search_term_string}"},"query-input":{"@type":"PropertyValueSpecification","valueRequired":true,"valueName":"search_term_string"}}],"inLanguage":"de"}]}},"_links":{"self":[{"href":"https:\/\/www.rabaini.it\/de\/wp-json\/wp\/v2\/product\/152546","targetHints":{"allow":["GET"]}}],"collection":[{"href":"https:\/\/www.rabaini.it\/de\/wp-json\/wp\/v2\/product"}],"about":[{"href":"https:\/\/www.rabaini.it\/de\/wp-json\/wp\/v2\/types\/product"}],"wp:featuredmedia":[{"embeddable":true,"href":"https:\/\/www.rabaini.it\/de\/wp-json\/wp\/v2\/media\/150896"}],"wp:attachment":[{"href":"https:\/\/www.rabaini.it\/de\/wp-json\/wp\/v2\/media?parent=152546"}],"wp:term":[{"taxonomy":"product_brand","embeddable":true,"href":"https:\/\/www.rabaini.it\/de\/wp-json\/wp\/v2\/product_brand?post=152546"},{"taxonomy":"product_cat","embeddable":true,"href":"https:\/\/www.rabaini.it\/de\/wp-json\/wp\/v2\/product_cat?post=152546"},{"taxonomy":"product_tag","embeddable":true,"href":"https:\/\/www.rabaini.it\/de\/wp-json\/wp\/v2\/product_tag?post=152546"}],"curies":[{"name":"wp","href":"https:\/\/api.w.org\/{rel}","templated":true}]}}