{"id":152530,"date":"2026-04-10T11:11:22","date_gmt":"2026-04-10T09:11:22","guid":{"rendered":"https:\/\/www.rabaini.it\/?post_type=product&#038;p=152530"},"modified":"2026-04-13T19:16:46","modified_gmt":"2026-04-13T17:16:46","slug":"mercedita-pumps-aus-naturlicher-raffia","status":"publish","type":"product","link":"https:\/\/www.rabaini.it\/de\/mercedita-pumps-aus-naturlicher-raffia\/","title":{"rendered":"Mercedita-Pumps aus nat\u00fcrlicher Raffia"},"content":{"rendered":"<ul>\n<li>Artikelnummer: IMELDA<\/li>\n<li>Farbe: Natur<\/li>\n<li>Die Imelda Merceditas sind leichte und feminine flache Schuhe mit schmal zulaufender Spitze, einem 1,5 cm Blockabsatz und einem offenen Fersenbereich, der Frische und Komfort im Alltag bietet<\/li>\n<li>Ihr vielseitiger Stil macht sie zu einer idealen Wahl f\u00fcr urbane Looks, B\u00fcro-Outfits oder legere Anl\u00e4sse<\/li>\n<li>Gefertigt aus Baumwoll-Raffia und PU, mit Innenfutter aus Leder f\u00fcr ein angenehmes Tragegef\u00fchl<\/li>\n<li>Der Riemen \u00fcber dem Spann mit Elastikeinsatz und die Kn\u00f6chelschnalle sorgen f\u00fcr einen sicheren Sitz, w\u00e4hrend die Einfassung ein gepflegtes und elegantes Finish verleiht<\/li>\n<li>Der niedrige und breite Absatz bietet Stabilit\u00e4t beim Gehen und macht Imelda zu einem praktischen, modernen und leicht kombinierbaren Modell<\/li>\n<li>Entworfen und hergestellt in Spanien mit Liebe zum Detail<\/li>\n<\/ul>\n","protected":false},"excerpt":{"rendered":"<p>Artikelnummer: IMELDA Farbe: Natur Die Imelda Merceditas sind leichte und feminine flache Schuhe mit schmal zulaufender Spitze, einem 1,5 cm Blockabsatz und einem offenen Fersenbereich, der Frische und Komfort im Alltag bietet Ihr vielseitiger Stil macht sie zu einer idealen Wahl f\u00fcr urbane Looks, B\u00fcro-Outfits oder legere Anl\u00e4sse Gefertigt aus Baumwoll-Raffia und PU, mit Innenfutter&hellip;<\/p>\n","protected":false},"featured_media":150887,"template":"","meta":{"_acf_changed":false},"product_brand":[],"product_cat":[1273,1310,1316,1308,1314],"product_tag":[1719],"class_list":{"0":"post-152530","1":"product","2":"type-product","3":"status-publish","4":"has-post-thumbnail","6":"product_cat-damen","7":"product_cat-damenschuhe","8":"product_cat-flache-schuhe-damen","9":"product_cat-neuheiten-fur-damen","10":"product_cat-sabot-damen","11":"product_tag-neuheiten","12":"marca-angel-alarcon-de","14":"first","15":"instock","16":"shipping-taxable","17":"purchasable","18":"product-type-variable"},"acf":[],"yoast_head":"<!-- This site is optimized with the Yoast SEO plugin v27.2 - https:\/\/yoast.com\/product\/yoast-seo-wordpress\/ -->\n<title>Mercedita-Pumps aus nat\u00fcrlicher Raffia - Rabaini<\/title>\n<meta name=\"robots\" content=\"index, follow, max-snippet:-1, max-image-preview:large, max-video-preview:-1\" \/>\n<link rel=\"canonical\" href=\"https:\/\/www.rabaini.it\/de\/mercedita-pumps-aus-naturlicher-raffia\/\" \/>\n<meta property=\"og:locale\" content=\"de_DE\" \/>\n<meta property=\"og:type\" content=\"article\" \/>\n<meta property=\"og:title\" content=\"Mercedita-Pumps aus nat\u00fcrlicher Raffia - Rabaini\" \/>\n<meta property=\"og:description\" content=\"Artikelnummer: IMELDA Farbe: Natur Die Imelda Merceditas sind leichte und feminine flache Schuhe mit schmal zulaufender Spitze, einem 1,5 cm Blockabsatz und einem offenen Fersenbereich, der Frische und Komfort im Alltag bietet Ihr vielseitiger Stil macht sie zu einer idealen Wahl f\u00fcr urbane Looks, B\u00fcro-Outfits oder legere Anl\u00e4sse Gefertigt aus Baumwoll-Raffia und PU, mit Innenfutter&hellip;\" \/>\n<meta property=\"og:url\" content=\"https:\/\/www.rabaini.it\/de\/mercedita-pumps-aus-naturlicher-raffia\/\" \/>\n<meta property=\"og:site_name\" content=\"Rabaini\" \/>\n<meta property=\"article:modified_time\" content=\"2026-04-13T17:16:46+00:00\" \/>\n<meta property=\"og:image\" content=\"https:\/\/www.rabaini.it\/wp-content\/uploads\/2026\/04\/DSC_1809.jpg\" \/>\n\t<meta property=\"og:image:width\" content=\"1500\" \/>\n\t<meta property=\"og:image:height\" content=\"1500\" \/>\n\t<meta property=\"og:image:type\" content=\"image\/jpeg\" \/>\n<meta name=\"twitter:card\" content=\"summary_large_image\" \/>\n<meta name=\"twitter:label1\" content=\"Gesch\u00e4tzte Lesezeit\" \/>\n\t<meta name=\"twitter:data1\" content=\"1\u00a0Minute\" \/>\n<script type=\"application\/ld+json\" class=\"yoast-schema-graph\">{\"@context\":\"https:\/\/schema.org\",\"@graph\":[{\"@type\":\"WebPage\",\"@id\":\"https:\/\/www.rabaini.it\/de\/mercedita-pumps-aus-naturlicher-raffia\/\",\"url\":\"https:\/\/www.rabaini.it\/de\/mercedita-pumps-aus-naturlicher-raffia\/\",\"name\":\"Mercedita-Pumps aus nat\u00fcrlicher Raffia - Rabaini\",\"isPartOf\":{\"@id\":\"https:\/\/www.rabaini.it\/de\/#website\"},\"primaryImageOfPage\":{\"@id\":\"https:\/\/www.rabaini.it\/de\/mercedita-pumps-aus-naturlicher-raffia\/#primaryimage\"},\"image\":{\"@id\":\"https:\/\/www.rabaini.it\/de\/mercedita-pumps-aus-naturlicher-raffia\/#primaryimage\"},\"thumbnailUrl\":\"https:\/\/www.rabaini.it\/wp-content\/uploads\/2026\/04\/DSC_1809.jpg\",\"datePublished\":\"2026-04-10T09:11:22+00:00\",\"dateModified\":\"2026-04-13T17:16:46+00:00\",\"breadcrumb\":{\"@id\":\"https:\/\/www.rabaini.it\/de\/mercedita-pumps-aus-naturlicher-raffia\/#breadcrumb\"},\"inLanguage\":\"de\",\"potentialAction\":[{\"@type\":\"ReadAction\",\"target\":[\"https:\/\/www.rabaini.it\/de\/mercedita-pumps-aus-naturlicher-raffia\/\"]}]},{\"@type\":\"ImageObject\",\"inLanguage\":\"de\",\"@id\":\"https:\/\/www.rabaini.it\/de\/mercedita-pumps-aus-naturlicher-raffia\/#primaryimage\",\"url\":\"https:\/\/www.rabaini.it\/wp-content\/uploads\/2026\/04\/DSC_1809.jpg\",\"contentUrl\":\"https:\/\/www.rabaini.it\/wp-content\/uploads\/2026\/04\/DSC_1809.jpg\",\"width\":1500,\"height\":1500},{\"@type\":\"BreadcrumbList\",\"@id\":\"https:\/\/www.rabaini.it\/de\/mercedita-pumps-aus-naturlicher-raffia\/#breadcrumb\",\"itemListElement\":[{\"@type\":\"ListItem\",\"position\":1,\"name\":\"Home\",\"item\":\"https:\/\/www.rabaini.it\/de\/homepage\/\"},{\"@type\":\"ListItem\",\"position\":2,\"name\":\"Gesch\u00e4ft\",\"item\":\"https:\/\/www.rabaini.it\/geschaeft\/\"},{\"@type\":\"ListItem\",\"position\":3,\"name\":\"Damen\",\"item\":\"https:\/\/www.rabaini.it\/de\/damen\/\"},{\"@type\":\"ListItem\",\"position\":4,\"name\":\"Mercedita-Pumps aus nat\u00fcrlicher Raffia\"}]},{\"@type\":\"WebSite\",\"@id\":\"https:\/\/www.rabaini.it\/de\/#website\",\"url\":\"https:\/\/www.rabaini.it\/de\/\",\"name\":\"Rabaini\",\"description\":\"\",\"potentialAction\":[{\"@type\":\"SearchAction\",\"target\":{\"@type\":\"EntryPoint\",\"urlTemplate\":\"https:\/\/www.rabaini.it\/de\/?s={search_term_string}\"},\"query-input\":{\"@type\":\"PropertyValueSpecification\",\"valueRequired\":true,\"valueName\":\"search_term_string\"}}],\"inLanguage\":\"de\"}]}<\/script>\n<!-- \/ Yoast SEO plugin. -->","yoast_head_json":{"title":"Mercedita-Pumps aus nat\u00fcrlicher Raffia - Rabaini","robots":{"index":"index","follow":"follow","max-snippet":"max-snippet:-1","max-image-preview":"max-image-preview:large","max-video-preview":"max-video-preview:-1"},"canonical":"https:\/\/www.rabaini.it\/de\/mercedita-pumps-aus-naturlicher-raffia\/","og_locale":"de_DE","og_type":"article","og_title":"Mercedita-Pumps aus nat\u00fcrlicher Raffia - Rabaini","og_description":"Artikelnummer: IMELDA Farbe: Natur Die Imelda Merceditas sind leichte und feminine flache Schuhe mit schmal zulaufender Spitze, einem 1,5 cm Blockabsatz und einem offenen Fersenbereich, der Frische und Komfort im Alltag bietet Ihr vielseitiger Stil macht sie zu einer idealen Wahl f\u00fcr urbane Looks, B\u00fcro-Outfits oder legere Anl\u00e4sse Gefertigt aus Baumwoll-Raffia und PU, mit Innenfutter&hellip;","og_url":"https:\/\/www.rabaini.it\/de\/mercedita-pumps-aus-naturlicher-raffia\/","og_site_name":"Rabaini","article_modified_time":"2026-04-13T17:16:46+00:00","og_image":[{"width":1500,"height":1500,"url":"https:\/\/www.rabaini.it\/wp-content\/uploads\/2026\/04\/DSC_1809.jpg","type":"image\/jpeg"}],"twitter_card":"summary_large_image","twitter_misc":{"Gesch\u00e4tzte Lesezeit":"1\u00a0Minute"},"schema":{"@context":"https:\/\/schema.org","@graph":[{"@type":"WebPage","@id":"https:\/\/www.rabaini.it\/de\/mercedita-pumps-aus-naturlicher-raffia\/","url":"https:\/\/www.rabaini.it\/de\/mercedita-pumps-aus-naturlicher-raffia\/","name":"Mercedita-Pumps aus nat\u00fcrlicher Raffia - Rabaini","isPartOf":{"@id":"https:\/\/www.rabaini.it\/de\/#website"},"primaryImageOfPage":{"@id":"https:\/\/www.rabaini.it\/de\/mercedita-pumps-aus-naturlicher-raffia\/#primaryimage"},"image":{"@id":"https:\/\/www.rabaini.it\/de\/mercedita-pumps-aus-naturlicher-raffia\/#primaryimage"},"thumbnailUrl":"https:\/\/www.rabaini.it\/wp-content\/uploads\/2026\/04\/DSC_1809.jpg","datePublished":"2026-04-10T09:11:22+00:00","dateModified":"2026-04-13T17:16:46+00:00","breadcrumb":{"@id":"https:\/\/www.rabaini.it\/de\/mercedita-pumps-aus-naturlicher-raffia\/#breadcrumb"},"inLanguage":"de","potentialAction":[{"@type":"ReadAction","target":["https:\/\/www.rabaini.it\/de\/mercedita-pumps-aus-naturlicher-raffia\/"]}]},{"@type":"ImageObject","inLanguage":"de","@id":"https:\/\/www.rabaini.it\/de\/mercedita-pumps-aus-naturlicher-raffia\/#primaryimage","url":"https:\/\/www.rabaini.it\/wp-content\/uploads\/2026\/04\/DSC_1809.jpg","contentUrl":"https:\/\/www.rabaini.it\/wp-content\/uploads\/2026\/04\/DSC_1809.jpg","width":1500,"height":1500},{"@type":"BreadcrumbList","@id":"https:\/\/www.rabaini.it\/de\/mercedita-pumps-aus-naturlicher-raffia\/#breadcrumb","itemListElement":[{"@type":"ListItem","position":1,"name":"Home","item":"https:\/\/www.rabaini.it\/de\/homepage\/"},{"@type":"ListItem","position":2,"name":"Gesch\u00e4ft","item":"https:\/\/www.rabaini.it\/geschaeft\/"},{"@type":"ListItem","position":3,"name":"Damen","item":"https:\/\/www.rabaini.it\/de\/damen\/"},{"@type":"ListItem","position":4,"name":"Mercedita-Pumps aus nat\u00fcrlicher Raffia"}]},{"@type":"WebSite","@id":"https:\/\/www.rabaini.it\/de\/#website","url":"https:\/\/www.rabaini.it\/de\/","name":"Rabaini","description":"","potentialAction":[{"@type":"SearchAction","target":{"@type":"EntryPoint","urlTemplate":"https:\/\/www.rabaini.it\/de\/?s={search_term_string}"},"query-input":{"@type":"PropertyValueSpecification","valueRequired":true,"valueName":"search_term_string"}}],"inLanguage":"de"}]}},"_links":{"self":[{"href":"https:\/\/www.rabaini.it\/de\/wp-json\/wp\/v2\/product\/152530","targetHints":{"allow":["GET"]}}],"collection":[{"href":"https:\/\/www.rabaini.it\/de\/wp-json\/wp\/v2\/product"}],"about":[{"href":"https:\/\/www.rabaini.it\/de\/wp-json\/wp\/v2\/types\/product"}],"wp:featuredmedia":[{"embeddable":true,"href":"https:\/\/www.rabaini.it\/de\/wp-json\/wp\/v2\/media\/150887"}],"wp:attachment":[{"href":"https:\/\/www.rabaini.it\/de\/wp-json\/wp\/v2\/media?parent=152530"}],"wp:term":[{"taxonomy":"product_brand","embeddable":true,"href":"https:\/\/www.rabaini.it\/de\/wp-json\/wp\/v2\/product_brand?post=152530"},{"taxonomy":"product_cat","embeddable":true,"href":"https:\/\/www.rabaini.it\/de\/wp-json\/wp\/v2\/product_cat?post=152530"},{"taxonomy":"product_tag","embeddable":true,"href":"https:\/\/www.rabaini.it\/de\/wp-json\/wp\/v2\/product_tag?post=152530"}],"curies":[{"name":"wp","href":"https:\/\/api.w.org\/{rel}","templated":true}]}}