{"id":152514,"date":"2026-04-10T11:00:51","date_gmt":"2026-04-10T09:00:51","guid":{"rendered":"https:\/\/www.rabaini.it\/?post_type=product&#038;p=152514"},"modified":"2026-04-13T19:15:58","modified_gmt":"2026-04-13T17:15:58","slug":"geflochtene-pumps-in-naturfarbe","status":"publish","type":"product","link":"https:\/\/www.rabaini.it\/de\/geflochtene-pumps-in-naturfarbe\/","title":{"rendered":"Geflochtene Pumps in Naturfarbe"},"content":{"rendered":"<ul>\n<li>Artikelnummer: ESTER<\/li>\n<li>Farbe: Natur<\/li>\n<li>Ein nat\u00fcrlicher und raffinierter Pump aus geflochtenem Material, das den Fu\u00df leicht und flexibel umh\u00fcllt<\/li>\n<li>Die durchbrochene Verarbeitung sorgt f\u00fcr Atmungsaktivit\u00e4t und Komfort und macht den Schuh ideal f\u00fcr die warme Jahreszeit<\/li>\n<li>Die spitz zulaufende Silhouette mit leicht verl\u00e4ngerter Spitze verleiht Eleganz, w\u00e4hrend der breite und stabile Absatz Halt und Komfort den ganzen Tag \u00fcber bietet<\/li>\n<li>Das Innenfutter ist so gestaltet, dass es auch nach vielen Stunden Tragezeit einen bequemen und angenehmen Sitz bietet<\/li>\n<li data-section-id=\"1dkr2zs\" data-start=\"516\" data-end=\"563\">Geflochtenes Obermaterial<\/li>\n<li data-section-id=\"16qajfu\" data-start=\"564\" data-end=\"595\">Leichtes und flexibles Design<\/li>\n<li data-section-id=\"14g6wco\" data-start=\"596\" data-end=\"637\">Spitze Form f\u00fcr einen eleganten Look<\/li>\n<li data-section-id=\"12xpxd0\" data-start=\"638\" data-end=\"663\">Breiter und stabiler Absatz<\/li>\n<li>Ein vielseitiger Schuh, perfekt f\u00fcr sommerliche Outfits und Casual-Chic-Looks, der handwerklichen Stil mit zeitgen\u00f6ssischer Eleganz verbindet<\/li>\n<li>Absatzh\u00f6he: 6 cm<\/li>\n<\/ul>\n","protected":false},"excerpt":{"rendered":"<p>Artikelnummer: ESTER Farbe: Natur Ein nat\u00fcrlicher und raffinierter Pump aus geflochtenem Material, das den Fu\u00df leicht und flexibel umh\u00fcllt Die durchbrochene Verarbeitung sorgt f\u00fcr Atmungsaktivit\u00e4t und Komfort und macht den Schuh ideal f\u00fcr die warme Jahreszeit Die spitz zulaufende Silhouette mit leicht verl\u00e4ngerter Spitze verleiht Eleganz, w\u00e4hrend der breite und stabile Absatz Halt und Komfort&hellip;<\/p>\n","protected":false},"featured_media":150878,"template":"","meta":{"_acf_changed":false},"product_brand":[],"product_cat":[1273,1310,1308,1317],"product_tag":[1719],"class_list":{"0":"post-152514","1":"product","2":"type-product","3":"status-publish","4":"has-post-thumbnail","6":"product_cat-damen","7":"product_cat-damenschuhe","8":"product_cat-neuheiten-fur-damen","9":"product_cat-schuhe-mit-absatz-damen","10":"product_tag-neuheiten","11":"marca-angel-alarcon-de","13":"first","14":"instock","15":"shipping-taxable","16":"purchasable","17":"product-type-variable"},"acf":[],"yoast_head":"<!-- This site is optimized with the Yoast SEO plugin v27.2 - https:\/\/yoast.com\/product\/yoast-seo-wordpress\/ -->\n<title>Geflochtene Pumps in Naturfarbe - Rabaini<\/title>\n<meta name=\"robots\" content=\"index, follow, max-snippet:-1, max-image-preview:large, max-video-preview:-1\" \/>\n<link rel=\"canonical\" href=\"https:\/\/www.rabaini.it\/de\/geflochtene-pumps-in-naturfarbe\/\" \/>\n<meta property=\"og:locale\" content=\"de_DE\" \/>\n<meta property=\"og:type\" content=\"article\" \/>\n<meta property=\"og:title\" content=\"Geflochtene Pumps in Naturfarbe - Rabaini\" \/>\n<meta property=\"og:description\" content=\"Artikelnummer: ESTER Farbe: Natur Ein nat\u00fcrlicher und raffinierter Pump aus geflochtenem Material, das den Fu\u00df leicht und flexibel umh\u00fcllt Die durchbrochene Verarbeitung sorgt f\u00fcr Atmungsaktivit\u00e4t und Komfort und macht den Schuh ideal f\u00fcr die warme Jahreszeit Die spitz zulaufende Silhouette mit leicht verl\u00e4ngerter Spitze verleiht Eleganz, w\u00e4hrend der breite und stabile Absatz Halt und Komfort&hellip;\" \/>\n<meta property=\"og:url\" content=\"https:\/\/www.rabaini.it\/de\/geflochtene-pumps-in-naturfarbe\/\" \/>\n<meta property=\"og:site_name\" content=\"Rabaini\" \/>\n<meta property=\"article:modified_time\" content=\"2026-04-13T17:15:58+00:00\" \/>\n<meta property=\"og:image\" content=\"https:\/\/www.rabaini.it\/wp-content\/uploads\/2026\/04\/DSC_1806.jpg\" \/>\n\t<meta property=\"og:image:width\" content=\"1500\" \/>\n\t<meta property=\"og:image:height\" content=\"1500\" \/>\n\t<meta property=\"og:image:type\" content=\"image\/jpeg\" \/>\n<meta name=\"twitter:card\" content=\"summary_large_image\" \/>\n<meta name=\"twitter:label1\" content=\"Gesch\u00e4tzte Lesezeit\" \/>\n\t<meta name=\"twitter:data1\" content=\"1\u00a0Minute\" \/>\n<script type=\"application\/ld+json\" class=\"yoast-schema-graph\">{\"@context\":\"https:\/\/schema.org\",\"@graph\":[{\"@type\":\"WebPage\",\"@id\":\"https:\/\/www.rabaini.it\/de\/geflochtene-pumps-in-naturfarbe\/\",\"url\":\"https:\/\/www.rabaini.it\/de\/geflochtene-pumps-in-naturfarbe\/\",\"name\":\"Geflochtene Pumps in Naturfarbe - Rabaini\",\"isPartOf\":{\"@id\":\"https:\/\/www.rabaini.it\/de\/#website\"},\"primaryImageOfPage\":{\"@id\":\"https:\/\/www.rabaini.it\/de\/geflochtene-pumps-in-naturfarbe\/#primaryimage\"},\"image\":{\"@id\":\"https:\/\/www.rabaini.it\/de\/geflochtene-pumps-in-naturfarbe\/#primaryimage\"},\"thumbnailUrl\":\"https:\/\/www.rabaini.it\/wp-content\/uploads\/2026\/04\/DSC_1806.jpg\",\"datePublished\":\"2026-04-10T09:00:51+00:00\",\"dateModified\":\"2026-04-13T17:15:58+00:00\",\"breadcrumb\":{\"@id\":\"https:\/\/www.rabaini.it\/de\/geflochtene-pumps-in-naturfarbe\/#breadcrumb\"},\"inLanguage\":\"de\",\"potentialAction\":[{\"@type\":\"ReadAction\",\"target\":[\"https:\/\/www.rabaini.it\/de\/geflochtene-pumps-in-naturfarbe\/\"]}]},{\"@type\":\"ImageObject\",\"inLanguage\":\"de\",\"@id\":\"https:\/\/www.rabaini.it\/de\/geflochtene-pumps-in-naturfarbe\/#primaryimage\",\"url\":\"https:\/\/www.rabaini.it\/wp-content\/uploads\/2026\/04\/DSC_1806.jpg\",\"contentUrl\":\"https:\/\/www.rabaini.it\/wp-content\/uploads\/2026\/04\/DSC_1806.jpg\",\"width\":1500,\"height\":1500},{\"@type\":\"BreadcrumbList\",\"@id\":\"https:\/\/www.rabaini.it\/de\/geflochtene-pumps-in-naturfarbe\/#breadcrumb\",\"itemListElement\":[{\"@type\":\"ListItem\",\"position\":1,\"name\":\"Home\",\"item\":\"https:\/\/www.rabaini.it\/de\/homepage\/\"},{\"@type\":\"ListItem\",\"position\":2,\"name\":\"Gesch\u00e4ft\",\"item\":\"https:\/\/www.rabaini.it\/geschaeft\/\"},{\"@type\":\"ListItem\",\"position\":3,\"name\":\"Damen\",\"item\":\"https:\/\/www.rabaini.it\/de\/damen\/\"},{\"@type\":\"ListItem\",\"position\":4,\"name\":\"Geflochtene Pumps in Naturfarbe\"}]},{\"@type\":\"WebSite\",\"@id\":\"https:\/\/www.rabaini.it\/de\/#website\",\"url\":\"https:\/\/www.rabaini.it\/de\/\",\"name\":\"Rabaini\",\"description\":\"\",\"potentialAction\":[{\"@type\":\"SearchAction\",\"target\":{\"@type\":\"EntryPoint\",\"urlTemplate\":\"https:\/\/www.rabaini.it\/de\/?s={search_term_string}\"},\"query-input\":{\"@type\":\"PropertyValueSpecification\",\"valueRequired\":true,\"valueName\":\"search_term_string\"}}],\"inLanguage\":\"de\"}]}<\/script>\n<!-- \/ Yoast SEO plugin. -->","yoast_head_json":{"title":"Geflochtene Pumps in Naturfarbe - Rabaini","robots":{"index":"index","follow":"follow","max-snippet":"max-snippet:-1","max-image-preview":"max-image-preview:large","max-video-preview":"max-video-preview:-1"},"canonical":"https:\/\/www.rabaini.it\/de\/geflochtene-pumps-in-naturfarbe\/","og_locale":"de_DE","og_type":"article","og_title":"Geflochtene Pumps in Naturfarbe - Rabaini","og_description":"Artikelnummer: ESTER Farbe: Natur Ein nat\u00fcrlicher und raffinierter Pump aus geflochtenem Material, das den Fu\u00df leicht und flexibel umh\u00fcllt Die durchbrochene Verarbeitung sorgt f\u00fcr Atmungsaktivit\u00e4t und Komfort und macht den Schuh ideal f\u00fcr die warme Jahreszeit Die spitz zulaufende Silhouette mit leicht verl\u00e4ngerter Spitze verleiht Eleganz, w\u00e4hrend der breite und stabile Absatz Halt und Komfort&hellip;","og_url":"https:\/\/www.rabaini.it\/de\/geflochtene-pumps-in-naturfarbe\/","og_site_name":"Rabaini","article_modified_time":"2026-04-13T17:15:58+00:00","og_image":[{"width":1500,"height":1500,"url":"https:\/\/www.rabaini.it\/wp-content\/uploads\/2026\/04\/DSC_1806.jpg","type":"image\/jpeg"}],"twitter_card":"summary_large_image","twitter_misc":{"Gesch\u00e4tzte Lesezeit":"1\u00a0Minute"},"schema":{"@context":"https:\/\/schema.org","@graph":[{"@type":"WebPage","@id":"https:\/\/www.rabaini.it\/de\/geflochtene-pumps-in-naturfarbe\/","url":"https:\/\/www.rabaini.it\/de\/geflochtene-pumps-in-naturfarbe\/","name":"Geflochtene Pumps in Naturfarbe - Rabaini","isPartOf":{"@id":"https:\/\/www.rabaini.it\/de\/#website"},"primaryImageOfPage":{"@id":"https:\/\/www.rabaini.it\/de\/geflochtene-pumps-in-naturfarbe\/#primaryimage"},"image":{"@id":"https:\/\/www.rabaini.it\/de\/geflochtene-pumps-in-naturfarbe\/#primaryimage"},"thumbnailUrl":"https:\/\/www.rabaini.it\/wp-content\/uploads\/2026\/04\/DSC_1806.jpg","datePublished":"2026-04-10T09:00:51+00:00","dateModified":"2026-04-13T17:15:58+00:00","breadcrumb":{"@id":"https:\/\/www.rabaini.it\/de\/geflochtene-pumps-in-naturfarbe\/#breadcrumb"},"inLanguage":"de","potentialAction":[{"@type":"ReadAction","target":["https:\/\/www.rabaini.it\/de\/geflochtene-pumps-in-naturfarbe\/"]}]},{"@type":"ImageObject","inLanguage":"de","@id":"https:\/\/www.rabaini.it\/de\/geflochtene-pumps-in-naturfarbe\/#primaryimage","url":"https:\/\/www.rabaini.it\/wp-content\/uploads\/2026\/04\/DSC_1806.jpg","contentUrl":"https:\/\/www.rabaini.it\/wp-content\/uploads\/2026\/04\/DSC_1806.jpg","width":1500,"height":1500},{"@type":"BreadcrumbList","@id":"https:\/\/www.rabaini.it\/de\/geflochtene-pumps-in-naturfarbe\/#breadcrumb","itemListElement":[{"@type":"ListItem","position":1,"name":"Home","item":"https:\/\/www.rabaini.it\/de\/homepage\/"},{"@type":"ListItem","position":2,"name":"Gesch\u00e4ft","item":"https:\/\/www.rabaini.it\/geschaeft\/"},{"@type":"ListItem","position":3,"name":"Damen","item":"https:\/\/www.rabaini.it\/de\/damen\/"},{"@type":"ListItem","position":4,"name":"Geflochtene Pumps in Naturfarbe"}]},{"@type":"WebSite","@id":"https:\/\/www.rabaini.it\/de\/#website","url":"https:\/\/www.rabaini.it\/de\/","name":"Rabaini","description":"","potentialAction":[{"@type":"SearchAction","target":{"@type":"EntryPoint","urlTemplate":"https:\/\/www.rabaini.it\/de\/?s={search_term_string}"},"query-input":{"@type":"PropertyValueSpecification","valueRequired":true,"valueName":"search_term_string"}}],"inLanguage":"de"}]}},"_links":{"self":[{"href":"https:\/\/www.rabaini.it\/de\/wp-json\/wp\/v2\/product\/152514","targetHints":{"allow":["GET"]}}],"collection":[{"href":"https:\/\/www.rabaini.it\/de\/wp-json\/wp\/v2\/product"}],"about":[{"href":"https:\/\/www.rabaini.it\/de\/wp-json\/wp\/v2\/types\/product"}],"wp:featuredmedia":[{"embeddable":true,"href":"https:\/\/www.rabaini.it\/de\/wp-json\/wp\/v2\/media\/150878"}],"wp:attachment":[{"href":"https:\/\/www.rabaini.it\/de\/wp-json\/wp\/v2\/media?parent=152514"}],"wp:term":[{"taxonomy":"product_brand","embeddable":true,"href":"https:\/\/www.rabaini.it\/de\/wp-json\/wp\/v2\/product_brand?post=152514"},{"taxonomy":"product_cat","embeddable":true,"href":"https:\/\/www.rabaini.it\/de\/wp-json\/wp\/v2\/product_cat?post=152514"},{"taxonomy":"product_tag","embeddable":true,"href":"https:\/\/www.rabaini.it\/de\/wp-json\/wp\/v2\/product_tag?post=152514"}],"curies":[{"name":"wp","href":"https:\/\/api.w.org\/{rel}","templated":true}]}}