{"id":152482,"date":"2026-04-10T09:51:13","date_gmt":"2026-04-10T07:51:13","guid":{"rendered":"https:\/\/www.rabaini.it\/?post_type=product&#038;p=152482"},"modified":"2026-04-13T19:14:32","modified_gmt":"2026-04-13T17:14:32","slug":"anita-ballerinas-in-elfenbein","status":"publish","type":"product","link":"https:\/\/www.rabaini.it\/de\/anita-ballerinas-in-elfenbein\/","title":{"rendered":"Anita Ballerinas in Elfenbein"},"content":{"rendered":"<ul>\n<li>Artikelnummer: ANITA<\/li>\n<li>Farbe: Elfenbein<\/li>\n<li>Ein Ballerina mit schlichtem und raffiniertem Design, perfekt um Alltagslooks mit einem eleganten und minimalistischen Touch zu erg\u00e4nzen<\/li>\n<li>Mit glattem Obermaterial zeichnet er sich durch einen elastischen Riemen \u00fcber dem Spann aus, der den ganzen Tag \u00fcber Komfort und Stabilit\u00e4t gew\u00e4hrleistet<\/li>\n<li>Perfekt kombinierbar sowohl mit l\u00e4ssigen als auch mit eleganteren Outfits, ist er ein praktischer und stilvoller Schuh f\u00fcr jede Gelegenheit<\/li>\n<li>Elastischer Riemen f\u00fcr einen sicheren Sitz<\/li>\n<\/ul>\n","protected":false},"excerpt":{"rendered":"<p>Artikelnummer: ANITA Farbe: Elfenbein Ein Ballerina mit schlichtem und raffiniertem Design, perfekt um Alltagslooks mit einem eleganten und minimalistischen Touch zu erg\u00e4nzen Mit glattem Obermaterial zeichnet er sich durch einen elastischen Riemen \u00fcber dem Spann aus, der den ganzen Tag \u00fcber Komfort und Stabilit\u00e4t gew\u00e4hrleistet Perfekt kombinierbar sowohl mit l\u00e4ssigen als auch mit eleganteren Outfits,&hellip;<\/p>\n","protected":false},"featured_media":150860,"template":"","meta":{"_acf_changed":false},"product_brand":[],"product_cat":[1273,1310,1308,1311],"product_tag":[1719],"class_list":{"0":"post-152482","1":"product","2":"type-product","3":"status-publish","4":"has-post-thumbnail","6":"product_cat-damen","7":"product_cat-damenschuhe","8":"product_cat-neuheiten-fur-damen","9":"product_cat-tanzer-damen","10":"product_tag-neuheiten","11":"marca-angel-alarcon-de","13":"first","14":"instock","15":"shipping-taxable","16":"purchasable","17":"product-type-variable"},"acf":[],"yoast_head":"<!-- This site is optimized with the Yoast SEO plugin v27.2 - https:\/\/yoast.com\/product\/yoast-seo-wordpress\/ -->\n<title>Anita Ballerinas in Elfenbein - Rabaini<\/title>\n<meta name=\"robots\" content=\"index, follow, max-snippet:-1, max-image-preview:large, max-video-preview:-1\" \/>\n<link rel=\"canonical\" href=\"https:\/\/www.rabaini.it\/de\/anita-ballerinas-in-elfenbein\/\" \/>\n<meta property=\"og:locale\" content=\"de_DE\" \/>\n<meta property=\"og:type\" content=\"article\" \/>\n<meta property=\"og:title\" content=\"Anita Ballerinas in Elfenbein - Rabaini\" \/>\n<meta property=\"og:description\" content=\"Artikelnummer: ANITA Farbe: Elfenbein Ein Ballerina mit schlichtem und raffiniertem Design, perfekt um Alltagslooks mit einem eleganten und minimalistischen Touch zu erg\u00e4nzen Mit glattem Obermaterial zeichnet er sich durch einen elastischen Riemen \u00fcber dem Spann aus, der den ganzen Tag \u00fcber Komfort und Stabilit\u00e4t gew\u00e4hrleistet Perfekt kombinierbar sowohl mit l\u00e4ssigen als auch mit eleganteren Outfits,&hellip;\" \/>\n<meta property=\"og:url\" content=\"https:\/\/www.rabaini.it\/de\/anita-ballerinas-in-elfenbein\/\" \/>\n<meta property=\"og:site_name\" content=\"Rabaini\" \/>\n<meta property=\"article:modified_time\" content=\"2026-04-13T17:14:32+00:00\" \/>\n<meta property=\"og:image\" content=\"https:\/\/www.rabaini.it\/wp-content\/uploads\/2026\/04\/DSC_1800.jpg\" \/>\n\t<meta property=\"og:image:width\" content=\"1500\" \/>\n\t<meta property=\"og:image:height\" content=\"1500\" \/>\n\t<meta property=\"og:image:type\" content=\"image\/jpeg\" \/>\n<meta name=\"twitter:card\" content=\"summary_large_image\" \/>\n<script type=\"application\/ld+json\" class=\"yoast-schema-graph\">{\"@context\":\"https:\/\/schema.org\",\"@graph\":[{\"@type\":\"WebPage\",\"@id\":\"https:\/\/www.rabaini.it\/de\/anita-ballerinas-in-elfenbein\/\",\"url\":\"https:\/\/www.rabaini.it\/de\/anita-ballerinas-in-elfenbein\/\",\"name\":\"Anita Ballerinas in Elfenbein - Rabaini\",\"isPartOf\":{\"@id\":\"https:\/\/www.rabaini.it\/de\/#website\"},\"primaryImageOfPage\":{\"@id\":\"https:\/\/www.rabaini.it\/de\/anita-ballerinas-in-elfenbein\/#primaryimage\"},\"image\":{\"@id\":\"https:\/\/www.rabaini.it\/de\/anita-ballerinas-in-elfenbein\/#primaryimage\"},\"thumbnailUrl\":\"https:\/\/www.rabaini.it\/wp-content\/uploads\/2026\/04\/DSC_1800.jpg\",\"datePublished\":\"2026-04-10T07:51:13+00:00\",\"dateModified\":\"2026-04-13T17:14:32+00:00\",\"breadcrumb\":{\"@id\":\"https:\/\/www.rabaini.it\/de\/anita-ballerinas-in-elfenbein\/#breadcrumb\"},\"inLanguage\":\"de\",\"potentialAction\":[{\"@type\":\"ReadAction\",\"target\":[\"https:\/\/www.rabaini.it\/de\/anita-ballerinas-in-elfenbein\/\"]}]},{\"@type\":\"ImageObject\",\"inLanguage\":\"de\",\"@id\":\"https:\/\/www.rabaini.it\/de\/anita-ballerinas-in-elfenbein\/#primaryimage\",\"url\":\"https:\/\/www.rabaini.it\/wp-content\/uploads\/2026\/04\/DSC_1800.jpg\",\"contentUrl\":\"https:\/\/www.rabaini.it\/wp-content\/uploads\/2026\/04\/DSC_1800.jpg\",\"width\":1500,\"height\":1500},{\"@type\":\"BreadcrumbList\",\"@id\":\"https:\/\/www.rabaini.it\/de\/anita-ballerinas-in-elfenbein\/#breadcrumb\",\"itemListElement\":[{\"@type\":\"ListItem\",\"position\":1,\"name\":\"Home\",\"item\":\"https:\/\/www.rabaini.it\/de\/homepage\/\"},{\"@type\":\"ListItem\",\"position\":2,\"name\":\"Gesch\u00e4ft\",\"item\":\"https:\/\/www.rabaini.it\/geschaeft\/\"},{\"@type\":\"ListItem\",\"position\":3,\"name\":\"Damen\",\"item\":\"https:\/\/www.rabaini.it\/de\/damen\/\"},{\"@type\":\"ListItem\",\"position\":4,\"name\":\"Anita Ballerinas in Elfenbein\"}]},{\"@type\":\"WebSite\",\"@id\":\"https:\/\/www.rabaini.it\/de\/#website\",\"url\":\"https:\/\/www.rabaini.it\/de\/\",\"name\":\"Rabaini\",\"description\":\"\",\"potentialAction\":[{\"@type\":\"SearchAction\",\"target\":{\"@type\":\"EntryPoint\",\"urlTemplate\":\"https:\/\/www.rabaini.it\/de\/?s={search_term_string}\"},\"query-input\":{\"@type\":\"PropertyValueSpecification\",\"valueRequired\":true,\"valueName\":\"search_term_string\"}}],\"inLanguage\":\"de\"}]}<\/script>\n<!-- \/ Yoast SEO plugin. -->","yoast_head_json":{"title":"Anita Ballerinas in Elfenbein - Rabaini","robots":{"index":"index","follow":"follow","max-snippet":"max-snippet:-1","max-image-preview":"max-image-preview:large","max-video-preview":"max-video-preview:-1"},"canonical":"https:\/\/www.rabaini.it\/de\/anita-ballerinas-in-elfenbein\/","og_locale":"de_DE","og_type":"article","og_title":"Anita Ballerinas in Elfenbein - Rabaini","og_description":"Artikelnummer: ANITA Farbe: Elfenbein Ein Ballerina mit schlichtem und raffiniertem Design, perfekt um Alltagslooks mit einem eleganten und minimalistischen Touch zu erg\u00e4nzen Mit glattem Obermaterial zeichnet er sich durch einen elastischen Riemen \u00fcber dem Spann aus, der den ganzen Tag \u00fcber Komfort und Stabilit\u00e4t gew\u00e4hrleistet Perfekt kombinierbar sowohl mit l\u00e4ssigen als auch mit eleganteren Outfits,&hellip;","og_url":"https:\/\/www.rabaini.it\/de\/anita-ballerinas-in-elfenbein\/","og_site_name":"Rabaini","article_modified_time":"2026-04-13T17:14:32+00:00","og_image":[{"width":1500,"height":1500,"url":"https:\/\/www.rabaini.it\/wp-content\/uploads\/2026\/04\/DSC_1800.jpg","type":"image\/jpeg"}],"twitter_card":"summary_large_image","schema":{"@context":"https:\/\/schema.org","@graph":[{"@type":"WebPage","@id":"https:\/\/www.rabaini.it\/de\/anita-ballerinas-in-elfenbein\/","url":"https:\/\/www.rabaini.it\/de\/anita-ballerinas-in-elfenbein\/","name":"Anita Ballerinas in Elfenbein - Rabaini","isPartOf":{"@id":"https:\/\/www.rabaini.it\/de\/#website"},"primaryImageOfPage":{"@id":"https:\/\/www.rabaini.it\/de\/anita-ballerinas-in-elfenbein\/#primaryimage"},"image":{"@id":"https:\/\/www.rabaini.it\/de\/anita-ballerinas-in-elfenbein\/#primaryimage"},"thumbnailUrl":"https:\/\/www.rabaini.it\/wp-content\/uploads\/2026\/04\/DSC_1800.jpg","datePublished":"2026-04-10T07:51:13+00:00","dateModified":"2026-04-13T17:14:32+00:00","breadcrumb":{"@id":"https:\/\/www.rabaini.it\/de\/anita-ballerinas-in-elfenbein\/#breadcrumb"},"inLanguage":"de","potentialAction":[{"@type":"ReadAction","target":["https:\/\/www.rabaini.it\/de\/anita-ballerinas-in-elfenbein\/"]}]},{"@type":"ImageObject","inLanguage":"de","@id":"https:\/\/www.rabaini.it\/de\/anita-ballerinas-in-elfenbein\/#primaryimage","url":"https:\/\/www.rabaini.it\/wp-content\/uploads\/2026\/04\/DSC_1800.jpg","contentUrl":"https:\/\/www.rabaini.it\/wp-content\/uploads\/2026\/04\/DSC_1800.jpg","width":1500,"height":1500},{"@type":"BreadcrumbList","@id":"https:\/\/www.rabaini.it\/de\/anita-ballerinas-in-elfenbein\/#breadcrumb","itemListElement":[{"@type":"ListItem","position":1,"name":"Home","item":"https:\/\/www.rabaini.it\/de\/homepage\/"},{"@type":"ListItem","position":2,"name":"Gesch\u00e4ft","item":"https:\/\/www.rabaini.it\/geschaeft\/"},{"@type":"ListItem","position":3,"name":"Damen","item":"https:\/\/www.rabaini.it\/de\/damen\/"},{"@type":"ListItem","position":4,"name":"Anita Ballerinas in Elfenbein"}]},{"@type":"WebSite","@id":"https:\/\/www.rabaini.it\/de\/#website","url":"https:\/\/www.rabaini.it\/de\/","name":"Rabaini","description":"","potentialAction":[{"@type":"SearchAction","target":{"@type":"EntryPoint","urlTemplate":"https:\/\/www.rabaini.it\/de\/?s={search_term_string}"},"query-input":{"@type":"PropertyValueSpecification","valueRequired":true,"valueName":"search_term_string"}}],"inLanguage":"de"}]}},"_links":{"self":[{"href":"https:\/\/www.rabaini.it\/de\/wp-json\/wp\/v2\/product\/152482","targetHints":{"allow":["GET"]}}],"collection":[{"href":"https:\/\/www.rabaini.it\/de\/wp-json\/wp\/v2\/product"}],"about":[{"href":"https:\/\/www.rabaini.it\/de\/wp-json\/wp\/v2\/types\/product"}],"wp:featuredmedia":[{"embeddable":true,"href":"https:\/\/www.rabaini.it\/de\/wp-json\/wp\/v2\/media\/150860"}],"wp:attachment":[{"href":"https:\/\/www.rabaini.it\/de\/wp-json\/wp\/v2\/media?parent=152482"}],"wp:term":[{"taxonomy":"product_brand","embeddable":true,"href":"https:\/\/www.rabaini.it\/de\/wp-json\/wp\/v2\/product_brand?post=152482"},{"taxonomy":"product_cat","embeddable":true,"href":"https:\/\/www.rabaini.it\/de\/wp-json\/wp\/v2\/product_cat?post=152482"},{"taxonomy":"product_tag","embeddable":true,"href":"https:\/\/www.rabaini.it\/de\/wp-json\/wp\/v2\/product_tag?post=152482"}],"curies":[{"name":"wp","href":"https:\/\/api.w.org\/{rel}","templated":true}]}}