{"id":152388,"date":"2026-04-09T19:10:59","date_gmt":"2026-04-09T17:10:59","guid":{"rendered":"https:\/\/www.rabaini.it\/?post_type=product&#038;p=152388"},"modified":"2026-04-13T19:10:51","modified_gmt":"2026-04-13T17:10:51","slug":"stuart-power-slingback-70-beige","status":"publish","type":"product","link":"https:\/\/www.rabaini.it\/de\/stuart-power-slingback-70-beige\/","title":{"rendered":"Stuart Power Slingback 70 Beige"},"content":{"rendered":"<ul>\n<li>Artikelnummer: SK670<\/li>\n<li>Farbe: Beige<\/li>\n<li>Der Stuart Power Slingback 70 interpretiert unser ikonisches spitzes Pumps-Design neu und bietet verbesserten Halt<\/li>\n<li>Er verf\u00fcgt \u00fcber einen strategisch platzierten 70-mm-Stilettoabsatz f\u00fcr mehr Stabilit\u00e4t und eine \u00fcberarbeitete Sohle f\u00fcr zus\u00e4tzliche Flexibilit\u00e4t<\/li>\n<li>Pumps<\/li>\n<li>Stilettoabsatz<\/li>\n<li>Spitze Form<\/li>\n<li>Verstellbarer Kn\u00f6chelriemen<\/li>\n<li>Modernisierte Konstruktion f\u00fcr zus\u00e4tzlichen Halt<\/li>\n<li>Neue Schaumstoff-Innensohle<\/li>\n<li>Gefertigt von SW-Handwerkern in Spanien<\/li>\n<li>\n<div class=\"l-product_details_item\">\n<div class=\"l-product_details_item_description\">\n<div class=\"measurements-part-one\">Absatzh\u00f6he: 70 mm<\/div>\n<\/div>\n<\/div>\n<\/li>\n<\/ul>\n","protected":false},"excerpt":{"rendered":"<p>Artikelnummer: SK670 Farbe: Beige Der Stuart Power Slingback 70 interpretiert unser ikonisches spitzes Pumps-Design neu und bietet verbesserten Halt Er verf\u00fcgt \u00fcber einen strategisch platzierten 70-mm-Stilettoabsatz f\u00fcr mehr Stabilit\u00e4t und eine \u00fcberarbeitete Sohle f\u00fcr zus\u00e4tzliche Flexibilit\u00e4t Pumps Stilettoabsatz Spitze Form Verstellbarer Kn\u00f6chelriemen Modernisierte Konstruktion f\u00fcr zus\u00e4tzlichen Halt Neue Schaumstoff-Innensohle Gefertigt von SW-Handwerkern in Spanien Absatzh\u00f6he:&hellip;<\/p>\n","protected":false},"featured_media":150824,"template":"","meta":{"_acf_changed":false},"product_brand":[],"product_cat":[1273,1310,1308,1317],"product_tag":[],"class_list":{"0":"post-152388","1":"product","2":"type-product","3":"status-publish","4":"has-post-thumbnail","6":"product_cat-damen","7":"product_cat-damenschuhe","8":"product_cat-neuheiten-fur-damen","9":"product_cat-schuhe-mit-absatz-damen","10":"marca-stuart-weitzman-de","12":"first","13":"instock","14":"shipping-taxable","15":"purchasable","16":"product-type-variable"},"acf":[],"yoast_head":"<!-- This site is optimized with the Yoast SEO plugin v27.2 - https:\/\/yoast.com\/product\/yoast-seo-wordpress\/ -->\n<title>Stuart Power Slingback 70 Beige - Rabaini<\/title>\n<meta name=\"robots\" content=\"index, follow, max-snippet:-1, max-image-preview:large, max-video-preview:-1\" \/>\n<link rel=\"canonical\" href=\"https:\/\/www.rabaini.it\/de\/stuart-power-slingback-70-beige\/\" \/>\n<meta property=\"og:locale\" content=\"de_DE\" \/>\n<meta property=\"og:type\" content=\"article\" \/>\n<meta property=\"og:title\" content=\"Stuart Power Slingback 70 Beige - Rabaini\" \/>\n<meta property=\"og:description\" content=\"Artikelnummer: SK670 Farbe: Beige Der Stuart Power Slingback 70 interpretiert unser ikonisches spitzes Pumps-Design neu und bietet verbesserten Halt Er verf\u00fcgt \u00fcber einen strategisch platzierten 70-mm-Stilettoabsatz f\u00fcr mehr Stabilit\u00e4t und eine \u00fcberarbeitete Sohle f\u00fcr zus\u00e4tzliche Flexibilit\u00e4t Pumps Stilettoabsatz Spitze Form Verstellbarer Kn\u00f6chelriemen Modernisierte Konstruktion f\u00fcr zus\u00e4tzlichen Halt Neue Schaumstoff-Innensohle Gefertigt von SW-Handwerkern in Spanien Absatzh\u00f6he:&hellip;\" \/>\n<meta property=\"og:url\" content=\"https:\/\/www.rabaini.it\/de\/stuart-power-slingback-70-beige\/\" \/>\n<meta property=\"og:site_name\" content=\"Rabaini\" \/>\n<meta property=\"article:modified_time\" content=\"2026-04-13T17:10:51+00:00\" \/>\n<meta property=\"og:image\" content=\"https:\/\/www.rabaini.it\/wp-content\/uploads\/2026\/04\/DSC_1788.jpg\" \/>\n\t<meta property=\"og:image:width\" content=\"1500\" \/>\n\t<meta property=\"og:image:height\" content=\"1500\" \/>\n\t<meta property=\"og:image:type\" content=\"image\/jpeg\" \/>\n<meta name=\"twitter:card\" content=\"summary_large_image\" \/>\n<script type=\"application\/ld+json\" class=\"yoast-schema-graph\">{\"@context\":\"https:\/\/schema.org\",\"@graph\":[{\"@type\":\"WebPage\",\"@id\":\"https:\/\/www.rabaini.it\/de\/stuart-power-slingback-70-beige\/\",\"url\":\"https:\/\/www.rabaini.it\/de\/stuart-power-slingback-70-beige\/\",\"name\":\"Stuart Power Slingback 70 Beige - Rabaini\",\"isPartOf\":{\"@id\":\"https:\/\/www.rabaini.it\/de\/#website\"},\"primaryImageOfPage\":{\"@id\":\"https:\/\/www.rabaini.it\/de\/stuart-power-slingback-70-beige\/#primaryimage\"},\"image\":{\"@id\":\"https:\/\/www.rabaini.it\/de\/stuart-power-slingback-70-beige\/#primaryimage\"},\"thumbnailUrl\":\"https:\/\/www.rabaini.it\/wp-content\/uploads\/2026\/04\/DSC_1788.jpg\",\"datePublished\":\"2026-04-09T17:10:59+00:00\",\"dateModified\":\"2026-04-13T17:10:51+00:00\",\"breadcrumb\":{\"@id\":\"https:\/\/www.rabaini.it\/de\/stuart-power-slingback-70-beige\/#breadcrumb\"},\"inLanguage\":\"de\",\"potentialAction\":[{\"@type\":\"ReadAction\",\"target\":[\"https:\/\/www.rabaini.it\/de\/stuart-power-slingback-70-beige\/\"]}]},{\"@type\":\"ImageObject\",\"inLanguage\":\"de\",\"@id\":\"https:\/\/www.rabaini.it\/de\/stuart-power-slingback-70-beige\/#primaryimage\",\"url\":\"https:\/\/www.rabaini.it\/wp-content\/uploads\/2026\/04\/DSC_1788.jpg\",\"contentUrl\":\"https:\/\/www.rabaini.it\/wp-content\/uploads\/2026\/04\/DSC_1788.jpg\",\"width\":1500,\"height\":1500},{\"@type\":\"BreadcrumbList\",\"@id\":\"https:\/\/www.rabaini.it\/de\/stuart-power-slingback-70-beige\/#breadcrumb\",\"itemListElement\":[{\"@type\":\"ListItem\",\"position\":1,\"name\":\"Home\",\"item\":\"https:\/\/www.rabaini.it\/de\/homepage\/\"},{\"@type\":\"ListItem\",\"position\":2,\"name\":\"Gesch\u00e4ft\",\"item\":\"https:\/\/www.rabaini.it\/geschaeft\/\"},{\"@type\":\"ListItem\",\"position\":3,\"name\":\"Damen\",\"item\":\"https:\/\/www.rabaini.it\/de\/damen\/\"},{\"@type\":\"ListItem\",\"position\":4,\"name\":\"Stuart Power Slingback 70 Beige\"}]},{\"@type\":\"WebSite\",\"@id\":\"https:\/\/www.rabaini.it\/de\/#website\",\"url\":\"https:\/\/www.rabaini.it\/de\/\",\"name\":\"Rabaini\",\"description\":\"\",\"potentialAction\":[{\"@type\":\"SearchAction\",\"target\":{\"@type\":\"EntryPoint\",\"urlTemplate\":\"https:\/\/www.rabaini.it\/de\/?s={search_term_string}\"},\"query-input\":{\"@type\":\"PropertyValueSpecification\",\"valueRequired\":true,\"valueName\":\"search_term_string\"}}],\"inLanguage\":\"de\"}]}<\/script>\n<!-- \/ Yoast SEO plugin. -->","yoast_head_json":{"title":"Stuart Power Slingback 70 Beige - Rabaini","robots":{"index":"index","follow":"follow","max-snippet":"max-snippet:-1","max-image-preview":"max-image-preview:large","max-video-preview":"max-video-preview:-1"},"canonical":"https:\/\/www.rabaini.it\/de\/stuart-power-slingback-70-beige\/","og_locale":"de_DE","og_type":"article","og_title":"Stuart Power Slingback 70 Beige - Rabaini","og_description":"Artikelnummer: SK670 Farbe: Beige Der Stuart Power Slingback 70 interpretiert unser ikonisches spitzes Pumps-Design neu und bietet verbesserten Halt Er verf\u00fcgt \u00fcber einen strategisch platzierten 70-mm-Stilettoabsatz f\u00fcr mehr Stabilit\u00e4t und eine \u00fcberarbeitete Sohle f\u00fcr zus\u00e4tzliche Flexibilit\u00e4t Pumps Stilettoabsatz Spitze Form Verstellbarer Kn\u00f6chelriemen Modernisierte Konstruktion f\u00fcr zus\u00e4tzlichen Halt Neue Schaumstoff-Innensohle Gefertigt von SW-Handwerkern in Spanien Absatzh\u00f6he:&hellip;","og_url":"https:\/\/www.rabaini.it\/de\/stuart-power-slingback-70-beige\/","og_site_name":"Rabaini","article_modified_time":"2026-04-13T17:10:51+00:00","og_image":[{"width":1500,"height":1500,"url":"https:\/\/www.rabaini.it\/wp-content\/uploads\/2026\/04\/DSC_1788.jpg","type":"image\/jpeg"}],"twitter_card":"summary_large_image","schema":{"@context":"https:\/\/schema.org","@graph":[{"@type":"WebPage","@id":"https:\/\/www.rabaini.it\/de\/stuart-power-slingback-70-beige\/","url":"https:\/\/www.rabaini.it\/de\/stuart-power-slingback-70-beige\/","name":"Stuart Power Slingback 70 Beige - Rabaini","isPartOf":{"@id":"https:\/\/www.rabaini.it\/de\/#website"},"primaryImageOfPage":{"@id":"https:\/\/www.rabaini.it\/de\/stuart-power-slingback-70-beige\/#primaryimage"},"image":{"@id":"https:\/\/www.rabaini.it\/de\/stuart-power-slingback-70-beige\/#primaryimage"},"thumbnailUrl":"https:\/\/www.rabaini.it\/wp-content\/uploads\/2026\/04\/DSC_1788.jpg","datePublished":"2026-04-09T17:10:59+00:00","dateModified":"2026-04-13T17:10:51+00:00","breadcrumb":{"@id":"https:\/\/www.rabaini.it\/de\/stuart-power-slingback-70-beige\/#breadcrumb"},"inLanguage":"de","potentialAction":[{"@type":"ReadAction","target":["https:\/\/www.rabaini.it\/de\/stuart-power-slingback-70-beige\/"]}]},{"@type":"ImageObject","inLanguage":"de","@id":"https:\/\/www.rabaini.it\/de\/stuart-power-slingback-70-beige\/#primaryimage","url":"https:\/\/www.rabaini.it\/wp-content\/uploads\/2026\/04\/DSC_1788.jpg","contentUrl":"https:\/\/www.rabaini.it\/wp-content\/uploads\/2026\/04\/DSC_1788.jpg","width":1500,"height":1500},{"@type":"BreadcrumbList","@id":"https:\/\/www.rabaini.it\/de\/stuart-power-slingback-70-beige\/#breadcrumb","itemListElement":[{"@type":"ListItem","position":1,"name":"Home","item":"https:\/\/www.rabaini.it\/de\/homepage\/"},{"@type":"ListItem","position":2,"name":"Gesch\u00e4ft","item":"https:\/\/www.rabaini.it\/geschaeft\/"},{"@type":"ListItem","position":3,"name":"Damen","item":"https:\/\/www.rabaini.it\/de\/damen\/"},{"@type":"ListItem","position":4,"name":"Stuart Power Slingback 70 Beige"}]},{"@type":"WebSite","@id":"https:\/\/www.rabaini.it\/de\/#website","url":"https:\/\/www.rabaini.it\/de\/","name":"Rabaini","description":"","potentialAction":[{"@type":"SearchAction","target":{"@type":"EntryPoint","urlTemplate":"https:\/\/www.rabaini.it\/de\/?s={search_term_string}"},"query-input":{"@type":"PropertyValueSpecification","valueRequired":true,"valueName":"search_term_string"}}],"inLanguage":"de"}]}},"_links":{"self":[{"href":"https:\/\/www.rabaini.it\/de\/wp-json\/wp\/v2\/product\/152388","targetHints":{"allow":["GET"]}}],"collection":[{"href":"https:\/\/www.rabaini.it\/de\/wp-json\/wp\/v2\/product"}],"about":[{"href":"https:\/\/www.rabaini.it\/de\/wp-json\/wp\/v2\/types\/product"}],"wp:featuredmedia":[{"embeddable":true,"href":"https:\/\/www.rabaini.it\/de\/wp-json\/wp\/v2\/media\/150824"}],"wp:attachment":[{"href":"https:\/\/www.rabaini.it\/de\/wp-json\/wp\/v2\/media?parent=152388"}],"wp:term":[{"taxonomy":"product_brand","embeddable":true,"href":"https:\/\/www.rabaini.it\/de\/wp-json\/wp\/v2\/product_brand?post=152388"},{"taxonomy":"product_cat","embeddable":true,"href":"https:\/\/www.rabaini.it\/de\/wp-json\/wp\/v2\/product_cat?post=152388"},{"taxonomy":"product_tag","embeddable":true,"href":"https:\/\/www.rabaini.it\/de\/wp-json\/wp\/v2\/product_tag?post=152388"}],"curies":[{"name":"wp","href":"https:\/\/api.w.org\/{rel}","templated":true}]}}