{"id":152304,"date":"2026-04-09T18:45:22","date_gmt":"2026-04-09T16:45:22","guid":{"rendered":"https:\/\/www.rabaini.it\/?post_type=product&#038;p=152304"},"modified":"2026-04-13T19:08:37","modified_gmt":"2026-04-13T17:08:37","slug":"marley-sandalen-aus-wildleder-in-braun","status":"publish","type":"product","link":"https:\/\/www.rabaini.it\/de\/marley-sandalen-aus-wildleder-in-braun\/","title":{"rendered":"Marley Sandalen aus Wildleder in Braun"},"content":{"rendered":"<ul>\n<li>Artikelnummer: SN653<\/li>\n<li>Farbe: Braun<\/li>\n<li>Die Marley-Sandale interpretiert die klassische Zehentrenner-Silhouette neu mit skulpturalen Riemen, einschlie\u00dflich eines eleganten, umschlie\u00dfenden Kn\u00f6chelriemens, der f\u00fcr eine perfekte Passform verstellbar ist<\/li>\n<li>Sie verf\u00fcgt \u00fcber einen flachen, kantigen Absatz f\u00fcr endlosen und unkomplizierten Komfort<\/li>\n<li>Sandale<\/li>\n<li>Runde Spitze<\/li>\n<li>Flacher Blockabsatz<\/li>\n<li>Zehentrenner<\/li>\n<li>Verstellbarer Kn\u00f6chelriemen<\/li>\n<li>\n<div class=\"l-product_details_item\">\n<div class=\"l-product_details_item_description\">\n<div class=\"measurements-part-one\">Absatzh\u00f6he: 10 mm<\/div>\n<\/div>\n<\/div>\n<\/li>\n<\/ul>\n","protected":false},"excerpt":{"rendered":"<p>Artikelnummer: SN653 Farbe: Braun Die Marley-Sandale interpretiert die klassische Zehentrenner-Silhouette neu mit skulpturalen Riemen, einschlie\u00dflich eines eleganten, umschlie\u00dfenden Kn\u00f6chelriemens, der f\u00fcr eine perfekte Passform verstellbar ist Sie verf\u00fcgt \u00fcber einen flachen, kantigen Absatz f\u00fcr endlosen und unkomplizierten Komfort Sandale Runde Spitze Flacher Blockabsatz Zehentrenner Verstellbarer Kn\u00f6chelriemen Absatzh\u00f6he: 10 mm<\/p>\n","protected":false},"featured_media":150806,"template":"","meta":{"_acf_changed":false},"product_brand":[],"product_cat":[1273,1310,1308,1315],"product_tag":[1719],"class_list":{"0":"post-152304","1":"product","2":"type-product","3":"status-publish","4":"has-post-thumbnail","6":"product_cat-damen","7":"product_cat-damenschuhe","8":"product_cat-neuheiten-fur-damen","9":"product_cat-sandalen-damen","10":"product_tag-neuheiten","11":"marca-stuart-weitzman-de","13":"first","14":"instock","15":"shipping-taxable","16":"purchasable","17":"product-type-variable"},"acf":[],"yoast_head":"<!-- This site is optimized with the Yoast SEO plugin v27.2 - https:\/\/yoast.com\/product\/yoast-seo-wordpress\/ -->\n<title>Marley Sandalen aus Wildleder in Braun - Rabaini<\/title>\n<meta name=\"robots\" content=\"index, follow, max-snippet:-1, max-image-preview:large, max-video-preview:-1\" \/>\n<link rel=\"canonical\" href=\"https:\/\/www.rabaini.it\/de\/marley-sandalen-aus-wildleder-in-braun\/\" \/>\n<meta property=\"og:locale\" content=\"de_DE\" \/>\n<meta property=\"og:type\" content=\"article\" \/>\n<meta property=\"og:title\" content=\"Marley Sandalen aus Wildleder in Braun - Rabaini\" \/>\n<meta property=\"og:description\" content=\"Artikelnummer: SN653 Farbe: Braun Die Marley-Sandale interpretiert die klassische Zehentrenner-Silhouette neu mit skulpturalen Riemen, einschlie\u00dflich eines eleganten, umschlie\u00dfenden Kn\u00f6chelriemens, der f\u00fcr eine perfekte Passform verstellbar ist Sie verf\u00fcgt \u00fcber einen flachen, kantigen Absatz f\u00fcr endlosen und unkomplizierten Komfort Sandale Runde Spitze Flacher Blockabsatz Zehentrenner Verstellbarer Kn\u00f6chelriemen Absatzh\u00f6he: 10 mm\" \/>\n<meta property=\"og:url\" content=\"https:\/\/www.rabaini.it\/de\/marley-sandalen-aus-wildleder-in-braun\/\" \/>\n<meta property=\"og:site_name\" content=\"Rabaini\" \/>\n<meta property=\"article:modified_time\" content=\"2026-04-13T17:08:37+00:00\" \/>\n<meta property=\"og:image\" content=\"https:\/\/www.rabaini.it\/wp-content\/uploads\/2026\/04\/DSC_1781.jpg\" \/>\n\t<meta property=\"og:image:width\" content=\"1500\" \/>\n\t<meta property=\"og:image:height\" content=\"1500\" \/>\n\t<meta property=\"og:image:type\" content=\"image\/jpeg\" \/>\n<meta name=\"twitter:card\" content=\"summary_large_image\" \/>\n<script type=\"application\/ld+json\" class=\"yoast-schema-graph\">{\"@context\":\"https:\/\/schema.org\",\"@graph\":[{\"@type\":\"WebPage\",\"@id\":\"https:\/\/www.rabaini.it\/de\/marley-sandalen-aus-wildleder-in-braun\/\",\"url\":\"https:\/\/www.rabaini.it\/de\/marley-sandalen-aus-wildleder-in-braun\/\",\"name\":\"Marley Sandalen aus Wildleder in Braun - Rabaini\",\"isPartOf\":{\"@id\":\"https:\/\/www.rabaini.it\/de\/#website\"},\"primaryImageOfPage\":{\"@id\":\"https:\/\/www.rabaini.it\/de\/marley-sandalen-aus-wildleder-in-braun\/#primaryimage\"},\"image\":{\"@id\":\"https:\/\/www.rabaini.it\/de\/marley-sandalen-aus-wildleder-in-braun\/#primaryimage\"},\"thumbnailUrl\":\"https:\/\/www.rabaini.it\/wp-content\/uploads\/2026\/04\/DSC_1781.jpg\",\"datePublished\":\"2026-04-09T16:45:22+00:00\",\"dateModified\":\"2026-04-13T17:08:37+00:00\",\"breadcrumb\":{\"@id\":\"https:\/\/www.rabaini.it\/de\/marley-sandalen-aus-wildleder-in-braun\/#breadcrumb\"},\"inLanguage\":\"de\",\"potentialAction\":[{\"@type\":\"ReadAction\",\"target\":[\"https:\/\/www.rabaini.it\/de\/marley-sandalen-aus-wildleder-in-braun\/\"]}]},{\"@type\":\"ImageObject\",\"inLanguage\":\"de\",\"@id\":\"https:\/\/www.rabaini.it\/de\/marley-sandalen-aus-wildleder-in-braun\/#primaryimage\",\"url\":\"https:\/\/www.rabaini.it\/wp-content\/uploads\/2026\/04\/DSC_1781.jpg\",\"contentUrl\":\"https:\/\/www.rabaini.it\/wp-content\/uploads\/2026\/04\/DSC_1781.jpg\",\"width\":1500,\"height\":1500},{\"@type\":\"BreadcrumbList\",\"@id\":\"https:\/\/www.rabaini.it\/de\/marley-sandalen-aus-wildleder-in-braun\/#breadcrumb\",\"itemListElement\":[{\"@type\":\"ListItem\",\"position\":1,\"name\":\"Home\",\"item\":\"https:\/\/www.rabaini.it\/de\/homepage\/\"},{\"@type\":\"ListItem\",\"position\":2,\"name\":\"Gesch\u00e4ft\",\"item\":\"https:\/\/www.rabaini.it\/geschaeft\/\"},{\"@type\":\"ListItem\",\"position\":3,\"name\":\"Damen\",\"item\":\"https:\/\/www.rabaini.it\/de\/damen\/\"},{\"@type\":\"ListItem\",\"position\":4,\"name\":\"Marley Sandalen aus Wildleder in Braun\"}]},{\"@type\":\"WebSite\",\"@id\":\"https:\/\/www.rabaini.it\/de\/#website\",\"url\":\"https:\/\/www.rabaini.it\/de\/\",\"name\":\"Rabaini\",\"description\":\"\",\"potentialAction\":[{\"@type\":\"SearchAction\",\"target\":{\"@type\":\"EntryPoint\",\"urlTemplate\":\"https:\/\/www.rabaini.it\/de\/?s={search_term_string}\"},\"query-input\":{\"@type\":\"PropertyValueSpecification\",\"valueRequired\":true,\"valueName\":\"search_term_string\"}}],\"inLanguage\":\"de\"}]}<\/script>\n<!-- \/ Yoast SEO plugin. -->","yoast_head_json":{"title":"Marley Sandalen aus Wildleder in Braun - Rabaini","robots":{"index":"index","follow":"follow","max-snippet":"max-snippet:-1","max-image-preview":"max-image-preview:large","max-video-preview":"max-video-preview:-1"},"canonical":"https:\/\/www.rabaini.it\/de\/marley-sandalen-aus-wildleder-in-braun\/","og_locale":"de_DE","og_type":"article","og_title":"Marley Sandalen aus Wildleder in Braun - Rabaini","og_description":"Artikelnummer: SN653 Farbe: Braun Die Marley-Sandale interpretiert die klassische Zehentrenner-Silhouette neu mit skulpturalen Riemen, einschlie\u00dflich eines eleganten, umschlie\u00dfenden Kn\u00f6chelriemens, der f\u00fcr eine perfekte Passform verstellbar ist Sie verf\u00fcgt \u00fcber einen flachen, kantigen Absatz f\u00fcr endlosen und unkomplizierten Komfort Sandale Runde Spitze Flacher Blockabsatz Zehentrenner Verstellbarer Kn\u00f6chelriemen Absatzh\u00f6he: 10 mm","og_url":"https:\/\/www.rabaini.it\/de\/marley-sandalen-aus-wildleder-in-braun\/","og_site_name":"Rabaini","article_modified_time":"2026-04-13T17:08:37+00:00","og_image":[{"width":1500,"height":1500,"url":"https:\/\/www.rabaini.it\/wp-content\/uploads\/2026\/04\/DSC_1781.jpg","type":"image\/jpeg"}],"twitter_card":"summary_large_image","schema":{"@context":"https:\/\/schema.org","@graph":[{"@type":"WebPage","@id":"https:\/\/www.rabaini.it\/de\/marley-sandalen-aus-wildleder-in-braun\/","url":"https:\/\/www.rabaini.it\/de\/marley-sandalen-aus-wildleder-in-braun\/","name":"Marley Sandalen aus Wildleder in Braun - Rabaini","isPartOf":{"@id":"https:\/\/www.rabaini.it\/de\/#website"},"primaryImageOfPage":{"@id":"https:\/\/www.rabaini.it\/de\/marley-sandalen-aus-wildleder-in-braun\/#primaryimage"},"image":{"@id":"https:\/\/www.rabaini.it\/de\/marley-sandalen-aus-wildleder-in-braun\/#primaryimage"},"thumbnailUrl":"https:\/\/www.rabaini.it\/wp-content\/uploads\/2026\/04\/DSC_1781.jpg","datePublished":"2026-04-09T16:45:22+00:00","dateModified":"2026-04-13T17:08:37+00:00","breadcrumb":{"@id":"https:\/\/www.rabaini.it\/de\/marley-sandalen-aus-wildleder-in-braun\/#breadcrumb"},"inLanguage":"de","potentialAction":[{"@type":"ReadAction","target":["https:\/\/www.rabaini.it\/de\/marley-sandalen-aus-wildleder-in-braun\/"]}]},{"@type":"ImageObject","inLanguage":"de","@id":"https:\/\/www.rabaini.it\/de\/marley-sandalen-aus-wildleder-in-braun\/#primaryimage","url":"https:\/\/www.rabaini.it\/wp-content\/uploads\/2026\/04\/DSC_1781.jpg","contentUrl":"https:\/\/www.rabaini.it\/wp-content\/uploads\/2026\/04\/DSC_1781.jpg","width":1500,"height":1500},{"@type":"BreadcrumbList","@id":"https:\/\/www.rabaini.it\/de\/marley-sandalen-aus-wildleder-in-braun\/#breadcrumb","itemListElement":[{"@type":"ListItem","position":1,"name":"Home","item":"https:\/\/www.rabaini.it\/de\/homepage\/"},{"@type":"ListItem","position":2,"name":"Gesch\u00e4ft","item":"https:\/\/www.rabaini.it\/geschaeft\/"},{"@type":"ListItem","position":3,"name":"Damen","item":"https:\/\/www.rabaini.it\/de\/damen\/"},{"@type":"ListItem","position":4,"name":"Marley Sandalen aus Wildleder in Braun"}]},{"@type":"WebSite","@id":"https:\/\/www.rabaini.it\/de\/#website","url":"https:\/\/www.rabaini.it\/de\/","name":"Rabaini","description":"","potentialAction":[{"@type":"SearchAction","target":{"@type":"EntryPoint","urlTemplate":"https:\/\/www.rabaini.it\/de\/?s={search_term_string}"},"query-input":{"@type":"PropertyValueSpecification","valueRequired":true,"valueName":"search_term_string"}}],"inLanguage":"de"}]}},"_links":{"self":[{"href":"https:\/\/www.rabaini.it\/de\/wp-json\/wp\/v2\/product\/152304","targetHints":{"allow":["GET"]}}],"collection":[{"href":"https:\/\/www.rabaini.it\/de\/wp-json\/wp\/v2\/product"}],"about":[{"href":"https:\/\/www.rabaini.it\/de\/wp-json\/wp\/v2\/types\/product"}],"wp:featuredmedia":[{"embeddable":true,"href":"https:\/\/www.rabaini.it\/de\/wp-json\/wp\/v2\/media\/150806"}],"wp:attachment":[{"href":"https:\/\/www.rabaini.it\/de\/wp-json\/wp\/v2\/media?parent=152304"}],"wp:term":[{"taxonomy":"product_brand","embeddable":true,"href":"https:\/\/www.rabaini.it\/de\/wp-json\/wp\/v2\/product_brand?post=152304"},{"taxonomy":"product_cat","embeddable":true,"href":"https:\/\/www.rabaini.it\/de\/wp-json\/wp\/v2\/product_cat?post=152304"},{"taxonomy":"product_tag","embeddable":true,"href":"https:\/\/www.rabaini.it\/de\/wp-json\/wp\/v2\/product_tag?post=152304"}],"curies":[{"name":"wp","href":"https:\/\/api.w.org\/{rel}","templated":true}]}}