{"id":152266,"date":"2026-04-09T18:21:22","date_gmt":"2026-04-09T16:21:22","guid":{"rendered":"https:\/\/www.rabaini.it\/?post_type=product&#038;p=152266"},"modified":"2026-04-13T19:03:06","modified_gmt":"2026-04-13T17:03:06","slug":"yamano-3-damen-sneaker-aus-wildleder-und-stoff-in-creme-und-gelb","status":"publish","type":"product","link":"https:\/\/www.rabaini.it\/de\/yamano-3-damen-sneaker-aus-wildleder-und-stoff-in-creme-und-gelb\/","title":{"rendered":"Yamano 3 Damen-Sneaker aus Wildleder und Stoff in Creme und Gelb"},"content":{"rendered":"<ul>\n<li>Artikelnummer: 2E01<\/li>\n<li>Farbe: Multicolor<\/li>\n<li>\n<div class=\"product-detail-description-text\">Sneaker mit Obermaterial aus Wildleder und Stoff, geformten \u00d6sen, Futter aus Leder und Textil sowie Kork-Innensohle<\/div>\n<\/li>\n<li>Diese Sneaker zeichnen sich durch ein modernes Design aus, ideal f\u00fcr den urbanen und Outdoor-Einsatz<\/li>\n<li>Das Obermaterial kombiniert Wildleder und Stoff in einer raffinierten und eleganten Konstruktion<\/li>\n<li>Die geformten \u00d6sen sorgen f\u00fcr eine perfekte Passform mit praktischen Schn\u00fcrsenkeln<\/li>\n<li>Das Futter besteht aus Leder und Textil und bietet den ganzen Tag \u00fcber maximalen Komfort<\/li>\n<li>Die Innensohle aus Kork sorgt f\u00fcr Komfort und Atmungsaktivit\u00e4t<\/li>\n<\/ul>\n","protected":false},"excerpt":{"rendered":"<p>Artikelnummer: 2E01 Farbe: Multicolor Sneaker mit Obermaterial aus Wildleder und Stoff, geformten \u00d6sen, Futter aus Leder und Textil sowie Kork-Innensohle Diese Sneaker zeichnen sich durch ein modernes Design aus, ideal f\u00fcr den urbanen und Outdoor-Einsatz Das Obermaterial kombiniert Wildleder und Stoff in einer raffinierten und eleganten Konstruktion Die geformten \u00d6sen sorgen f\u00fcr eine perfekte Passform&hellip;<\/p>\n","protected":false},"featured_media":150779,"template":"","meta":{"_acf_changed":false},"product_brand":[],"product_cat":[1273,1310,1308,1318],"product_tag":[1719],"class_list":{"0":"post-152266","1":"product","2":"type-product","3":"status-publish","4":"has-post-thumbnail","6":"product_cat-damen","7":"product_cat-damenschuhe","8":"product_cat-neuheiten-fur-damen","9":"product_cat-turnschuhe-damen","10":"product_tag-neuheiten","11":"marca-flower-mountain-de","13":"first","14":"instock","15":"shipping-taxable","16":"purchasable","17":"product-type-variable"},"acf":[],"yoast_head":"<!-- This site is optimized with the Yoast SEO plugin v27.2 - https:\/\/yoast.com\/product\/yoast-seo-wordpress\/ -->\n<title>Yamano 3 Damen-Sneaker aus Wildleder und Stoff in Creme und Gelb - Rabaini<\/title>\n<meta name=\"robots\" content=\"index, follow, max-snippet:-1, max-image-preview:large, max-video-preview:-1\" \/>\n<link rel=\"canonical\" href=\"https:\/\/www.rabaini.it\/de\/yamano-3-damen-sneaker-aus-wildleder-und-stoff-in-creme-und-gelb\/\" \/>\n<meta property=\"og:locale\" content=\"de_DE\" \/>\n<meta property=\"og:type\" content=\"article\" \/>\n<meta property=\"og:title\" content=\"Yamano 3 Damen-Sneaker aus Wildleder und Stoff in Creme und Gelb - Rabaini\" \/>\n<meta property=\"og:description\" content=\"Artikelnummer: 2E01 Farbe: Multicolor Sneaker mit Obermaterial aus Wildleder und Stoff, geformten \u00d6sen, Futter aus Leder und Textil sowie Kork-Innensohle Diese Sneaker zeichnen sich durch ein modernes Design aus, ideal f\u00fcr den urbanen und Outdoor-Einsatz Das Obermaterial kombiniert Wildleder und Stoff in einer raffinierten und eleganten Konstruktion Die geformten \u00d6sen sorgen f\u00fcr eine perfekte Passform&hellip;\" \/>\n<meta property=\"og:url\" content=\"https:\/\/www.rabaini.it\/de\/yamano-3-damen-sneaker-aus-wildleder-und-stoff-in-creme-und-gelb\/\" \/>\n<meta property=\"og:site_name\" content=\"Rabaini\" \/>\n<meta property=\"article:modified_time\" content=\"2026-04-13T17:03:06+00:00\" \/>\n<meta property=\"og:image\" content=\"https:\/\/www.rabaini.it\/wp-content\/uploads\/2026\/04\/DSC_1771.jpg\" \/>\n\t<meta property=\"og:image:width\" content=\"1500\" \/>\n\t<meta property=\"og:image:height\" content=\"1500\" \/>\n\t<meta property=\"og:image:type\" content=\"image\/jpeg\" \/>\n<meta name=\"twitter:card\" content=\"summary_large_image\" \/>\n<script type=\"application\/ld+json\" class=\"yoast-schema-graph\">{\"@context\":\"https:\/\/schema.org\",\"@graph\":[{\"@type\":\"WebPage\",\"@id\":\"https:\/\/www.rabaini.it\/de\/yamano-3-damen-sneaker-aus-wildleder-und-stoff-in-creme-und-gelb\/\",\"url\":\"https:\/\/www.rabaini.it\/de\/yamano-3-damen-sneaker-aus-wildleder-und-stoff-in-creme-und-gelb\/\",\"name\":\"Yamano 3 Damen-Sneaker aus Wildleder und Stoff in Creme und Gelb - Rabaini\",\"isPartOf\":{\"@id\":\"https:\/\/www.rabaini.it\/de\/#website\"},\"primaryImageOfPage\":{\"@id\":\"https:\/\/www.rabaini.it\/de\/yamano-3-damen-sneaker-aus-wildleder-und-stoff-in-creme-und-gelb\/#primaryimage\"},\"image\":{\"@id\":\"https:\/\/www.rabaini.it\/de\/yamano-3-damen-sneaker-aus-wildleder-und-stoff-in-creme-und-gelb\/#primaryimage\"},\"thumbnailUrl\":\"https:\/\/www.rabaini.it\/wp-content\/uploads\/2026\/04\/DSC_1771.jpg\",\"datePublished\":\"2026-04-09T16:21:22+00:00\",\"dateModified\":\"2026-04-13T17:03:06+00:00\",\"breadcrumb\":{\"@id\":\"https:\/\/www.rabaini.it\/de\/yamano-3-damen-sneaker-aus-wildleder-und-stoff-in-creme-und-gelb\/#breadcrumb\"},\"inLanguage\":\"de\",\"potentialAction\":[{\"@type\":\"ReadAction\",\"target\":[\"https:\/\/www.rabaini.it\/de\/yamano-3-damen-sneaker-aus-wildleder-und-stoff-in-creme-und-gelb\/\"]}]},{\"@type\":\"ImageObject\",\"inLanguage\":\"de\",\"@id\":\"https:\/\/www.rabaini.it\/de\/yamano-3-damen-sneaker-aus-wildleder-und-stoff-in-creme-und-gelb\/#primaryimage\",\"url\":\"https:\/\/www.rabaini.it\/wp-content\/uploads\/2026\/04\/DSC_1771.jpg\",\"contentUrl\":\"https:\/\/www.rabaini.it\/wp-content\/uploads\/2026\/04\/DSC_1771.jpg\",\"width\":1500,\"height\":1500},{\"@type\":\"BreadcrumbList\",\"@id\":\"https:\/\/www.rabaini.it\/de\/yamano-3-damen-sneaker-aus-wildleder-und-stoff-in-creme-und-gelb\/#breadcrumb\",\"itemListElement\":[{\"@type\":\"ListItem\",\"position\":1,\"name\":\"Home\",\"item\":\"https:\/\/www.rabaini.it\/de\/homepage\/\"},{\"@type\":\"ListItem\",\"position\":2,\"name\":\"Gesch\u00e4ft\",\"item\":\"https:\/\/www.rabaini.it\/geschaeft\/\"},{\"@type\":\"ListItem\",\"position\":3,\"name\":\"Damen\",\"item\":\"https:\/\/www.rabaini.it\/de\/damen\/\"},{\"@type\":\"ListItem\",\"position\":4,\"name\":\"Yamano 3 Damen-Sneaker aus Wildleder und Stoff in Creme und Gelb\"}]},{\"@type\":\"WebSite\",\"@id\":\"https:\/\/www.rabaini.it\/de\/#website\",\"url\":\"https:\/\/www.rabaini.it\/de\/\",\"name\":\"Rabaini\",\"description\":\"\",\"potentialAction\":[{\"@type\":\"SearchAction\",\"target\":{\"@type\":\"EntryPoint\",\"urlTemplate\":\"https:\/\/www.rabaini.it\/de\/?s={search_term_string}\"},\"query-input\":{\"@type\":\"PropertyValueSpecification\",\"valueRequired\":true,\"valueName\":\"search_term_string\"}}],\"inLanguage\":\"de\"}]}<\/script>\n<!-- \/ Yoast SEO plugin. -->","yoast_head_json":{"title":"Yamano 3 Damen-Sneaker aus Wildleder und Stoff in Creme und Gelb - Rabaini","robots":{"index":"index","follow":"follow","max-snippet":"max-snippet:-1","max-image-preview":"max-image-preview:large","max-video-preview":"max-video-preview:-1"},"canonical":"https:\/\/www.rabaini.it\/de\/yamano-3-damen-sneaker-aus-wildleder-und-stoff-in-creme-und-gelb\/","og_locale":"de_DE","og_type":"article","og_title":"Yamano 3 Damen-Sneaker aus Wildleder und Stoff in Creme und Gelb - Rabaini","og_description":"Artikelnummer: 2E01 Farbe: Multicolor Sneaker mit Obermaterial aus Wildleder und Stoff, geformten \u00d6sen, Futter aus Leder und Textil sowie Kork-Innensohle Diese Sneaker zeichnen sich durch ein modernes Design aus, ideal f\u00fcr den urbanen und Outdoor-Einsatz Das Obermaterial kombiniert Wildleder und Stoff in einer raffinierten und eleganten Konstruktion Die geformten \u00d6sen sorgen f\u00fcr eine perfekte Passform&hellip;","og_url":"https:\/\/www.rabaini.it\/de\/yamano-3-damen-sneaker-aus-wildleder-und-stoff-in-creme-und-gelb\/","og_site_name":"Rabaini","article_modified_time":"2026-04-13T17:03:06+00:00","og_image":[{"width":1500,"height":1500,"url":"https:\/\/www.rabaini.it\/wp-content\/uploads\/2026\/04\/DSC_1771.jpg","type":"image\/jpeg"}],"twitter_card":"summary_large_image","schema":{"@context":"https:\/\/schema.org","@graph":[{"@type":"WebPage","@id":"https:\/\/www.rabaini.it\/de\/yamano-3-damen-sneaker-aus-wildleder-und-stoff-in-creme-und-gelb\/","url":"https:\/\/www.rabaini.it\/de\/yamano-3-damen-sneaker-aus-wildleder-und-stoff-in-creme-und-gelb\/","name":"Yamano 3 Damen-Sneaker aus Wildleder und Stoff in Creme und Gelb - Rabaini","isPartOf":{"@id":"https:\/\/www.rabaini.it\/de\/#website"},"primaryImageOfPage":{"@id":"https:\/\/www.rabaini.it\/de\/yamano-3-damen-sneaker-aus-wildleder-und-stoff-in-creme-und-gelb\/#primaryimage"},"image":{"@id":"https:\/\/www.rabaini.it\/de\/yamano-3-damen-sneaker-aus-wildleder-und-stoff-in-creme-und-gelb\/#primaryimage"},"thumbnailUrl":"https:\/\/www.rabaini.it\/wp-content\/uploads\/2026\/04\/DSC_1771.jpg","datePublished":"2026-04-09T16:21:22+00:00","dateModified":"2026-04-13T17:03:06+00:00","breadcrumb":{"@id":"https:\/\/www.rabaini.it\/de\/yamano-3-damen-sneaker-aus-wildleder-und-stoff-in-creme-und-gelb\/#breadcrumb"},"inLanguage":"de","potentialAction":[{"@type":"ReadAction","target":["https:\/\/www.rabaini.it\/de\/yamano-3-damen-sneaker-aus-wildleder-und-stoff-in-creme-und-gelb\/"]}]},{"@type":"ImageObject","inLanguage":"de","@id":"https:\/\/www.rabaini.it\/de\/yamano-3-damen-sneaker-aus-wildleder-und-stoff-in-creme-und-gelb\/#primaryimage","url":"https:\/\/www.rabaini.it\/wp-content\/uploads\/2026\/04\/DSC_1771.jpg","contentUrl":"https:\/\/www.rabaini.it\/wp-content\/uploads\/2026\/04\/DSC_1771.jpg","width":1500,"height":1500},{"@type":"BreadcrumbList","@id":"https:\/\/www.rabaini.it\/de\/yamano-3-damen-sneaker-aus-wildleder-und-stoff-in-creme-und-gelb\/#breadcrumb","itemListElement":[{"@type":"ListItem","position":1,"name":"Home","item":"https:\/\/www.rabaini.it\/de\/homepage\/"},{"@type":"ListItem","position":2,"name":"Gesch\u00e4ft","item":"https:\/\/www.rabaini.it\/geschaeft\/"},{"@type":"ListItem","position":3,"name":"Damen","item":"https:\/\/www.rabaini.it\/de\/damen\/"},{"@type":"ListItem","position":4,"name":"Yamano 3 Damen-Sneaker aus Wildleder und Stoff in Creme und Gelb"}]},{"@type":"WebSite","@id":"https:\/\/www.rabaini.it\/de\/#website","url":"https:\/\/www.rabaini.it\/de\/","name":"Rabaini","description":"","potentialAction":[{"@type":"SearchAction","target":{"@type":"EntryPoint","urlTemplate":"https:\/\/www.rabaini.it\/de\/?s={search_term_string}"},"query-input":{"@type":"PropertyValueSpecification","valueRequired":true,"valueName":"search_term_string"}}],"inLanguage":"de"}]}},"_links":{"self":[{"href":"https:\/\/www.rabaini.it\/de\/wp-json\/wp\/v2\/product\/152266","targetHints":{"allow":["GET"]}}],"collection":[{"href":"https:\/\/www.rabaini.it\/de\/wp-json\/wp\/v2\/product"}],"about":[{"href":"https:\/\/www.rabaini.it\/de\/wp-json\/wp\/v2\/types\/product"}],"wp:featuredmedia":[{"embeddable":true,"href":"https:\/\/www.rabaini.it\/de\/wp-json\/wp\/v2\/media\/150779"}],"wp:attachment":[{"href":"https:\/\/www.rabaini.it\/de\/wp-json\/wp\/v2\/media?parent=152266"}],"wp:term":[{"taxonomy":"product_brand","embeddable":true,"href":"https:\/\/www.rabaini.it\/de\/wp-json\/wp\/v2\/product_brand?post=152266"},{"taxonomy":"product_cat","embeddable":true,"href":"https:\/\/www.rabaini.it\/de\/wp-json\/wp\/v2\/product_cat?post=152266"},{"taxonomy":"product_tag","embeddable":true,"href":"https:\/\/www.rabaini.it\/de\/wp-json\/wp\/v2\/product_tag?post=152266"}],"curies":[{"name":"wp","href":"https:\/\/api.w.org\/{rel}","templated":true}]}}