{"id":152234,"date":"2026-04-09T18:10:18","date_gmt":"2026-04-09T16:10:18","guid":{"rendered":"https:\/\/www.rabaini.it\/?post_type=product&#038;p=152234"},"modified":"2026-04-13T19:01:43","modified_gmt":"2026-04-13T17:01:43","slug":"yamabushi-damen-sneaker-aus-wildleder-und-stoff-in-fuchsia-und-orange","status":"publish","type":"product","link":"https:\/\/www.rabaini.it\/de\/yamabushi-damen-sneaker-aus-wildleder-und-stoff-in-fuchsia-und-orange\/","title":{"rendered":"Yamabushi Damen-Sneaker aus Wildleder und Stoff in Fuchsia und Orange"},"content":{"rendered":"<ul>\n<li>Artikelnummer: 1L11<\/li>\n<li>Farbe: Multicolor<\/li>\n<li>\n<div class=\"product-detail-description-text\">Urban Chic Sneaker aus Wildleder und Stoff, technische Schn\u00fcrsenkel und Kork-Innensohle<\/div>\n<\/li>\n<li>L\u00e4ssiger Sneaker, perfekt f\u00fcr den urbanen Einsatz<\/li>\n<li>Das Obermaterial aus Wildleder und Stoff schafft einen interessanten Materialkontrast, w\u00e4hrend das Innenfutter aus Leder und Textil f\u00fcr Komfort sorgt<\/li>\n<li>Verschluss mit technischen Schn\u00fcrsenkeln<\/li>\n<li>Die Kork-Innensohle sorgt f\u00fcr langanhaltendes Wohlbefinden<\/li>\n<li>Die Sohle ist so konzipiert, dass sie Stabilit\u00e4t und Leichtigkeit bietet \u2013 ideal f\u00fcr dynamische Tage<\/li>\n<\/ul>\n","protected":false},"excerpt":{"rendered":"<p>Artikelnummer: 1L11 Farbe: Multicolor Urban Chic Sneaker aus Wildleder und Stoff, technische Schn\u00fcrsenkel und Kork-Innensohle L\u00e4ssiger Sneaker, perfekt f\u00fcr den urbanen Einsatz Das Obermaterial aus Wildleder und Stoff schafft einen interessanten Materialkontrast, w\u00e4hrend das Innenfutter aus Leder und Textil f\u00fcr Komfort sorgt Verschluss mit technischen Schn\u00fcrsenkeln Die Kork-Innensohle sorgt f\u00fcr langanhaltendes Wohlbefinden Die Sohle ist&hellip;<\/p>\n","protected":false},"featured_media":150761,"template":"","meta":{"_acf_changed":false},"product_brand":[],"product_cat":[1273,1310,1308,1318],"product_tag":[1719],"class_list":{"0":"post-152234","1":"product","2":"type-product","3":"status-publish","4":"has-post-thumbnail","6":"product_cat-damen","7":"product_cat-damenschuhe","8":"product_cat-neuheiten-fur-damen","9":"product_cat-turnschuhe-damen","10":"product_tag-neuheiten","11":"marca-flower-mountain-de","13":"first","14":"instock","15":"shipping-taxable","16":"purchasable","17":"product-type-variable"},"acf":[],"yoast_head":"<!-- This site is optimized with the Yoast SEO plugin v27.2 - https:\/\/yoast.com\/product\/yoast-seo-wordpress\/ -->\n<title>Yamabushi Damen-Sneaker aus Wildleder und Stoff in Fuchsia und Orange - Rabaini<\/title>\n<meta name=\"robots\" content=\"index, follow, max-snippet:-1, max-image-preview:large, max-video-preview:-1\" \/>\n<link rel=\"canonical\" href=\"https:\/\/www.rabaini.it\/de\/yamabushi-damen-sneaker-aus-wildleder-und-stoff-in-fuchsia-und-orange\/\" \/>\n<meta property=\"og:locale\" content=\"de_DE\" \/>\n<meta property=\"og:type\" content=\"article\" \/>\n<meta property=\"og:title\" content=\"Yamabushi Damen-Sneaker aus Wildleder und Stoff in Fuchsia und Orange - Rabaini\" \/>\n<meta property=\"og:description\" content=\"Artikelnummer: 1L11 Farbe: Multicolor Urban Chic Sneaker aus Wildleder und Stoff, technische Schn\u00fcrsenkel und Kork-Innensohle L\u00e4ssiger Sneaker, perfekt f\u00fcr den urbanen Einsatz Das Obermaterial aus Wildleder und Stoff schafft einen interessanten Materialkontrast, w\u00e4hrend das Innenfutter aus Leder und Textil f\u00fcr Komfort sorgt Verschluss mit technischen Schn\u00fcrsenkeln Die Kork-Innensohle sorgt f\u00fcr langanhaltendes Wohlbefinden Die Sohle ist&hellip;\" \/>\n<meta property=\"og:url\" content=\"https:\/\/www.rabaini.it\/de\/yamabushi-damen-sneaker-aus-wildleder-und-stoff-in-fuchsia-und-orange\/\" \/>\n<meta property=\"og:site_name\" content=\"Rabaini\" \/>\n<meta property=\"article:modified_time\" content=\"2026-04-13T17:01:43+00:00\" \/>\n<meta property=\"og:image\" content=\"https:\/\/www.rabaini.it\/wp-content\/uploads\/2026\/04\/DSC_1765.jpg\" \/>\n\t<meta property=\"og:image:width\" content=\"1500\" \/>\n\t<meta property=\"og:image:height\" content=\"1500\" \/>\n\t<meta property=\"og:image:type\" content=\"image\/jpeg\" \/>\n<meta name=\"twitter:card\" content=\"summary_large_image\" \/>\n<script type=\"application\/ld+json\" class=\"yoast-schema-graph\">{\"@context\":\"https:\/\/schema.org\",\"@graph\":[{\"@type\":\"WebPage\",\"@id\":\"https:\/\/www.rabaini.it\/de\/yamabushi-damen-sneaker-aus-wildleder-und-stoff-in-fuchsia-und-orange\/\",\"url\":\"https:\/\/www.rabaini.it\/de\/yamabushi-damen-sneaker-aus-wildleder-und-stoff-in-fuchsia-und-orange\/\",\"name\":\"Yamabushi Damen-Sneaker aus Wildleder und Stoff in Fuchsia und Orange - Rabaini\",\"isPartOf\":{\"@id\":\"https:\/\/www.rabaini.it\/de\/#website\"},\"primaryImageOfPage\":{\"@id\":\"https:\/\/www.rabaini.it\/de\/yamabushi-damen-sneaker-aus-wildleder-und-stoff-in-fuchsia-und-orange\/#primaryimage\"},\"image\":{\"@id\":\"https:\/\/www.rabaini.it\/de\/yamabushi-damen-sneaker-aus-wildleder-und-stoff-in-fuchsia-und-orange\/#primaryimage\"},\"thumbnailUrl\":\"https:\/\/www.rabaini.it\/wp-content\/uploads\/2026\/04\/DSC_1765.jpg\",\"datePublished\":\"2026-04-09T16:10:18+00:00\",\"dateModified\":\"2026-04-13T17:01:43+00:00\",\"breadcrumb\":{\"@id\":\"https:\/\/www.rabaini.it\/de\/yamabushi-damen-sneaker-aus-wildleder-und-stoff-in-fuchsia-und-orange\/#breadcrumb\"},\"inLanguage\":\"de\",\"potentialAction\":[{\"@type\":\"ReadAction\",\"target\":[\"https:\/\/www.rabaini.it\/de\/yamabushi-damen-sneaker-aus-wildleder-und-stoff-in-fuchsia-und-orange\/\"]}]},{\"@type\":\"ImageObject\",\"inLanguage\":\"de\",\"@id\":\"https:\/\/www.rabaini.it\/de\/yamabushi-damen-sneaker-aus-wildleder-und-stoff-in-fuchsia-und-orange\/#primaryimage\",\"url\":\"https:\/\/www.rabaini.it\/wp-content\/uploads\/2026\/04\/DSC_1765.jpg\",\"contentUrl\":\"https:\/\/www.rabaini.it\/wp-content\/uploads\/2026\/04\/DSC_1765.jpg\",\"width\":1500,\"height\":1500},{\"@type\":\"BreadcrumbList\",\"@id\":\"https:\/\/www.rabaini.it\/de\/yamabushi-damen-sneaker-aus-wildleder-und-stoff-in-fuchsia-und-orange\/#breadcrumb\",\"itemListElement\":[{\"@type\":\"ListItem\",\"position\":1,\"name\":\"Home\",\"item\":\"https:\/\/www.rabaini.it\/de\/homepage\/\"},{\"@type\":\"ListItem\",\"position\":2,\"name\":\"Gesch\u00e4ft\",\"item\":\"https:\/\/www.rabaini.it\/geschaeft\/\"},{\"@type\":\"ListItem\",\"position\":3,\"name\":\"Damen\",\"item\":\"https:\/\/www.rabaini.it\/de\/damen\/\"},{\"@type\":\"ListItem\",\"position\":4,\"name\":\"Yamabushi Damen-Sneaker aus Wildleder und Stoff in Fuchsia und Orange\"}]},{\"@type\":\"WebSite\",\"@id\":\"https:\/\/www.rabaini.it\/de\/#website\",\"url\":\"https:\/\/www.rabaini.it\/de\/\",\"name\":\"Rabaini\",\"description\":\"\",\"potentialAction\":[{\"@type\":\"SearchAction\",\"target\":{\"@type\":\"EntryPoint\",\"urlTemplate\":\"https:\/\/www.rabaini.it\/de\/?s={search_term_string}\"},\"query-input\":{\"@type\":\"PropertyValueSpecification\",\"valueRequired\":true,\"valueName\":\"search_term_string\"}}],\"inLanguage\":\"de\"}]}<\/script>\n<!-- \/ Yoast SEO plugin. -->","yoast_head_json":{"title":"Yamabushi Damen-Sneaker aus Wildleder und Stoff in Fuchsia und Orange - Rabaini","robots":{"index":"index","follow":"follow","max-snippet":"max-snippet:-1","max-image-preview":"max-image-preview:large","max-video-preview":"max-video-preview:-1"},"canonical":"https:\/\/www.rabaini.it\/de\/yamabushi-damen-sneaker-aus-wildleder-und-stoff-in-fuchsia-und-orange\/","og_locale":"de_DE","og_type":"article","og_title":"Yamabushi Damen-Sneaker aus Wildleder und Stoff in Fuchsia und Orange - Rabaini","og_description":"Artikelnummer: 1L11 Farbe: Multicolor Urban Chic Sneaker aus Wildleder und Stoff, technische Schn\u00fcrsenkel und Kork-Innensohle L\u00e4ssiger Sneaker, perfekt f\u00fcr den urbanen Einsatz Das Obermaterial aus Wildleder und Stoff schafft einen interessanten Materialkontrast, w\u00e4hrend das Innenfutter aus Leder und Textil f\u00fcr Komfort sorgt Verschluss mit technischen Schn\u00fcrsenkeln Die Kork-Innensohle sorgt f\u00fcr langanhaltendes Wohlbefinden Die Sohle ist&hellip;","og_url":"https:\/\/www.rabaini.it\/de\/yamabushi-damen-sneaker-aus-wildleder-und-stoff-in-fuchsia-und-orange\/","og_site_name":"Rabaini","article_modified_time":"2026-04-13T17:01:43+00:00","og_image":[{"width":1500,"height":1500,"url":"https:\/\/www.rabaini.it\/wp-content\/uploads\/2026\/04\/DSC_1765.jpg","type":"image\/jpeg"}],"twitter_card":"summary_large_image","schema":{"@context":"https:\/\/schema.org","@graph":[{"@type":"WebPage","@id":"https:\/\/www.rabaini.it\/de\/yamabushi-damen-sneaker-aus-wildleder-und-stoff-in-fuchsia-und-orange\/","url":"https:\/\/www.rabaini.it\/de\/yamabushi-damen-sneaker-aus-wildleder-und-stoff-in-fuchsia-und-orange\/","name":"Yamabushi Damen-Sneaker aus Wildleder und Stoff in Fuchsia und Orange - Rabaini","isPartOf":{"@id":"https:\/\/www.rabaini.it\/de\/#website"},"primaryImageOfPage":{"@id":"https:\/\/www.rabaini.it\/de\/yamabushi-damen-sneaker-aus-wildleder-und-stoff-in-fuchsia-und-orange\/#primaryimage"},"image":{"@id":"https:\/\/www.rabaini.it\/de\/yamabushi-damen-sneaker-aus-wildleder-und-stoff-in-fuchsia-und-orange\/#primaryimage"},"thumbnailUrl":"https:\/\/www.rabaini.it\/wp-content\/uploads\/2026\/04\/DSC_1765.jpg","datePublished":"2026-04-09T16:10:18+00:00","dateModified":"2026-04-13T17:01:43+00:00","breadcrumb":{"@id":"https:\/\/www.rabaini.it\/de\/yamabushi-damen-sneaker-aus-wildleder-und-stoff-in-fuchsia-und-orange\/#breadcrumb"},"inLanguage":"de","potentialAction":[{"@type":"ReadAction","target":["https:\/\/www.rabaini.it\/de\/yamabushi-damen-sneaker-aus-wildleder-und-stoff-in-fuchsia-und-orange\/"]}]},{"@type":"ImageObject","inLanguage":"de","@id":"https:\/\/www.rabaini.it\/de\/yamabushi-damen-sneaker-aus-wildleder-und-stoff-in-fuchsia-und-orange\/#primaryimage","url":"https:\/\/www.rabaini.it\/wp-content\/uploads\/2026\/04\/DSC_1765.jpg","contentUrl":"https:\/\/www.rabaini.it\/wp-content\/uploads\/2026\/04\/DSC_1765.jpg","width":1500,"height":1500},{"@type":"BreadcrumbList","@id":"https:\/\/www.rabaini.it\/de\/yamabushi-damen-sneaker-aus-wildleder-und-stoff-in-fuchsia-und-orange\/#breadcrumb","itemListElement":[{"@type":"ListItem","position":1,"name":"Home","item":"https:\/\/www.rabaini.it\/de\/homepage\/"},{"@type":"ListItem","position":2,"name":"Gesch\u00e4ft","item":"https:\/\/www.rabaini.it\/geschaeft\/"},{"@type":"ListItem","position":3,"name":"Damen","item":"https:\/\/www.rabaini.it\/de\/damen\/"},{"@type":"ListItem","position":4,"name":"Yamabushi Damen-Sneaker aus Wildleder und Stoff in Fuchsia und Orange"}]},{"@type":"WebSite","@id":"https:\/\/www.rabaini.it\/de\/#website","url":"https:\/\/www.rabaini.it\/de\/","name":"Rabaini","description":"","potentialAction":[{"@type":"SearchAction","target":{"@type":"EntryPoint","urlTemplate":"https:\/\/www.rabaini.it\/de\/?s={search_term_string}"},"query-input":{"@type":"PropertyValueSpecification","valueRequired":true,"valueName":"search_term_string"}}],"inLanguage":"de"}]}},"_links":{"self":[{"href":"https:\/\/www.rabaini.it\/de\/wp-json\/wp\/v2\/product\/152234","targetHints":{"allow":["GET"]}}],"collection":[{"href":"https:\/\/www.rabaini.it\/de\/wp-json\/wp\/v2\/product"}],"about":[{"href":"https:\/\/www.rabaini.it\/de\/wp-json\/wp\/v2\/types\/product"}],"wp:featuredmedia":[{"embeddable":true,"href":"https:\/\/www.rabaini.it\/de\/wp-json\/wp\/v2\/media\/150761"}],"wp:attachment":[{"href":"https:\/\/www.rabaini.it\/de\/wp-json\/wp\/v2\/media?parent=152234"}],"wp:term":[{"taxonomy":"product_brand","embeddable":true,"href":"https:\/\/www.rabaini.it\/de\/wp-json\/wp\/v2\/product_brand?post=152234"},{"taxonomy":"product_cat","embeddable":true,"href":"https:\/\/www.rabaini.it\/de\/wp-json\/wp\/v2\/product_cat?post=152234"},{"taxonomy":"product_tag","embeddable":true,"href":"https:\/\/www.rabaini.it\/de\/wp-json\/wp\/v2\/product_tag?post=152234"}],"curies":[{"name":"wp","href":"https:\/\/api.w.org\/{rel}","templated":true}]}}