{"id":152154,"date":"2026-04-09T17:47:05","date_gmt":"2026-04-09T15:47:05","guid":{"rendered":"https:\/\/www.rabaini.it\/?post_type=product&#038;p=152154"},"modified":"2026-04-13T18:56:38","modified_gmt":"2026-04-13T16:56:38","slug":"yamano-3-damen-sneaker-aus-wildleder-und-stoff-in-hellgrau-und-grun","status":"publish","type":"product","link":"https:\/\/www.rabaini.it\/de\/yamano-3-damen-sneaker-aus-wildleder-und-stoff-in-hellgrau-und-grun\/","title":{"rendered":"Yamano 3 Damen-Sneaker aus Wildleder und Stoff in Hellgrau und Gr\u00fcn"},"content":{"rendered":"<ul>\n<li>Artikelnummer: 1D88<\/li>\n<li>Farbe: Multicolor<\/li>\n<li>\n<div class=\"product-detail-description-text\">Outdoor- und Urban-Sneaker, Obermaterial und Futter aus Leder und Textil, technische Schn\u00fcrsenkel, Kork-Innensohle, leichte Sohle<\/div>\n<\/li>\n<li>Ein vielseitiger Sneaker, ideal f\u00fcr Outdoor-Aktivit\u00e4ten und den urbanen Einsatz<\/li>\n<li>Das Obermaterial kombiniert Wildleder und Stoff in einer raffinierten Konstruktion<\/li>\n<li>Ikonische Details wie geformte \u00d6sen werten das Design auf<\/li>\n<li>Technische Schn\u00fcrsenkel sorgen f\u00fcr eine optimale Passform<\/li>\n<li>Innenfutter aus Leder und Textil bietet Komfort, w\u00e4hrend die Kork-Innensohle das Wohlbefinden des Fu\u00dfes unterst\u00fctzt<\/li>\n<li>Leichte Gummisohle mit gezacktem Profil<\/li>\n<\/ul>\n","protected":false},"excerpt":{"rendered":"<p>Artikelnummer: 1D88 Farbe: Multicolor Outdoor- und Urban-Sneaker, Obermaterial und Futter aus Leder und Textil, technische Schn\u00fcrsenkel, Kork-Innensohle, leichte Sohle Ein vielseitiger Sneaker, ideal f\u00fcr Outdoor-Aktivit\u00e4ten und den urbanen Einsatz Das Obermaterial kombiniert Wildleder und Stoff in einer raffinierten Konstruktion Ikonische Details wie geformte \u00d6sen werten das Design auf Technische Schn\u00fcrsenkel sorgen f\u00fcr eine optimale Passform&hellip;<\/p>\n","protected":false},"featured_media":150716,"template":"","meta":{"_acf_changed":false},"product_brand":[],"product_cat":[1273,1310,1308,1318],"product_tag":[1719],"class_list":{"0":"post-152154","1":"product","2":"type-product","3":"status-publish","4":"has-post-thumbnail","6":"product_cat-damen","7":"product_cat-damenschuhe","8":"product_cat-neuheiten-fur-damen","9":"product_cat-turnschuhe-damen","10":"product_tag-neuheiten","11":"marca-flower-mountain-de","13":"first","14":"instock","15":"shipping-taxable","16":"purchasable","17":"product-type-variable"},"acf":[],"yoast_head":"<!-- This site is optimized with the Yoast SEO plugin v27.2 - https:\/\/yoast.com\/product\/yoast-seo-wordpress\/ -->\n<title>Yamano 3 Damen-Sneaker aus Wildleder und Stoff in Hellgrau und Gr\u00fcn - Rabaini<\/title>\n<meta name=\"robots\" content=\"index, follow, max-snippet:-1, max-image-preview:large, max-video-preview:-1\" \/>\n<link rel=\"canonical\" href=\"https:\/\/www.rabaini.it\/de\/yamano-3-damen-sneaker-aus-wildleder-und-stoff-in-hellgrau-und-grun\/\" \/>\n<meta property=\"og:locale\" content=\"de_DE\" \/>\n<meta property=\"og:type\" content=\"article\" \/>\n<meta property=\"og:title\" content=\"Yamano 3 Damen-Sneaker aus Wildleder und Stoff in Hellgrau und Gr\u00fcn - Rabaini\" \/>\n<meta property=\"og:description\" content=\"Artikelnummer: 1D88 Farbe: Multicolor Outdoor- und Urban-Sneaker, Obermaterial und Futter aus Leder und Textil, technische Schn\u00fcrsenkel, Kork-Innensohle, leichte Sohle Ein vielseitiger Sneaker, ideal f\u00fcr Outdoor-Aktivit\u00e4ten und den urbanen Einsatz Das Obermaterial kombiniert Wildleder und Stoff in einer raffinierten Konstruktion Ikonische Details wie geformte \u00d6sen werten das Design auf Technische Schn\u00fcrsenkel sorgen f\u00fcr eine optimale Passform&hellip;\" \/>\n<meta property=\"og:url\" content=\"https:\/\/www.rabaini.it\/de\/yamano-3-damen-sneaker-aus-wildleder-und-stoff-in-hellgrau-und-grun\/\" \/>\n<meta property=\"og:site_name\" content=\"Rabaini\" \/>\n<meta property=\"article:modified_time\" content=\"2026-04-13T16:56:38+00:00\" \/>\n<meta property=\"og:image\" content=\"https:\/\/www.rabaini.it\/wp-content\/uploads\/2026\/04\/DSC_1750.jpg\" \/>\n\t<meta property=\"og:image:width\" content=\"1500\" \/>\n\t<meta property=\"og:image:height\" content=\"1500\" \/>\n\t<meta property=\"og:image:type\" content=\"image\/jpeg\" \/>\n<meta name=\"twitter:card\" content=\"summary_large_image\" \/>\n<script type=\"application\/ld+json\" class=\"yoast-schema-graph\">{\"@context\":\"https:\/\/schema.org\",\"@graph\":[{\"@type\":\"WebPage\",\"@id\":\"https:\/\/www.rabaini.it\/de\/yamano-3-damen-sneaker-aus-wildleder-und-stoff-in-hellgrau-und-grun\/\",\"url\":\"https:\/\/www.rabaini.it\/de\/yamano-3-damen-sneaker-aus-wildleder-und-stoff-in-hellgrau-und-grun\/\",\"name\":\"Yamano 3 Damen-Sneaker aus Wildleder und Stoff in Hellgrau und Gr\u00fcn - Rabaini\",\"isPartOf\":{\"@id\":\"https:\/\/www.rabaini.it\/de\/#website\"},\"primaryImageOfPage\":{\"@id\":\"https:\/\/www.rabaini.it\/de\/yamano-3-damen-sneaker-aus-wildleder-und-stoff-in-hellgrau-und-grun\/#primaryimage\"},\"image\":{\"@id\":\"https:\/\/www.rabaini.it\/de\/yamano-3-damen-sneaker-aus-wildleder-und-stoff-in-hellgrau-und-grun\/#primaryimage\"},\"thumbnailUrl\":\"https:\/\/www.rabaini.it\/wp-content\/uploads\/2026\/04\/DSC_1750.jpg\",\"datePublished\":\"2026-04-09T15:47:05+00:00\",\"dateModified\":\"2026-04-13T16:56:38+00:00\",\"breadcrumb\":{\"@id\":\"https:\/\/www.rabaini.it\/de\/yamano-3-damen-sneaker-aus-wildleder-und-stoff-in-hellgrau-und-grun\/#breadcrumb\"},\"inLanguage\":\"de\",\"potentialAction\":[{\"@type\":\"ReadAction\",\"target\":[\"https:\/\/www.rabaini.it\/de\/yamano-3-damen-sneaker-aus-wildleder-und-stoff-in-hellgrau-und-grun\/\"]}]},{\"@type\":\"ImageObject\",\"inLanguage\":\"de\",\"@id\":\"https:\/\/www.rabaini.it\/de\/yamano-3-damen-sneaker-aus-wildleder-und-stoff-in-hellgrau-und-grun\/#primaryimage\",\"url\":\"https:\/\/www.rabaini.it\/wp-content\/uploads\/2026\/04\/DSC_1750.jpg\",\"contentUrl\":\"https:\/\/www.rabaini.it\/wp-content\/uploads\/2026\/04\/DSC_1750.jpg\",\"width\":1500,\"height\":1500},{\"@type\":\"BreadcrumbList\",\"@id\":\"https:\/\/www.rabaini.it\/de\/yamano-3-damen-sneaker-aus-wildleder-und-stoff-in-hellgrau-und-grun\/#breadcrumb\",\"itemListElement\":[{\"@type\":\"ListItem\",\"position\":1,\"name\":\"Home\",\"item\":\"https:\/\/www.rabaini.it\/de\/homepage\/\"},{\"@type\":\"ListItem\",\"position\":2,\"name\":\"Gesch\u00e4ft\",\"item\":\"https:\/\/www.rabaini.it\/geschaeft\/\"},{\"@type\":\"ListItem\",\"position\":3,\"name\":\"Damen\",\"item\":\"https:\/\/www.rabaini.it\/de\/damen\/\"},{\"@type\":\"ListItem\",\"position\":4,\"name\":\"Yamano 3 Damen-Sneaker aus Wildleder und Stoff in Hellgrau und Gr\u00fcn\"}]},{\"@type\":\"WebSite\",\"@id\":\"https:\/\/www.rabaini.it\/de\/#website\",\"url\":\"https:\/\/www.rabaini.it\/de\/\",\"name\":\"Rabaini\",\"description\":\"\",\"potentialAction\":[{\"@type\":\"SearchAction\",\"target\":{\"@type\":\"EntryPoint\",\"urlTemplate\":\"https:\/\/www.rabaini.it\/de\/?s={search_term_string}\"},\"query-input\":{\"@type\":\"PropertyValueSpecification\",\"valueRequired\":true,\"valueName\":\"search_term_string\"}}],\"inLanguage\":\"de\"}]}<\/script>\n<!-- \/ Yoast SEO plugin. -->","yoast_head_json":{"title":"Yamano 3 Damen-Sneaker aus Wildleder und Stoff in Hellgrau und Gr\u00fcn - Rabaini","robots":{"index":"index","follow":"follow","max-snippet":"max-snippet:-1","max-image-preview":"max-image-preview:large","max-video-preview":"max-video-preview:-1"},"canonical":"https:\/\/www.rabaini.it\/de\/yamano-3-damen-sneaker-aus-wildleder-und-stoff-in-hellgrau-und-grun\/","og_locale":"de_DE","og_type":"article","og_title":"Yamano 3 Damen-Sneaker aus Wildleder und Stoff in Hellgrau und Gr\u00fcn - Rabaini","og_description":"Artikelnummer: 1D88 Farbe: Multicolor Outdoor- und Urban-Sneaker, Obermaterial und Futter aus Leder und Textil, technische Schn\u00fcrsenkel, Kork-Innensohle, leichte Sohle Ein vielseitiger Sneaker, ideal f\u00fcr Outdoor-Aktivit\u00e4ten und den urbanen Einsatz Das Obermaterial kombiniert Wildleder und Stoff in einer raffinierten Konstruktion Ikonische Details wie geformte \u00d6sen werten das Design auf Technische Schn\u00fcrsenkel sorgen f\u00fcr eine optimale Passform&hellip;","og_url":"https:\/\/www.rabaini.it\/de\/yamano-3-damen-sneaker-aus-wildleder-und-stoff-in-hellgrau-und-grun\/","og_site_name":"Rabaini","article_modified_time":"2026-04-13T16:56:38+00:00","og_image":[{"width":1500,"height":1500,"url":"https:\/\/www.rabaini.it\/wp-content\/uploads\/2026\/04\/DSC_1750.jpg","type":"image\/jpeg"}],"twitter_card":"summary_large_image","schema":{"@context":"https:\/\/schema.org","@graph":[{"@type":"WebPage","@id":"https:\/\/www.rabaini.it\/de\/yamano-3-damen-sneaker-aus-wildleder-und-stoff-in-hellgrau-und-grun\/","url":"https:\/\/www.rabaini.it\/de\/yamano-3-damen-sneaker-aus-wildleder-und-stoff-in-hellgrau-und-grun\/","name":"Yamano 3 Damen-Sneaker aus Wildleder und Stoff in Hellgrau und Gr\u00fcn - Rabaini","isPartOf":{"@id":"https:\/\/www.rabaini.it\/de\/#website"},"primaryImageOfPage":{"@id":"https:\/\/www.rabaini.it\/de\/yamano-3-damen-sneaker-aus-wildleder-und-stoff-in-hellgrau-und-grun\/#primaryimage"},"image":{"@id":"https:\/\/www.rabaini.it\/de\/yamano-3-damen-sneaker-aus-wildleder-und-stoff-in-hellgrau-und-grun\/#primaryimage"},"thumbnailUrl":"https:\/\/www.rabaini.it\/wp-content\/uploads\/2026\/04\/DSC_1750.jpg","datePublished":"2026-04-09T15:47:05+00:00","dateModified":"2026-04-13T16:56:38+00:00","breadcrumb":{"@id":"https:\/\/www.rabaini.it\/de\/yamano-3-damen-sneaker-aus-wildleder-und-stoff-in-hellgrau-und-grun\/#breadcrumb"},"inLanguage":"de","potentialAction":[{"@type":"ReadAction","target":["https:\/\/www.rabaini.it\/de\/yamano-3-damen-sneaker-aus-wildleder-und-stoff-in-hellgrau-und-grun\/"]}]},{"@type":"ImageObject","inLanguage":"de","@id":"https:\/\/www.rabaini.it\/de\/yamano-3-damen-sneaker-aus-wildleder-und-stoff-in-hellgrau-und-grun\/#primaryimage","url":"https:\/\/www.rabaini.it\/wp-content\/uploads\/2026\/04\/DSC_1750.jpg","contentUrl":"https:\/\/www.rabaini.it\/wp-content\/uploads\/2026\/04\/DSC_1750.jpg","width":1500,"height":1500},{"@type":"BreadcrumbList","@id":"https:\/\/www.rabaini.it\/de\/yamano-3-damen-sneaker-aus-wildleder-und-stoff-in-hellgrau-und-grun\/#breadcrumb","itemListElement":[{"@type":"ListItem","position":1,"name":"Home","item":"https:\/\/www.rabaini.it\/de\/homepage\/"},{"@type":"ListItem","position":2,"name":"Gesch\u00e4ft","item":"https:\/\/www.rabaini.it\/geschaeft\/"},{"@type":"ListItem","position":3,"name":"Damen","item":"https:\/\/www.rabaini.it\/de\/damen\/"},{"@type":"ListItem","position":4,"name":"Yamano 3 Damen-Sneaker aus Wildleder und Stoff in Hellgrau und Gr\u00fcn"}]},{"@type":"WebSite","@id":"https:\/\/www.rabaini.it\/de\/#website","url":"https:\/\/www.rabaini.it\/de\/","name":"Rabaini","description":"","potentialAction":[{"@type":"SearchAction","target":{"@type":"EntryPoint","urlTemplate":"https:\/\/www.rabaini.it\/de\/?s={search_term_string}"},"query-input":{"@type":"PropertyValueSpecification","valueRequired":true,"valueName":"search_term_string"}}],"inLanguage":"de"}]}},"_links":{"self":[{"href":"https:\/\/www.rabaini.it\/de\/wp-json\/wp\/v2\/product\/152154","targetHints":{"allow":["GET"]}}],"collection":[{"href":"https:\/\/www.rabaini.it\/de\/wp-json\/wp\/v2\/product"}],"about":[{"href":"https:\/\/www.rabaini.it\/de\/wp-json\/wp\/v2\/types\/product"}],"wp:featuredmedia":[{"embeddable":true,"href":"https:\/\/www.rabaini.it\/de\/wp-json\/wp\/v2\/media\/150716"}],"wp:attachment":[{"href":"https:\/\/www.rabaini.it\/de\/wp-json\/wp\/v2\/media?parent=152154"}],"wp:term":[{"taxonomy":"product_brand","embeddable":true,"href":"https:\/\/www.rabaini.it\/de\/wp-json\/wp\/v2\/product_brand?post=152154"},{"taxonomy":"product_cat","embeddable":true,"href":"https:\/\/www.rabaini.it\/de\/wp-json\/wp\/v2\/product_cat?post=152154"},{"taxonomy":"product_tag","embeddable":true,"href":"https:\/\/www.rabaini.it\/de\/wp-json\/wp\/v2\/product_tag?post=152154"}],"curies":[{"name":"wp","href":"https:\/\/api.w.org\/{rel}","templated":true}]}}