{"id":152038,"date":"2026-04-09T16:18:25","date_gmt":"2026-04-09T14:18:25","guid":{"rendered":"https:\/\/www.rabaini.it\/?post_type=product&#038;p=152038"},"modified":"2026-04-13T18:48:59","modified_gmt":"2026-04-13T16:48:59","slug":"beige-yachting-bootsschuhe-loafer-mit-ledersohle","status":"publish","type":"product","link":"https:\/\/www.rabaini.it\/de\/beige-yachting-bootsschuhe-loafer-mit-ledersohle\/","title":{"rendered":"Beige Yachting-Bootsschuhe Loafer mit Ledersohle"},"content":{"rendered":"<ul>\n<li>Artikelnummer: 77124HW<\/li>\n<li>Farbe: Beige Camel<\/li>\n<li>Der Owen Bootsschuh ist ein Klassiker aus dem historischen Archiv von Sebago, neu interpretiert in moderner Form mit einer eleganten und schlanken Silhouette<\/li>\n<li>Dieses Damenmodell verf\u00fcgt \u00fcber eine Strobel-Konstruktion und ist aus italienischem Veloursleder mit besonders reichhaltiger Haptik gefertigt, behandelt f\u00fcr einen authentischen Vintage-Charakter<\/li>\n<li>Die handgen\u00e4hte Mokassin-Spitze zeigt das handwerkliche K\u00f6nnen der Marke, die 360\u00b0-Lederschn\u00fcrung ist ein typisches Yachting-Detail, w\u00e4hrend die flexible Sohle aus Leder und Gummi f\u00fcr Halt und Leichtigkeit bei jedem Schritt sorgt<\/li>\n<li>Futter: 100% Leder<\/li>\n<li>Au\u00dfensohle: 100% Leder<\/li>\n<li>Obermaterial: 100% Leder<\/li>\n<\/ul>\n","protected":false},"excerpt":{"rendered":"<p>Artikelnummer: 77124HW Farbe: Beige Camel Der Owen Bootsschuh ist ein Klassiker aus dem historischen Archiv von Sebago, neu interpretiert in moderner Form mit einer eleganten und schlanken Silhouette Dieses Damenmodell verf\u00fcgt \u00fcber eine Strobel-Konstruktion und ist aus italienischem Veloursleder mit besonders reichhaltiger Haptik gefertigt, behandelt f\u00fcr einen authentischen Vintage-Charakter Die handgen\u00e4hte Mokassin-Spitze zeigt das handwerkliche&hellip;<\/p>\n","protected":false},"featured_media":150653,"template":"","meta":{"_acf_changed":false},"product_brand":[],"product_cat":[1273,1310,1313,1308],"product_tag":[1719],"class_list":{"0":"post-152038","1":"product","2":"type-product","3":"status-publish","4":"has-post-thumbnail","6":"product_cat-damen","7":"product_cat-damenschuhe","8":"product_cat-mokassins-damen","9":"product_cat-neuheiten-fur-damen","10":"product_tag-neuheiten","11":"marca-sebago-de","13":"first","14":"instock","15":"shipping-taxable","16":"purchasable","17":"product-type-variable"},"acf":[],"yoast_head":"<!-- This site is optimized with the Yoast SEO plugin v27.2 - https:\/\/yoast.com\/product\/yoast-seo-wordpress\/ -->\n<title>Beige Yachting-Bootsschuhe Loafer mit Ledersohle - Rabaini<\/title>\n<meta name=\"robots\" content=\"index, follow, max-snippet:-1, max-image-preview:large, max-video-preview:-1\" \/>\n<link rel=\"canonical\" href=\"https:\/\/www.rabaini.it\/de\/beige-yachting-bootsschuhe-loafer-mit-ledersohle\/\" \/>\n<meta property=\"og:locale\" content=\"de_DE\" \/>\n<meta property=\"og:type\" content=\"article\" \/>\n<meta property=\"og:title\" content=\"Beige Yachting-Bootsschuhe Loafer mit Ledersohle - Rabaini\" \/>\n<meta property=\"og:description\" content=\"Artikelnummer: 77124HW Farbe: Beige Camel Der Owen Bootsschuh ist ein Klassiker aus dem historischen Archiv von Sebago, neu interpretiert in moderner Form mit einer eleganten und schlanken Silhouette Dieses Damenmodell verf\u00fcgt \u00fcber eine Strobel-Konstruktion und ist aus italienischem Veloursleder mit besonders reichhaltiger Haptik gefertigt, behandelt f\u00fcr einen authentischen Vintage-Charakter Die handgen\u00e4hte Mokassin-Spitze zeigt das handwerkliche&hellip;\" \/>\n<meta property=\"og:url\" content=\"https:\/\/www.rabaini.it\/de\/beige-yachting-bootsschuhe-loafer-mit-ledersohle\/\" \/>\n<meta property=\"og:site_name\" content=\"Rabaini\" \/>\n<meta property=\"article:modified_time\" content=\"2026-04-13T16:48:59+00:00\" \/>\n<meta property=\"og:image\" content=\"https:\/\/www.rabaini.it\/wp-content\/uploads\/2026\/04\/DSC_1728.jpg\" \/>\n\t<meta property=\"og:image:width\" content=\"1500\" \/>\n\t<meta property=\"og:image:height\" content=\"1500\" \/>\n\t<meta property=\"og:image:type\" content=\"image\/jpeg\" \/>\n<meta name=\"twitter:card\" content=\"summary_large_image\" \/>\n<script type=\"application\/ld+json\" class=\"yoast-schema-graph\">{\"@context\":\"https:\/\/schema.org\",\"@graph\":[{\"@type\":\"WebPage\",\"@id\":\"https:\/\/www.rabaini.it\/de\/beige-yachting-bootsschuhe-loafer-mit-ledersohle\/\",\"url\":\"https:\/\/www.rabaini.it\/de\/beige-yachting-bootsschuhe-loafer-mit-ledersohle\/\",\"name\":\"Beige Yachting-Bootsschuhe Loafer mit Ledersohle - Rabaini\",\"isPartOf\":{\"@id\":\"https:\/\/www.rabaini.it\/de\/#website\"},\"primaryImageOfPage\":{\"@id\":\"https:\/\/www.rabaini.it\/de\/beige-yachting-bootsschuhe-loafer-mit-ledersohle\/#primaryimage\"},\"image\":{\"@id\":\"https:\/\/www.rabaini.it\/de\/beige-yachting-bootsschuhe-loafer-mit-ledersohle\/#primaryimage\"},\"thumbnailUrl\":\"https:\/\/www.rabaini.it\/wp-content\/uploads\/2026\/04\/DSC_1728.jpg\",\"datePublished\":\"2026-04-09T14:18:25+00:00\",\"dateModified\":\"2026-04-13T16:48:59+00:00\",\"breadcrumb\":{\"@id\":\"https:\/\/www.rabaini.it\/de\/beige-yachting-bootsschuhe-loafer-mit-ledersohle\/#breadcrumb\"},\"inLanguage\":\"de\",\"potentialAction\":[{\"@type\":\"ReadAction\",\"target\":[\"https:\/\/www.rabaini.it\/de\/beige-yachting-bootsschuhe-loafer-mit-ledersohle\/\"]}]},{\"@type\":\"ImageObject\",\"inLanguage\":\"de\",\"@id\":\"https:\/\/www.rabaini.it\/de\/beige-yachting-bootsschuhe-loafer-mit-ledersohle\/#primaryimage\",\"url\":\"https:\/\/www.rabaini.it\/wp-content\/uploads\/2026\/04\/DSC_1728.jpg\",\"contentUrl\":\"https:\/\/www.rabaini.it\/wp-content\/uploads\/2026\/04\/DSC_1728.jpg\",\"width\":1500,\"height\":1500},{\"@type\":\"BreadcrumbList\",\"@id\":\"https:\/\/www.rabaini.it\/de\/beige-yachting-bootsschuhe-loafer-mit-ledersohle\/#breadcrumb\",\"itemListElement\":[{\"@type\":\"ListItem\",\"position\":1,\"name\":\"Home\",\"item\":\"https:\/\/www.rabaini.it\/de\/homepage\/\"},{\"@type\":\"ListItem\",\"position\":2,\"name\":\"Gesch\u00e4ft\",\"item\":\"https:\/\/www.rabaini.it\/geschaeft\/\"},{\"@type\":\"ListItem\",\"position\":3,\"name\":\"Damen\",\"item\":\"https:\/\/www.rabaini.it\/de\/damen\/\"},{\"@type\":\"ListItem\",\"position\":4,\"name\":\"Beige Yachting-Bootsschuhe Loafer mit Ledersohle\"}]},{\"@type\":\"WebSite\",\"@id\":\"https:\/\/www.rabaini.it\/de\/#website\",\"url\":\"https:\/\/www.rabaini.it\/de\/\",\"name\":\"Rabaini\",\"description\":\"\",\"potentialAction\":[{\"@type\":\"SearchAction\",\"target\":{\"@type\":\"EntryPoint\",\"urlTemplate\":\"https:\/\/www.rabaini.it\/de\/?s={search_term_string}\"},\"query-input\":{\"@type\":\"PropertyValueSpecification\",\"valueRequired\":true,\"valueName\":\"search_term_string\"}}],\"inLanguage\":\"de\"}]}<\/script>\n<!-- \/ Yoast SEO plugin. -->","yoast_head_json":{"title":"Beige Yachting-Bootsschuhe Loafer mit Ledersohle - Rabaini","robots":{"index":"index","follow":"follow","max-snippet":"max-snippet:-1","max-image-preview":"max-image-preview:large","max-video-preview":"max-video-preview:-1"},"canonical":"https:\/\/www.rabaini.it\/de\/beige-yachting-bootsschuhe-loafer-mit-ledersohle\/","og_locale":"de_DE","og_type":"article","og_title":"Beige Yachting-Bootsschuhe Loafer mit Ledersohle - Rabaini","og_description":"Artikelnummer: 77124HW Farbe: Beige Camel Der Owen Bootsschuh ist ein Klassiker aus dem historischen Archiv von Sebago, neu interpretiert in moderner Form mit einer eleganten und schlanken Silhouette Dieses Damenmodell verf\u00fcgt \u00fcber eine Strobel-Konstruktion und ist aus italienischem Veloursleder mit besonders reichhaltiger Haptik gefertigt, behandelt f\u00fcr einen authentischen Vintage-Charakter Die handgen\u00e4hte Mokassin-Spitze zeigt das handwerkliche&hellip;","og_url":"https:\/\/www.rabaini.it\/de\/beige-yachting-bootsschuhe-loafer-mit-ledersohle\/","og_site_name":"Rabaini","article_modified_time":"2026-04-13T16:48:59+00:00","og_image":[{"width":1500,"height":1500,"url":"https:\/\/www.rabaini.it\/wp-content\/uploads\/2026\/04\/DSC_1728.jpg","type":"image\/jpeg"}],"twitter_card":"summary_large_image","schema":{"@context":"https:\/\/schema.org","@graph":[{"@type":"WebPage","@id":"https:\/\/www.rabaini.it\/de\/beige-yachting-bootsschuhe-loafer-mit-ledersohle\/","url":"https:\/\/www.rabaini.it\/de\/beige-yachting-bootsschuhe-loafer-mit-ledersohle\/","name":"Beige Yachting-Bootsschuhe Loafer mit Ledersohle - Rabaini","isPartOf":{"@id":"https:\/\/www.rabaini.it\/de\/#website"},"primaryImageOfPage":{"@id":"https:\/\/www.rabaini.it\/de\/beige-yachting-bootsschuhe-loafer-mit-ledersohle\/#primaryimage"},"image":{"@id":"https:\/\/www.rabaini.it\/de\/beige-yachting-bootsschuhe-loafer-mit-ledersohle\/#primaryimage"},"thumbnailUrl":"https:\/\/www.rabaini.it\/wp-content\/uploads\/2026\/04\/DSC_1728.jpg","datePublished":"2026-04-09T14:18:25+00:00","dateModified":"2026-04-13T16:48:59+00:00","breadcrumb":{"@id":"https:\/\/www.rabaini.it\/de\/beige-yachting-bootsschuhe-loafer-mit-ledersohle\/#breadcrumb"},"inLanguage":"de","potentialAction":[{"@type":"ReadAction","target":["https:\/\/www.rabaini.it\/de\/beige-yachting-bootsschuhe-loafer-mit-ledersohle\/"]}]},{"@type":"ImageObject","inLanguage":"de","@id":"https:\/\/www.rabaini.it\/de\/beige-yachting-bootsschuhe-loafer-mit-ledersohle\/#primaryimage","url":"https:\/\/www.rabaini.it\/wp-content\/uploads\/2026\/04\/DSC_1728.jpg","contentUrl":"https:\/\/www.rabaini.it\/wp-content\/uploads\/2026\/04\/DSC_1728.jpg","width":1500,"height":1500},{"@type":"BreadcrumbList","@id":"https:\/\/www.rabaini.it\/de\/beige-yachting-bootsschuhe-loafer-mit-ledersohle\/#breadcrumb","itemListElement":[{"@type":"ListItem","position":1,"name":"Home","item":"https:\/\/www.rabaini.it\/de\/homepage\/"},{"@type":"ListItem","position":2,"name":"Gesch\u00e4ft","item":"https:\/\/www.rabaini.it\/geschaeft\/"},{"@type":"ListItem","position":3,"name":"Damen","item":"https:\/\/www.rabaini.it\/de\/damen\/"},{"@type":"ListItem","position":4,"name":"Beige Yachting-Bootsschuhe Loafer mit Ledersohle"}]},{"@type":"WebSite","@id":"https:\/\/www.rabaini.it\/de\/#website","url":"https:\/\/www.rabaini.it\/de\/","name":"Rabaini","description":"","potentialAction":[{"@type":"SearchAction","target":{"@type":"EntryPoint","urlTemplate":"https:\/\/www.rabaini.it\/de\/?s={search_term_string}"},"query-input":{"@type":"PropertyValueSpecification","valueRequired":true,"valueName":"search_term_string"}}],"inLanguage":"de"}]}},"_links":{"self":[{"href":"https:\/\/www.rabaini.it\/de\/wp-json\/wp\/v2\/product\/152038","targetHints":{"allow":["GET"]}}],"collection":[{"href":"https:\/\/www.rabaini.it\/de\/wp-json\/wp\/v2\/product"}],"about":[{"href":"https:\/\/www.rabaini.it\/de\/wp-json\/wp\/v2\/types\/product"}],"wp:featuredmedia":[{"embeddable":true,"href":"https:\/\/www.rabaini.it\/de\/wp-json\/wp\/v2\/media\/150653"}],"wp:attachment":[{"href":"https:\/\/www.rabaini.it\/de\/wp-json\/wp\/v2\/media?parent=152038"}],"wp:term":[{"taxonomy":"product_brand","embeddable":true,"href":"https:\/\/www.rabaini.it\/de\/wp-json\/wp\/v2\/product_brand?post=152038"},{"taxonomy":"product_cat","embeddable":true,"href":"https:\/\/www.rabaini.it\/de\/wp-json\/wp\/v2\/product_cat?post=152038"},{"taxonomy":"product_tag","embeddable":true,"href":"https:\/\/www.rabaini.it\/de\/wp-json\/wp\/v2\/product_tag?post=152038"}],"curies":[{"name":"wp","href":"https:\/\/api.w.org\/{rel}","templated":true}]}}