{"id":152010,"date":"2026-04-09T16:15:15","date_gmt":"2026-04-09T14:15:15","guid":{"rendered":"https:\/\/www.rabaini.it\/?post_type=product&#038;p=152010"},"modified":"2026-04-13T18:47:41","modified_gmt":"2026-04-13T16:47:41","slug":"olympia-bootsschuhe-beige","status":"publish","type":"product","link":"https:\/\/www.rabaini.it\/de\/olympia-bootsschuhe-beige\/","title":{"rendered":"Olympia Bootsschuhe Beige"},"content":{"rendered":"<ul>\n<li>Artikelnummer: HXW6930GA90BTMC023<\/li>\n<li>Farbe: Beige<\/li>\n<li>Made in Italy<\/li>\n<li>Ein schmal zulaufender, eleganter und femininer Bootsschuh, kontrastiert mit einer sportlichen, vom Fu\u00dfball inspirierten Sohle: Hogan Olympia entsteht aus einem Spiel der Gegens\u00e4tze<\/li>\n<li>Aus Veloursleder gefertigt, verf\u00fcgen diese Bootsschuhe \u00fcber einen offen geschnittenen Lederschn\u00fcrriemen und Zickzack-Details<\/li>\n<li>Ein neues elegantes Damenmodell, erg\u00e4nzt durch eine weiche Memory-Foam-Innensohle<\/li>\n<li>Hogan Olympia Damen-Bootsschuhe<\/li>\n<li>Obermaterial aus Veloursleder<\/li>\n<li>Lederschn\u00fcrriemen<\/li>\n<li>Handgen\u00e4hte N\u00e4hte<\/li>\n<li>Memory-Foam-Innensohle 9 mm<\/li>\n<li>Gummisohle<\/li>\n<li>Gesamth\u00f6he 3,2 cm<\/li>\n<\/ul>\n","protected":false},"excerpt":{"rendered":"<p>Artikelnummer: HXW6930GA90BTMC023 Farbe: Beige Made in Italy Ein schmal zulaufender, eleganter und femininer Bootsschuh, kontrastiert mit einer sportlichen, vom Fu\u00dfball inspirierten Sohle: Hogan Olympia entsteht aus einem Spiel der Gegens\u00e4tze Aus Veloursleder gefertigt, verf\u00fcgen diese Bootsschuhe \u00fcber einen offen geschnittenen Lederschn\u00fcrriemen und Zickzack-Details Ein neues elegantes Damenmodell, erg\u00e4nzt durch eine weiche Memory-Foam-Innensohle Hogan Olympia Damen-Bootsschuhe&hellip;<\/p>\n","protected":false},"featured_media":150644,"template":"","meta":{"_acf_changed":false},"product_brand":[],"product_cat":[1273,1310,1313,1308],"product_tag":[],"class_list":{"0":"post-152010","1":"product","2":"type-product","3":"status-publish","4":"has-post-thumbnail","6":"product_cat-damen","7":"product_cat-damenschuhe","8":"product_cat-mokassins-damen","9":"product_cat-neuheiten-fur-damen","10":"marca-hogan-de","12":"first","13":"instock","14":"shipping-taxable","15":"purchasable","16":"product-type-variable"},"acf":[],"yoast_head":"<!-- This site is optimized with the Yoast SEO plugin v27.2 - https:\/\/yoast.com\/product\/yoast-seo-wordpress\/ -->\n<title>Olympia Bootsschuhe Beige - Rabaini<\/title>\n<meta name=\"robots\" content=\"index, follow, max-snippet:-1, max-image-preview:large, max-video-preview:-1\" \/>\n<link rel=\"canonical\" href=\"https:\/\/www.rabaini.it\/de\/olympia-bootsschuhe-beige\/\" \/>\n<meta property=\"og:locale\" content=\"de_DE\" \/>\n<meta property=\"og:type\" content=\"article\" \/>\n<meta property=\"og:title\" content=\"Olympia Bootsschuhe Beige - Rabaini\" \/>\n<meta property=\"og:description\" content=\"Artikelnummer: HXW6930GA90BTMC023 Farbe: Beige Made in Italy Ein schmal zulaufender, eleganter und femininer Bootsschuh, kontrastiert mit einer sportlichen, vom Fu\u00dfball inspirierten Sohle: Hogan Olympia entsteht aus einem Spiel der Gegens\u00e4tze Aus Veloursleder gefertigt, verf\u00fcgen diese Bootsschuhe \u00fcber einen offen geschnittenen Lederschn\u00fcrriemen und Zickzack-Details Ein neues elegantes Damenmodell, erg\u00e4nzt durch eine weiche Memory-Foam-Innensohle Hogan Olympia Damen-Bootsschuhe&hellip;\" \/>\n<meta property=\"og:url\" content=\"https:\/\/www.rabaini.it\/de\/olympia-bootsschuhe-beige\/\" \/>\n<meta property=\"og:site_name\" content=\"Rabaini\" \/>\n<meta property=\"article:modified_time\" content=\"2026-04-13T16:47:41+00:00\" \/>\n<meta property=\"og:image\" content=\"https:\/\/www.rabaini.it\/wp-content\/uploads\/2026\/04\/DSC_1725.jpg\" \/>\n\t<meta property=\"og:image:width\" content=\"1500\" \/>\n\t<meta property=\"og:image:height\" content=\"1500\" \/>\n\t<meta property=\"og:image:type\" content=\"image\/jpeg\" \/>\n<meta name=\"twitter:card\" content=\"summary_large_image\" \/>\n<script type=\"application\/ld+json\" class=\"yoast-schema-graph\">{\"@context\":\"https:\/\/schema.org\",\"@graph\":[{\"@type\":\"WebPage\",\"@id\":\"https:\/\/www.rabaini.it\/de\/olympia-bootsschuhe-beige\/\",\"url\":\"https:\/\/www.rabaini.it\/de\/olympia-bootsschuhe-beige\/\",\"name\":\"Olympia Bootsschuhe Beige - Rabaini\",\"isPartOf\":{\"@id\":\"https:\/\/www.rabaini.it\/de\/#website\"},\"primaryImageOfPage\":{\"@id\":\"https:\/\/www.rabaini.it\/de\/olympia-bootsschuhe-beige\/#primaryimage\"},\"image\":{\"@id\":\"https:\/\/www.rabaini.it\/de\/olympia-bootsschuhe-beige\/#primaryimage\"},\"thumbnailUrl\":\"https:\/\/www.rabaini.it\/wp-content\/uploads\/2026\/04\/DSC_1725.jpg\",\"datePublished\":\"2026-04-09T14:15:15+00:00\",\"dateModified\":\"2026-04-13T16:47:41+00:00\",\"breadcrumb\":{\"@id\":\"https:\/\/www.rabaini.it\/de\/olympia-bootsschuhe-beige\/#breadcrumb\"},\"inLanguage\":\"de\",\"potentialAction\":[{\"@type\":\"ReadAction\",\"target\":[\"https:\/\/www.rabaini.it\/de\/olympia-bootsschuhe-beige\/\"]}]},{\"@type\":\"ImageObject\",\"inLanguage\":\"de\",\"@id\":\"https:\/\/www.rabaini.it\/de\/olympia-bootsschuhe-beige\/#primaryimage\",\"url\":\"https:\/\/www.rabaini.it\/wp-content\/uploads\/2026\/04\/DSC_1725.jpg\",\"contentUrl\":\"https:\/\/www.rabaini.it\/wp-content\/uploads\/2026\/04\/DSC_1725.jpg\",\"width\":1500,\"height\":1500},{\"@type\":\"BreadcrumbList\",\"@id\":\"https:\/\/www.rabaini.it\/de\/olympia-bootsschuhe-beige\/#breadcrumb\",\"itemListElement\":[{\"@type\":\"ListItem\",\"position\":1,\"name\":\"Home\",\"item\":\"https:\/\/www.rabaini.it\/de\/homepage\/\"},{\"@type\":\"ListItem\",\"position\":2,\"name\":\"Gesch\u00e4ft\",\"item\":\"https:\/\/www.rabaini.it\/geschaeft\/\"},{\"@type\":\"ListItem\",\"position\":3,\"name\":\"Damen\",\"item\":\"https:\/\/www.rabaini.it\/de\/damen\/\"},{\"@type\":\"ListItem\",\"position\":4,\"name\":\"Olympia Bootsschuhe Beige\"}]},{\"@type\":\"WebSite\",\"@id\":\"https:\/\/www.rabaini.it\/de\/#website\",\"url\":\"https:\/\/www.rabaini.it\/de\/\",\"name\":\"Rabaini\",\"description\":\"\",\"potentialAction\":[{\"@type\":\"SearchAction\",\"target\":{\"@type\":\"EntryPoint\",\"urlTemplate\":\"https:\/\/www.rabaini.it\/de\/?s={search_term_string}\"},\"query-input\":{\"@type\":\"PropertyValueSpecification\",\"valueRequired\":true,\"valueName\":\"search_term_string\"}}],\"inLanguage\":\"de\"}]}<\/script>\n<!-- \/ Yoast SEO plugin. -->","yoast_head_json":{"title":"Olympia Bootsschuhe Beige - Rabaini","robots":{"index":"index","follow":"follow","max-snippet":"max-snippet:-1","max-image-preview":"max-image-preview:large","max-video-preview":"max-video-preview:-1"},"canonical":"https:\/\/www.rabaini.it\/de\/olympia-bootsschuhe-beige\/","og_locale":"de_DE","og_type":"article","og_title":"Olympia Bootsschuhe Beige - Rabaini","og_description":"Artikelnummer: HXW6930GA90BTMC023 Farbe: Beige Made in Italy Ein schmal zulaufender, eleganter und femininer Bootsschuh, kontrastiert mit einer sportlichen, vom Fu\u00dfball inspirierten Sohle: Hogan Olympia entsteht aus einem Spiel der Gegens\u00e4tze Aus Veloursleder gefertigt, verf\u00fcgen diese Bootsschuhe \u00fcber einen offen geschnittenen Lederschn\u00fcrriemen und Zickzack-Details Ein neues elegantes Damenmodell, erg\u00e4nzt durch eine weiche Memory-Foam-Innensohle Hogan Olympia Damen-Bootsschuhe&hellip;","og_url":"https:\/\/www.rabaini.it\/de\/olympia-bootsschuhe-beige\/","og_site_name":"Rabaini","article_modified_time":"2026-04-13T16:47:41+00:00","og_image":[{"width":1500,"height":1500,"url":"https:\/\/www.rabaini.it\/wp-content\/uploads\/2026\/04\/DSC_1725.jpg","type":"image\/jpeg"}],"twitter_card":"summary_large_image","schema":{"@context":"https:\/\/schema.org","@graph":[{"@type":"WebPage","@id":"https:\/\/www.rabaini.it\/de\/olympia-bootsschuhe-beige\/","url":"https:\/\/www.rabaini.it\/de\/olympia-bootsschuhe-beige\/","name":"Olympia Bootsschuhe Beige - Rabaini","isPartOf":{"@id":"https:\/\/www.rabaini.it\/de\/#website"},"primaryImageOfPage":{"@id":"https:\/\/www.rabaini.it\/de\/olympia-bootsschuhe-beige\/#primaryimage"},"image":{"@id":"https:\/\/www.rabaini.it\/de\/olympia-bootsschuhe-beige\/#primaryimage"},"thumbnailUrl":"https:\/\/www.rabaini.it\/wp-content\/uploads\/2026\/04\/DSC_1725.jpg","datePublished":"2026-04-09T14:15:15+00:00","dateModified":"2026-04-13T16:47:41+00:00","breadcrumb":{"@id":"https:\/\/www.rabaini.it\/de\/olympia-bootsschuhe-beige\/#breadcrumb"},"inLanguage":"de","potentialAction":[{"@type":"ReadAction","target":["https:\/\/www.rabaini.it\/de\/olympia-bootsschuhe-beige\/"]}]},{"@type":"ImageObject","inLanguage":"de","@id":"https:\/\/www.rabaini.it\/de\/olympia-bootsschuhe-beige\/#primaryimage","url":"https:\/\/www.rabaini.it\/wp-content\/uploads\/2026\/04\/DSC_1725.jpg","contentUrl":"https:\/\/www.rabaini.it\/wp-content\/uploads\/2026\/04\/DSC_1725.jpg","width":1500,"height":1500},{"@type":"BreadcrumbList","@id":"https:\/\/www.rabaini.it\/de\/olympia-bootsschuhe-beige\/#breadcrumb","itemListElement":[{"@type":"ListItem","position":1,"name":"Home","item":"https:\/\/www.rabaini.it\/de\/homepage\/"},{"@type":"ListItem","position":2,"name":"Gesch\u00e4ft","item":"https:\/\/www.rabaini.it\/geschaeft\/"},{"@type":"ListItem","position":3,"name":"Damen","item":"https:\/\/www.rabaini.it\/de\/damen\/"},{"@type":"ListItem","position":4,"name":"Olympia Bootsschuhe Beige"}]},{"@type":"WebSite","@id":"https:\/\/www.rabaini.it\/de\/#website","url":"https:\/\/www.rabaini.it\/de\/","name":"Rabaini","description":"","potentialAction":[{"@type":"SearchAction","target":{"@type":"EntryPoint","urlTemplate":"https:\/\/www.rabaini.it\/de\/?s={search_term_string}"},"query-input":{"@type":"PropertyValueSpecification","valueRequired":true,"valueName":"search_term_string"}}],"inLanguage":"de"}]}},"_links":{"self":[{"href":"https:\/\/www.rabaini.it\/de\/wp-json\/wp\/v2\/product\/152010","targetHints":{"allow":["GET"]}}],"collection":[{"href":"https:\/\/www.rabaini.it\/de\/wp-json\/wp\/v2\/product"}],"about":[{"href":"https:\/\/www.rabaini.it\/de\/wp-json\/wp\/v2\/types\/product"}],"wp:featuredmedia":[{"embeddable":true,"href":"https:\/\/www.rabaini.it\/de\/wp-json\/wp\/v2\/media\/150644"}],"wp:attachment":[{"href":"https:\/\/www.rabaini.it\/de\/wp-json\/wp\/v2\/media?parent=152010"}],"wp:term":[{"taxonomy":"product_brand","embeddable":true,"href":"https:\/\/www.rabaini.it\/de\/wp-json\/wp\/v2\/product_brand?post=152010"},{"taxonomy":"product_cat","embeddable":true,"href":"https:\/\/www.rabaini.it\/de\/wp-json\/wp\/v2\/product_cat?post=152010"},{"taxonomy":"product_tag","embeddable":true,"href":"https:\/\/www.rabaini.it\/de\/wp-json\/wp\/v2\/product_tag?post=152010"}],"curies":[{"name":"wp","href":"https:\/\/api.w.org\/{rel}","templated":true}]}}