{"id":151898,"date":"2026-04-09T15:43:57","date_gmt":"2026-04-09T13:43:57","guid":{"rendered":"https:\/\/www.rabaini.it\/?post_type=product&#038;p=151898"},"modified":"2026-04-13T18:42:24","modified_gmt":"2026-04-13T16:42:24","slug":"crosswind-denim-sneaker","status":"publish","type":"product","link":"https:\/\/www.rabaini.it\/de\/crosswind-denim-sneaker\/","title":{"rendered":"Crosswind Denim Sneaker"},"content":{"rendered":"<ul>\n<li>Artikelnummer: HXW7050GB0TV1R0RWD<\/li>\n<li>Farbe: Denim<\/li>\n<li>Made in Italy<\/li>\n<li>Ein Damenmodell im Skating-Stil mit einer Chunky-Sohle, kombiniert mit einem eleganten und entspannten Obermaterial<\/li>\n<li>Mit einem H auf der Vorderseite des Schafts versehen, sind diese Sneaker aus Denim mit Details aus Glattleder gefertigt<\/li>\n<li>Ein raffiniertes Markenzeichen: das Mikro-H-Muster definiert die Struktur der Gummisohle und des Profils<\/li>\n<li>Die Memory-Foam-Innensohle sorgt f\u00fcr zus\u00e4tzlichen Komfort und D\u00e4mpfung<\/li>\n<li>Crosswind Sneaker<\/li>\n<li>Obermaterial aus Denim<\/li>\n<li>Seitliches H und Details aus Glattleder<\/li>\n<li>Memory-Foam-Innensohle 8 mm<\/li>\n<li>Gummisohle<\/li>\n<li>Gesamth\u00f6he 5,6 cm<\/li>\n<\/ul>\n","protected":false},"excerpt":{"rendered":"<p>Artikelnummer: HXW7050GB0TV1R0RWD Farbe: Denim Made in Italy Ein Damenmodell im Skating-Stil mit einer Chunky-Sohle, kombiniert mit einem eleganten und entspannten Obermaterial Mit einem H auf der Vorderseite des Schafts versehen, sind diese Sneaker aus Denim mit Details aus Glattleder gefertigt Ein raffiniertes Markenzeichen: das Mikro-H-Muster definiert die Struktur der Gummisohle und des Profils Die Memory-Foam-Innensohle&hellip;<\/p>\n","protected":false},"featured_media":150617,"template":"","meta":{"_acf_changed":false},"product_brand":[],"product_cat":[1273,1310,1308,1318],"product_tag":[1719],"class_list":{"0":"post-151898","1":"product","2":"type-product","3":"status-publish","4":"has-post-thumbnail","6":"product_cat-damen","7":"product_cat-damenschuhe","8":"product_cat-neuheiten-fur-damen","9":"product_cat-turnschuhe-damen","10":"product_tag-neuheiten","11":"marca-hogan-de","13":"first","14":"instock","15":"shipping-taxable","16":"purchasable","17":"product-type-variable"},"acf":[],"yoast_head":"<!-- This site is optimized with the Yoast SEO plugin v27.2 - https:\/\/yoast.com\/product\/yoast-seo-wordpress\/ -->\n<title>Crosswind Denim Sneaker - Rabaini<\/title>\n<meta name=\"robots\" content=\"index, follow, max-snippet:-1, max-image-preview:large, max-video-preview:-1\" \/>\n<link rel=\"canonical\" href=\"https:\/\/www.rabaini.it\/de\/crosswind-denim-sneaker\/\" \/>\n<meta property=\"og:locale\" content=\"de_DE\" \/>\n<meta property=\"og:type\" content=\"article\" \/>\n<meta property=\"og:title\" content=\"Crosswind Denim Sneaker - Rabaini\" \/>\n<meta property=\"og:description\" content=\"Artikelnummer: HXW7050GB0TV1R0RWD Farbe: Denim Made in Italy Ein Damenmodell im Skating-Stil mit einer Chunky-Sohle, kombiniert mit einem eleganten und entspannten Obermaterial Mit einem H auf der Vorderseite des Schafts versehen, sind diese Sneaker aus Denim mit Details aus Glattleder gefertigt Ein raffiniertes Markenzeichen: das Mikro-H-Muster definiert die Struktur der Gummisohle und des Profils Die Memory-Foam-Innensohle&hellip;\" \/>\n<meta property=\"og:url\" content=\"https:\/\/www.rabaini.it\/de\/crosswind-denim-sneaker\/\" \/>\n<meta property=\"og:site_name\" content=\"Rabaini\" \/>\n<meta property=\"article:modified_time\" content=\"2026-04-13T16:42:24+00:00\" \/>\n<meta property=\"og:image\" content=\"https:\/\/www.rabaini.it\/wp-content\/uploads\/2026\/04\/DSC_1716.jpg\" \/>\n\t<meta property=\"og:image:width\" content=\"1500\" \/>\n\t<meta property=\"og:image:height\" content=\"1500\" \/>\n\t<meta property=\"og:image:type\" content=\"image\/jpeg\" \/>\n<meta name=\"twitter:card\" content=\"summary_large_image\" \/>\n<script type=\"application\/ld+json\" class=\"yoast-schema-graph\">{\"@context\":\"https:\/\/schema.org\",\"@graph\":[{\"@type\":\"WebPage\",\"@id\":\"https:\/\/www.rabaini.it\/de\/crosswind-denim-sneaker\/\",\"url\":\"https:\/\/www.rabaini.it\/de\/crosswind-denim-sneaker\/\",\"name\":\"Crosswind Denim Sneaker - Rabaini\",\"isPartOf\":{\"@id\":\"https:\/\/www.rabaini.it\/de\/#website\"},\"primaryImageOfPage\":{\"@id\":\"https:\/\/www.rabaini.it\/de\/crosswind-denim-sneaker\/#primaryimage\"},\"image\":{\"@id\":\"https:\/\/www.rabaini.it\/de\/crosswind-denim-sneaker\/#primaryimage\"},\"thumbnailUrl\":\"https:\/\/www.rabaini.it\/wp-content\/uploads\/2026\/04\/DSC_1716.jpg\",\"datePublished\":\"2026-04-09T13:43:57+00:00\",\"dateModified\":\"2026-04-13T16:42:24+00:00\",\"breadcrumb\":{\"@id\":\"https:\/\/www.rabaini.it\/de\/crosswind-denim-sneaker\/#breadcrumb\"},\"inLanguage\":\"de\",\"potentialAction\":[{\"@type\":\"ReadAction\",\"target\":[\"https:\/\/www.rabaini.it\/de\/crosswind-denim-sneaker\/\"]}]},{\"@type\":\"ImageObject\",\"inLanguage\":\"de\",\"@id\":\"https:\/\/www.rabaini.it\/de\/crosswind-denim-sneaker\/#primaryimage\",\"url\":\"https:\/\/www.rabaini.it\/wp-content\/uploads\/2026\/04\/DSC_1716.jpg\",\"contentUrl\":\"https:\/\/www.rabaini.it\/wp-content\/uploads\/2026\/04\/DSC_1716.jpg\",\"width\":1500,\"height\":1500},{\"@type\":\"BreadcrumbList\",\"@id\":\"https:\/\/www.rabaini.it\/de\/crosswind-denim-sneaker\/#breadcrumb\",\"itemListElement\":[{\"@type\":\"ListItem\",\"position\":1,\"name\":\"Home\",\"item\":\"https:\/\/www.rabaini.it\/de\/homepage\/\"},{\"@type\":\"ListItem\",\"position\":2,\"name\":\"Gesch\u00e4ft\",\"item\":\"https:\/\/www.rabaini.it\/geschaeft\/\"},{\"@type\":\"ListItem\",\"position\":3,\"name\":\"Damen\",\"item\":\"https:\/\/www.rabaini.it\/de\/damen\/\"},{\"@type\":\"ListItem\",\"position\":4,\"name\":\"Crosswind Denim Sneaker\"}]},{\"@type\":\"WebSite\",\"@id\":\"https:\/\/www.rabaini.it\/de\/#website\",\"url\":\"https:\/\/www.rabaini.it\/de\/\",\"name\":\"Rabaini\",\"description\":\"\",\"potentialAction\":[{\"@type\":\"SearchAction\",\"target\":{\"@type\":\"EntryPoint\",\"urlTemplate\":\"https:\/\/www.rabaini.it\/de\/?s={search_term_string}\"},\"query-input\":{\"@type\":\"PropertyValueSpecification\",\"valueRequired\":true,\"valueName\":\"search_term_string\"}}],\"inLanguage\":\"de\"}]}<\/script>\n<!-- \/ Yoast SEO plugin. -->","yoast_head_json":{"title":"Crosswind Denim Sneaker - Rabaini","robots":{"index":"index","follow":"follow","max-snippet":"max-snippet:-1","max-image-preview":"max-image-preview:large","max-video-preview":"max-video-preview:-1"},"canonical":"https:\/\/www.rabaini.it\/de\/crosswind-denim-sneaker\/","og_locale":"de_DE","og_type":"article","og_title":"Crosswind Denim Sneaker - Rabaini","og_description":"Artikelnummer: HXW7050GB0TV1R0RWD Farbe: Denim Made in Italy Ein Damenmodell im Skating-Stil mit einer Chunky-Sohle, kombiniert mit einem eleganten und entspannten Obermaterial Mit einem H auf der Vorderseite des Schafts versehen, sind diese Sneaker aus Denim mit Details aus Glattleder gefertigt Ein raffiniertes Markenzeichen: das Mikro-H-Muster definiert die Struktur der Gummisohle und des Profils Die Memory-Foam-Innensohle&hellip;","og_url":"https:\/\/www.rabaini.it\/de\/crosswind-denim-sneaker\/","og_site_name":"Rabaini","article_modified_time":"2026-04-13T16:42:24+00:00","og_image":[{"width":1500,"height":1500,"url":"https:\/\/www.rabaini.it\/wp-content\/uploads\/2026\/04\/DSC_1716.jpg","type":"image\/jpeg"}],"twitter_card":"summary_large_image","schema":{"@context":"https:\/\/schema.org","@graph":[{"@type":"WebPage","@id":"https:\/\/www.rabaini.it\/de\/crosswind-denim-sneaker\/","url":"https:\/\/www.rabaini.it\/de\/crosswind-denim-sneaker\/","name":"Crosswind Denim Sneaker - Rabaini","isPartOf":{"@id":"https:\/\/www.rabaini.it\/de\/#website"},"primaryImageOfPage":{"@id":"https:\/\/www.rabaini.it\/de\/crosswind-denim-sneaker\/#primaryimage"},"image":{"@id":"https:\/\/www.rabaini.it\/de\/crosswind-denim-sneaker\/#primaryimage"},"thumbnailUrl":"https:\/\/www.rabaini.it\/wp-content\/uploads\/2026\/04\/DSC_1716.jpg","datePublished":"2026-04-09T13:43:57+00:00","dateModified":"2026-04-13T16:42:24+00:00","breadcrumb":{"@id":"https:\/\/www.rabaini.it\/de\/crosswind-denim-sneaker\/#breadcrumb"},"inLanguage":"de","potentialAction":[{"@type":"ReadAction","target":["https:\/\/www.rabaini.it\/de\/crosswind-denim-sneaker\/"]}]},{"@type":"ImageObject","inLanguage":"de","@id":"https:\/\/www.rabaini.it\/de\/crosswind-denim-sneaker\/#primaryimage","url":"https:\/\/www.rabaini.it\/wp-content\/uploads\/2026\/04\/DSC_1716.jpg","contentUrl":"https:\/\/www.rabaini.it\/wp-content\/uploads\/2026\/04\/DSC_1716.jpg","width":1500,"height":1500},{"@type":"BreadcrumbList","@id":"https:\/\/www.rabaini.it\/de\/crosswind-denim-sneaker\/#breadcrumb","itemListElement":[{"@type":"ListItem","position":1,"name":"Home","item":"https:\/\/www.rabaini.it\/de\/homepage\/"},{"@type":"ListItem","position":2,"name":"Gesch\u00e4ft","item":"https:\/\/www.rabaini.it\/geschaeft\/"},{"@type":"ListItem","position":3,"name":"Damen","item":"https:\/\/www.rabaini.it\/de\/damen\/"},{"@type":"ListItem","position":4,"name":"Crosswind Denim Sneaker"}]},{"@type":"WebSite","@id":"https:\/\/www.rabaini.it\/de\/#website","url":"https:\/\/www.rabaini.it\/de\/","name":"Rabaini","description":"","potentialAction":[{"@type":"SearchAction","target":{"@type":"EntryPoint","urlTemplate":"https:\/\/www.rabaini.it\/de\/?s={search_term_string}"},"query-input":{"@type":"PropertyValueSpecification","valueRequired":true,"valueName":"search_term_string"}}],"inLanguage":"de"}]}},"_links":{"self":[{"href":"https:\/\/www.rabaini.it\/de\/wp-json\/wp\/v2\/product\/151898","targetHints":{"allow":["GET"]}}],"collection":[{"href":"https:\/\/www.rabaini.it\/de\/wp-json\/wp\/v2\/product"}],"about":[{"href":"https:\/\/www.rabaini.it\/de\/wp-json\/wp\/v2\/types\/product"}],"wp:featuredmedia":[{"embeddable":true,"href":"https:\/\/www.rabaini.it\/de\/wp-json\/wp\/v2\/media\/150617"}],"wp:attachment":[{"href":"https:\/\/www.rabaini.it\/de\/wp-json\/wp\/v2\/media?parent=151898"}],"wp:term":[{"taxonomy":"product_brand","embeddable":true,"href":"https:\/\/www.rabaini.it\/de\/wp-json\/wp\/v2\/product_brand?post=151898"},{"taxonomy":"product_cat","embeddable":true,"href":"https:\/\/www.rabaini.it\/de\/wp-json\/wp\/v2\/product_cat?post=151898"},{"taxonomy":"product_tag","embeddable":true,"href":"https:\/\/www.rabaini.it\/de\/wp-json\/wp\/v2\/product_tag?post=151898"}],"curies":[{"name":"wp","href":"https:\/\/api.w.org\/{rel}","templated":true}]}}