{"id":150528,"date":"2026-03-27T10:08:02","date_gmt":"2026-03-27T09:08:02","guid":{"rendered":"https:\/\/www.rabaini.it\/?post_type=product&#038;p=150528"},"modified":"2026-03-27T17:43:38","modified_gmt":"2026-03-27T16:43:38","slug":"marguerite-stretch-poly-jersey-jacke-in-reinem-schwarz","status":"publish","type":"product","link":"https:\/\/www.rabaini.it\/de\/marguerite-stretch-poly-jersey-jacke-in-reinem-schwarz\/","title":{"rendered":"MARGUERITE STRETCH POLY JERSEY JACKE IN REINEM SCHWARZ"},"content":{"rendered":"<ul>\n<li>Artikelcode: K8138PW<\/li>\n<li>Artikel Farbe: Schwarz<\/li>\n<li>Marguerite ist eine kurze Damenjacke, die mittlere W\u00e4rme bietet, ideal f\u00fcr die \u00dcbergangszeit<\/li>\n<li>Das Modell hat einen l\u00e4ssigen und modernen Look, besteht aus Stretch-Polyester mit wasser- und winddichter Beschichtung und verf\u00fcgt \u00fcber ein weiches graumeliertes Baumwoll-Jersey-Futter<\/li>\n<li>Die Innenn\u00e4hte sind abgeklebt, und die Taille ist mit dem ikonischen mehrfarbigen K-Way-Tape f\u00fcr einen markanten und charaktervollen Akzent verziert<\/li>\n<li>Wasserdichter, winddichter, atmungsaktiver Stretch-Polyesterstoff<\/li>\n<li>Jersey-Futter aus Baumwolle<\/li>\n<li>Abgeklebte N\u00e4hte<\/li>\n<li>Nicht abnehmbare Kapuze<\/li>\n<li>Rei\u00dfverschluss<\/li>\n<li>Elastische B\u00fcndchen<\/li>\n<li>Verstellbarer Jackensaum<\/li>\n<li>2 Rei\u00dfverschlusstaschen<\/li>\n<li>Bel\u00fcftungsschlitz auf der R\u00fcckseite<\/li>\n<li>Regul\u00e4re Passform<\/li>\n<li>Wei\u00dfes Silikonlogo<\/li>\n<li>Zusammensetzung: 100% Polyester<\/li>\n<li>Membran: 100% Polyurethan<\/li>\n<li>Futter 1: 100% Polyamid<\/li>\n<li>Futter 2: 65% Polyester, 35% Baumwolle<\/li>\n<\/ul>\n","protected":false},"excerpt":{"rendered":"<p>Artikelcode: K8138PW Artikel Farbe: Schwarz Marguerite ist eine kurze Damenjacke, die mittlere W\u00e4rme bietet, ideal f\u00fcr die \u00dcbergangszeit Das Modell hat einen l\u00e4ssigen und modernen Look, besteht aus Stretch-Polyester mit wasser- und winddichter Beschichtung und verf\u00fcgt \u00fcber ein weiches graumeliertes Baumwoll-Jersey-Futter Die Innenn\u00e4hte sind abgeklebt, und die Taille ist mit dem ikonischen mehrfarbigen K-Way-Tape f\u00fcr&hellip;<\/p>\n","protected":false},"featured_media":149988,"template":"","meta":{"_acf_changed":false},"product_brand":[],"product_cat":[1273,1274,1279,1308,1277],"product_tag":[1719],"class_list":{"0":"post-150528","1":"product","2":"type-product","3":"status-publish","4":"has-post-thumbnail","6":"product_cat-damen","7":"product_cat-damenbekleidung","8":"product_cat-jacken-damen","9":"product_cat-neuheiten-fur-damen","10":"product_cat-oberbekleidung-damen","11":"product_tag-neuheiten","12":"marca-k-way-de","14":"first","15":"instock","16":"shipping-taxable","17":"purchasable","18":"product-type-variable"},"acf":[],"yoast_head":"<!-- This site is optimized with the Yoast SEO plugin v27.2 - https:\/\/yoast.com\/product\/yoast-seo-wordpress\/ -->\n<title>MARGUERITE STRETCH POLY JERSEY JACKE IN REINEM SCHWARZ - Rabaini<\/title>\n<meta name=\"robots\" content=\"index, follow, max-snippet:-1, max-image-preview:large, max-video-preview:-1\" \/>\n<link rel=\"canonical\" href=\"https:\/\/www.rabaini.it\/de\/marguerite-stretch-poly-jersey-jacke-in-reinem-schwarz\/\" \/>\n<meta property=\"og:locale\" content=\"de_DE\" \/>\n<meta property=\"og:type\" content=\"article\" \/>\n<meta property=\"og:title\" content=\"MARGUERITE STRETCH POLY JERSEY JACKE IN REINEM SCHWARZ - Rabaini\" \/>\n<meta property=\"og:description\" content=\"Artikelcode: K8138PW Artikel Farbe: Schwarz Marguerite ist eine kurze Damenjacke, die mittlere W\u00e4rme bietet, ideal f\u00fcr die \u00dcbergangszeit Das Modell hat einen l\u00e4ssigen und modernen Look, besteht aus Stretch-Polyester mit wasser- und winddichter Beschichtung und verf\u00fcgt \u00fcber ein weiches graumeliertes Baumwoll-Jersey-Futter Die Innenn\u00e4hte sind abgeklebt, und die Taille ist mit dem ikonischen mehrfarbigen K-Way-Tape f\u00fcr&hellip;\" \/>\n<meta property=\"og:url\" content=\"https:\/\/www.rabaini.it\/de\/marguerite-stretch-poly-jersey-jacke-in-reinem-schwarz\/\" \/>\n<meta property=\"og:site_name\" content=\"Rabaini\" \/>\n<meta property=\"article:modified_time\" content=\"2026-03-27T16:43:38+00:00\" \/>\n<meta property=\"og:image\" content=\"https:\/\/www.rabaini.it\/wp-content\/uploads\/2026\/03\/29.1-2.jpg\" \/>\n\t<meta property=\"og:image:width\" content=\"1500\" \/>\n\t<meta property=\"og:image:height\" content=\"1500\" \/>\n\t<meta property=\"og:image:type\" content=\"image\/jpeg\" \/>\n<meta name=\"twitter:card\" content=\"summary_large_image\" \/>\n<meta name=\"twitter:label1\" content=\"Gesch\u00e4tzte Lesezeit\" \/>\n\t<meta name=\"twitter:data1\" content=\"1\u00a0Minute\" \/>\n<script type=\"application\/ld+json\" class=\"yoast-schema-graph\">{\"@context\":\"https:\/\/schema.org\",\"@graph\":[{\"@type\":\"WebPage\",\"@id\":\"https:\/\/www.rabaini.it\/de\/marguerite-stretch-poly-jersey-jacke-in-reinem-schwarz\/\",\"url\":\"https:\/\/www.rabaini.it\/de\/marguerite-stretch-poly-jersey-jacke-in-reinem-schwarz\/\",\"name\":\"MARGUERITE STRETCH POLY JERSEY JACKE IN REINEM SCHWARZ - Rabaini\",\"isPartOf\":{\"@id\":\"https:\/\/www.rabaini.it\/de\/#website\"},\"primaryImageOfPage\":{\"@id\":\"https:\/\/www.rabaini.it\/de\/marguerite-stretch-poly-jersey-jacke-in-reinem-schwarz\/#primaryimage\"},\"image\":{\"@id\":\"https:\/\/www.rabaini.it\/de\/marguerite-stretch-poly-jersey-jacke-in-reinem-schwarz\/#primaryimage\"},\"thumbnailUrl\":\"https:\/\/www.rabaini.it\/wp-content\/uploads\/2026\/03\/29.1-2.jpg\",\"datePublished\":\"2026-03-27T09:08:02+00:00\",\"dateModified\":\"2026-03-27T16:43:38+00:00\",\"breadcrumb\":{\"@id\":\"https:\/\/www.rabaini.it\/de\/marguerite-stretch-poly-jersey-jacke-in-reinem-schwarz\/#breadcrumb\"},\"inLanguage\":\"de\",\"potentialAction\":[{\"@type\":\"ReadAction\",\"target\":[\"https:\/\/www.rabaini.it\/de\/marguerite-stretch-poly-jersey-jacke-in-reinem-schwarz\/\"]}]},{\"@type\":\"ImageObject\",\"inLanguage\":\"de\",\"@id\":\"https:\/\/www.rabaini.it\/de\/marguerite-stretch-poly-jersey-jacke-in-reinem-schwarz\/#primaryimage\",\"url\":\"https:\/\/www.rabaini.it\/wp-content\/uploads\/2026\/03\/29.1-2.jpg\",\"contentUrl\":\"https:\/\/www.rabaini.it\/wp-content\/uploads\/2026\/03\/29.1-2.jpg\",\"width\":1500,\"height\":1500},{\"@type\":\"BreadcrumbList\",\"@id\":\"https:\/\/www.rabaini.it\/de\/marguerite-stretch-poly-jersey-jacke-in-reinem-schwarz\/#breadcrumb\",\"itemListElement\":[{\"@type\":\"ListItem\",\"position\":1,\"name\":\"Home\",\"item\":\"https:\/\/www.rabaini.it\/de\/homepage\/\"},{\"@type\":\"ListItem\",\"position\":2,\"name\":\"Gesch\u00e4ft\",\"item\":\"https:\/\/www.rabaini.it\/geschaeft\/\"},{\"@type\":\"ListItem\",\"position\":3,\"name\":\"Damen\",\"item\":\"https:\/\/www.rabaini.it\/de\/damen\/\"},{\"@type\":\"ListItem\",\"position\":4,\"name\":\"MARGUERITE STRETCH POLY JERSEY JACKE IN REINEM SCHWARZ\"}]},{\"@type\":\"WebSite\",\"@id\":\"https:\/\/www.rabaini.it\/de\/#website\",\"url\":\"https:\/\/www.rabaini.it\/de\/\",\"name\":\"Rabaini\",\"description\":\"\",\"potentialAction\":[{\"@type\":\"SearchAction\",\"target\":{\"@type\":\"EntryPoint\",\"urlTemplate\":\"https:\/\/www.rabaini.it\/de\/?s={search_term_string}\"},\"query-input\":{\"@type\":\"PropertyValueSpecification\",\"valueRequired\":true,\"valueName\":\"search_term_string\"}}],\"inLanguage\":\"de\"}]}<\/script>\n<!-- \/ Yoast SEO plugin. -->","yoast_head_json":{"title":"MARGUERITE STRETCH POLY JERSEY JACKE IN REINEM SCHWARZ - Rabaini","robots":{"index":"index","follow":"follow","max-snippet":"max-snippet:-1","max-image-preview":"max-image-preview:large","max-video-preview":"max-video-preview:-1"},"canonical":"https:\/\/www.rabaini.it\/de\/marguerite-stretch-poly-jersey-jacke-in-reinem-schwarz\/","og_locale":"de_DE","og_type":"article","og_title":"MARGUERITE STRETCH POLY JERSEY JACKE IN REINEM SCHWARZ - Rabaini","og_description":"Artikelcode: K8138PW Artikel Farbe: Schwarz Marguerite ist eine kurze Damenjacke, die mittlere W\u00e4rme bietet, ideal f\u00fcr die \u00dcbergangszeit Das Modell hat einen l\u00e4ssigen und modernen Look, besteht aus Stretch-Polyester mit wasser- und winddichter Beschichtung und verf\u00fcgt \u00fcber ein weiches graumeliertes Baumwoll-Jersey-Futter Die Innenn\u00e4hte sind abgeklebt, und die Taille ist mit dem ikonischen mehrfarbigen K-Way-Tape f\u00fcr&hellip;","og_url":"https:\/\/www.rabaini.it\/de\/marguerite-stretch-poly-jersey-jacke-in-reinem-schwarz\/","og_site_name":"Rabaini","article_modified_time":"2026-03-27T16:43:38+00:00","og_image":[{"width":1500,"height":1500,"url":"https:\/\/www.rabaini.it\/wp-content\/uploads\/2026\/03\/29.1-2.jpg","type":"image\/jpeg"}],"twitter_card":"summary_large_image","twitter_misc":{"Gesch\u00e4tzte Lesezeit":"1\u00a0Minute"},"schema":{"@context":"https:\/\/schema.org","@graph":[{"@type":"WebPage","@id":"https:\/\/www.rabaini.it\/de\/marguerite-stretch-poly-jersey-jacke-in-reinem-schwarz\/","url":"https:\/\/www.rabaini.it\/de\/marguerite-stretch-poly-jersey-jacke-in-reinem-schwarz\/","name":"MARGUERITE STRETCH POLY JERSEY JACKE IN REINEM SCHWARZ - Rabaini","isPartOf":{"@id":"https:\/\/www.rabaini.it\/de\/#website"},"primaryImageOfPage":{"@id":"https:\/\/www.rabaini.it\/de\/marguerite-stretch-poly-jersey-jacke-in-reinem-schwarz\/#primaryimage"},"image":{"@id":"https:\/\/www.rabaini.it\/de\/marguerite-stretch-poly-jersey-jacke-in-reinem-schwarz\/#primaryimage"},"thumbnailUrl":"https:\/\/www.rabaini.it\/wp-content\/uploads\/2026\/03\/29.1-2.jpg","datePublished":"2026-03-27T09:08:02+00:00","dateModified":"2026-03-27T16:43:38+00:00","breadcrumb":{"@id":"https:\/\/www.rabaini.it\/de\/marguerite-stretch-poly-jersey-jacke-in-reinem-schwarz\/#breadcrumb"},"inLanguage":"de","potentialAction":[{"@type":"ReadAction","target":["https:\/\/www.rabaini.it\/de\/marguerite-stretch-poly-jersey-jacke-in-reinem-schwarz\/"]}]},{"@type":"ImageObject","inLanguage":"de","@id":"https:\/\/www.rabaini.it\/de\/marguerite-stretch-poly-jersey-jacke-in-reinem-schwarz\/#primaryimage","url":"https:\/\/www.rabaini.it\/wp-content\/uploads\/2026\/03\/29.1-2.jpg","contentUrl":"https:\/\/www.rabaini.it\/wp-content\/uploads\/2026\/03\/29.1-2.jpg","width":1500,"height":1500},{"@type":"BreadcrumbList","@id":"https:\/\/www.rabaini.it\/de\/marguerite-stretch-poly-jersey-jacke-in-reinem-schwarz\/#breadcrumb","itemListElement":[{"@type":"ListItem","position":1,"name":"Home","item":"https:\/\/www.rabaini.it\/de\/homepage\/"},{"@type":"ListItem","position":2,"name":"Gesch\u00e4ft","item":"https:\/\/www.rabaini.it\/geschaeft\/"},{"@type":"ListItem","position":3,"name":"Damen","item":"https:\/\/www.rabaini.it\/de\/damen\/"},{"@type":"ListItem","position":4,"name":"MARGUERITE STRETCH POLY JERSEY JACKE IN REINEM SCHWARZ"}]},{"@type":"WebSite","@id":"https:\/\/www.rabaini.it\/de\/#website","url":"https:\/\/www.rabaini.it\/de\/","name":"Rabaini","description":"","potentialAction":[{"@type":"SearchAction","target":{"@type":"EntryPoint","urlTemplate":"https:\/\/www.rabaini.it\/de\/?s={search_term_string}"},"query-input":{"@type":"PropertyValueSpecification","valueRequired":true,"valueName":"search_term_string"}}],"inLanguage":"de"}]}},"_links":{"self":[{"href":"https:\/\/www.rabaini.it\/de\/wp-json\/wp\/v2\/product\/150528","targetHints":{"allow":["GET"]}}],"collection":[{"href":"https:\/\/www.rabaini.it\/de\/wp-json\/wp\/v2\/product"}],"about":[{"href":"https:\/\/www.rabaini.it\/de\/wp-json\/wp\/v2\/types\/product"}],"wp:featuredmedia":[{"embeddable":true,"href":"https:\/\/www.rabaini.it\/de\/wp-json\/wp\/v2\/media\/149988"}],"wp:attachment":[{"href":"https:\/\/www.rabaini.it\/de\/wp-json\/wp\/v2\/media?parent=150528"}],"wp:term":[{"taxonomy":"product_brand","embeddable":true,"href":"https:\/\/www.rabaini.it\/de\/wp-json\/wp\/v2\/product_brand?post=150528"},{"taxonomy":"product_cat","embeddable":true,"href":"https:\/\/www.rabaini.it\/de\/wp-json\/wp\/v2\/product_cat?post=150528"},{"taxonomy":"product_tag","embeddable":true,"href":"https:\/\/www.rabaini.it\/de\/wp-json\/wp\/v2\/product_tag?post=150528"}],"curies":[{"name":"wp","href":"https:\/\/api.w.org\/{rel}","templated":true}]}}