{"id":150516,"date":"2026-03-27T10:03:05","date_gmt":"2026-03-27T09:03:05","guid":{"rendered":"https:\/\/www.rabaini.it\/?post_type=product&#038;p=150516"},"modified":"2026-03-27T17:43:22","modified_gmt":"2026-03-27T16:43:22","slug":"lil-2-0-stretch-poly-jersey-jacke-in-violett-lila","status":"publish","type":"product","link":"https:\/\/www.rabaini.it\/de\/lil-2-0-stretch-poly-jersey-jacke-in-violett-lila\/","title":{"rendered":"LIL 2.0 STRETCH POLY JERSEY JACKE IN VIOLETT LILA"},"content":{"rendered":"<ul>\n<li>Artikelcode: K21347W<\/li>\n<li>Artikel Farbe: Rosa<\/li>\n<li>Lil ist eine kurze Damenjacke mit casual Look, ideal f\u00fcr die \u00dcbergangszeit<\/li>\n<li>Das Modell besteht aus Stretchstoff mit wasser- und winddichter Beschichtung, einer isolierenden Membran und einem weichen graumelierten Baumwoll-Jersey-Futter<\/li>\n<li>Die Jacke verf\u00fcgt \u00fcber eine verstellbare Kapuze und elastische Kanten f\u00fcr eine bequeme Passform<\/li>\n<li>Stretch-Recyceltes Polyestergewebe, wasserdicht, wasserabweisend, winddicht, atmungsaktiv<\/li>\n<li>Innere Membran mit Logo-Druck<\/li>\n<li>Abgeklebte N\u00e4hte<\/li>\n<li>Verstellbare Kapuze mit elastischem Kordelzug<\/li>\n<li>Rei\u00dfverschluss<\/li>\n<li>Elastische B\u00fcndchen und Saum<\/li>\n<li>2 Rei\u00dfverschlusstaschen<\/li>\n<li>Regul\u00e4re Passform<\/li>\n<li>Wei\u00dfes Silikonlogo<\/li>\n<li>Zusammensetzung: 100% Polyester<\/li>\n<li>Membran: 100% Polyurethan<\/li>\n<li>Futter 1: 100% Polyamid<\/li>\n<li>Futter 2: 65% Polyester, 35% Baumwolle<\/li>\n<\/ul>\n","protected":false},"excerpt":{"rendered":"<p>Artikelcode: K21347W Artikel Farbe: Rosa Lil ist eine kurze Damenjacke mit casual Look, ideal f\u00fcr die \u00dcbergangszeit Das Modell besteht aus Stretchstoff mit wasser- und winddichter Beschichtung, einer isolierenden Membran und einem weichen graumelierten Baumwoll-Jersey-Futter Die Jacke verf\u00fcgt \u00fcber eine verstellbare Kapuze und elastische Kanten f\u00fcr eine bequeme Passform Stretch-Recyceltes Polyestergewebe, wasserdicht, wasserabweisend, winddicht, atmungsaktiv&hellip;<\/p>\n","protected":false},"featured_media":149979,"template":"","meta":{"_acf_changed":false},"product_brand":[],"product_cat":[1273,1274,1279,1308,1277],"product_tag":[1719],"class_list":{"0":"post-150516","1":"product","2":"type-product","3":"status-publish","4":"has-post-thumbnail","6":"product_cat-damen","7":"product_cat-damenbekleidung","8":"product_cat-jacken-damen","9":"product_cat-neuheiten-fur-damen","10":"product_cat-oberbekleidung-damen","11":"product_tag-neuheiten","12":"marca-k-way-de","14":"first","15":"instock","16":"shipping-taxable","17":"purchasable","18":"product-type-variable"},"acf":[],"yoast_head":"<!-- This site is optimized with the Yoast SEO plugin v27.2 - https:\/\/yoast.com\/product\/yoast-seo-wordpress\/ -->\n<title>LIL 2.0 STRETCH POLY JERSEY JACKE IN VIOLETT LILA - Rabaini<\/title>\n<meta name=\"robots\" content=\"index, follow, max-snippet:-1, max-image-preview:large, max-video-preview:-1\" \/>\n<link rel=\"canonical\" href=\"https:\/\/www.rabaini.it\/de\/lil-2-0-stretch-poly-jersey-jacke-in-violett-lila\/\" \/>\n<meta property=\"og:locale\" content=\"de_DE\" \/>\n<meta property=\"og:type\" content=\"article\" \/>\n<meta property=\"og:title\" content=\"LIL 2.0 STRETCH POLY JERSEY JACKE IN VIOLETT LILA - Rabaini\" \/>\n<meta property=\"og:description\" content=\"Artikelcode: K21347W Artikel Farbe: Rosa Lil ist eine kurze Damenjacke mit casual Look, ideal f\u00fcr die \u00dcbergangszeit Das Modell besteht aus Stretchstoff mit wasser- und winddichter Beschichtung, einer isolierenden Membran und einem weichen graumelierten Baumwoll-Jersey-Futter Die Jacke verf\u00fcgt \u00fcber eine verstellbare Kapuze und elastische Kanten f\u00fcr eine bequeme Passform Stretch-Recyceltes Polyestergewebe, wasserdicht, wasserabweisend, winddicht, atmungsaktiv&hellip;\" \/>\n<meta property=\"og:url\" content=\"https:\/\/www.rabaini.it\/de\/lil-2-0-stretch-poly-jersey-jacke-in-violett-lila\/\" \/>\n<meta property=\"og:site_name\" content=\"Rabaini\" \/>\n<meta property=\"article:modified_time\" content=\"2026-03-27T16:43:22+00:00\" \/>\n<meta property=\"og:image\" content=\"https:\/\/www.rabaini.it\/wp-content\/uploads\/2026\/03\/28.1-2.jpg\" \/>\n\t<meta property=\"og:image:width\" content=\"1500\" \/>\n\t<meta property=\"og:image:height\" content=\"1500\" \/>\n\t<meta property=\"og:image:type\" content=\"image\/jpeg\" \/>\n<meta name=\"twitter:card\" content=\"summary_large_image\" \/>\n<script type=\"application\/ld+json\" class=\"yoast-schema-graph\">{\"@context\":\"https:\/\/schema.org\",\"@graph\":[{\"@type\":\"WebPage\",\"@id\":\"https:\/\/www.rabaini.it\/de\/lil-2-0-stretch-poly-jersey-jacke-in-violett-lila\/\",\"url\":\"https:\/\/www.rabaini.it\/de\/lil-2-0-stretch-poly-jersey-jacke-in-violett-lila\/\",\"name\":\"LIL 2.0 STRETCH POLY JERSEY JACKE IN VIOLETT LILA - Rabaini\",\"isPartOf\":{\"@id\":\"https:\/\/www.rabaini.it\/de\/#website\"},\"primaryImageOfPage\":{\"@id\":\"https:\/\/www.rabaini.it\/de\/lil-2-0-stretch-poly-jersey-jacke-in-violett-lila\/#primaryimage\"},\"image\":{\"@id\":\"https:\/\/www.rabaini.it\/de\/lil-2-0-stretch-poly-jersey-jacke-in-violett-lila\/#primaryimage\"},\"thumbnailUrl\":\"https:\/\/www.rabaini.it\/wp-content\/uploads\/2026\/03\/28.1-2.jpg\",\"datePublished\":\"2026-03-27T09:03:05+00:00\",\"dateModified\":\"2026-03-27T16:43:22+00:00\",\"breadcrumb\":{\"@id\":\"https:\/\/www.rabaini.it\/de\/lil-2-0-stretch-poly-jersey-jacke-in-violett-lila\/#breadcrumb\"},\"inLanguage\":\"de\",\"potentialAction\":[{\"@type\":\"ReadAction\",\"target\":[\"https:\/\/www.rabaini.it\/de\/lil-2-0-stretch-poly-jersey-jacke-in-violett-lila\/\"]}]},{\"@type\":\"ImageObject\",\"inLanguage\":\"de\",\"@id\":\"https:\/\/www.rabaini.it\/de\/lil-2-0-stretch-poly-jersey-jacke-in-violett-lila\/#primaryimage\",\"url\":\"https:\/\/www.rabaini.it\/wp-content\/uploads\/2026\/03\/28.1-2.jpg\",\"contentUrl\":\"https:\/\/www.rabaini.it\/wp-content\/uploads\/2026\/03\/28.1-2.jpg\",\"width\":1500,\"height\":1500},{\"@type\":\"BreadcrumbList\",\"@id\":\"https:\/\/www.rabaini.it\/de\/lil-2-0-stretch-poly-jersey-jacke-in-violett-lila\/#breadcrumb\",\"itemListElement\":[{\"@type\":\"ListItem\",\"position\":1,\"name\":\"Home\",\"item\":\"https:\/\/www.rabaini.it\/de\/homepage\/\"},{\"@type\":\"ListItem\",\"position\":2,\"name\":\"Gesch\u00e4ft\",\"item\":\"https:\/\/www.rabaini.it\/geschaeft\/\"},{\"@type\":\"ListItem\",\"position\":3,\"name\":\"Damen\",\"item\":\"https:\/\/www.rabaini.it\/de\/damen\/\"},{\"@type\":\"ListItem\",\"position\":4,\"name\":\"LIL 2.0 STRETCH POLY JERSEY JACKE IN VIOLETT LILA\"}]},{\"@type\":\"WebSite\",\"@id\":\"https:\/\/www.rabaini.it\/de\/#website\",\"url\":\"https:\/\/www.rabaini.it\/de\/\",\"name\":\"Rabaini\",\"description\":\"\",\"potentialAction\":[{\"@type\":\"SearchAction\",\"target\":{\"@type\":\"EntryPoint\",\"urlTemplate\":\"https:\/\/www.rabaini.it\/de\/?s={search_term_string}\"},\"query-input\":{\"@type\":\"PropertyValueSpecification\",\"valueRequired\":true,\"valueName\":\"search_term_string\"}}],\"inLanguage\":\"de\"}]}<\/script>\n<!-- \/ Yoast SEO plugin. -->","yoast_head_json":{"title":"LIL 2.0 STRETCH POLY JERSEY JACKE IN VIOLETT LILA - Rabaini","robots":{"index":"index","follow":"follow","max-snippet":"max-snippet:-1","max-image-preview":"max-image-preview:large","max-video-preview":"max-video-preview:-1"},"canonical":"https:\/\/www.rabaini.it\/de\/lil-2-0-stretch-poly-jersey-jacke-in-violett-lila\/","og_locale":"de_DE","og_type":"article","og_title":"LIL 2.0 STRETCH POLY JERSEY JACKE IN VIOLETT LILA - Rabaini","og_description":"Artikelcode: K21347W Artikel Farbe: Rosa Lil ist eine kurze Damenjacke mit casual Look, ideal f\u00fcr die \u00dcbergangszeit Das Modell besteht aus Stretchstoff mit wasser- und winddichter Beschichtung, einer isolierenden Membran und einem weichen graumelierten Baumwoll-Jersey-Futter Die Jacke verf\u00fcgt \u00fcber eine verstellbare Kapuze und elastische Kanten f\u00fcr eine bequeme Passform Stretch-Recyceltes Polyestergewebe, wasserdicht, wasserabweisend, winddicht, atmungsaktiv&hellip;","og_url":"https:\/\/www.rabaini.it\/de\/lil-2-0-stretch-poly-jersey-jacke-in-violett-lila\/","og_site_name":"Rabaini","article_modified_time":"2026-03-27T16:43:22+00:00","og_image":[{"width":1500,"height":1500,"url":"https:\/\/www.rabaini.it\/wp-content\/uploads\/2026\/03\/28.1-2.jpg","type":"image\/jpeg"}],"twitter_card":"summary_large_image","schema":{"@context":"https:\/\/schema.org","@graph":[{"@type":"WebPage","@id":"https:\/\/www.rabaini.it\/de\/lil-2-0-stretch-poly-jersey-jacke-in-violett-lila\/","url":"https:\/\/www.rabaini.it\/de\/lil-2-0-stretch-poly-jersey-jacke-in-violett-lila\/","name":"LIL 2.0 STRETCH POLY JERSEY JACKE IN VIOLETT LILA - Rabaini","isPartOf":{"@id":"https:\/\/www.rabaini.it\/de\/#website"},"primaryImageOfPage":{"@id":"https:\/\/www.rabaini.it\/de\/lil-2-0-stretch-poly-jersey-jacke-in-violett-lila\/#primaryimage"},"image":{"@id":"https:\/\/www.rabaini.it\/de\/lil-2-0-stretch-poly-jersey-jacke-in-violett-lila\/#primaryimage"},"thumbnailUrl":"https:\/\/www.rabaini.it\/wp-content\/uploads\/2026\/03\/28.1-2.jpg","datePublished":"2026-03-27T09:03:05+00:00","dateModified":"2026-03-27T16:43:22+00:00","breadcrumb":{"@id":"https:\/\/www.rabaini.it\/de\/lil-2-0-stretch-poly-jersey-jacke-in-violett-lila\/#breadcrumb"},"inLanguage":"de","potentialAction":[{"@type":"ReadAction","target":["https:\/\/www.rabaini.it\/de\/lil-2-0-stretch-poly-jersey-jacke-in-violett-lila\/"]}]},{"@type":"ImageObject","inLanguage":"de","@id":"https:\/\/www.rabaini.it\/de\/lil-2-0-stretch-poly-jersey-jacke-in-violett-lila\/#primaryimage","url":"https:\/\/www.rabaini.it\/wp-content\/uploads\/2026\/03\/28.1-2.jpg","contentUrl":"https:\/\/www.rabaini.it\/wp-content\/uploads\/2026\/03\/28.1-2.jpg","width":1500,"height":1500},{"@type":"BreadcrumbList","@id":"https:\/\/www.rabaini.it\/de\/lil-2-0-stretch-poly-jersey-jacke-in-violett-lila\/#breadcrumb","itemListElement":[{"@type":"ListItem","position":1,"name":"Home","item":"https:\/\/www.rabaini.it\/de\/homepage\/"},{"@type":"ListItem","position":2,"name":"Gesch\u00e4ft","item":"https:\/\/www.rabaini.it\/geschaeft\/"},{"@type":"ListItem","position":3,"name":"Damen","item":"https:\/\/www.rabaini.it\/de\/damen\/"},{"@type":"ListItem","position":4,"name":"LIL 2.0 STRETCH POLY JERSEY JACKE IN VIOLETT LILA"}]},{"@type":"WebSite","@id":"https:\/\/www.rabaini.it\/de\/#website","url":"https:\/\/www.rabaini.it\/de\/","name":"Rabaini","description":"","potentialAction":[{"@type":"SearchAction","target":{"@type":"EntryPoint","urlTemplate":"https:\/\/www.rabaini.it\/de\/?s={search_term_string}"},"query-input":{"@type":"PropertyValueSpecification","valueRequired":true,"valueName":"search_term_string"}}],"inLanguage":"de"}]}},"_links":{"self":[{"href":"https:\/\/www.rabaini.it\/de\/wp-json\/wp\/v2\/product\/150516","targetHints":{"allow":["GET"]}}],"collection":[{"href":"https:\/\/www.rabaini.it\/de\/wp-json\/wp\/v2\/product"}],"about":[{"href":"https:\/\/www.rabaini.it\/de\/wp-json\/wp\/v2\/types\/product"}],"wp:featuredmedia":[{"embeddable":true,"href":"https:\/\/www.rabaini.it\/de\/wp-json\/wp\/v2\/media\/149979"}],"wp:attachment":[{"href":"https:\/\/www.rabaini.it\/de\/wp-json\/wp\/v2\/media?parent=150516"}],"wp:term":[{"taxonomy":"product_brand","embeddable":true,"href":"https:\/\/www.rabaini.it\/de\/wp-json\/wp\/v2\/product_brand?post=150516"},{"taxonomy":"product_cat","embeddable":true,"href":"https:\/\/www.rabaini.it\/de\/wp-json\/wp\/v2\/product_cat?post=150516"},{"taxonomy":"product_tag","embeddable":true,"href":"https:\/\/www.rabaini.it\/de\/wp-json\/wp\/v2\/product_tag?post=150516"}],"curies":[{"name":"wp","href":"https:\/\/api.w.org\/{rel}","templated":true}]}}