{"id":150480,"date":"2026-03-27T09:47:05","date_gmt":"2026-03-27T08:47:05","guid":{"rendered":"https:\/\/www.rabaini.it\/?post_type=product&#038;p=150480"},"modified":"2026-03-27T17:42:25","modified_gmt":"2026-03-27T16:42:25","slug":"sophie-plus-2-wendbar-jacke-in-blau","status":"publish","type":"product","link":"https:\/\/www.rabaini.it\/de\/sophie-plus-2-wendbar-jacke-in-blau\/","title":{"rendered":"SOPHIE PLUS.2 WENDBAR JACKE IN BLAU"},"content":{"rendered":"<ul>\n<li>Artikelcode: K7123MW<\/li>\n<li>Artikel Farbe: Blau<\/li>\n<li>Sophie ist eine mid-lange Damenjacke mit wendbarem Design, hergestellt aus recyceltem Material mit einer Seite aus beschichtetem Nylon und einer Seite aus glattem Nylon in Kontrastfarbe<\/li>\n<li>Das Modell ist mit gro\u00dfer Liebe zum Detail gefertigt: Die N\u00e4hte sind abgeklebt, und die Kanten sind mit elastischen Eins\u00e4tzen f\u00fcr eine bequeme und passgenaue Passform versehen<\/li>\n<li>Au\u00dfenstoff: wasserdichtes, winddichtes, atmungsaktives Nylon<\/li>\n<li>Innenstoff: gl\u00e4nzendes, wasserabweisendes Nylon<\/li>\n<li>Wendbar<\/li>\n<li>Abgeklebte N\u00e4hte<\/li>\n<li>Verstellbare Kapuze mit elastischem Kordelzug und Stopper<\/li>\n<li>Verstellbarer Saum mit elastischem Kordelzug und Stopper<\/li>\n<li>Rei\u00dfverschluss<\/li>\n<li>Elastische B\u00fcndchen<\/li>\n<li>2 Rei\u00dfverschlusstaschen<\/li>\n<li>2 Druckknopftaschen<\/li>\n<li>Regul\u00e4re Passform<\/li>\n<li>Wei\u00dfes Silikonlogo-Applikation<\/li>\n<li>Zusammensetzung: 100% recyceltes Nylon<\/li>\n<li>Innenfutter: 100% recyceltes Nylon<\/li>\n<\/ul>\n","protected":false},"excerpt":{"rendered":"<p>Artikelcode: K7123MW Artikel Farbe: Blau Sophie ist eine mid-lange Damenjacke mit wendbarem Design, hergestellt aus recyceltem Material mit einer Seite aus beschichtetem Nylon und einer Seite aus glattem Nylon in Kontrastfarbe Das Modell ist mit gro\u00dfer Liebe zum Detail gefertigt: Die N\u00e4hte sind abgeklebt, und die Kanten sind mit elastischen Eins\u00e4tzen f\u00fcr eine bequeme und&hellip;<\/p>\n","protected":false},"featured_media":149946,"template":"","meta":{"_acf_changed":false},"product_brand":[],"product_cat":[1273,1274,1279,1308,1277],"product_tag":[1719],"class_list":{"0":"post-150480","1":"product","2":"type-product","3":"status-publish","4":"has-post-thumbnail","6":"product_cat-damen","7":"product_cat-damenbekleidung","8":"product_cat-jacken-damen","9":"product_cat-neuheiten-fur-damen","10":"product_cat-oberbekleidung-damen","11":"product_tag-neuheiten","12":"marca-k-way-de","14":"first","15":"instock","16":"shipping-taxable","17":"purchasable","18":"product-type-variable"},"acf":[],"yoast_head":"<!-- This site is optimized with the Yoast SEO plugin v27.2 - https:\/\/yoast.com\/product\/yoast-seo-wordpress\/ -->\n<title>SOPHIE PLUS.2 WENDBAR JACKE IN BLAU - Rabaini<\/title>\n<meta name=\"robots\" content=\"index, follow, max-snippet:-1, max-image-preview:large, max-video-preview:-1\" \/>\n<link rel=\"canonical\" href=\"https:\/\/www.rabaini.it\/de\/sophie-plus-2-wendbar-jacke-in-blau\/\" \/>\n<meta property=\"og:locale\" content=\"de_DE\" \/>\n<meta property=\"og:type\" content=\"article\" \/>\n<meta property=\"og:title\" content=\"SOPHIE PLUS.2 WENDBAR JACKE IN BLAU - Rabaini\" \/>\n<meta property=\"og:description\" content=\"Artikelcode: K7123MW Artikel Farbe: Blau Sophie ist eine mid-lange Damenjacke mit wendbarem Design, hergestellt aus recyceltem Material mit einer Seite aus beschichtetem Nylon und einer Seite aus glattem Nylon in Kontrastfarbe Das Modell ist mit gro\u00dfer Liebe zum Detail gefertigt: Die N\u00e4hte sind abgeklebt, und die Kanten sind mit elastischen Eins\u00e4tzen f\u00fcr eine bequeme und&hellip;\" \/>\n<meta property=\"og:url\" content=\"https:\/\/www.rabaini.it\/de\/sophie-plus-2-wendbar-jacke-in-blau\/\" \/>\n<meta property=\"og:site_name\" content=\"Rabaini\" \/>\n<meta property=\"article:modified_time\" content=\"2026-03-27T16:42:25+00:00\" \/>\n<meta property=\"og:image\" content=\"https:\/\/www.rabaini.it\/wp-content\/uploads\/2026\/03\/25.1-2.jpg\" \/>\n\t<meta property=\"og:image:width\" content=\"1500\" \/>\n\t<meta property=\"og:image:height\" content=\"1500\" \/>\n\t<meta property=\"og:image:type\" content=\"image\/jpeg\" \/>\n<meta name=\"twitter:card\" content=\"summary_large_image\" \/>\n<meta name=\"twitter:label1\" content=\"Gesch\u00e4tzte Lesezeit\" \/>\n\t<meta name=\"twitter:data1\" content=\"1\u00a0Minute\" \/>\n<script type=\"application\/ld+json\" class=\"yoast-schema-graph\">{\"@context\":\"https:\/\/schema.org\",\"@graph\":[{\"@type\":\"WebPage\",\"@id\":\"https:\/\/www.rabaini.it\/de\/sophie-plus-2-wendbar-jacke-in-blau\/\",\"url\":\"https:\/\/www.rabaini.it\/de\/sophie-plus-2-wendbar-jacke-in-blau\/\",\"name\":\"SOPHIE PLUS.2 WENDBAR JACKE IN BLAU - Rabaini\",\"isPartOf\":{\"@id\":\"https:\/\/www.rabaini.it\/de\/#website\"},\"primaryImageOfPage\":{\"@id\":\"https:\/\/www.rabaini.it\/de\/sophie-plus-2-wendbar-jacke-in-blau\/#primaryimage\"},\"image\":{\"@id\":\"https:\/\/www.rabaini.it\/de\/sophie-plus-2-wendbar-jacke-in-blau\/#primaryimage\"},\"thumbnailUrl\":\"https:\/\/www.rabaini.it\/wp-content\/uploads\/2026\/03\/25.1-2.jpg\",\"datePublished\":\"2026-03-27T08:47:05+00:00\",\"dateModified\":\"2026-03-27T16:42:25+00:00\",\"breadcrumb\":{\"@id\":\"https:\/\/www.rabaini.it\/de\/sophie-plus-2-wendbar-jacke-in-blau\/#breadcrumb\"},\"inLanguage\":\"de\",\"potentialAction\":[{\"@type\":\"ReadAction\",\"target\":[\"https:\/\/www.rabaini.it\/de\/sophie-plus-2-wendbar-jacke-in-blau\/\"]}]},{\"@type\":\"ImageObject\",\"inLanguage\":\"de\",\"@id\":\"https:\/\/www.rabaini.it\/de\/sophie-plus-2-wendbar-jacke-in-blau\/#primaryimage\",\"url\":\"https:\/\/www.rabaini.it\/wp-content\/uploads\/2026\/03\/25.1-2.jpg\",\"contentUrl\":\"https:\/\/www.rabaini.it\/wp-content\/uploads\/2026\/03\/25.1-2.jpg\",\"width\":1500,\"height\":1500},{\"@type\":\"BreadcrumbList\",\"@id\":\"https:\/\/www.rabaini.it\/de\/sophie-plus-2-wendbar-jacke-in-blau\/#breadcrumb\",\"itemListElement\":[{\"@type\":\"ListItem\",\"position\":1,\"name\":\"Home\",\"item\":\"https:\/\/www.rabaini.it\/de\/homepage\/\"},{\"@type\":\"ListItem\",\"position\":2,\"name\":\"Gesch\u00e4ft\",\"item\":\"https:\/\/www.rabaini.it\/geschaeft\/\"},{\"@type\":\"ListItem\",\"position\":3,\"name\":\"Damen\",\"item\":\"https:\/\/www.rabaini.it\/de\/damen\/\"},{\"@type\":\"ListItem\",\"position\":4,\"name\":\"SOPHIE PLUS.2 WENDBAR JACKE IN BLAU\"}]},{\"@type\":\"WebSite\",\"@id\":\"https:\/\/www.rabaini.it\/de\/#website\",\"url\":\"https:\/\/www.rabaini.it\/de\/\",\"name\":\"Rabaini\",\"description\":\"\",\"potentialAction\":[{\"@type\":\"SearchAction\",\"target\":{\"@type\":\"EntryPoint\",\"urlTemplate\":\"https:\/\/www.rabaini.it\/de\/?s={search_term_string}\"},\"query-input\":{\"@type\":\"PropertyValueSpecification\",\"valueRequired\":true,\"valueName\":\"search_term_string\"}}],\"inLanguage\":\"de\"}]}<\/script>\n<!-- \/ Yoast SEO plugin. -->","yoast_head_json":{"title":"SOPHIE PLUS.2 WENDBAR JACKE IN BLAU - Rabaini","robots":{"index":"index","follow":"follow","max-snippet":"max-snippet:-1","max-image-preview":"max-image-preview:large","max-video-preview":"max-video-preview:-1"},"canonical":"https:\/\/www.rabaini.it\/de\/sophie-plus-2-wendbar-jacke-in-blau\/","og_locale":"de_DE","og_type":"article","og_title":"SOPHIE PLUS.2 WENDBAR JACKE IN BLAU - Rabaini","og_description":"Artikelcode: K7123MW Artikel Farbe: Blau Sophie ist eine mid-lange Damenjacke mit wendbarem Design, hergestellt aus recyceltem Material mit einer Seite aus beschichtetem Nylon und einer Seite aus glattem Nylon in Kontrastfarbe Das Modell ist mit gro\u00dfer Liebe zum Detail gefertigt: Die N\u00e4hte sind abgeklebt, und die Kanten sind mit elastischen Eins\u00e4tzen f\u00fcr eine bequeme und&hellip;","og_url":"https:\/\/www.rabaini.it\/de\/sophie-plus-2-wendbar-jacke-in-blau\/","og_site_name":"Rabaini","article_modified_time":"2026-03-27T16:42:25+00:00","og_image":[{"width":1500,"height":1500,"url":"https:\/\/www.rabaini.it\/wp-content\/uploads\/2026\/03\/25.1-2.jpg","type":"image\/jpeg"}],"twitter_card":"summary_large_image","twitter_misc":{"Gesch\u00e4tzte Lesezeit":"1\u00a0Minute"},"schema":{"@context":"https:\/\/schema.org","@graph":[{"@type":"WebPage","@id":"https:\/\/www.rabaini.it\/de\/sophie-plus-2-wendbar-jacke-in-blau\/","url":"https:\/\/www.rabaini.it\/de\/sophie-plus-2-wendbar-jacke-in-blau\/","name":"SOPHIE PLUS.2 WENDBAR JACKE IN BLAU - Rabaini","isPartOf":{"@id":"https:\/\/www.rabaini.it\/de\/#website"},"primaryImageOfPage":{"@id":"https:\/\/www.rabaini.it\/de\/sophie-plus-2-wendbar-jacke-in-blau\/#primaryimage"},"image":{"@id":"https:\/\/www.rabaini.it\/de\/sophie-plus-2-wendbar-jacke-in-blau\/#primaryimage"},"thumbnailUrl":"https:\/\/www.rabaini.it\/wp-content\/uploads\/2026\/03\/25.1-2.jpg","datePublished":"2026-03-27T08:47:05+00:00","dateModified":"2026-03-27T16:42:25+00:00","breadcrumb":{"@id":"https:\/\/www.rabaini.it\/de\/sophie-plus-2-wendbar-jacke-in-blau\/#breadcrumb"},"inLanguage":"de","potentialAction":[{"@type":"ReadAction","target":["https:\/\/www.rabaini.it\/de\/sophie-plus-2-wendbar-jacke-in-blau\/"]}]},{"@type":"ImageObject","inLanguage":"de","@id":"https:\/\/www.rabaini.it\/de\/sophie-plus-2-wendbar-jacke-in-blau\/#primaryimage","url":"https:\/\/www.rabaini.it\/wp-content\/uploads\/2026\/03\/25.1-2.jpg","contentUrl":"https:\/\/www.rabaini.it\/wp-content\/uploads\/2026\/03\/25.1-2.jpg","width":1500,"height":1500},{"@type":"BreadcrumbList","@id":"https:\/\/www.rabaini.it\/de\/sophie-plus-2-wendbar-jacke-in-blau\/#breadcrumb","itemListElement":[{"@type":"ListItem","position":1,"name":"Home","item":"https:\/\/www.rabaini.it\/de\/homepage\/"},{"@type":"ListItem","position":2,"name":"Gesch\u00e4ft","item":"https:\/\/www.rabaini.it\/geschaeft\/"},{"@type":"ListItem","position":3,"name":"Damen","item":"https:\/\/www.rabaini.it\/de\/damen\/"},{"@type":"ListItem","position":4,"name":"SOPHIE PLUS.2 WENDBAR JACKE IN BLAU"}]},{"@type":"WebSite","@id":"https:\/\/www.rabaini.it\/de\/#website","url":"https:\/\/www.rabaini.it\/de\/","name":"Rabaini","description":"","potentialAction":[{"@type":"SearchAction","target":{"@type":"EntryPoint","urlTemplate":"https:\/\/www.rabaini.it\/de\/?s={search_term_string}"},"query-input":{"@type":"PropertyValueSpecification","valueRequired":true,"valueName":"search_term_string"}}],"inLanguage":"de"}]}},"_links":{"self":[{"href":"https:\/\/www.rabaini.it\/de\/wp-json\/wp\/v2\/product\/150480","targetHints":{"allow":["GET"]}}],"collection":[{"href":"https:\/\/www.rabaini.it\/de\/wp-json\/wp\/v2\/product"}],"about":[{"href":"https:\/\/www.rabaini.it\/de\/wp-json\/wp\/v2\/types\/product"}],"wp:featuredmedia":[{"embeddable":true,"href":"https:\/\/www.rabaini.it\/de\/wp-json\/wp\/v2\/media\/149946"}],"wp:attachment":[{"href":"https:\/\/www.rabaini.it\/de\/wp-json\/wp\/v2\/media?parent=150480"}],"wp:term":[{"taxonomy":"product_brand","embeddable":true,"href":"https:\/\/www.rabaini.it\/de\/wp-json\/wp\/v2\/product_brand?post=150480"},{"taxonomy":"product_cat","embeddable":true,"href":"https:\/\/www.rabaini.it\/de\/wp-json\/wp\/v2\/product_cat?post=150480"},{"taxonomy":"product_tag","embeddable":true,"href":"https:\/\/www.rabaini.it\/de\/wp-json\/wp\/v2\/product_tag?post=150480"}],"curies":[{"name":"wp","href":"https:\/\/api.w.org\/{rel}","templated":true}]}}