{"id":150456,"date":"2026-03-27T09:35:48","date_gmt":"2026-03-27T08:35:48","guid":{"rendered":"https:\/\/www.rabaini.it\/?post_type=product&#038;p=150456"},"modified":"2026-03-27T17:41:37","modified_gmt":"2026-03-27T16:41:37","slug":"trenchcoat-mathy-bonded-jersey-beige","status":"publish","type":"product","link":"https:\/\/www.rabaini.it\/de\/trenchcoat-mathy-bonded-jersey-beige\/","title":{"rendered":"Trenchcoat Mathy Bonded Jersey Beige"},"content":{"rendered":"<ul>\n<li>Artikelcode: K7127JW<\/li>\n<li>Farbe: Beige<\/li>\n<li>Mathy interpretiert den klassischen Trenchcoat modern und funktional, mit Slim Fit und Hemdkragen sowie abnehmbarem Kapuzenaufsatz, der bei Regen leicht angebracht werden kann<\/li>\n<li>Das Design besteht aus einem 3-lagigen Verbundstoff: eine \u00e4u\u00dfere Polyesterlage, eine isolierende Membran und ein komfortables Jersey-Innenfutter<\/li>\n<li>Ideal f\u00fcr \u00dcbergangsjahreszeiten, leicht und angenehm zu tragen, bietet der Trench auch hervorragenden Schutz und h\u00e4lt bis zu 10000 mm Wassers\u00e4ule stand<\/li>\n<li>3-lagiger Polyesterstoff<\/li>\n<li>WR (Water Repellent) Behandlung<\/li>\n<li>Wasserdicht: 10000 mm Wassers\u00e4ule<\/li>\n<li>Atmungsaktivit\u00e4t: 10000 g\/m\u00b2\/24h<\/li>\n<li>Isolierende Membran<\/li>\n<li>Jersey-Innenfutter<\/li>\n<li>Leichter W\u00e4rmewert<\/li>\n<li>Thermoversiegelte N\u00e4hte<\/li>\n<li>Frontrei\u00dfverschluss<\/li>\n<li>2 Rei\u00dfverschlusstaschen<\/li>\n<li>Slim Fit<\/li>\n<li>Wei\u00dfes Silikon-Logo<\/li>\n<li>Zusammensetzung: 88% Polyester, 12% Polyurethan<\/li>\n<li>Innenfutter: 100% Polyamid<\/li>\n<\/ul>\n","protected":false},"excerpt":{"rendered":"<p>Artikelcode: K7127JW Farbe: Beige Mathy interpretiert den klassischen Trenchcoat modern und funktional, mit Slim Fit und Hemdkragen sowie abnehmbarem Kapuzenaufsatz, der bei Regen leicht angebracht werden kann Das Design besteht aus einem 3-lagigen Verbundstoff: eine \u00e4u\u00dfere Polyesterlage, eine isolierende Membran und ein komfortables Jersey-Innenfutter Ideal f\u00fcr \u00dcbergangsjahreszeiten, leicht und angenehm zu tragen, bietet der Trench&hellip;<\/p>\n","protected":false},"featured_media":149928,"template":"","meta":{"_acf_changed":false},"product_brand":[],"product_cat":[1273,1274,1278,1308,1277],"product_tag":[1719],"class_list":{"0":"post-150456","1":"product","2":"type-product","3":"status-publish","4":"has-post-thumbnail","6":"product_cat-damen","7":"product_cat-damenbekleidung","8":"product_cat-mantel-damen","9":"product_cat-neuheiten-fur-damen","10":"product_cat-oberbekleidung-damen","11":"product_tag-neuheiten","12":"marca-k-way-de","14":"first","15":"instock","16":"shipping-taxable","17":"purchasable","18":"product-type-variable"},"acf":[],"yoast_head":"<!-- This site is optimized with the Yoast SEO plugin v27.2 - https:\/\/yoast.com\/product\/yoast-seo-wordpress\/ -->\n<title>Trenchcoat Mathy Bonded Jersey Beige - Rabaini<\/title>\n<meta name=\"robots\" content=\"index, follow, max-snippet:-1, max-image-preview:large, max-video-preview:-1\" \/>\n<link rel=\"canonical\" href=\"https:\/\/www.rabaini.it\/de\/trenchcoat-mathy-bonded-jersey-beige\/\" \/>\n<meta property=\"og:locale\" content=\"de_DE\" \/>\n<meta property=\"og:type\" content=\"article\" \/>\n<meta property=\"og:title\" content=\"Trenchcoat Mathy Bonded Jersey Beige - Rabaini\" \/>\n<meta property=\"og:description\" content=\"Artikelcode: K7127JW Farbe: Beige Mathy interpretiert den klassischen Trenchcoat modern und funktional, mit Slim Fit und Hemdkragen sowie abnehmbarem Kapuzenaufsatz, der bei Regen leicht angebracht werden kann Das Design besteht aus einem 3-lagigen Verbundstoff: eine \u00e4u\u00dfere Polyesterlage, eine isolierende Membran und ein komfortables Jersey-Innenfutter Ideal f\u00fcr \u00dcbergangsjahreszeiten, leicht und angenehm zu tragen, bietet der Trench&hellip;\" \/>\n<meta property=\"og:url\" content=\"https:\/\/www.rabaini.it\/de\/trenchcoat-mathy-bonded-jersey-beige\/\" \/>\n<meta property=\"og:site_name\" content=\"Rabaini\" \/>\n<meta property=\"article:modified_time\" content=\"2026-03-27T16:41:37+00:00\" \/>\n<meta property=\"og:image\" content=\"https:\/\/www.rabaini.it\/wp-content\/uploads\/2026\/03\/23.1-2.jpg\" \/>\n\t<meta property=\"og:image:width\" content=\"1500\" \/>\n\t<meta property=\"og:image:height\" content=\"1500\" \/>\n\t<meta property=\"og:image:type\" content=\"image\/jpeg\" \/>\n<meta name=\"twitter:card\" content=\"summary_large_image\" \/>\n<meta name=\"twitter:label1\" content=\"Gesch\u00e4tzte Lesezeit\" \/>\n\t<meta name=\"twitter:data1\" content=\"1\u00a0Minute\" \/>\n<script type=\"application\/ld+json\" class=\"yoast-schema-graph\">{\"@context\":\"https:\/\/schema.org\",\"@graph\":[{\"@type\":\"WebPage\",\"@id\":\"https:\/\/www.rabaini.it\/de\/trenchcoat-mathy-bonded-jersey-beige\/\",\"url\":\"https:\/\/www.rabaini.it\/de\/trenchcoat-mathy-bonded-jersey-beige\/\",\"name\":\"Trenchcoat Mathy Bonded Jersey Beige - Rabaini\",\"isPartOf\":{\"@id\":\"https:\/\/www.rabaini.it\/de\/#website\"},\"primaryImageOfPage\":{\"@id\":\"https:\/\/www.rabaini.it\/de\/trenchcoat-mathy-bonded-jersey-beige\/#primaryimage\"},\"image\":{\"@id\":\"https:\/\/www.rabaini.it\/de\/trenchcoat-mathy-bonded-jersey-beige\/#primaryimage\"},\"thumbnailUrl\":\"https:\/\/www.rabaini.it\/wp-content\/uploads\/2026\/03\/23.1-2.jpg\",\"datePublished\":\"2026-03-27T08:35:48+00:00\",\"dateModified\":\"2026-03-27T16:41:37+00:00\",\"breadcrumb\":{\"@id\":\"https:\/\/www.rabaini.it\/de\/trenchcoat-mathy-bonded-jersey-beige\/#breadcrumb\"},\"inLanguage\":\"de\",\"potentialAction\":[{\"@type\":\"ReadAction\",\"target\":[\"https:\/\/www.rabaini.it\/de\/trenchcoat-mathy-bonded-jersey-beige\/\"]}]},{\"@type\":\"ImageObject\",\"inLanguage\":\"de\",\"@id\":\"https:\/\/www.rabaini.it\/de\/trenchcoat-mathy-bonded-jersey-beige\/#primaryimage\",\"url\":\"https:\/\/www.rabaini.it\/wp-content\/uploads\/2026\/03\/23.1-2.jpg\",\"contentUrl\":\"https:\/\/www.rabaini.it\/wp-content\/uploads\/2026\/03\/23.1-2.jpg\",\"width\":1500,\"height\":1500},{\"@type\":\"BreadcrumbList\",\"@id\":\"https:\/\/www.rabaini.it\/de\/trenchcoat-mathy-bonded-jersey-beige\/#breadcrumb\",\"itemListElement\":[{\"@type\":\"ListItem\",\"position\":1,\"name\":\"Home\",\"item\":\"https:\/\/www.rabaini.it\/de\/homepage\/\"},{\"@type\":\"ListItem\",\"position\":2,\"name\":\"Gesch\u00e4ft\",\"item\":\"https:\/\/www.rabaini.it\/geschaeft\/\"},{\"@type\":\"ListItem\",\"position\":3,\"name\":\"Damen\",\"item\":\"https:\/\/www.rabaini.it\/de\/damen\/\"},{\"@type\":\"ListItem\",\"position\":4,\"name\":\"Trenchcoat Mathy Bonded Jersey Beige\"}]},{\"@type\":\"WebSite\",\"@id\":\"https:\/\/www.rabaini.it\/de\/#website\",\"url\":\"https:\/\/www.rabaini.it\/de\/\",\"name\":\"Rabaini\",\"description\":\"\",\"potentialAction\":[{\"@type\":\"SearchAction\",\"target\":{\"@type\":\"EntryPoint\",\"urlTemplate\":\"https:\/\/www.rabaini.it\/de\/?s={search_term_string}\"},\"query-input\":{\"@type\":\"PropertyValueSpecification\",\"valueRequired\":true,\"valueName\":\"search_term_string\"}}],\"inLanguage\":\"de\"}]}<\/script>\n<!-- \/ Yoast SEO plugin. -->","yoast_head_json":{"title":"Trenchcoat Mathy Bonded Jersey Beige - Rabaini","robots":{"index":"index","follow":"follow","max-snippet":"max-snippet:-1","max-image-preview":"max-image-preview:large","max-video-preview":"max-video-preview:-1"},"canonical":"https:\/\/www.rabaini.it\/de\/trenchcoat-mathy-bonded-jersey-beige\/","og_locale":"de_DE","og_type":"article","og_title":"Trenchcoat Mathy Bonded Jersey Beige - Rabaini","og_description":"Artikelcode: K7127JW Farbe: Beige Mathy interpretiert den klassischen Trenchcoat modern und funktional, mit Slim Fit und Hemdkragen sowie abnehmbarem Kapuzenaufsatz, der bei Regen leicht angebracht werden kann Das Design besteht aus einem 3-lagigen Verbundstoff: eine \u00e4u\u00dfere Polyesterlage, eine isolierende Membran und ein komfortables Jersey-Innenfutter Ideal f\u00fcr \u00dcbergangsjahreszeiten, leicht und angenehm zu tragen, bietet der Trench&hellip;","og_url":"https:\/\/www.rabaini.it\/de\/trenchcoat-mathy-bonded-jersey-beige\/","og_site_name":"Rabaini","article_modified_time":"2026-03-27T16:41:37+00:00","og_image":[{"width":1500,"height":1500,"url":"https:\/\/www.rabaini.it\/wp-content\/uploads\/2026\/03\/23.1-2.jpg","type":"image\/jpeg"}],"twitter_card":"summary_large_image","twitter_misc":{"Gesch\u00e4tzte Lesezeit":"1\u00a0Minute"},"schema":{"@context":"https:\/\/schema.org","@graph":[{"@type":"WebPage","@id":"https:\/\/www.rabaini.it\/de\/trenchcoat-mathy-bonded-jersey-beige\/","url":"https:\/\/www.rabaini.it\/de\/trenchcoat-mathy-bonded-jersey-beige\/","name":"Trenchcoat Mathy Bonded Jersey Beige - Rabaini","isPartOf":{"@id":"https:\/\/www.rabaini.it\/de\/#website"},"primaryImageOfPage":{"@id":"https:\/\/www.rabaini.it\/de\/trenchcoat-mathy-bonded-jersey-beige\/#primaryimage"},"image":{"@id":"https:\/\/www.rabaini.it\/de\/trenchcoat-mathy-bonded-jersey-beige\/#primaryimage"},"thumbnailUrl":"https:\/\/www.rabaini.it\/wp-content\/uploads\/2026\/03\/23.1-2.jpg","datePublished":"2026-03-27T08:35:48+00:00","dateModified":"2026-03-27T16:41:37+00:00","breadcrumb":{"@id":"https:\/\/www.rabaini.it\/de\/trenchcoat-mathy-bonded-jersey-beige\/#breadcrumb"},"inLanguage":"de","potentialAction":[{"@type":"ReadAction","target":["https:\/\/www.rabaini.it\/de\/trenchcoat-mathy-bonded-jersey-beige\/"]}]},{"@type":"ImageObject","inLanguage":"de","@id":"https:\/\/www.rabaini.it\/de\/trenchcoat-mathy-bonded-jersey-beige\/#primaryimage","url":"https:\/\/www.rabaini.it\/wp-content\/uploads\/2026\/03\/23.1-2.jpg","contentUrl":"https:\/\/www.rabaini.it\/wp-content\/uploads\/2026\/03\/23.1-2.jpg","width":1500,"height":1500},{"@type":"BreadcrumbList","@id":"https:\/\/www.rabaini.it\/de\/trenchcoat-mathy-bonded-jersey-beige\/#breadcrumb","itemListElement":[{"@type":"ListItem","position":1,"name":"Home","item":"https:\/\/www.rabaini.it\/de\/homepage\/"},{"@type":"ListItem","position":2,"name":"Gesch\u00e4ft","item":"https:\/\/www.rabaini.it\/geschaeft\/"},{"@type":"ListItem","position":3,"name":"Damen","item":"https:\/\/www.rabaini.it\/de\/damen\/"},{"@type":"ListItem","position":4,"name":"Trenchcoat Mathy Bonded Jersey Beige"}]},{"@type":"WebSite","@id":"https:\/\/www.rabaini.it\/de\/#website","url":"https:\/\/www.rabaini.it\/de\/","name":"Rabaini","description":"","potentialAction":[{"@type":"SearchAction","target":{"@type":"EntryPoint","urlTemplate":"https:\/\/www.rabaini.it\/de\/?s={search_term_string}"},"query-input":{"@type":"PropertyValueSpecification","valueRequired":true,"valueName":"search_term_string"}}],"inLanguage":"de"}]}},"_links":{"self":[{"href":"https:\/\/www.rabaini.it\/de\/wp-json\/wp\/v2\/product\/150456","targetHints":{"allow":["GET"]}}],"collection":[{"href":"https:\/\/www.rabaini.it\/de\/wp-json\/wp\/v2\/product"}],"about":[{"href":"https:\/\/www.rabaini.it\/de\/wp-json\/wp\/v2\/types\/product"}],"wp:featuredmedia":[{"embeddable":true,"href":"https:\/\/www.rabaini.it\/de\/wp-json\/wp\/v2\/media\/149928"}],"wp:attachment":[{"href":"https:\/\/www.rabaini.it\/de\/wp-json\/wp\/v2\/media?parent=150456"}],"wp:term":[{"taxonomy":"product_brand","embeddable":true,"href":"https:\/\/www.rabaini.it\/de\/wp-json\/wp\/v2\/product_brand?post=150456"},{"taxonomy":"product_cat","embeddable":true,"href":"https:\/\/www.rabaini.it\/de\/wp-json\/wp\/v2\/product_cat?post=150456"},{"taxonomy":"product_tag","embeddable":true,"href":"https:\/\/www.rabaini.it\/de\/wp-json\/wp\/v2\/product_tag?post=150456"}],"curies":[{"name":"wp","href":"https:\/\/api.w.org\/{rel}","templated":true}]}}