{"id":150336,"date":"2026-03-26T17:46:49","date_gmt":"2026-03-26T16:46:49","guid":{"rendered":"https:\/\/www.rabaini.it\/?post_type=product&#038;p=150336"},"modified":"2026-03-27T17:36:49","modified_gmt":"2026-03-27T16:36:49","slug":"dunkelbraune-jacke-aus-baumwoll-seersucker","status":"publish","type":"product","link":"https:\/\/www.rabaini.it\/de\/dunkelbraune-jacke-aus-baumwoll-seersucker\/","title":{"rendered":"Dunkelbraune Jacke aus Baumwoll-Seersucker"},"content":{"rendered":"<ul>\n<li>Artikelcode: 26E C1M0 O041 0189 2345<\/li>\n<li>Artikelfarbe: Dunkelbraun<\/li>\n<li>Made in Italy<\/li>\n<li>Jacke mit schlichtem und funktionalem Design, gedacht f\u00fcr den t\u00e4glichen Gebrauch<\/li>\n<li>Der Baumwoll-Seersucker verleiht eine leicht gekr\u00e4uselte Textur, die das Kleidungsst\u00fcck leicht und atmungsaktiv macht und gleichzeitig eine ordentliche Struktur beh\u00e4lt<\/li>\n<li>Die Konstruktion umfasst einen vorderen Knopfverschluss, Seitentaschen und sorgf\u00e4ltige Verarbeitung<\/li>\n<li>Normale Passform<\/li>\n<li>Baumwoll-Seersucker<\/li>\n<li>Vorderer Knopfverschluss<\/li>\n<li>Seitentaschen<\/li>\n<li>Elastischer Saum und B\u00fcndchen<\/li>\n<li>Zusammensetzung: 98% Baumwolle, 2% Elasthan<\/li>\n<li>Hauptfutter: 100% Viskose<\/li>\n<li>Sekund\u00e4res Futter: 66% Acetat, 34% Polyester<\/li>\n<\/ul>\n","protected":false},"excerpt":{"rendered":"<p>Artikelcode: 26E C1M0 O041 0189 2345 Artikelfarbe: Dunkelbraun Made in Italy Jacke mit schlichtem und funktionalem Design, gedacht f\u00fcr den t\u00e4glichen Gebrauch Der Baumwoll-Seersucker verleiht eine leicht gekr\u00e4uselte Textur, die das Kleidungsst\u00fcck leicht und atmungsaktiv macht und gleichzeitig eine ordentliche Struktur beh\u00e4lt Die Konstruktion umfasst einen vorderen Knopfverschluss, Seitentaschen und sorgf\u00e4ltige Verarbeitung Normale Passform Baumwoll-Seersucker&hellip;<\/p>\n","protected":false},"featured_media":149838,"template":"","meta":{"_acf_changed":false},"product_brand":[],"product_cat":[1324,1325,1331,1356,1329],"product_tag":[1719],"class_list":{"0":"post-150336","1":"product","2":"type-product","3":"status-publish","4":"has-post-thumbnail","6":"product_cat-herren","7":"product_cat-herrenbekleidung","8":"product_cat-jacken-herren","9":"product_cat-neuheiten-fur-herren","10":"product_cat-oberbekleidung-herren","11":"product_tag-neuheiten","12":"marca-paolo-pecora-de","14":"first","15":"instock","16":"shipping-taxable","17":"purchasable","18":"product-type-variable"},"acf":[],"yoast_head":"<!-- This site is optimized with the Yoast SEO plugin v27.2 - https:\/\/yoast.com\/product\/yoast-seo-wordpress\/ -->\n<title>Dunkelbraune Jacke aus Baumwoll-Seersucker - Rabaini<\/title>\n<meta name=\"robots\" content=\"index, follow, max-snippet:-1, max-image-preview:large, max-video-preview:-1\" \/>\n<link rel=\"canonical\" href=\"https:\/\/www.rabaini.it\/de\/dunkelbraune-jacke-aus-baumwoll-seersucker\/\" \/>\n<meta property=\"og:locale\" content=\"de_DE\" \/>\n<meta property=\"og:type\" content=\"article\" \/>\n<meta property=\"og:title\" content=\"Dunkelbraune Jacke aus Baumwoll-Seersucker - Rabaini\" \/>\n<meta property=\"og:description\" content=\"Artikelcode: 26E C1M0 O041 0189 2345 Artikelfarbe: Dunkelbraun Made in Italy Jacke mit schlichtem und funktionalem Design, gedacht f\u00fcr den t\u00e4glichen Gebrauch Der Baumwoll-Seersucker verleiht eine leicht gekr\u00e4uselte Textur, die das Kleidungsst\u00fcck leicht und atmungsaktiv macht und gleichzeitig eine ordentliche Struktur beh\u00e4lt Die Konstruktion umfasst einen vorderen Knopfverschluss, Seitentaschen und sorgf\u00e4ltige Verarbeitung Normale Passform Baumwoll-Seersucker&hellip;\" \/>\n<meta property=\"og:url\" content=\"https:\/\/www.rabaini.it\/de\/dunkelbraune-jacke-aus-baumwoll-seersucker\/\" \/>\n<meta property=\"og:site_name\" content=\"Rabaini\" \/>\n<meta property=\"article:modified_time\" content=\"2026-03-27T16:36:49+00:00\" \/>\n<meta property=\"og:image\" content=\"https:\/\/www.rabaini.it\/wp-content\/uploads\/2026\/03\/13.1-2.jpg\" \/>\n\t<meta property=\"og:image:width\" content=\"1500\" \/>\n\t<meta property=\"og:image:height\" content=\"1500\" \/>\n\t<meta property=\"og:image:type\" content=\"image\/jpeg\" \/>\n<meta name=\"twitter:card\" content=\"summary_large_image\" \/>\n<script type=\"application\/ld+json\" class=\"yoast-schema-graph\">{\"@context\":\"https:\/\/schema.org\",\"@graph\":[{\"@type\":\"WebPage\",\"@id\":\"https:\/\/www.rabaini.it\/de\/dunkelbraune-jacke-aus-baumwoll-seersucker\/\",\"url\":\"https:\/\/www.rabaini.it\/de\/dunkelbraune-jacke-aus-baumwoll-seersucker\/\",\"name\":\"Dunkelbraune Jacke aus Baumwoll-Seersucker - Rabaini\",\"isPartOf\":{\"@id\":\"https:\/\/www.rabaini.it\/de\/#website\"},\"primaryImageOfPage\":{\"@id\":\"https:\/\/www.rabaini.it\/de\/dunkelbraune-jacke-aus-baumwoll-seersucker\/#primaryimage\"},\"image\":{\"@id\":\"https:\/\/www.rabaini.it\/de\/dunkelbraune-jacke-aus-baumwoll-seersucker\/#primaryimage\"},\"thumbnailUrl\":\"https:\/\/www.rabaini.it\/wp-content\/uploads\/2026\/03\/13.1-2.jpg\",\"datePublished\":\"2026-03-26T16:46:49+00:00\",\"dateModified\":\"2026-03-27T16:36:49+00:00\",\"breadcrumb\":{\"@id\":\"https:\/\/www.rabaini.it\/de\/dunkelbraune-jacke-aus-baumwoll-seersucker\/#breadcrumb\"},\"inLanguage\":\"de\",\"potentialAction\":[{\"@type\":\"ReadAction\",\"target\":[\"https:\/\/www.rabaini.it\/de\/dunkelbraune-jacke-aus-baumwoll-seersucker\/\"]}]},{\"@type\":\"ImageObject\",\"inLanguage\":\"de\",\"@id\":\"https:\/\/www.rabaini.it\/de\/dunkelbraune-jacke-aus-baumwoll-seersucker\/#primaryimage\",\"url\":\"https:\/\/www.rabaini.it\/wp-content\/uploads\/2026\/03\/13.1-2.jpg\",\"contentUrl\":\"https:\/\/www.rabaini.it\/wp-content\/uploads\/2026\/03\/13.1-2.jpg\",\"width\":1500,\"height\":1500},{\"@type\":\"BreadcrumbList\",\"@id\":\"https:\/\/www.rabaini.it\/de\/dunkelbraune-jacke-aus-baumwoll-seersucker\/#breadcrumb\",\"itemListElement\":[{\"@type\":\"ListItem\",\"position\":1,\"name\":\"Home\",\"item\":\"https:\/\/www.rabaini.it\/de\/homepage\/\"},{\"@type\":\"ListItem\",\"position\":2,\"name\":\"Gesch\u00e4ft\",\"item\":\"https:\/\/www.rabaini.it\/geschaeft\/\"},{\"@type\":\"ListItem\",\"position\":3,\"name\":\"Herren\",\"item\":\"https:\/\/www.rabaini.it\/de\/herren\/\"},{\"@type\":\"ListItem\",\"position\":4,\"name\":\"Dunkelbraune Jacke aus Baumwoll-Seersucker\"}]},{\"@type\":\"WebSite\",\"@id\":\"https:\/\/www.rabaini.it\/de\/#website\",\"url\":\"https:\/\/www.rabaini.it\/de\/\",\"name\":\"Rabaini\",\"description\":\"\",\"potentialAction\":[{\"@type\":\"SearchAction\",\"target\":{\"@type\":\"EntryPoint\",\"urlTemplate\":\"https:\/\/www.rabaini.it\/de\/?s={search_term_string}\"},\"query-input\":{\"@type\":\"PropertyValueSpecification\",\"valueRequired\":true,\"valueName\":\"search_term_string\"}}],\"inLanguage\":\"de\"}]}<\/script>\n<!-- \/ Yoast SEO plugin. -->","yoast_head_json":{"title":"Dunkelbraune Jacke aus Baumwoll-Seersucker - Rabaini","robots":{"index":"index","follow":"follow","max-snippet":"max-snippet:-1","max-image-preview":"max-image-preview:large","max-video-preview":"max-video-preview:-1"},"canonical":"https:\/\/www.rabaini.it\/de\/dunkelbraune-jacke-aus-baumwoll-seersucker\/","og_locale":"de_DE","og_type":"article","og_title":"Dunkelbraune Jacke aus Baumwoll-Seersucker - Rabaini","og_description":"Artikelcode: 26E C1M0 O041 0189 2345 Artikelfarbe: Dunkelbraun Made in Italy Jacke mit schlichtem und funktionalem Design, gedacht f\u00fcr den t\u00e4glichen Gebrauch Der Baumwoll-Seersucker verleiht eine leicht gekr\u00e4uselte Textur, die das Kleidungsst\u00fcck leicht und atmungsaktiv macht und gleichzeitig eine ordentliche Struktur beh\u00e4lt Die Konstruktion umfasst einen vorderen Knopfverschluss, Seitentaschen und sorgf\u00e4ltige Verarbeitung Normale Passform Baumwoll-Seersucker&hellip;","og_url":"https:\/\/www.rabaini.it\/de\/dunkelbraune-jacke-aus-baumwoll-seersucker\/","og_site_name":"Rabaini","article_modified_time":"2026-03-27T16:36:49+00:00","og_image":[{"width":1500,"height":1500,"url":"https:\/\/www.rabaini.it\/wp-content\/uploads\/2026\/03\/13.1-2.jpg","type":"image\/jpeg"}],"twitter_card":"summary_large_image","schema":{"@context":"https:\/\/schema.org","@graph":[{"@type":"WebPage","@id":"https:\/\/www.rabaini.it\/de\/dunkelbraune-jacke-aus-baumwoll-seersucker\/","url":"https:\/\/www.rabaini.it\/de\/dunkelbraune-jacke-aus-baumwoll-seersucker\/","name":"Dunkelbraune Jacke aus Baumwoll-Seersucker - Rabaini","isPartOf":{"@id":"https:\/\/www.rabaini.it\/de\/#website"},"primaryImageOfPage":{"@id":"https:\/\/www.rabaini.it\/de\/dunkelbraune-jacke-aus-baumwoll-seersucker\/#primaryimage"},"image":{"@id":"https:\/\/www.rabaini.it\/de\/dunkelbraune-jacke-aus-baumwoll-seersucker\/#primaryimage"},"thumbnailUrl":"https:\/\/www.rabaini.it\/wp-content\/uploads\/2026\/03\/13.1-2.jpg","datePublished":"2026-03-26T16:46:49+00:00","dateModified":"2026-03-27T16:36:49+00:00","breadcrumb":{"@id":"https:\/\/www.rabaini.it\/de\/dunkelbraune-jacke-aus-baumwoll-seersucker\/#breadcrumb"},"inLanguage":"de","potentialAction":[{"@type":"ReadAction","target":["https:\/\/www.rabaini.it\/de\/dunkelbraune-jacke-aus-baumwoll-seersucker\/"]}]},{"@type":"ImageObject","inLanguage":"de","@id":"https:\/\/www.rabaini.it\/de\/dunkelbraune-jacke-aus-baumwoll-seersucker\/#primaryimage","url":"https:\/\/www.rabaini.it\/wp-content\/uploads\/2026\/03\/13.1-2.jpg","contentUrl":"https:\/\/www.rabaini.it\/wp-content\/uploads\/2026\/03\/13.1-2.jpg","width":1500,"height":1500},{"@type":"BreadcrumbList","@id":"https:\/\/www.rabaini.it\/de\/dunkelbraune-jacke-aus-baumwoll-seersucker\/#breadcrumb","itemListElement":[{"@type":"ListItem","position":1,"name":"Home","item":"https:\/\/www.rabaini.it\/de\/homepage\/"},{"@type":"ListItem","position":2,"name":"Gesch\u00e4ft","item":"https:\/\/www.rabaini.it\/geschaeft\/"},{"@type":"ListItem","position":3,"name":"Herren","item":"https:\/\/www.rabaini.it\/de\/herren\/"},{"@type":"ListItem","position":4,"name":"Dunkelbraune Jacke aus Baumwoll-Seersucker"}]},{"@type":"WebSite","@id":"https:\/\/www.rabaini.it\/de\/#website","url":"https:\/\/www.rabaini.it\/de\/","name":"Rabaini","description":"","potentialAction":[{"@type":"SearchAction","target":{"@type":"EntryPoint","urlTemplate":"https:\/\/www.rabaini.it\/de\/?s={search_term_string}"},"query-input":{"@type":"PropertyValueSpecification","valueRequired":true,"valueName":"search_term_string"}}],"inLanguage":"de"}]}},"_links":{"self":[{"href":"https:\/\/www.rabaini.it\/de\/wp-json\/wp\/v2\/product\/150336","targetHints":{"allow":["GET"]}}],"collection":[{"href":"https:\/\/www.rabaini.it\/de\/wp-json\/wp\/v2\/product"}],"about":[{"href":"https:\/\/www.rabaini.it\/de\/wp-json\/wp\/v2\/types\/product"}],"wp:featuredmedia":[{"embeddable":true,"href":"https:\/\/www.rabaini.it\/de\/wp-json\/wp\/v2\/media\/149838"}],"wp:attachment":[{"href":"https:\/\/www.rabaini.it\/de\/wp-json\/wp\/v2\/media?parent=150336"}],"wp:term":[{"taxonomy":"product_brand","embeddable":true,"href":"https:\/\/www.rabaini.it\/de\/wp-json\/wp\/v2\/product_brand?post=150336"},{"taxonomy":"product_cat","embeddable":true,"href":"https:\/\/www.rabaini.it\/de\/wp-json\/wp\/v2\/product_cat?post=150336"},{"taxonomy":"product_tag","embeddable":true,"href":"https:\/\/www.rabaini.it\/de\/wp-json\/wp\/v2\/product_tag?post=150336"}],"curies":[{"name":"wp","href":"https:\/\/api.w.org\/{rel}","templated":true}]}}