{"id":150324,"date":"2026-03-26T17:41:24","date_gmt":"2026-03-26T16:41:24","guid":{"rendered":"https:\/\/www.rabaini.it\/?post_type=product&#038;p=150324"},"modified":"2026-03-27T17:36:29","modified_gmt":"2026-03-27T16:36:29","slug":"pilotenjacke-aus-technischem-stoff-in-beige","status":"publish","type":"product","link":"https:\/\/www.rabaini.it\/de\/pilotenjacke-aus-technischem-stoff-in-beige\/","title":{"rendered":"Pilotenjacke aus technischem Stoff in Beige"},"content":{"rendered":"<ul>\n<li>Artikelcode: 261AB3049UCT0429057618<\/li>\n<li>Artikelfarbe: Beige<\/li>\n<li>Die Herren-Pilotjacke feiert den authentischen Geist der Luftfahrt mit einem Design, das von den Antigravitationsanz\u00fcgen der Piloten inspiriert ist<\/li>\n<li>Ein markantes Kleidungsst\u00fcck, das milit\u00e4rische \u00c4sthetik und Alltagstauglichkeit kombiniert: Multifunktionstaschen, individuelle Patches und sorgf\u00e4ltige Details machen sie zu einer Stil-Ikone<\/li>\n<li>Dank normaler Passform und elastischen Rippenabschl\u00fcssen bietet sie Komfort und Vielseitigkeit bei jeder Gelegenheit<\/li>\n<li>Hergestellt aus strapazierf\u00e4higem und leichtem technischem Stoff<\/li>\n<li>Design inspiriert von den Antigravitationsanz\u00fcgen der Piloten<\/li>\n<li>Vordere Rei\u00dfverschluss\u00f6ffnung<\/li>\n<li>Hemdkragen<\/li>\n<li>Elastische Rippenb\u00fcndchen an \u00c4rmeln und Saum<\/li>\n<li>Gro\u00dfe aufgesetzte Taschen vorne mit Klappe und doppeltem Eingang<\/li>\n<li>Vertikale Rei\u00dfverschlusstasche auf der Brust<\/li>\n<li>Utility-Tasche am linken \u00c4rmel mit Rei\u00dfverschluss<\/li>\n<li>Frecce Tricolori Patches auf Brust und rechtem \u00c4rmel<\/li>\n<li>Innenstickerei auf Windschutzklappe<\/li>\n<li>Innen mit zus\u00e4tzlichen Taschen ausgestattet<\/li>\n<li>Normale Passform<\/li>\n<li>Zusammensetzung: 100% Polyester<\/li>\n<\/ul>\n","protected":false},"excerpt":{"rendered":"<p>Artikelcode: 261AB3049UCT0429057618 Artikelfarbe: Beige Die Herren-Pilotjacke feiert den authentischen Geist der Luftfahrt mit einem Design, das von den Antigravitationsanz\u00fcgen der Piloten inspiriert ist Ein markantes Kleidungsst\u00fcck, das milit\u00e4rische \u00c4sthetik und Alltagstauglichkeit kombiniert: Multifunktionstaschen, individuelle Patches und sorgf\u00e4ltige Details machen sie zu einer Stil-Ikone Dank normaler Passform und elastischen Rippenabschl\u00fcssen bietet sie Komfort und Vielseitigkeit bei&hellip;<\/p>\n","protected":false},"featured_media":149829,"template":"","meta":{"_acf_changed":false},"product_brand":[],"product_cat":[1324,1325,1331,1356,1329],"product_tag":[1719],"class_list":{"0":"post-150324","1":"product","2":"type-product","3":"status-publish","4":"has-post-thumbnail","6":"product_cat-herren","7":"product_cat-herrenbekleidung","8":"product_cat-jacken-herren","9":"product_cat-neuheiten-fur-herren","10":"product_cat-oberbekleidung-herren","11":"product_tag-neuheiten","12":"marca-aeronautica-militare-de","14":"first","15":"instock","16":"shipping-taxable","17":"purchasable","18":"product-type-variable"},"acf":[],"yoast_head":"<!-- This site is optimized with the Yoast SEO plugin v27.2 - https:\/\/yoast.com\/product\/yoast-seo-wordpress\/ -->\n<title>Pilotenjacke aus technischem Stoff in Beige - Rabaini<\/title>\n<meta name=\"robots\" content=\"index, follow, max-snippet:-1, max-image-preview:large, max-video-preview:-1\" \/>\n<link rel=\"canonical\" href=\"https:\/\/www.rabaini.it\/de\/pilotenjacke-aus-technischem-stoff-in-beige\/\" \/>\n<meta property=\"og:locale\" content=\"de_DE\" \/>\n<meta property=\"og:type\" content=\"article\" \/>\n<meta property=\"og:title\" content=\"Pilotenjacke aus technischem Stoff in Beige - Rabaini\" \/>\n<meta property=\"og:description\" content=\"Artikelcode: 261AB3049UCT0429057618 Artikelfarbe: Beige Die Herren-Pilotjacke feiert den authentischen Geist der Luftfahrt mit einem Design, das von den Antigravitationsanz\u00fcgen der Piloten inspiriert ist Ein markantes Kleidungsst\u00fcck, das milit\u00e4rische \u00c4sthetik und Alltagstauglichkeit kombiniert: Multifunktionstaschen, individuelle Patches und sorgf\u00e4ltige Details machen sie zu einer Stil-Ikone Dank normaler Passform und elastischen Rippenabschl\u00fcssen bietet sie Komfort und Vielseitigkeit bei&hellip;\" \/>\n<meta property=\"og:url\" content=\"https:\/\/www.rabaini.it\/de\/pilotenjacke-aus-technischem-stoff-in-beige\/\" \/>\n<meta property=\"og:site_name\" content=\"Rabaini\" \/>\n<meta property=\"article:modified_time\" content=\"2026-03-27T16:36:29+00:00\" \/>\n<meta property=\"og:image\" content=\"https:\/\/www.rabaini.it\/wp-content\/uploads\/2026\/03\/12.1-3.jpg\" \/>\n\t<meta property=\"og:image:width\" content=\"1500\" \/>\n\t<meta property=\"og:image:height\" content=\"1500\" \/>\n\t<meta property=\"og:image:type\" content=\"image\/jpeg\" \/>\n<meta name=\"twitter:card\" content=\"summary_large_image\" \/>\n<meta name=\"twitter:label1\" content=\"Gesch\u00e4tzte Lesezeit\" \/>\n\t<meta name=\"twitter:data1\" content=\"1\u00a0Minute\" \/>\n<script type=\"application\/ld+json\" class=\"yoast-schema-graph\">{\"@context\":\"https:\/\/schema.org\",\"@graph\":[{\"@type\":\"WebPage\",\"@id\":\"https:\/\/www.rabaini.it\/de\/pilotenjacke-aus-technischem-stoff-in-beige\/\",\"url\":\"https:\/\/www.rabaini.it\/de\/pilotenjacke-aus-technischem-stoff-in-beige\/\",\"name\":\"Pilotenjacke aus technischem Stoff in Beige - Rabaini\",\"isPartOf\":{\"@id\":\"https:\/\/www.rabaini.it\/de\/#website\"},\"primaryImageOfPage\":{\"@id\":\"https:\/\/www.rabaini.it\/de\/pilotenjacke-aus-technischem-stoff-in-beige\/#primaryimage\"},\"image\":{\"@id\":\"https:\/\/www.rabaini.it\/de\/pilotenjacke-aus-technischem-stoff-in-beige\/#primaryimage\"},\"thumbnailUrl\":\"https:\/\/www.rabaini.it\/wp-content\/uploads\/2026\/03\/12.1-3.jpg\",\"datePublished\":\"2026-03-26T16:41:24+00:00\",\"dateModified\":\"2026-03-27T16:36:29+00:00\",\"breadcrumb\":{\"@id\":\"https:\/\/www.rabaini.it\/de\/pilotenjacke-aus-technischem-stoff-in-beige\/#breadcrumb\"},\"inLanguage\":\"de\",\"potentialAction\":[{\"@type\":\"ReadAction\",\"target\":[\"https:\/\/www.rabaini.it\/de\/pilotenjacke-aus-technischem-stoff-in-beige\/\"]}]},{\"@type\":\"ImageObject\",\"inLanguage\":\"de\",\"@id\":\"https:\/\/www.rabaini.it\/de\/pilotenjacke-aus-technischem-stoff-in-beige\/#primaryimage\",\"url\":\"https:\/\/www.rabaini.it\/wp-content\/uploads\/2026\/03\/12.1-3.jpg\",\"contentUrl\":\"https:\/\/www.rabaini.it\/wp-content\/uploads\/2026\/03\/12.1-3.jpg\",\"width\":1500,\"height\":1500},{\"@type\":\"BreadcrumbList\",\"@id\":\"https:\/\/www.rabaini.it\/de\/pilotenjacke-aus-technischem-stoff-in-beige\/#breadcrumb\",\"itemListElement\":[{\"@type\":\"ListItem\",\"position\":1,\"name\":\"Home\",\"item\":\"https:\/\/www.rabaini.it\/de\/homepage\/\"},{\"@type\":\"ListItem\",\"position\":2,\"name\":\"Gesch\u00e4ft\",\"item\":\"https:\/\/www.rabaini.it\/geschaeft\/\"},{\"@type\":\"ListItem\",\"position\":3,\"name\":\"Herren\",\"item\":\"https:\/\/www.rabaini.it\/de\/herren\/\"},{\"@type\":\"ListItem\",\"position\":4,\"name\":\"Pilotenjacke aus technischem Stoff in Beige\"}]},{\"@type\":\"WebSite\",\"@id\":\"https:\/\/www.rabaini.it\/de\/#website\",\"url\":\"https:\/\/www.rabaini.it\/de\/\",\"name\":\"Rabaini\",\"description\":\"\",\"potentialAction\":[{\"@type\":\"SearchAction\",\"target\":{\"@type\":\"EntryPoint\",\"urlTemplate\":\"https:\/\/www.rabaini.it\/de\/?s={search_term_string}\"},\"query-input\":{\"@type\":\"PropertyValueSpecification\",\"valueRequired\":true,\"valueName\":\"search_term_string\"}}],\"inLanguage\":\"de\"}]}<\/script>\n<!-- \/ Yoast SEO plugin. -->","yoast_head_json":{"title":"Pilotenjacke aus technischem Stoff in Beige - Rabaini","robots":{"index":"index","follow":"follow","max-snippet":"max-snippet:-1","max-image-preview":"max-image-preview:large","max-video-preview":"max-video-preview:-1"},"canonical":"https:\/\/www.rabaini.it\/de\/pilotenjacke-aus-technischem-stoff-in-beige\/","og_locale":"de_DE","og_type":"article","og_title":"Pilotenjacke aus technischem Stoff in Beige - Rabaini","og_description":"Artikelcode: 261AB3049UCT0429057618 Artikelfarbe: Beige Die Herren-Pilotjacke feiert den authentischen Geist der Luftfahrt mit einem Design, das von den Antigravitationsanz\u00fcgen der Piloten inspiriert ist Ein markantes Kleidungsst\u00fcck, das milit\u00e4rische \u00c4sthetik und Alltagstauglichkeit kombiniert: Multifunktionstaschen, individuelle Patches und sorgf\u00e4ltige Details machen sie zu einer Stil-Ikone Dank normaler Passform und elastischen Rippenabschl\u00fcssen bietet sie Komfort und Vielseitigkeit bei&hellip;","og_url":"https:\/\/www.rabaini.it\/de\/pilotenjacke-aus-technischem-stoff-in-beige\/","og_site_name":"Rabaini","article_modified_time":"2026-03-27T16:36:29+00:00","og_image":[{"width":1500,"height":1500,"url":"https:\/\/www.rabaini.it\/wp-content\/uploads\/2026\/03\/12.1-3.jpg","type":"image\/jpeg"}],"twitter_card":"summary_large_image","twitter_misc":{"Gesch\u00e4tzte Lesezeit":"1\u00a0Minute"},"schema":{"@context":"https:\/\/schema.org","@graph":[{"@type":"WebPage","@id":"https:\/\/www.rabaini.it\/de\/pilotenjacke-aus-technischem-stoff-in-beige\/","url":"https:\/\/www.rabaini.it\/de\/pilotenjacke-aus-technischem-stoff-in-beige\/","name":"Pilotenjacke aus technischem Stoff in Beige - Rabaini","isPartOf":{"@id":"https:\/\/www.rabaini.it\/de\/#website"},"primaryImageOfPage":{"@id":"https:\/\/www.rabaini.it\/de\/pilotenjacke-aus-technischem-stoff-in-beige\/#primaryimage"},"image":{"@id":"https:\/\/www.rabaini.it\/de\/pilotenjacke-aus-technischem-stoff-in-beige\/#primaryimage"},"thumbnailUrl":"https:\/\/www.rabaini.it\/wp-content\/uploads\/2026\/03\/12.1-3.jpg","datePublished":"2026-03-26T16:41:24+00:00","dateModified":"2026-03-27T16:36:29+00:00","breadcrumb":{"@id":"https:\/\/www.rabaini.it\/de\/pilotenjacke-aus-technischem-stoff-in-beige\/#breadcrumb"},"inLanguage":"de","potentialAction":[{"@type":"ReadAction","target":["https:\/\/www.rabaini.it\/de\/pilotenjacke-aus-technischem-stoff-in-beige\/"]}]},{"@type":"ImageObject","inLanguage":"de","@id":"https:\/\/www.rabaini.it\/de\/pilotenjacke-aus-technischem-stoff-in-beige\/#primaryimage","url":"https:\/\/www.rabaini.it\/wp-content\/uploads\/2026\/03\/12.1-3.jpg","contentUrl":"https:\/\/www.rabaini.it\/wp-content\/uploads\/2026\/03\/12.1-3.jpg","width":1500,"height":1500},{"@type":"BreadcrumbList","@id":"https:\/\/www.rabaini.it\/de\/pilotenjacke-aus-technischem-stoff-in-beige\/#breadcrumb","itemListElement":[{"@type":"ListItem","position":1,"name":"Home","item":"https:\/\/www.rabaini.it\/de\/homepage\/"},{"@type":"ListItem","position":2,"name":"Gesch\u00e4ft","item":"https:\/\/www.rabaini.it\/geschaeft\/"},{"@type":"ListItem","position":3,"name":"Herren","item":"https:\/\/www.rabaini.it\/de\/herren\/"},{"@type":"ListItem","position":4,"name":"Pilotenjacke aus technischem Stoff in Beige"}]},{"@type":"WebSite","@id":"https:\/\/www.rabaini.it\/de\/#website","url":"https:\/\/www.rabaini.it\/de\/","name":"Rabaini","description":"","potentialAction":[{"@type":"SearchAction","target":{"@type":"EntryPoint","urlTemplate":"https:\/\/www.rabaini.it\/de\/?s={search_term_string}"},"query-input":{"@type":"PropertyValueSpecification","valueRequired":true,"valueName":"search_term_string"}}],"inLanguage":"de"}]}},"_links":{"self":[{"href":"https:\/\/www.rabaini.it\/de\/wp-json\/wp\/v2\/product\/150324","targetHints":{"allow":["GET"]}}],"collection":[{"href":"https:\/\/www.rabaini.it\/de\/wp-json\/wp\/v2\/product"}],"about":[{"href":"https:\/\/www.rabaini.it\/de\/wp-json\/wp\/v2\/types\/product"}],"wp:featuredmedia":[{"embeddable":true,"href":"https:\/\/www.rabaini.it\/de\/wp-json\/wp\/v2\/media\/149829"}],"wp:attachment":[{"href":"https:\/\/www.rabaini.it\/de\/wp-json\/wp\/v2\/media?parent=150324"}],"wp:term":[{"taxonomy":"product_brand","embeddable":true,"href":"https:\/\/www.rabaini.it\/de\/wp-json\/wp\/v2\/product_brand?post=150324"},{"taxonomy":"product_cat","embeddable":true,"href":"https:\/\/www.rabaini.it\/de\/wp-json\/wp\/v2\/product_cat?post=150324"},{"taxonomy":"product_tag","embeddable":true,"href":"https:\/\/www.rabaini.it\/de\/wp-json\/wp\/v2\/product_tag?post=150324"}],"curies":[{"name":"wp","href":"https:\/\/api.w.org\/{rel}","templated":true}]}}