{"id":150312,"date":"2026-03-26T17:36:42","date_gmt":"2026-03-26T16:36:42","guid":{"rendered":"https:\/\/www.rabaini.it\/?post_type=product&#038;p=150312"},"modified":"2026-03-27T17:36:06","modified_gmt":"2026-03-27T16:36:06","slug":"poloshirt-mit-stickerei-der-20-ocu-gruppe","status":"publish","type":"product","link":"https:\/\/www.rabaini.it\/de\/poloshirt-mit-stickerei-der-20-ocu-gruppe\/","title":{"rendered":"Poloshirt mit Stickerei der 20. OCU-Gruppe"},"content":{"rendered":"<ul>\n<li>Artikelcode: 261PO1919UP0040457625<\/li>\n<li>Artikelfarbe: Sand<\/li>\n<li>Hergestellt aus Baumwoll-Piqu\u00e9, vereint dieses Herren-Poloshirt mit Kurzarm Eleganz und Charakter in einem Kleidungsst\u00fcck mit sorgf\u00e4ltig gestaltetem Design<\/li>\n<li>Verdeckte Kn\u00f6pfe verleihen dem Kragen einen Hauch von Raffinesse und klare Linien, w\u00e4hrend die grafischen Elemente auf der Brust den 20. OCU-Gruppe der Luftwaffe ehren, die f\u00fcr die Ausbildung von Eurofighter-Piloten zust\u00e4ndig ist<\/li>\n<li>Ein dezentes, aber markantes Tribut, das dieses Poloshirt sofort erkennbar macht und perfekt f\u00fcr alle ist, die sich mit Stil und Leidenschaft f\u00fcr die Luftfahrt abheben m\u00f6chten<\/li>\n<li>Baumwoll-Piqu\u00e9<\/li>\n<li>Kurzarm<\/li>\n<li>Unterkragen mit individuellem Druck<\/li>\n<li>Verdeckter Knopfverschluss<\/li>\n<li>Baumwoll-Canvas-Eins\u00e4tze<\/li>\n<li>Stickereien und Drucke auf der Brust<\/li>\n<li>Normale Passform<\/li>\n<li>Zusammensetzung: 100% Baumwolle<\/li>\n<\/ul>\n","protected":false},"excerpt":{"rendered":"<p>Artikelcode: 261PO1919UP0040457625 Artikelfarbe: Sand Hergestellt aus Baumwoll-Piqu\u00e9, vereint dieses Herren-Poloshirt mit Kurzarm Eleganz und Charakter in einem Kleidungsst\u00fcck mit sorgf\u00e4ltig gestaltetem Design Verdeckte Kn\u00f6pfe verleihen dem Kragen einen Hauch von Raffinesse und klare Linien, w\u00e4hrend die grafischen Elemente auf der Brust den 20. OCU-Gruppe der Luftwaffe ehren, die f\u00fcr die Ausbildung von Eurofighter-Piloten zust\u00e4ndig ist&hellip;<\/p>\n","protected":false},"featured_media":149820,"template":"","meta":{"_acf_changed":false},"product_brand":[],"product_cat":[1324,1325,1356,1342],"product_tag":[1719],"class_list":{"0":"post-150312","1":"product","2":"type-product","3":"status-publish","4":"has-post-thumbnail","6":"product_cat-herren","7":"product_cat-herrenbekleidung","8":"product_cat-neuheiten-fur-herren","9":"product_cat-polo-shirt-herren","10":"product_tag-neuheiten","11":"marca-aeronautica-militare-de","13":"first","14":"instock","15":"shipping-taxable","16":"purchasable","17":"product-type-variable"},"acf":[],"yoast_head":"<!-- This site is optimized with the Yoast SEO plugin v27.2 - https:\/\/yoast.com\/product\/yoast-seo-wordpress\/ -->\n<title>Poloshirt mit Stickerei der 20. OCU-Gruppe - Rabaini<\/title>\n<meta name=\"robots\" content=\"index, follow, max-snippet:-1, max-image-preview:large, max-video-preview:-1\" \/>\n<link rel=\"canonical\" href=\"https:\/\/www.rabaini.it\/de\/poloshirt-mit-stickerei-der-20-ocu-gruppe\/\" \/>\n<meta property=\"og:locale\" content=\"de_DE\" \/>\n<meta property=\"og:type\" content=\"article\" \/>\n<meta property=\"og:title\" content=\"Poloshirt mit Stickerei der 20. OCU-Gruppe - Rabaini\" \/>\n<meta property=\"og:description\" content=\"Artikelcode: 261PO1919UP0040457625 Artikelfarbe: Sand Hergestellt aus Baumwoll-Piqu\u00e9, vereint dieses Herren-Poloshirt mit Kurzarm Eleganz und Charakter in einem Kleidungsst\u00fcck mit sorgf\u00e4ltig gestaltetem Design Verdeckte Kn\u00f6pfe verleihen dem Kragen einen Hauch von Raffinesse und klare Linien, w\u00e4hrend die grafischen Elemente auf der Brust den 20. OCU-Gruppe der Luftwaffe ehren, die f\u00fcr die Ausbildung von Eurofighter-Piloten zust\u00e4ndig ist&hellip;\" \/>\n<meta property=\"og:url\" content=\"https:\/\/www.rabaini.it\/de\/poloshirt-mit-stickerei-der-20-ocu-gruppe\/\" \/>\n<meta property=\"og:site_name\" content=\"Rabaini\" \/>\n<meta property=\"article:modified_time\" content=\"2026-03-27T16:36:06+00:00\" \/>\n<meta property=\"og:image\" content=\"https:\/\/www.rabaini.it\/wp-content\/uploads\/2026\/03\/11.1-2.jpg\" \/>\n\t<meta property=\"og:image:width\" content=\"1500\" \/>\n\t<meta property=\"og:image:height\" content=\"1500\" \/>\n\t<meta property=\"og:image:type\" content=\"image\/jpeg\" \/>\n<meta name=\"twitter:card\" content=\"summary_large_image\" \/>\n<meta name=\"twitter:label1\" content=\"Gesch\u00e4tzte Lesezeit\" \/>\n\t<meta name=\"twitter:data1\" content=\"1\u00a0Minute\" \/>\n<script type=\"application\/ld+json\" class=\"yoast-schema-graph\">{\"@context\":\"https:\/\/schema.org\",\"@graph\":[{\"@type\":\"WebPage\",\"@id\":\"https:\/\/www.rabaini.it\/de\/poloshirt-mit-stickerei-der-20-ocu-gruppe\/\",\"url\":\"https:\/\/www.rabaini.it\/de\/poloshirt-mit-stickerei-der-20-ocu-gruppe\/\",\"name\":\"Poloshirt mit Stickerei der 20. OCU-Gruppe - Rabaini\",\"isPartOf\":{\"@id\":\"https:\/\/www.rabaini.it\/de\/#website\"},\"primaryImageOfPage\":{\"@id\":\"https:\/\/www.rabaini.it\/de\/poloshirt-mit-stickerei-der-20-ocu-gruppe\/#primaryimage\"},\"image\":{\"@id\":\"https:\/\/www.rabaini.it\/de\/poloshirt-mit-stickerei-der-20-ocu-gruppe\/#primaryimage\"},\"thumbnailUrl\":\"https:\/\/www.rabaini.it\/wp-content\/uploads\/2026\/03\/11.1-2.jpg\",\"datePublished\":\"2026-03-26T16:36:42+00:00\",\"dateModified\":\"2026-03-27T16:36:06+00:00\",\"breadcrumb\":{\"@id\":\"https:\/\/www.rabaini.it\/de\/poloshirt-mit-stickerei-der-20-ocu-gruppe\/#breadcrumb\"},\"inLanguage\":\"de\",\"potentialAction\":[{\"@type\":\"ReadAction\",\"target\":[\"https:\/\/www.rabaini.it\/de\/poloshirt-mit-stickerei-der-20-ocu-gruppe\/\"]}]},{\"@type\":\"ImageObject\",\"inLanguage\":\"de\",\"@id\":\"https:\/\/www.rabaini.it\/de\/poloshirt-mit-stickerei-der-20-ocu-gruppe\/#primaryimage\",\"url\":\"https:\/\/www.rabaini.it\/wp-content\/uploads\/2026\/03\/11.1-2.jpg\",\"contentUrl\":\"https:\/\/www.rabaini.it\/wp-content\/uploads\/2026\/03\/11.1-2.jpg\",\"width\":1500,\"height\":1500},{\"@type\":\"BreadcrumbList\",\"@id\":\"https:\/\/www.rabaini.it\/de\/poloshirt-mit-stickerei-der-20-ocu-gruppe\/#breadcrumb\",\"itemListElement\":[{\"@type\":\"ListItem\",\"position\":1,\"name\":\"Home\",\"item\":\"https:\/\/www.rabaini.it\/de\/homepage\/\"},{\"@type\":\"ListItem\",\"position\":2,\"name\":\"Gesch\u00e4ft\",\"item\":\"https:\/\/www.rabaini.it\/geschaeft\/\"},{\"@type\":\"ListItem\",\"position\":3,\"name\":\"Herren\",\"item\":\"https:\/\/www.rabaini.it\/de\/herren\/\"},{\"@type\":\"ListItem\",\"position\":4,\"name\":\"Poloshirt mit Stickerei der 20. OCU-Gruppe\"}]},{\"@type\":\"WebSite\",\"@id\":\"https:\/\/www.rabaini.it\/de\/#website\",\"url\":\"https:\/\/www.rabaini.it\/de\/\",\"name\":\"Rabaini\",\"description\":\"\",\"potentialAction\":[{\"@type\":\"SearchAction\",\"target\":{\"@type\":\"EntryPoint\",\"urlTemplate\":\"https:\/\/www.rabaini.it\/de\/?s={search_term_string}\"},\"query-input\":{\"@type\":\"PropertyValueSpecification\",\"valueRequired\":true,\"valueName\":\"search_term_string\"}}],\"inLanguage\":\"de\"}]}<\/script>\n<!-- \/ Yoast SEO plugin. -->","yoast_head_json":{"title":"Poloshirt mit Stickerei der 20. OCU-Gruppe - Rabaini","robots":{"index":"index","follow":"follow","max-snippet":"max-snippet:-1","max-image-preview":"max-image-preview:large","max-video-preview":"max-video-preview:-1"},"canonical":"https:\/\/www.rabaini.it\/de\/poloshirt-mit-stickerei-der-20-ocu-gruppe\/","og_locale":"de_DE","og_type":"article","og_title":"Poloshirt mit Stickerei der 20. OCU-Gruppe - Rabaini","og_description":"Artikelcode: 261PO1919UP0040457625 Artikelfarbe: Sand Hergestellt aus Baumwoll-Piqu\u00e9, vereint dieses Herren-Poloshirt mit Kurzarm Eleganz und Charakter in einem Kleidungsst\u00fcck mit sorgf\u00e4ltig gestaltetem Design Verdeckte Kn\u00f6pfe verleihen dem Kragen einen Hauch von Raffinesse und klare Linien, w\u00e4hrend die grafischen Elemente auf der Brust den 20. OCU-Gruppe der Luftwaffe ehren, die f\u00fcr die Ausbildung von Eurofighter-Piloten zust\u00e4ndig ist&hellip;","og_url":"https:\/\/www.rabaini.it\/de\/poloshirt-mit-stickerei-der-20-ocu-gruppe\/","og_site_name":"Rabaini","article_modified_time":"2026-03-27T16:36:06+00:00","og_image":[{"width":1500,"height":1500,"url":"https:\/\/www.rabaini.it\/wp-content\/uploads\/2026\/03\/11.1-2.jpg","type":"image\/jpeg"}],"twitter_card":"summary_large_image","twitter_misc":{"Gesch\u00e4tzte Lesezeit":"1\u00a0Minute"},"schema":{"@context":"https:\/\/schema.org","@graph":[{"@type":"WebPage","@id":"https:\/\/www.rabaini.it\/de\/poloshirt-mit-stickerei-der-20-ocu-gruppe\/","url":"https:\/\/www.rabaini.it\/de\/poloshirt-mit-stickerei-der-20-ocu-gruppe\/","name":"Poloshirt mit Stickerei der 20. OCU-Gruppe - Rabaini","isPartOf":{"@id":"https:\/\/www.rabaini.it\/de\/#website"},"primaryImageOfPage":{"@id":"https:\/\/www.rabaini.it\/de\/poloshirt-mit-stickerei-der-20-ocu-gruppe\/#primaryimage"},"image":{"@id":"https:\/\/www.rabaini.it\/de\/poloshirt-mit-stickerei-der-20-ocu-gruppe\/#primaryimage"},"thumbnailUrl":"https:\/\/www.rabaini.it\/wp-content\/uploads\/2026\/03\/11.1-2.jpg","datePublished":"2026-03-26T16:36:42+00:00","dateModified":"2026-03-27T16:36:06+00:00","breadcrumb":{"@id":"https:\/\/www.rabaini.it\/de\/poloshirt-mit-stickerei-der-20-ocu-gruppe\/#breadcrumb"},"inLanguage":"de","potentialAction":[{"@type":"ReadAction","target":["https:\/\/www.rabaini.it\/de\/poloshirt-mit-stickerei-der-20-ocu-gruppe\/"]}]},{"@type":"ImageObject","inLanguage":"de","@id":"https:\/\/www.rabaini.it\/de\/poloshirt-mit-stickerei-der-20-ocu-gruppe\/#primaryimage","url":"https:\/\/www.rabaini.it\/wp-content\/uploads\/2026\/03\/11.1-2.jpg","contentUrl":"https:\/\/www.rabaini.it\/wp-content\/uploads\/2026\/03\/11.1-2.jpg","width":1500,"height":1500},{"@type":"BreadcrumbList","@id":"https:\/\/www.rabaini.it\/de\/poloshirt-mit-stickerei-der-20-ocu-gruppe\/#breadcrumb","itemListElement":[{"@type":"ListItem","position":1,"name":"Home","item":"https:\/\/www.rabaini.it\/de\/homepage\/"},{"@type":"ListItem","position":2,"name":"Gesch\u00e4ft","item":"https:\/\/www.rabaini.it\/geschaeft\/"},{"@type":"ListItem","position":3,"name":"Herren","item":"https:\/\/www.rabaini.it\/de\/herren\/"},{"@type":"ListItem","position":4,"name":"Poloshirt mit Stickerei der 20. OCU-Gruppe"}]},{"@type":"WebSite","@id":"https:\/\/www.rabaini.it\/de\/#website","url":"https:\/\/www.rabaini.it\/de\/","name":"Rabaini","description":"","potentialAction":[{"@type":"SearchAction","target":{"@type":"EntryPoint","urlTemplate":"https:\/\/www.rabaini.it\/de\/?s={search_term_string}"},"query-input":{"@type":"PropertyValueSpecification","valueRequired":true,"valueName":"search_term_string"}}],"inLanguage":"de"}]}},"_links":{"self":[{"href":"https:\/\/www.rabaini.it\/de\/wp-json\/wp\/v2\/product\/150312","targetHints":{"allow":["GET"]}}],"collection":[{"href":"https:\/\/www.rabaini.it\/de\/wp-json\/wp\/v2\/product"}],"about":[{"href":"https:\/\/www.rabaini.it\/de\/wp-json\/wp\/v2\/types\/product"}],"wp:featuredmedia":[{"embeddable":true,"href":"https:\/\/www.rabaini.it\/de\/wp-json\/wp\/v2\/media\/149820"}],"wp:attachment":[{"href":"https:\/\/www.rabaini.it\/de\/wp-json\/wp\/v2\/media?parent=150312"}],"wp:term":[{"taxonomy":"product_brand","embeddable":true,"href":"https:\/\/www.rabaini.it\/de\/wp-json\/wp\/v2\/product_brand?post=150312"},{"taxonomy":"product_cat","embeddable":true,"href":"https:\/\/www.rabaini.it\/de\/wp-json\/wp\/v2\/product_cat?post=150312"},{"taxonomy":"product_tag","embeddable":true,"href":"https:\/\/www.rabaini.it\/de\/wp-json\/wp\/v2\/product_tag?post=150312"}],"curies":[{"name":"wp","href":"https:\/\/api.w.org\/{rel}","templated":true}]}}