{"id":150300,"date":"2026-03-26T17:31:35","date_gmt":"2026-03-26T16:31:35","guid":{"rendered":"https:\/\/www.rabaini.it\/?post_type=product&#038;p=150300"},"modified":"2026-03-27T17:35:25","modified_gmt":"2026-03-27T16:35:25","slug":"poloshirt-mit-frecce-tricolori-wappen","status":"publish","type":"product","link":"https:\/\/www.rabaini.it\/de\/poloshirt-mit-frecce-tricolori-wappen\/","title":{"rendered":"Poloshirt mit Frecce Tricolori Wappen"},"content":{"rendered":"<ul>\n<li>Artikelcode: 261PO1915UP0019194722<\/li>\n<li>Artikelfarbe: Blau, Braun und Wei\u00df<\/li>\n<li>Das Colorblock-Design macht dieses Poloshirt aus Stretch-Baumwoll-Piqu\u00e9 sofort erkennbar und kombiniert kr\u00e4ftige Farbt\u00f6ne mit Details, die von der Welt der Luftfahrt inspiriert sind<\/li>\n<li>Die Frecce Tricolori Gedenkpatch auf der Brust und die Stickereien auf den \u00c4rmeln erz\u00e4hlen die Geschichte und den Stolz italienischer Exzellenz<\/li>\n<li>Perfekt f\u00fcr alle, die einen sportlichen, aber gepflegten Stil lieben und sich mit einem Gleichgewicht aus Authentizit\u00e4t und Pers\u00f6nlichkeit abheben m\u00f6chten<\/li>\n<li>Stretch-Baumwoll-Piqu\u00e9<\/li>\n<li>Kurzarm<\/li>\n<li>Unterkragen mit individuellem Druck<\/li>\n<li>Drei-Knopf-Verschluss<\/li>\n<li>Stickereien auf Brust und linkem \u00c4rmel<\/li>\n<li>Gerippter Kragen und \u00c4rmelsaum<\/li>\n<li>Normale Passform<\/li>\n<li>Zusammensetzung: 95% Baumwolle, 5% Elasthan<\/li>\n<\/ul>\n","protected":false},"excerpt":{"rendered":"<p>Artikelcode: 261PO1915UP0019194722 Artikelfarbe: Blau, Braun und Wei\u00df Das Colorblock-Design macht dieses Poloshirt aus Stretch-Baumwoll-Piqu\u00e9 sofort erkennbar und kombiniert kr\u00e4ftige Farbt\u00f6ne mit Details, die von der Welt der Luftfahrt inspiriert sind Die Frecce Tricolori Gedenkpatch auf der Brust und die Stickereien auf den \u00c4rmeln erz\u00e4hlen die Geschichte und den Stolz italienischer Exzellenz Perfekt f\u00fcr alle, die&hellip;<\/p>\n","protected":false},"featured_media":149811,"template":"","meta":{"_acf_changed":false},"product_brand":[],"product_cat":[1324,1325,1356,1342],"product_tag":[1719],"class_list":{"0":"post-150300","1":"product","2":"type-product","3":"status-publish","4":"has-post-thumbnail","6":"product_cat-herren","7":"product_cat-herrenbekleidung","8":"product_cat-neuheiten-fur-herren","9":"product_cat-polo-shirt-herren","10":"product_tag-neuheiten","11":"marca-aeronautica-militare-de","13":"first","14":"instock","15":"shipping-taxable","16":"purchasable","17":"product-type-variable"},"acf":[],"yoast_head":"<!-- This site is optimized with the Yoast SEO plugin v27.2 - https:\/\/yoast.com\/product\/yoast-seo-wordpress\/ -->\n<title>Poloshirt mit Frecce Tricolori Wappen - Rabaini<\/title>\n<meta name=\"robots\" content=\"index, follow, max-snippet:-1, max-image-preview:large, max-video-preview:-1\" \/>\n<link rel=\"canonical\" href=\"https:\/\/www.rabaini.it\/de\/poloshirt-mit-frecce-tricolori-wappen\/\" \/>\n<meta property=\"og:locale\" content=\"de_DE\" \/>\n<meta property=\"og:type\" content=\"article\" \/>\n<meta property=\"og:title\" content=\"Poloshirt mit Frecce Tricolori Wappen - Rabaini\" \/>\n<meta property=\"og:description\" content=\"Artikelcode: 261PO1915UP0019194722 Artikelfarbe: Blau, Braun und Wei\u00df Das Colorblock-Design macht dieses Poloshirt aus Stretch-Baumwoll-Piqu\u00e9 sofort erkennbar und kombiniert kr\u00e4ftige Farbt\u00f6ne mit Details, die von der Welt der Luftfahrt inspiriert sind Die Frecce Tricolori Gedenkpatch auf der Brust und die Stickereien auf den \u00c4rmeln erz\u00e4hlen die Geschichte und den Stolz italienischer Exzellenz Perfekt f\u00fcr alle, die&hellip;\" \/>\n<meta property=\"og:url\" content=\"https:\/\/www.rabaini.it\/de\/poloshirt-mit-frecce-tricolori-wappen\/\" \/>\n<meta property=\"og:site_name\" content=\"Rabaini\" \/>\n<meta property=\"article:modified_time\" content=\"2026-03-27T16:35:25+00:00\" \/>\n<meta property=\"og:image\" content=\"https:\/\/www.rabaini.it\/wp-content\/uploads\/2026\/03\/10.1-2.jpg\" \/>\n\t<meta property=\"og:image:width\" content=\"1500\" \/>\n\t<meta property=\"og:image:height\" content=\"1500\" \/>\n\t<meta property=\"og:image:type\" content=\"image\/jpeg\" \/>\n<meta name=\"twitter:card\" content=\"summary_large_image\" \/>\n<meta name=\"twitter:label1\" content=\"Gesch\u00e4tzte Lesezeit\" \/>\n\t<meta name=\"twitter:data1\" content=\"1\u00a0Minute\" \/>\n<script type=\"application\/ld+json\" class=\"yoast-schema-graph\">{\"@context\":\"https:\/\/schema.org\",\"@graph\":[{\"@type\":\"WebPage\",\"@id\":\"https:\/\/www.rabaini.it\/de\/poloshirt-mit-frecce-tricolori-wappen\/\",\"url\":\"https:\/\/www.rabaini.it\/de\/poloshirt-mit-frecce-tricolori-wappen\/\",\"name\":\"Poloshirt mit Frecce Tricolori Wappen - Rabaini\",\"isPartOf\":{\"@id\":\"https:\/\/www.rabaini.it\/de\/#website\"},\"primaryImageOfPage\":{\"@id\":\"https:\/\/www.rabaini.it\/de\/poloshirt-mit-frecce-tricolori-wappen\/#primaryimage\"},\"image\":{\"@id\":\"https:\/\/www.rabaini.it\/de\/poloshirt-mit-frecce-tricolori-wappen\/#primaryimage\"},\"thumbnailUrl\":\"https:\/\/www.rabaini.it\/wp-content\/uploads\/2026\/03\/10.1-2.jpg\",\"datePublished\":\"2026-03-26T16:31:35+00:00\",\"dateModified\":\"2026-03-27T16:35:25+00:00\",\"breadcrumb\":{\"@id\":\"https:\/\/www.rabaini.it\/de\/poloshirt-mit-frecce-tricolori-wappen\/#breadcrumb\"},\"inLanguage\":\"de\",\"potentialAction\":[{\"@type\":\"ReadAction\",\"target\":[\"https:\/\/www.rabaini.it\/de\/poloshirt-mit-frecce-tricolori-wappen\/\"]}]},{\"@type\":\"ImageObject\",\"inLanguage\":\"de\",\"@id\":\"https:\/\/www.rabaini.it\/de\/poloshirt-mit-frecce-tricolori-wappen\/#primaryimage\",\"url\":\"https:\/\/www.rabaini.it\/wp-content\/uploads\/2026\/03\/10.1-2.jpg\",\"contentUrl\":\"https:\/\/www.rabaini.it\/wp-content\/uploads\/2026\/03\/10.1-2.jpg\",\"width\":1500,\"height\":1500},{\"@type\":\"BreadcrumbList\",\"@id\":\"https:\/\/www.rabaini.it\/de\/poloshirt-mit-frecce-tricolori-wappen\/#breadcrumb\",\"itemListElement\":[{\"@type\":\"ListItem\",\"position\":1,\"name\":\"Home\",\"item\":\"https:\/\/www.rabaini.it\/de\/homepage\/\"},{\"@type\":\"ListItem\",\"position\":2,\"name\":\"Gesch\u00e4ft\",\"item\":\"https:\/\/www.rabaini.it\/geschaeft\/\"},{\"@type\":\"ListItem\",\"position\":3,\"name\":\"Herren\",\"item\":\"https:\/\/www.rabaini.it\/de\/herren\/\"},{\"@type\":\"ListItem\",\"position\":4,\"name\":\"Poloshirt mit Frecce Tricolori Wappen\"}]},{\"@type\":\"WebSite\",\"@id\":\"https:\/\/www.rabaini.it\/de\/#website\",\"url\":\"https:\/\/www.rabaini.it\/de\/\",\"name\":\"Rabaini\",\"description\":\"\",\"potentialAction\":[{\"@type\":\"SearchAction\",\"target\":{\"@type\":\"EntryPoint\",\"urlTemplate\":\"https:\/\/www.rabaini.it\/de\/?s={search_term_string}\"},\"query-input\":{\"@type\":\"PropertyValueSpecification\",\"valueRequired\":true,\"valueName\":\"search_term_string\"}}],\"inLanguage\":\"de\"}]}<\/script>\n<!-- \/ Yoast SEO plugin. -->","yoast_head_json":{"title":"Poloshirt mit Frecce Tricolori Wappen - Rabaini","robots":{"index":"index","follow":"follow","max-snippet":"max-snippet:-1","max-image-preview":"max-image-preview:large","max-video-preview":"max-video-preview:-1"},"canonical":"https:\/\/www.rabaini.it\/de\/poloshirt-mit-frecce-tricolori-wappen\/","og_locale":"de_DE","og_type":"article","og_title":"Poloshirt mit Frecce Tricolori Wappen - Rabaini","og_description":"Artikelcode: 261PO1915UP0019194722 Artikelfarbe: Blau, Braun und Wei\u00df Das Colorblock-Design macht dieses Poloshirt aus Stretch-Baumwoll-Piqu\u00e9 sofort erkennbar und kombiniert kr\u00e4ftige Farbt\u00f6ne mit Details, die von der Welt der Luftfahrt inspiriert sind Die Frecce Tricolori Gedenkpatch auf der Brust und die Stickereien auf den \u00c4rmeln erz\u00e4hlen die Geschichte und den Stolz italienischer Exzellenz Perfekt f\u00fcr alle, die&hellip;","og_url":"https:\/\/www.rabaini.it\/de\/poloshirt-mit-frecce-tricolori-wappen\/","og_site_name":"Rabaini","article_modified_time":"2026-03-27T16:35:25+00:00","og_image":[{"width":1500,"height":1500,"url":"https:\/\/www.rabaini.it\/wp-content\/uploads\/2026\/03\/10.1-2.jpg","type":"image\/jpeg"}],"twitter_card":"summary_large_image","twitter_misc":{"Gesch\u00e4tzte Lesezeit":"1\u00a0Minute"},"schema":{"@context":"https:\/\/schema.org","@graph":[{"@type":"WebPage","@id":"https:\/\/www.rabaini.it\/de\/poloshirt-mit-frecce-tricolori-wappen\/","url":"https:\/\/www.rabaini.it\/de\/poloshirt-mit-frecce-tricolori-wappen\/","name":"Poloshirt mit Frecce Tricolori Wappen - Rabaini","isPartOf":{"@id":"https:\/\/www.rabaini.it\/de\/#website"},"primaryImageOfPage":{"@id":"https:\/\/www.rabaini.it\/de\/poloshirt-mit-frecce-tricolori-wappen\/#primaryimage"},"image":{"@id":"https:\/\/www.rabaini.it\/de\/poloshirt-mit-frecce-tricolori-wappen\/#primaryimage"},"thumbnailUrl":"https:\/\/www.rabaini.it\/wp-content\/uploads\/2026\/03\/10.1-2.jpg","datePublished":"2026-03-26T16:31:35+00:00","dateModified":"2026-03-27T16:35:25+00:00","breadcrumb":{"@id":"https:\/\/www.rabaini.it\/de\/poloshirt-mit-frecce-tricolori-wappen\/#breadcrumb"},"inLanguage":"de","potentialAction":[{"@type":"ReadAction","target":["https:\/\/www.rabaini.it\/de\/poloshirt-mit-frecce-tricolori-wappen\/"]}]},{"@type":"ImageObject","inLanguage":"de","@id":"https:\/\/www.rabaini.it\/de\/poloshirt-mit-frecce-tricolori-wappen\/#primaryimage","url":"https:\/\/www.rabaini.it\/wp-content\/uploads\/2026\/03\/10.1-2.jpg","contentUrl":"https:\/\/www.rabaini.it\/wp-content\/uploads\/2026\/03\/10.1-2.jpg","width":1500,"height":1500},{"@type":"BreadcrumbList","@id":"https:\/\/www.rabaini.it\/de\/poloshirt-mit-frecce-tricolori-wappen\/#breadcrumb","itemListElement":[{"@type":"ListItem","position":1,"name":"Home","item":"https:\/\/www.rabaini.it\/de\/homepage\/"},{"@type":"ListItem","position":2,"name":"Gesch\u00e4ft","item":"https:\/\/www.rabaini.it\/geschaeft\/"},{"@type":"ListItem","position":3,"name":"Herren","item":"https:\/\/www.rabaini.it\/de\/herren\/"},{"@type":"ListItem","position":4,"name":"Poloshirt mit Frecce Tricolori Wappen"}]},{"@type":"WebSite","@id":"https:\/\/www.rabaini.it\/de\/#website","url":"https:\/\/www.rabaini.it\/de\/","name":"Rabaini","description":"","potentialAction":[{"@type":"SearchAction","target":{"@type":"EntryPoint","urlTemplate":"https:\/\/www.rabaini.it\/de\/?s={search_term_string}"},"query-input":{"@type":"PropertyValueSpecification","valueRequired":true,"valueName":"search_term_string"}}],"inLanguage":"de"}]}},"_links":{"self":[{"href":"https:\/\/www.rabaini.it\/de\/wp-json\/wp\/v2\/product\/150300","targetHints":{"allow":["GET"]}}],"collection":[{"href":"https:\/\/www.rabaini.it\/de\/wp-json\/wp\/v2\/product"}],"about":[{"href":"https:\/\/www.rabaini.it\/de\/wp-json\/wp\/v2\/types\/product"}],"wp:featuredmedia":[{"embeddable":true,"href":"https:\/\/www.rabaini.it\/de\/wp-json\/wp\/v2\/media\/149811"}],"wp:attachment":[{"href":"https:\/\/www.rabaini.it\/de\/wp-json\/wp\/v2\/media?parent=150300"}],"wp:term":[{"taxonomy":"product_brand","embeddable":true,"href":"https:\/\/www.rabaini.it\/de\/wp-json\/wp\/v2\/product_brand?post=150300"},{"taxonomy":"product_cat","embeddable":true,"href":"https:\/\/www.rabaini.it\/de\/wp-json\/wp\/v2\/product_cat?post=150300"},{"taxonomy":"product_tag","embeddable":true,"href":"https:\/\/www.rabaini.it\/de\/wp-json\/wp\/v2\/product_tag?post=150300"}],"curies":[{"name":"wp","href":"https:\/\/api.w.org\/{rel}","templated":true}]}}