{"id":150288,"date":"2026-03-26T17:03:03","date_gmt":"2026-03-26T16:03:03","guid":{"rendered":"https:\/\/www.rabaini.it\/?post_type=product&#038;p=150288"},"modified":"2026-03-27T17:35:06","modified_gmt":"2026-03-27T16:35:06","slug":"sportliche-fleece-shorts-mit-trikolore","status":"publish","type":"product","link":"https:\/\/www.rabaini.it\/de\/sportliche-fleece-shorts-mit-trikolore\/","title":{"rendered":"Sportliche Fleece-Shorts mit Trikolore"},"content":{"rendered":"<ul>\n<li>Artikelcode: 261BF0030UF00677<\/li>\n<li>Artikelfarbe: Grau<\/li>\n<li>Mit klarem und zeitgem\u00e4\u00dfem Design interpretiert diese Herren-Shorts den sportlichen Stil mit Eleganz und Schlichtheit<\/li>\n<li>Hergestellt aus weichem und leichtem Baumwoll-Fleece, bietet sie sofortigen Komfort und Atmungsaktivit\u00e4t den ganzen Tag \u00fcber<\/li>\n<li>Die klaren Linien betonen die Silhouette ohne auf Praktikabilit\u00e4t zu verzichten, w\u00e4hrend kleine, dezente und sorgf\u00e4ltige Details die stilistische Forschung und Qualit\u00e4t der Marke widerspiegeln<\/li>\n<li>Ein vielseitiges Kleidungsst\u00fcck, perfekt, um jede Saisonphase auf nat\u00fcrliche Weise zu begleiten<\/li>\n<li>Baumwoll-Fleece<\/li>\n<li>Elastischer Bund mit verstellbarem Kordelzug<\/li>\n<li>Vordertaschen<\/li>\n<li>Bestickter Turmeagle auf der Vorderseite<\/li>\n<li>Trikolore-Band an den Seiten<\/li>\n<li>Hintere Paspeltasche<\/li>\n<li>Comfort Fit<\/li>\n<li>Zusammensetzung: 100% Baumwolle<\/li>\n<\/ul>\n","protected":false},"excerpt":{"rendered":"<p>Artikelcode: 261BF0030UF00677 Artikelfarbe: Grau Mit klarem und zeitgem\u00e4\u00dfem Design interpretiert diese Herren-Shorts den sportlichen Stil mit Eleganz und Schlichtheit Hergestellt aus weichem und leichtem Baumwoll-Fleece, bietet sie sofortigen Komfort und Atmungsaktivit\u00e4t den ganzen Tag \u00fcber Die klaren Linien betonen die Silhouette ohne auf Praktikabilit\u00e4t zu verzichten, w\u00e4hrend kleine, dezente und sorgf\u00e4ltige Details die stilistische Forschung&hellip;<\/p>\n","protected":false},"featured_media":149784,"template":"","meta":{"_acf_changed":false},"product_brand":[],"product_cat":[1326,1324,1325,1356],"product_tag":[1719],"class_list":{"0":"post-150288","1":"product","2":"type-product","3":"status-publish","4":"has-post-thumbnail","6":"product_cat-bermuda-herren","7":"product_cat-herren","8":"product_cat-herrenbekleidung","9":"product_cat-neuheiten-fur-herren","10":"product_tag-neuheiten","11":"marca-aeronautica-militare-de","13":"first","14":"instock","15":"shipping-taxable","16":"purchasable","17":"product-type-variable"},"acf":[],"yoast_head":"<!-- This site is optimized with the Yoast SEO plugin v27.2 - https:\/\/yoast.com\/product\/yoast-seo-wordpress\/ -->\n<title>Sportliche Fleece-Shorts mit Trikolore - Rabaini<\/title>\n<meta name=\"robots\" content=\"index, follow, max-snippet:-1, max-image-preview:large, max-video-preview:-1\" \/>\n<link rel=\"canonical\" href=\"https:\/\/www.rabaini.it\/de\/sportliche-fleece-shorts-mit-trikolore\/\" \/>\n<meta property=\"og:locale\" content=\"de_DE\" \/>\n<meta property=\"og:type\" content=\"article\" \/>\n<meta property=\"og:title\" content=\"Sportliche Fleece-Shorts mit Trikolore - Rabaini\" \/>\n<meta property=\"og:description\" content=\"Artikelcode: 261BF0030UF00677 Artikelfarbe: Grau Mit klarem und zeitgem\u00e4\u00dfem Design interpretiert diese Herren-Shorts den sportlichen Stil mit Eleganz und Schlichtheit Hergestellt aus weichem und leichtem Baumwoll-Fleece, bietet sie sofortigen Komfort und Atmungsaktivit\u00e4t den ganzen Tag \u00fcber Die klaren Linien betonen die Silhouette ohne auf Praktikabilit\u00e4t zu verzichten, w\u00e4hrend kleine, dezente und sorgf\u00e4ltige Details die stilistische Forschung&hellip;\" \/>\n<meta property=\"og:url\" content=\"https:\/\/www.rabaini.it\/de\/sportliche-fleece-shorts-mit-trikolore\/\" \/>\n<meta property=\"og:site_name\" content=\"Rabaini\" \/>\n<meta property=\"article:modified_time\" content=\"2026-03-27T16:35:06+00:00\" \/>\n<meta property=\"og:image\" content=\"https:\/\/www.rabaini.it\/wp-content\/uploads\/2026\/03\/7.1-2.jpg\" \/>\n\t<meta property=\"og:image:width\" content=\"1500\" \/>\n\t<meta property=\"og:image:height\" content=\"1500\" \/>\n\t<meta property=\"og:image:type\" content=\"image\/jpeg\" \/>\n<meta name=\"twitter:card\" content=\"summary_large_image\" \/>\n<meta name=\"twitter:label1\" content=\"Gesch\u00e4tzte Lesezeit\" \/>\n\t<meta name=\"twitter:data1\" content=\"1\u00a0Minute\" \/>\n<script type=\"application\/ld+json\" class=\"yoast-schema-graph\">{\"@context\":\"https:\/\/schema.org\",\"@graph\":[{\"@type\":\"WebPage\",\"@id\":\"https:\/\/www.rabaini.it\/de\/sportliche-fleece-shorts-mit-trikolore\/\",\"url\":\"https:\/\/www.rabaini.it\/de\/sportliche-fleece-shorts-mit-trikolore\/\",\"name\":\"Sportliche Fleece-Shorts mit Trikolore - Rabaini\",\"isPartOf\":{\"@id\":\"https:\/\/www.rabaini.it\/de\/#website\"},\"primaryImageOfPage\":{\"@id\":\"https:\/\/www.rabaini.it\/de\/sportliche-fleece-shorts-mit-trikolore\/#primaryimage\"},\"image\":{\"@id\":\"https:\/\/www.rabaini.it\/de\/sportliche-fleece-shorts-mit-trikolore\/#primaryimage\"},\"thumbnailUrl\":\"https:\/\/www.rabaini.it\/wp-content\/uploads\/2026\/03\/7.1-2.jpg\",\"datePublished\":\"2026-03-26T16:03:03+00:00\",\"dateModified\":\"2026-03-27T16:35:06+00:00\",\"breadcrumb\":{\"@id\":\"https:\/\/www.rabaini.it\/de\/sportliche-fleece-shorts-mit-trikolore\/#breadcrumb\"},\"inLanguage\":\"de\",\"potentialAction\":[{\"@type\":\"ReadAction\",\"target\":[\"https:\/\/www.rabaini.it\/de\/sportliche-fleece-shorts-mit-trikolore\/\"]}]},{\"@type\":\"ImageObject\",\"inLanguage\":\"de\",\"@id\":\"https:\/\/www.rabaini.it\/de\/sportliche-fleece-shorts-mit-trikolore\/#primaryimage\",\"url\":\"https:\/\/www.rabaini.it\/wp-content\/uploads\/2026\/03\/7.1-2.jpg\",\"contentUrl\":\"https:\/\/www.rabaini.it\/wp-content\/uploads\/2026\/03\/7.1-2.jpg\",\"width\":1500,\"height\":1500},{\"@type\":\"BreadcrumbList\",\"@id\":\"https:\/\/www.rabaini.it\/de\/sportliche-fleece-shorts-mit-trikolore\/#breadcrumb\",\"itemListElement\":[{\"@type\":\"ListItem\",\"position\":1,\"name\":\"Home\",\"item\":\"https:\/\/www.rabaini.it\/de\/homepage\/\"},{\"@type\":\"ListItem\",\"position\":2,\"name\":\"Gesch\u00e4ft\",\"item\":\"https:\/\/www.rabaini.it\/geschaeft\/\"},{\"@type\":\"ListItem\",\"position\":3,\"name\":\"Herren\",\"item\":\"https:\/\/www.rabaini.it\/de\/herren\/\"},{\"@type\":\"ListItem\",\"position\":4,\"name\":\"Sportliche Fleece-Shorts mit Trikolore\"}]},{\"@type\":\"WebSite\",\"@id\":\"https:\/\/www.rabaini.it\/de\/#website\",\"url\":\"https:\/\/www.rabaini.it\/de\/\",\"name\":\"Rabaini\",\"description\":\"\",\"potentialAction\":[{\"@type\":\"SearchAction\",\"target\":{\"@type\":\"EntryPoint\",\"urlTemplate\":\"https:\/\/www.rabaini.it\/de\/?s={search_term_string}\"},\"query-input\":{\"@type\":\"PropertyValueSpecification\",\"valueRequired\":true,\"valueName\":\"search_term_string\"}}],\"inLanguage\":\"de\"}]}<\/script>\n<!-- \/ Yoast SEO plugin. -->","yoast_head_json":{"title":"Sportliche Fleece-Shorts mit Trikolore - Rabaini","robots":{"index":"index","follow":"follow","max-snippet":"max-snippet:-1","max-image-preview":"max-image-preview:large","max-video-preview":"max-video-preview:-1"},"canonical":"https:\/\/www.rabaini.it\/de\/sportliche-fleece-shorts-mit-trikolore\/","og_locale":"de_DE","og_type":"article","og_title":"Sportliche Fleece-Shorts mit Trikolore - Rabaini","og_description":"Artikelcode: 261BF0030UF00677 Artikelfarbe: Grau Mit klarem und zeitgem\u00e4\u00dfem Design interpretiert diese Herren-Shorts den sportlichen Stil mit Eleganz und Schlichtheit Hergestellt aus weichem und leichtem Baumwoll-Fleece, bietet sie sofortigen Komfort und Atmungsaktivit\u00e4t den ganzen Tag \u00fcber Die klaren Linien betonen die Silhouette ohne auf Praktikabilit\u00e4t zu verzichten, w\u00e4hrend kleine, dezente und sorgf\u00e4ltige Details die stilistische Forschung&hellip;","og_url":"https:\/\/www.rabaini.it\/de\/sportliche-fleece-shorts-mit-trikolore\/","og_site_name":"Rabaini","article_modified_time":"2026-03-27T16:35:06+00:00","og_image":[{"width":1500,"height":1500,"url":"https:\/\/www.rabaini.it\/wp-content\/uploads\/2026\/03\/7.1-2.jpg","type":"image\/jpeg"}],"twitter_card":"summary_large_image","twitter_misc":{"Gesch\u00e4tzte Lesezeit":"1\u00a0Minute"},"schema":{"@context":"https:\/\/schema.org","@graph":[{"@type":"WebPage","@id":"https:\/\/www.rabaini.it\/de\/sportliche-fleece-shorts-mit-trikolore\/","url":"https:\/\/www.rabaini.it\/de\/sportliche-fleece-shorts-mit-trikolore\/","name":"Sportliche Fleece-Shorts mit Trikolore - Rabaini","isPartOf":{"@id":"https:\/\/www.rabaini.it\/de\/#website"},"primaryImageOfPage":{"@id":"https:\/\/www.rabaini.it\/de\/sportliche-fleece-shorts-mit-trikolore\/#primaryimage"},"image":{"@id":"https:\/\/www.rabaini.it\/de\/sportliche-fleece-shorts-mit-trikolore\/#primaryimage"},"thumbnailUrl":"https:\/\/www.rabaini.it\/wp-content\/uploads\/2026\/03\/7.1-2.jpg","datePublished":"2026-03-26T16:03:03+00:00","dateModified":"2026-03-27T16:35:06+00:00","breadcrumb":{"@id":"https:\/\/www.rabaini.it\/de\/sportliche-fleece-shorts-mit-trikolore\/#breadcrumb"},"inLanguage":"de","potentialAction":[{"@type":"ReadAction","target":["https:\/\/www.rabaini.it\/de\/sportliche-fleece-shorts-mit-trikolore\/"]}]},{"@type":"ImageObject","inLanguage":"de","@id":"https:\/\/www.rabaini.it\/de\/sportliche-fleece-shorts-mit-trikolore\/#primaryimage","url":"https:\/\/www.rabaini.it\/wp-content\/uploads\/2026\/03\/7.1-2.jpg","contentUrl":"https:\/\/www.rabaini.it\/wp-content\/uploads\/2026\/03\/7.1-2.jpg","width":1500,"height":1500},{"@type":"BreadcrumbList","@id":"https:\/\/www.rabaini.it\/de\/sportliche-fleece-shorts-mit-trikolore\/#breadcrumb","itemListElement":[{"@type":"ListItem","position":1,"name":"Home","item":"https:\/\/www.rabaini.it\/de\/homepage\/"},{"@type":"ListItem","position":2,"name":"Gesch\u00e4ft","item":"https:\/\/www.rabaini.it\/geschaeft\/"},{"@type":"ListItem","position":3,"name":"Herren","item":"https:\/\/www.rabaini.it\/de\/herren\/"},{"@type":"ListItem","position":4,"name":"Sportliche Fleece-Shorts mit Trikolore"}]},{"@type":"WebSite","@id":"https:\/\/www.rabaini.it\/de\/#website","url":"https:\/\/www.rabaini.it\/de\/","name":"Rabaini","description":"","potentialAction":[{"@type":"SearchAction","target":{"@type":"EntryPoint","urlTemplate":"https:\/\/www.rabaini.it\/de\/?s={search_term_string}"},"query-input":{"@type":"PropertyValueSpecification","valueRequired":true,"valueName":"search_term_string"}}],"inLanguage":"de"}]}},"_links":{"self":[{"href":"https:\/\/www.rabaini.it\/de\/wp-json\/wp\/v2\/product\/150288","targetHints":{"allow":["GET"]}}],"collection":[{"href":"https:\/\/www.rabaini.it\/de\/wp-json\/wp\/v2\/product"}],"about":[{"href":"https:\/\/www.rabaini.it\/de\/wp-json\/wp\/v2\/types\/product"}],"wp:featuredmedia":[{"embeddable":true,"href":"https:\/\/www.rabaini.it\/de\/wp-json\/wp\/v2\/media\/149784"}],"wp:attachment":[{"href":"https:\/\/www.rabaini.it\/de\/wp-json\/wp\/v2\/media?parent=150288"}],"wp:term":[{"taxonomy":"product_brand","embeddable":true,"href":"https:\/\/www.rabaini.it\/de\/wp-json\/wp\/v2\/product_brand?post=150288"},{"taxonomy":"product_cat","embeddable":true,"href":"https:\/\/www.rabaini.it\/de\/wp-json\/wp\/v2\/product_cat?post=150288"},{"taxonomy":"product_tag","embeddable":true,"href":"https:\/\/www.rabaini.it\/de\/wp-json\/wp\/v2\/product_tag?post=150288"}],"curies":[{"name":"wp","href":"https:\/\/api.w.org\/{rel}","templated":true}]}}