{"id":150252,"date":"2026-03-26T16:38:58","date_gmt":"2026-03-26T15:38:58","guid":{"rendered":"https:\/\/www.rabaini.it\/?post_type=product&#038;p=150252"},"modified":"2026-03-27T17:33:43","modified_gmt":"2026-03-27T16:33:43","slug":"anti-g-hose-aus-baumwolle-in-blau","status":"publish","type":"product","link":"https:\/\/www.rabaini.it\/de\/anti-g-hose-aus-baumwolle-in-blau\/","title":{"rendered":"Anti-G-Hose aus Baumwolle in Blau"},"content":{"rendered":"<ul>\n<li>Artikelcode: 261PA1387UCT0149308184<\/li>\n<li>Artikelfarbe: Blau<\/li>\n<li>Ein zeitloses Modell, das sein ikonisches Design bewahrt, inspiriert von den Fluganz\u00fcgen der Luftwaffenpiloten<\/li>\n<li>Hergestellt aus garngef\u00e4rbter Stretch-Baumwolle, bietet es die perfekte Balance zwischen Komfort, Haltbarkeit und Authentizit\u00e4t<\/li>\n<li>Das markante Detail dieser Hose sind die einzigartig umgekehrt gen\u00e4hten Taschen, die das Herausnehmen von Flugpl\u00e4nen w\u00e4hrend Luftakrobatik erleichtern<\/li>\n<li>Die originalen Frecce Tricolori Patches verleihen dem Kleidungsst\u00fcck eine starke und erkennbare Identit\u00e4t, w\u00e4hrend interne Anpassungen Charakter und Einzigartigkeit hinzuf\u00fcgen<\/li>\n<li>Entwickelt, um Sie Saison f\u00fcr Saison zu begleiten, besticht sie durch eine sich st\u00e4ndig weiterentwickelnde Farbpalette, ideal f\u00fcr endlose Kombinationen<\/li>\n<li>Ikonisches Modell, inspiriert von den Antigravitationsanz\u00fcgen der Luftwaffenpiloten<\/li>\n<li>Garngef\u00e4rbter Stretch-Baumwollstoff<\/li>\n<li>Rei\u00dfverschluss- und Knopfverschluss<\/li>\n<li>Vordere amerikanische Taschen und hinten Falten-Taschen<\/li>\n<li>Umgekehrt gen\u00e4hte Taschen mit abnehmbaren Patches<\/li>\n<li>Beinsaum mit Rei\u00dfverschluss und Taschen<\/li>\n<li>Besticktes Logo im Bundinneren<\/li>\n<li>Normale Passform<\/li>\n<li>Zusammensetzung: 97% Baumwolle, 3% Elasthan<\/li>\n<\/ul>\n","protected":false},"excerpt":{"rendered":"<p>Artikelcode: 261PA1387UCT0149308184 Artikelfarbe: Blau Ein zeitloses Modell, das sein ikonisches Design bewahrt, inspiriert von den Fluganz\u00fcgen der Luftwaffenpiloten Hergestellt aus garngef\u00e4rbter Stretch-Baumwolle, bietet es die perfekte Balance zwischen Komfort, Haltbarkeit und Authentizit\u00e4t Das markante Detail dieser Hose sind die einzigartig umgekehrt gen\u00e4hten Taschen, die das Herausnehmen von Flugpl\u00e4nen w\u00e4hrend Luftakrobatik erleichtern Die originalen Frecce Tricolori&hellip;<\/p>\n","protected":false},"featured_media":149775,"template":"","meta":{"_acf_changed":false},"product_brand":[],"product_cat":[1324,1325,1340,1356],"product_tag":[1719],"class_list":{"0":"post-150252","1":"product","2":"type-product","3":"status-publish","4":"has-post-thumbnail","6":"product_cat-herren","7":"product_cat-herrenbekleidung","8":"product_cat-hose-herren","9":"product_cat-neuheiten-fur-herren","10":"product_tag-neuheiten","11":"marca-aeronautica-militare-de","13":"first","14":"instock","15":"shipping-taxable","16":"purchasable","17":"product-type-variable"},"acf":[],"yoast_head":"<!-- This site is optimized with the Yoast SEO plugin v27.2 - https:\/\/yoast.com\/product\/yoast-seo-wordpress\/ -->\n<title>Anti-G-Hose aus Baumwolle in Blau - Rabaini<\/title>\n<meta name=\"robots\" content=\"index, follow, max-snippet:-1, max-image-preview:large, max-video-preview:-1\" \/>\n<link rel=\"canonical\" href=\"https:\/\/www.rabaini.it\/de\/anti-g-hose-aus-baumwolle-in-blau\/\" \/>\n<meta property=\"og:locale\" content=\"de_DE\" \/>\n<meta property=\"og:type\" content=\"article\" \/>\n<meta property=\"og:title\" content=\"Anti-G-Hose aus Baumwolle in Blau - Rabaini\" \/>\n<meta property=\"og:description\" content=\"Artikelcode: 261PA1387UCT0149308184 Artikelfarbe: Blau Ein zeitloses Modell, das sein ikonisches Design bewahrt, inspiriert von den Fluganz\u00fcgen der Luftwaffenpiloten Hergestellt aus garngef\u00e4rbter Stretch-Baumwolle, bietet es die perfekte Balance zwischen Komfort, Haltbarkeit und Authentizit\u00e4t Das markante Detail dieser Hose sind die einzigartig umgekehrt gen\u00e4hten Taschen, die das Herausnehmen von Flugpl\u00e4nen w\u00e4hrend Luftakrobatik erleichtern Die originalen Frecce Tricolori&hellip;\" \/>\n<meta property=\"og:url\" content=\"https:\/\/www.rabaini.it\/de\/anti-g-hose-aus-baumwolle-in-blau\/\" \/>\n<meta property=\"og:site_name\" content=\"Rabaini\" \/>\n<meta property=\"article:modified_time\" content=\"2026-03-27T16:33:43+00:00\" \/>\n<meta property=\"og:image\" content=\"https:\/\/www.rabaini.it\/wp-content\/uploads\/2026\/03\/6.1-2.jpg\" \/>\n\t<meta property=\"og:image:width\" content=\"1500\" \/>\n\t<meta property=\"og:image:height\" content=\"1500\" \/>\n\t<meta property=\"og:image:type\" content=\"image\/jpeg\" \/>\n<meta name=\"twitter:card\" content=\"summary_large_image\" \/>\n<meta name=\"twitter:label1\" content=\"Gesch\u00e4tzte Lesezeit\" \/>\n\t<meta name=\"twitter:data1\" content=\"1\u00a0Minute\" \/>\n<script type=\"application\/ld+json\" class=\"yoast-schema-graph\">{\"@context\":\"https:\/\/schema.org\",\"@graph\":[{\"@type\":\"WebPage\",\"@id\":\"https:\/\/www.rabaini.it\/de\/anti-g-hose-aus-baumwolle-in-blau\/\",\"url\":\"https:\/\/www.rabaini.it\/de\/anti-g-hose-aus-baumwolle-in-blau\/\",\"name\":\"Anti-G-Hose aus Baumwolle in Blau - Rabaini\",\"isPartOf\":{\"@id\":\"https:\/\/www.rabaini.it\/de\/#website\"},\"primaryImageOfPage\":{\"@id\":\"https:\/\/www.rabaini.it\/de\/anti-g-hose-aus-baumwolle-in-blau\/#primaryimage\"},\"image\":{\"@id\":\"https:\/\/www.rabaini.it\/de\/anti-g-hose-aus-baumwolle-in-blau\/#primaryimage\"},\"thumbnailUrl\":\"https:\/\/www.rabaini.it\/wp-content\/uploads\/2026\/03\/6.1-2.jpg\",\"datePublished\":\"2026-03-26T15:38:58+00:00\",\"dateModified\":\"2026-03-27T16:33:43+00:00\",\"breadcrumb\":{\"@id\":\"https:\/\/www.rabaini.it\/de\/anti-g-hose-aus-baumwolle-in-blau\/#breadcrumb\"},\"inLanguage\":\"de\",\"potentialAction\":[{\"@type\":\"ReadAction\",\"target\":[\"https:\/\/www.rabaini.it\/de\/anti-g-hose-aus-baumwolle-in-blau\/\"]}]},{\"@type\":\"ImageObject\",\"inLanguage\":\"de\",\"@id\":\"https:\/\/www.rabaini.it\/de\/anti-g-hose-aus-baumwolle-in-blau\/#primaryimage\",\"url\":\"https:\/\/www.rabaini.it\/wp-content\/uploads\/2026\/03\/6.1-2.jpg\",\"contentUrl\":\"https:\/\/www.rabaini.it\/wp-content\/uploads\/2026\/03\/6.1-2.jpg\",\"width\":1500,\"height\":1500},{\"@type\":\"BreadcrumbList\",\"@id\":\"https:\/\/www.rabaini.it\/de\/anti-g-hose-aus-baumwolle-in-blau\/#breadcrumb\",\"itemListElement\":[{\"@type\":\"ListItem\",\"position\":1,\"name\":\"Home\",\"item\":\"https:\/\/www.rabaini.it\/de\/homepage\/\"},{\"@type\":\"ListItem\",\"position\":2,\"name\":\"Gesch\u00e4ft\",\"item\":\"https:\/\/www.rabaini.it\/geschaeft\/\"},{\"@type\":\"ListItem\",\"position\":3,\"name\":\"Herren\",\"item\":\"https:\/\/www.rabaini.it\/de\/herren\/\"},{\"@type\":\"ListItem\",\"position\":4,\"name\":\"Anti-G-Hose aus Baumwolle in Blau\"}]},{\"@type\":\"WebSite\",\"@id\":\"https:\/\/www.rabaini.it\/de\/#website\",\"url\":\"https:\/\/www.rabaini.it\/de\/\",\"name\":\"Rabaini\",\"description\":\"\",\"potentialAction\":[{\"@type\":\"SearchAction\",\"target\":{\"@type\":\"EntryPoint\",\"urlTemplate\":\"https:\/\/www.rabaini.it\/de\/?s={search_term_string}\"},\"query-input\":{\"@type\":\"PropertyValueSpecification\",\"valueRequired\":true,\"valueName\":\"search_term_string\"}}],\"inLanguage\":\"de\"}]}<\/script>\n<!-- \/ Yoast SEO plugin. -->","yoast_head_json":{"title":"Anti-G-Hose aus Baumwolle in Blau - Rabaini","robots":{"index":"index","follow":"follow","max-snippet":"max-snippet:-1","max-image-preview":"max-image-preview:large","max-video-preview":"max-video-preview:-1"},"canonical":"https:\/\/www.rabaini.it\/de\/anti-g-hose-aus-baumwolle-in-blau\/","og_locale":"de_DE","og_type":"article","og_title":"Anti-G-Hose aus Baumwolle in Blau - Rabaini","og_description":"Artikelcode: 261PA1387UCT0149308184 Artikelfarbe: Blau Ein zeitloses Modell, das sein ikonisches Design bewahrt, inspiriert von den Fluganz\u00fcgen der Luftwaffenpiloten Hergestellt aus garngef\u00e4rbter Stretch-Baumwolle, bietet es die perfekte Balance zwischen Komfort, Haltbarkeit und Authentizit\u00e4t Das markante Detail dieser Hose sind die einzigartig umgekehrt gen\u00e4hten Taschen, die das Herausnehmen von Flugpl\u00e4nen w\u00e4hrend Luftakrobatik erleichtern Die originalen Frecce Tricolori&hellip;","og_url":"https:\/\/www.rabaini.it\/de\/anti-g-hose-aus-baumwolle-in-blau\/","og_site_name":"Rabaini","article_modified_time":"2026-03-27T16:33:43+00:00","og_image":[{"width":1500,"height":1500,"url":"https:\/\/www.rabaini.it\/wp-content\/uploads\/2026\/03\/6.1-2.jpg","type":"image\/jpeg"}],"twitter_card":"summary_large_image","twitter_misc":{"Gesch\u00e4tzte Lesezeit":"1\u00a0Minute"},"schema":{"@context":"https:\/\/schema.org","@graph":[{"@type":"WebPage","@id":"https:\/\/www.rabaini.it\/de\/anti-g-hose-aus-baumwolle-in-blau\/","url":"https:\/\/www.rabaini.it\/de\/anti-g-hose-aus-baumwolle-in-blau\/","name":"Anti-G-Hose aus Baumwolle in Blau - Rabaini","isPartOf":{"@id":"https:\/\/www.rabaini.it\/de\/#website"},"primaryImageOfPage":{"@id":"https:\/\/www.rabaini.it\/de\/anti-g-hose-aus-baumwolle-in-blau\/#primaryimage"},"image":{"@id":"https:\/\/www.rabaini.it\/de\/anti-g-hose-aus-baumwolle-in-blau\/#primaryimage"},"thumbnailUrl":"https:\/\/www.rabaini.it\/wp-content\/uploads\/2026\/03\/6.1-2.jpg","datePublished":"2026-03-26T15:38:58+00:00","dateModified":"2026-03-27T16:33:43+00:00","breadcrumb":{"@id":"https:\/\/www.rabaini.it\/de\/anti-g-hose-aus-baumwolle-in-blau\/#breadcrumb"},"inLanguage":"de","potentialAction":[{"@type":"ReadAction","target":["https:\/\/www.rabaini.it\/de\/anti-g-hose-aus-baumwolle-in-blau\/"]}]},{"@type":"ImageObject","inLanguage":"de","@id":"https:\/\/www.rabaini.it\/de\/anti-g-hose-aus-baumwolle-in-blau\/#primaryimage","url":"https:\/\/www.rabaini.it\/wp-content\/uploads\/2026\/03\/6.1-2.jpg","contentUrl":"https:\/\/www.rabaini.it\/wp-content\/uploads\/2026\/03\/6.1-2.jpg","width":1500,"height":1500},{"@type":"BreadcrumbList","@id":"https:\/\/www.rabaini.it\/de\/anti-g-hose-aus-baumwolle-in-blau\/#breadcrumb","itemListElement":[{"@type":"ListItem","position":1,"name":"Home","item":"https:\/\/www.rabaini.it\/de\/homepage\/"},{"@type":"ListItem","position":2,"name":"Gesch\u00e4ft","item":"https:\/\/www.rabaini.it\/geschaeft\/"},{"@type":"ListItem","position":3,"name":"Herren","item":"https:\/\/www.rabaini.it\/de\/herren\/"},{"@type":"ListItem","position":4,"name":"Anti-G-Hose aus Baumwolle in Blau"}]},{"@type":"WebSite","@id":"https:\/\/www.rabaini.it\/de\/#website","url":"https:\/\/www.rabaini.it\/de\/","name":"Rabaini","description":"","potentialAction":[{"@type":"SearchAction","target":{"@type":"EntryPoint","urlTemplate":"https:\/\/www.rabaini.it\/de\/?s={search_term_string}"},"query-input":{"@type":"PropertyValueSpecification","valueRequired":true,"valueName":"search_term_string"}}],"inLanguage":"de"}]}},"_links":{"self":[{"href":"https:\/\/www.rabaini.it\/de\/wp-json\/wp\/v2\/product\/150252","targetHints":{"allow":["GET"]}}],"collection":[{"href":"https:\/\/www.rabaini.it\/de\/wp-json\/wp\/v2\/product"}],"about":[{"href":"https:\/\/www.rabaini.it\/de\/wp-json\/wp\/v2\/types\/product"}],"wp:featuredmedia":[{"embeddable":true,"href":"https:\/\/www.rabaini.it\/de\/wp-json\/wp\/v2\/media\/149775"}],"wp:attachment":[{"href":"https:\/\/www.rabaini.it\/de\/wp-json\/wp\/v2\/media?parent=150252"}],"wp:term":[{"taxonomy":"product_brand","embeddable":true,"href":"https:\/\/www.rabaini.it\/de\/wp-json\/wp\/v2\/product_brand?post=150252"},{"taxonomy":"product_cat","embeddable":true,"href":"https:\/\/www.rabaini.it\/de\/wp-json\/wp\/v2\/product_cat?post=150252"},{"taxonomy":"product_tag","embeddable":true,"href":"https:\/\/www.rabaini.it\/de\/wp-json\/wp\/v2\/product_tag?post=150252"}],"curies":[{"name":"wp","href":"https:\/\/api.w.org\/{rel}","templated":true}]}}