{"id":150228,"date":"2026-03-26T16:22:37","date_gmt":"2026-03-26T15:22:37","guid":{"rendered":"https:\/\/www.rabaini.it\/?post_type=product&#038;p=150228"},"modified":"2026-03-27T17:33:03","modified_gmt":"2026-03-27T16:33:03","slug":"chinohose-aus-baumwolle-und-leinen-in-relaxed-fit-in-eisfarbe","status":"publish","type":"product","link":"https:\/\/www.rabaini.it\/de\/chinohose-aus-baumwolle-und-leinen-in-relaxed-fit-in-eisfarbe\/","title":{"rendered":"Chinohose aus Baumwolle und Leinen in Relaxed Fit in Eisfarbe"},"content":{"rendered":"<ul>\n<li>Artikelcode: 26E C1M0 B121 0262 1272<\/li>\n<li>Artikelfarbe: Eis<\/li>\n<li>Chinohose mit modernem Charakter, gefertigt aus einer Baumwoll-Leinen-Mischung, die Leichtigkeit und Struktur vereint<\/li>\n<li>Die Relaxed-Passform bietet eine lockerere Silhouette an H\u00fcfte und Bein und bewahrt gleichzeitig ein gepflegtes und vielseitiges Erscheinungsbild<\/li>\n<li>Ein Kleidungsst\u00fcck, das die Alltagsgarderobe erg\u00e4nzt und sich sowohl f\u00fcr l\u00e4ssige Looks als auch f\u00fcr elegantere Kombinationen eignet<\/li>\n<li>Designed and styled in Italy<\/li>\n<li>Relaxed-Passform<\/li>\n<li>Vordere Bundfalten<\/li>\n<li>Schr\u00e4ge Seitentaschen<\/li>\n<li>Paspeltaschen hinten<\/li>\n<li>Metallring-Detail am Bund<\/li>\n<li>Rei\u00dfverschluss und Knopfverschluss<\/li>\n<li>Zusammensetzung: 89% Baumwolle, 10% Leinen, 1% Elasthan<\/li>\n<\/ul>\n","protected":false},"excerpt":{"rendered":"<p>Artikelcode: 26E C1M0 B121 0262 1272 Artikelfarbe: Eis Chinohose mit modernem Charakter, gefertigt aus einer Baumwoll-Leinen-Mischung, die Leichtigkeit und Struktur vereint Die Relaxed-Passform bietet eine lockerere Silhouette an H\u00fcfte und Bein und bewahrt gleichzeitig ein gepflegtes und vielseitiges Erscheinungsbild Ein Kleidungsst\u00fcck, das die Alltagsgarderobe erg\u00e4nzt und sich sowohl f\u00fcr l\u00e4ssige Looks als auch f\u00fcr elegantere&hellip;<\/p>\n","protected":false},"featured_media":149757,"template":"","meta":{"_acf_changed":false},"product_brand":[],"product_cat":[1324,1325,1340,1356],"product_tag":[1719],"class_list":{"0":"post-150228","1":"product","2":"type-product","3":"status-publish","4":"has-post-thumbnail","6":"product_cat-herren","7":"product_cat-herrenbekleidung","8":"product_cat-hose-herren","9":"product_cat-neuheiten-fur-herren","10":"product_tag-neuheiten","11":"marca-paolo-pecora-de","13":"first","14":"instock","15":"shipping-taxable","16":"purchasable","17":"product-type-variable"},"acf":[],"yoast_head":"<!-- This site is optimized with the Yoast SEO plugin v27.2 - https:\/\/yoast.com\/product\/yoast-seo-wordpress\/ -->\n<title>Chinohose aus Baumwolle und Leinen in Relaxed Fit in Eisfarbe - Rabaini<\/title>\n<meta name=\"robots\" content=\"index, follow, max-snippet:-1, max-image-preview:large, max-video-preview:-1\" \/>\n<link rel=\"canonical\" href=\"https:\/\/www.rabaini.it\/de\/chinohose-aus-baumwolle-und-leinen-in-relaxed-fit-in-eisfarbe\/\" \/>\n<meta property=\"og:locale\" content=\"de_DE\" \/>\n<meta property=\"og:type\" content=\"article\" \/>\n<meta property=\"og:title\" content=\"Chinohose aus Baumwolle und Leinen in Relaxed Fit in Eisfarbe - Rabaini\" \/>\n<meta property=\"og:description\" content=\"Artikelcode: 26E C1M0 B121 0262 1272 Artikelfarbe: Eis Chinohose mit modernem Charakter, gefertigt aus einer Baumwoll-Leinen-Mischung, die Leichtigkeit und Struktur vereint Die Relaxed-Passform bietet eine lockerere Silhouette an H\u00fcfte und Bein und bewahrt gleichzeitig ein gepflegtes und vielseitiges Erscheinungsbild Ein Kleidungsst\u00fcck, das die Alltagsgarderobe erg\u00e4nzt und sich sowohl f\u00fcr l\u00e4ssige Looks als auch f\u00fcr elegantere&hellip;\" \/>\n<meta property=\"og:url\" content=\"https:\/\/www.rabaini.it\/de\/chinohose-aus-baumwolle-und-leinen-in-relaxed-fit-in-eisfarbe\/\" \/>\n<meta property=\"og:site_name\" content=\"Rabaini\" \/>\n<meta property=\"article:modified_time\" content=\"2026-03-27T16:33:03+00:00\" \/>\n<meta property=\"og:image\" content=\"https:\/\/www.rabaini.it\/wp-content\/uploads\/2026\/03\/4.1-2.jpg\" \/>\n\t<meta property=\"og:image:width\" content=\"1500\" \/>\n\t<meta property=\"og:image:height\" content=\"1500\" \/>\n\t<meta property=\"og:image:type\" content=\"image\/jpeg\" \/>\n<meta name=\"twitter:card\" content=\"summary_large_image\" \/>\n<script type=\"application\/ld+json\" class=\"yoast-schema-graph\">{\"@context\":\"https:\/\/schema.org\",\"@graph\":[{\"@type\":\"WebPage\",\"@id\":\"https:\/\/www.rabaini.it\/de\/chinohose-aus-baumwolle-und-leinen-in-relaxed-fit-in-eisfarbe\/\",\"url\":\"https:\/\/www.rabaini.it\/de\/chinohose-aus-baumwolle-und-leinen-in-relaxed-fit-in-eisfarbe\/\",\"name\":\"Chinohose aus Baumwolle und Leinen in Relaxed Fit in Eisfarbe - Rabaini\",\"isPartOf\":{\"@id\":\"https:\/\/www.rabaini.it\/de\/#website\"},\"primaryImageOfPage\":{\"@id\":\"https:\/\/www.rabaini.it\/de\/chinohose-aus-baumwolle-und-leinen-in-relaxed-fit-in-eisfarbe\/#primaryimage\"},\"image\":{\"@id\":\"https:\/\/www.rabaini.it\/de\/chinohose-aus-baumwolle-und-leinen-in-relaxed-fit-in-eisfarbe\/#primaryimage\"},\"thumbnailUrl\":\"https:\/\/www.rabaini.it\/wp-content\/uploads\/2026\/03\/4.1-2.jpg\",\"datePublished\":\"2026-03-26T15:22:37+00:00\",\"dateModified\":\"2026-03-27T16:33:03+00:00\",\"breadcrumb\":{\"@id\":\"https:\/\/www.rabaini.it\/de\/chinohose-aus-baumwolle-und-leinen-in-relaxed-fit-in-eisfarbe\/#breadcrumb\"},\"inLanguage\":\"de\",\"potentialAction\":[{\"@type\":\"ReadAction\",\"target\":[\"https:\/\/www.rabaini.it\/de\/chinohose-aus-baumwolle-und-leinen-in-relaxed-fit-in-eisfarbe\/\"]}]},{\"@type\":\"ImageObject\",\"inLanguage\":\"de\",\"@id\":\"https:\/\/www.rabaini.it\/de\/chinohose-aus-baumwolle-und-leinen-in-relaxed-fit-in-eisfarbe\/#primaryimage\",\"url\":\"https:\/\/www.rabaini.it\/wp-content\/uploads\/2026\/03\/4.1-2.jpg\",\"contentUrl\":\"https:\/\/www.rabaini.it\/wp-content\/uploads\/2026\/03\/4.1-2.jpg\",\"width\":1500,\"height\":1500},{\"@type\":\"BreadcrumbList\",\"@id\":\"https:\/\/www.rabaini.it\/de\/chinohose-aus-baumwolle-und-leinen-in-relaxed-fit-in-eisfarbe\/#breadcrumb\",\"itemListElement\":[{\"@type\":\"ListItem\",\"position\":1,\"name\":\"Home\",\"item\":\"https:\/\/www.rabaini.it\/de\/homepage\/\"},{\"@type\":\"ListItem\",\"position\":2,\"name\":\"Gesch\u00e4ft\",\"item\":\"https:\/\/www.rabaini.it\/geschaeft\/\"},{\"@type\":\"ListItem\",\"position\":3,\"name\":\"Herren\",\"item\":\"https:\/\/www.rabaini.it\/de\/herren\/\"},{\"@type\":\"ListItem\",\"position\":4,\"name\":\"Chinohose aus Baumwolle und Leinen in Relaxed Fit in Eisfarbe\"}]},{\"@type\":\"WebSite\",\"@id\":\"https:\/\/www.rabaini.it\/de\/#website\",\"url\":\"https:\/\/www.rabaini.it\/de\/\",\"name\":\"Rabaini\",\"description\":\"\",\"potentialAction\":[{\"@type\":\"SearchAction\",\"target\":{\"@type\":\"EntryPoint\",\"urlTemplate\":\"https:\/\/www.rabaini.it\/de\/?s={search_term_string}\"},\"query-input\":{\"@type\":\"PropertyValueSpecification\",\"valueRequired\":true,\"valueName\":\"search_term_string\"}}],\"inLanguage\":\"de\"}]}<\/script>\n<!-- \/ Yoast SEO plugin. -->","yoast_head_json":{"title":"Chinohose aus Baumwolle und Leinen in Relaxed Fit in Eisfarbe - Rabaini","robots":{"index":"index","follow":"follow","max-snippet":"max-snippet:-1","max-image-preview":"max-image-preview:large","max-video-preview":"max-video-preview:-1"},"canonical":"https:\/\/www.rabaini.it\/de\/chinohose-aus-baumwolle-und-leinen-in-relaxed-fit-in-eisfarbe\/","og_locale":"de_DE","og_type":"article","og_title":"Chinohose aus Baumwolle und Leinen in Relaxed Fit in Eisfarbe - Rabaini","og_description":"Artikelcode: 26E C1M0 B121 0262 1272 Artikelfarbe: Eis Chinohose mit modernem Charakter, gefertigt aus einer Baumwoll-Leinen-Mischung, die Leichtigkeit und Struktur vereint Die Relaxed-Passform bietet eine lockerere Silhouette an H\u00fcfte und Bein und bewahrt gleichzeitig ein gepflegtes und vielseitiges Erscheinungsbild Ein Kleidungsst\u00fcck, das die Alltagsgarderobe erg\u00e4nzt und sich sowohl f\u00fcr l\u00e4ssige Looks als auch f\u00fcr elegantere&hellip;","og_url":"https:\/\/www.rabaini.it\/de\/chinohose-aus-baumwolle-und-leinen-in-relaxed-fit-in-eisfarbe\/","og_site_name":"Rabaini","article_modified_time":"2026-03-27T16:33:03+00:00","og_image":[{"width":1500,"height":1500,"url":"https:\/\/www.rabaini.it\/wp-content\/uploads\/2026\/03\/4.1-2.jpg","type":"image\/jpeg"}],"twitter_card":"summary_large_image","schema":{"@context":"https:\/\/schema.org","@graph":[{"@type":"WebPage","@id":"https:\/\/www.rabaini.it\/de\/chinohose-aus-baumwolle-und-leinen-in-relaxed-fit-in-eisfarbe\/","url":"https:\/\/www.rabaini.it\/de\/chinohose-aus-baumwolle-und-leinen-in-relaxed-fit-in-eisfarbe\/","name":"Chinohose aus Baumwolle und Leinen in Relaxed Fit in Eisfarbe - Rabaini","isPartOf":{"@id":"https:\/\/www.rabaini.it\/de\/#website"},"primaryImageOfPage":{"@id":"https:\/\/www.rabaini.it\/de\/chinohose-aus-baumwolle-und-leinen-in-relaxed-fit-in-eisfarbe\/#primaryimage"},"image":{"@id":"https:\/\/www.rabaini.it\/de\/chinohose-aus-baumwolle-und-leinen-in-relaxed-fit-in-eisfarbe\/#primaryimage"},"thumbnailUrl":"https:\/\/www.rabaini.it\/wp-content\/uploads\/2026\/03\/4.1-2.jpg","datePublished":"2026-03-26T15:22:37+00:00","dateModified":"2026-03-27T16:33:03+00:00","breadcrumb":{"@id":"https:\/\/www.rabaini.it\/de\/chinohose-aus-baumwolle-und-leinen-in-relaxed-fit-in-eisfarbe\/#breadcrumb"},"inLanguage":"de","potentialAction":[{"@type":"ReadAction","target":["https:\/\/www.rabaini.it\/de\/chinohose-aus-baumwolle-und-leinen-in-relaxed-fit-in-eisfarbe\/"]}]},{"@type":"ImageObject","inLanguage":"de","@id":"https:\/\/www.rabaini.it\/de\/chinohose-aus-baumwolle-und-leinen-in-relaxed-fit-in-eisfarbe\/#primaryimage","url":"https:\/\/www.rabaini.it\/wp-content\/uploads\/2026\/03\/4.1-2.jpg","contentUrl":"https:\/\/www.rabaini.it\/wp-content\/uploads\/2026\/03\/4.1-2.jpg","width":1500,"height":1500},{"@type":"BreadcrumbList","@id":"https:\/\/www.rabaini.it\/de\/chinohose-aus-baumwolle-und-leinen-in-relaxed-fit-in-eisfarbe\/#breadcrumb","itemListElement":[{"@type":"ListItem","position":1,"name":"Home","item":"https:\/\/www.rabaini.it\/de\/homepage\/"},{"@type":"ListItem","position":2,"name":"Gesch\u00e4ft","item":"https:\/\/www.rabaini.it\/geschaeft\/"},{"@type":"ListItem","position":3,"name":"Herren","item":"https:\/\/www.rabaini.it\/de\/herren\/"},{"@type":"ListItem","position":4,"name":"Chinohose aus Baumwolle und Leinen in Relaxed Fit in Eisfarbe"}]},{"@type":"WebSite","@id":"https:\/\/www.rabaini.it\/de\/#website","url":"https:\/\/www.rabaini.it\/de\/","name":"Rabaini","description":"","potentialAction":[{"@type":"SearchAction","target":{"@type":"EntryPoint","urlTemplate":"https:\/\/www.rabaini.it\/de\/?s={search_term_string}"},"query-input":{"@type":"PropertyValueSpecification","valueRequired":true,"valueName":"search_term_string"}}],"inLanguage":"de"}]}},"_links":{"self":[{"href":"https:\/\/www.rabaini.it\/de\/wp-json\/wp\/v2\/product\/150228","targetHints":{"allow":["GET"]}}],"collection":[{"href":"https:\/\/www.rabaini.it\/de\/wp-json\/wp\/v2\/product"}],"about":[{"href":"https:\/\/www.rabaini.it\/de\/wp-json\/wp\/v2\/types\/product"}],"wp:featuredmedia":[{"embeddable":true,"href":"https:\/\/www.rabaini.it\/de\/wp-json\/wp\/v2\/media\/149757"}],"wp:attachment":[{"href":"https:\/\/www.rabaini.it\/de\/wp-json\/wp\/v2\/media?parent=150228"}],"wp:term":[{"taxonomy":"product_brand","embeddable":true,"href":"https:\/\/www.rabaini.it\/de\/wp-json\/wp\/v2\/product_brand?post=150228"},{"taxonomy":"product_cat","embeddable":true,"href":"https:\/\/www.rabaini.it\/de\/wp-json\/wp\/v2\/product_cat?post=150228"},{"taxonomy":"product_tag","embeddable":true,"href":"https:\/\/www.rabaini.it\/de\/wp-json\/wp\/v2\/product_tag?post=150228"}],"curies":[{"name":"wp","href":"https:\/\/api.w.org\/{rel}","templated":true}]}}