{"id":150216,"date":"2026-03-26T16:17:10","date_gmt":"2026-03-26T15:17:10","guid":{"rendered":"https:\/\/www.rabaini.it\/?post_type=product&#038;p=150216"},"modified":"2026-03-27T17:32:42","modified_gmt":"2026-03-27T16:32:42","slug":"locker-geschnittenes-poloshirt-aus-baumwolle-mit-offenem-kragen-in-haselnuss","status":"publish","type":"product","link":"https:\/\/www.rabaini.it\/de\/locker-geschnittenes-poloshirt-aus-baumwolle-mit-offenem-kragen-in-haselnuss\/","title":{"rendered":"Locker geschnittenes Poloshirt aus Baumwolle mit offenem Kragen in Haselnuss"},"content":{"rendered":"<ul>\n<li>Artikelcode: 26E C1M0 A043 F100 1181<\/li>\n<li>Artikelfarbe: Haselnuss<\/li>\n<li>Kurz\u00e4rmliges Poloshirt aus glattem Baumwollstrick, mit offenem Kragen, der dem Kleidungsst\u00fcck einen entspannten und modernen Charakter verleiht<\/li>\n<li>Die lockere Passform unterstreicht die l\u00e4ssige Ausstrahlung und macht es ideal f\u00fcr einen schlichten und zugleich eleganten Sommerstil<\/li>\n<li>Designed and styled in Italy<\/li>\n<li>Lockere Passform<\/li>\n<li>Offener Kragen<\/li>\n<li>Glatte Strickware<\/li>\n<li>Kurzarm<\/li>\n<li>Gauge 16<\/li>\n<li>Zusammensetzung: 100% Baumwolle<\/li>\n<\/ul>\n","protected":false},"excerpt":{"rendered":"<p>Artikelcode: 26E C1M0 A043 F100 1181 Artikelfarbe: Haselnuss Kurz\u00e4rmliges Poloshirt aus glattem Baumwollstrick, mit offenem Kragen, der dem Kleidungsst\u00fcck einen entspannten und modernen Charakter verleiht Die lockere Passform unterstreicht die l\u00e4ssige Ausstrahlung und macht es ideal f\u00fcr einen schlichten und zugleich eleganten Sommerstil Designed and styled in Italy Lockere Passform Offener Kragen Glatte Strickware Kurzarm&hellip;<\/p>\n","protected":false},"featured_media":149748,"template":"","meta":{"_acf_changed":false},"product_brand":[],"product_cat":[1324,1325,1356,1342,1339],"product_tag":[1719],"class_list":{"0":"post-150216","1":"product","2":"type-product","3":"status-publish","4":"has-post-thumbnail","6":"product_cat-herren","7":"product_cat-herrenbekleidung","8":"product_cat-neuheiten-fur-herren","9":"product_cat-polo-shirt-herren","10":"product_cat-strickwaren-herren","11":"product_tag-neuheiten","12":"marca-paolo-pecora-de","14":"first","15":"instock","16":"shipping-taxable","17":"purchasable","18":"product-type-variable"},"acf":[],"yoast_head":"<!-- This site is optimized with the Yoast SEO plugin v27.2 - https:\/\/yoast.com\/product\/yoast-seo-wordpress\/ -->\n<title>Locker geschnittenes Poloshirt aus Baumwolle mit offenem Kragen in Haselnuss - Rabaini<\/title>\n<meta name=\"robots\" content=\"index, follow, max-snippet:-1, max-image-preview:large, max-video-preview:-1\" \/>\n<link rel=\"canonical\" href=\"https:\/\/www.rabaini.it\/de\/locker-geschnittenes-poloshirt-aus-baumwolle-mit-offenem-kragen-in-haselnuss\/\" \/>\n<meta property=\"og:locale\" content=\"de_DE\" \/>\n<meta property=\"og:type\" content=\"article\" \/>\n<meta property=\"og:title\" content=\"Locker geschnittenes Poloshirt aus Baumwolle mit offenem Kragen in Haselnuss - Rabaini\" \/>\n<meta property=\"og:description\" content=\"Artikelcode: 26E C1M0 A043 F100 1181 Artikelfarbe: Haselnuss Kurz\u00e4rmliges Poloshirt aus glattem Baumwollstrick, mit offenem Kragen, der dem Kleidungsst\u00fcck einen entspannten und modernen Charakter verleiht Die lockere Passform unterstreicht die l\u00e4ssige Ausstrahlung und macht es ideal f\u00fcr einen schlichten und zugleich eleganten Sommerstil Designed and styled in Italy Lockere Passform Offener Kragen Glatte Strickware Kurzarm&hellip;\" \/>\n<meta property=\"og:url\" content=\"https:\/\/www.rabaini.it\/de\/locker-geschnittenes-poloshirt-aus-baumwolle-mit-offenem-kragen-in-haselnuss\/\" \/>\n<meta property=\"og:site_name\" content=\"Rabaini\" \/>\n<meta property=\"article:modified_time\" content=\"2026-03-27T16:32:42+00:00\" \/>\n<meta property=\"og:image\" content=\"https:\/\/www.rabaini.it\/wp-content\/uploads\/2026\/03\/3.1-2.jpg\" \/>\n\t<meta property=\"og:image:width\" content=\"1500\" \/>\n\t<meta property=\"og:image:height\" content=\"1500\" \/>\n\t<meta property=\"og:image:type\" content=\"image\/jpeg\" \/>\n<meta name=\"twitter:card\" content=\"summary_large_image\" \/>\n<script type=\"application\/ld+json\" class=\"yoast-schema-graph\">{\"@context\":\"https:\/\/schema.org\",\"@graph\":[{\"@type\":\"WebPage\",\"@id\":\"https:\/\/www.rabaini.it\/de\/locker-geschnittenes-poloshirt-aus-baumwolle-mit-offenem-kragen-in-haselnuss\/\",\"url\":\"https:\/\/www.rabaini.it\/de\/locker-geschnittenes-poloshirt-aus-baumwolle-mit-offenem-kragen-in-haselnuss\/\",\"name\":\"Locker geschnittenes Poloshirt aus Baumwolle mit offenem Kragen in Haselnuss - Rabaini\",\"isPartOf\":{\"@id\":\"https:\/\/www.rabaini.it\/de\/#website\"},\"primaryImageOfPage\":{\"@id\":\"https:\/\/www.rabaini.it\/de\/locker-geschnittenes-poloshirt-aus-baumwolle-mit-offenem-kragen-in-haselnuss\/#primaryimage\"},\"image\":{\"@id\":\"https:\/\/www.rabaini.it\/de\/locker-geschnittenes-poloshirt-aus-baumwolle-mit-offenem-kragen-in-haselnuss\/#primaryimage\"},\"thumbnailUrl\":\"https:\/\/www.rabaini.it\/wp-content\/uploads\/2026\/03\/3.1-2.jpg\",\"datePublished\":\"2026-03-26T15:17:10+00:00\",\"dateModified\":\"2026-03-27T16:32:42+00:00\",\"breadcrumb\":{\"@id\":\"https:\/\/www.rabaini.it\/de\/locker-geschnittenes-poloshirt-aus-baumwolle-mit-offenem-kragen-in-haselnuss\/#breadcrumb\"},\"inLanguage\":\"de\",\"potentialAction\":[{\"@type\":\"ReadAction\",\"target\":[\"https:\/\/www.rabaini.it\/de\/locker-geschnittenes-poloshirt-aus-baumwolle-mit-offenem-kragen-in-haselnuss\/\"]}]},{\"@type\":\"ImageObject\",\"inLanguage\":\"de\",\"@id\":\"https:\/\/www.rabaini.it\/de\/locker-geschnittenes-poloshirt-aus-baumwolle-mit-offenem-kragen-in-haselnuss\/#primaryimage\",\"url\":\"https:\/\/www.rabaini.it\/wp-content\/uploads\/2026\/03\/3.1-2.jpg\",\"contentUrl\":\"https:\/\/www.rabaini.it\/wp-content\/uploads\/2026\/03\/3.1-2.jpg\",\"width\":1500,\"height\":1500},{\"@type\":\"BreadcrumbList\",\"@id\":\"https:\/\/www.rabaini.it\/de\/locker-geschnittenes-poloshirt-aus-baumwolle-mit-offenem-kragen-in-haselnuss\/#breadcrumb\",\"itemListElement\":[{\"@type\":\"ListItem\",\"position\":1,\"name\":\"Home\",\"item\":\"https:\/\/www.rabaini.it\/de\/homepage\/\"},{\"@type\":\"ListItem\",\"position\":2,\"name\":\"Gesch\u00e4ft\",\"item\":\"https:\/\/www.rabaini.it\/geschaeft\/\"},{\"@type\":\"ListItem\",\"position\":3,\"name\":\"Herren\",\"item\":\"https:\/\/www.rabaini.it\/de\/herren\/\"},{\"@type\":\"ListItem\",\"position\":4,\"name\":\"Locker geschnittenes Poloshirt aus Baumwolle mit offenem Kragen in Haselnuss\"}]},{\"@type\":\"WebSite\",\"@id\":\"https:\/\/www.rabaini.it\/de\/#website\",\"url\":\"https:\/\/www.rabaini.it\/de\/\",\"name\":\"Rabaini\",\"description\":\"\",\"potentialAction\":[{\"@type\":\"SearchAction\",\"target\":{\"@type\":\"EntryPoint\",\"urlTemplate\":\"https:\/\/www.rabaini.it\/de\/?s={search_term_string}\"},\"query-input\":{\"@type\":\"PropertyValueSpecification\",\"valueRequired\":true,\"valueName\":\"search_term_string\"}}],\"inLanguage\":\"de\"}]}<\/script>\n<!-- \/ Yoast SEO plugin. -->","yoast_head_json":{"title":"Locker geschnittenes Poloshirt aus Baumwolle mit offenem Kragen in Haselnuss - Rabaini","robots":{"index":"index","follow":"follow","max-snippet":"max-snippet:-1","max-image-preview":"max-image-preview:large","max-video-preview":"max-video-preview:-1"},"canonical":"https:\/\/www.rabaini.it\/de\/locker-geschnittenes-poloshirt-aus-baumwolle-mit-offenem-kragen-in-haselnuss\/","og_locale":"de_DE","og_type":"article","og_title":"Locker geschnittenes Poloshirt aus Baumwolle mit offenem Kragen in Haselnuss - Rabaini","og_description":"Artikelcode: 26E C1M0 A043 F100 1181 Artikelfarbe: Haselnuss Kurz\u00e4rmliges Poloshirt aus glattem Baumwollstrick, mit offenem Kragen, der dem Kleidungsst\u00fcck einen entspannten und modernen Charakter verleiht Die lockere Passform unterstreicht die l\u00e4ssige Ausstrahlung und macht es ideal f\u00fcr einen schlichten und zugleich eleganten Sommerstil Designed and styled in Italy Lockere Passform Offener Kragen Glatte Strickware Kurzarm&hellip;","og_url":"https:\/\/www.rabaini.it\/de\/locker-geschnittenes-poloshirt-aus-baumwolle-mit-offenem-kragen-in-haselnuss\/","og_site_name":"Rabaini","article_modified_time":"2026-03-27T16:32:42+00:00","og_image":[{"width":1500,"height":1500,"url":"https:\/\/www.rabaini.it\/wp-content\/uploads\/2026\/03\/3.1-2.jpg","type":"image\/jpeg"}],"twitter_card":"summary_large_image","schema":{"@context":"https:\/\/schema.org","@graph":[{"@type":"WebPage","@id":"https:\/\/www.rabaini.it\/de\/locker-geschnittenes-poloshirt-aus-baumwolle-mit-offenem-kragen-in-haselnuss\/","url":"https:\/\/www.rabaini.it\/de\/locker-geschnittenes-poloshirt-aus-baumwolle-mit-offenem-kragen-in-haselnuss\/","name":"Locker geschnittenes Poloshirt aus Baumwolle mit offenem Kragen in Haselnuss - Rabaini","isPartOf":{"@id":"https:\/\/www.rabaini.it\/de\/#website"},"primaryImageOfPage":{"@id":"https:\/\/www.rabaini.it\/de\/locker-geschnittenes-poloshirt-aus-baumwolle-mit-offenem-kragen-in-haselnuss\/#primaryimage"},"image":{"@id":"https:\/\/www.rabaini.it\/de\/locker-geschnittenes-poloshirt-aus-baumwolle-mit-offenem-kragen-in-haselnuss\/#primaryimage"},"thumbnailUrl":"https:\/\/www.rabaini.it\/wp-content\/uploads\/2026\/03\/3.1-2.jpg","datePublished":"2026-03-26T15:17:10+00:00","dateModified":"2026-03-27T16:32:42+00:00","breadcrumb":{"@id":"https:\/\/www.rabaini.it\/de\/locker-geschnittenes-poloshirt-aus-baumwolle-mit-offenem-kragen-in-haselnuss\/#breadcrumb"},"inLanguage":"de","potentialAction":[{"@type":"ReadAction","target":["https:\/\/www.rabaini.it\/de\/locker-geschnittenes-poloshirt-aus-baumwolle-mit-offenem-kragen-in-haselnuss\/"]}]},{"@type":"ImageObject","inLanguage":"de","@id":"https:\/\/www.rabaini.it\/de\/locker-geschnittenes-poloshirt-aus-baumwolle-mit-offenem-kragen-in-haselnuss\/#primaryimage","url":"https:\/\/www.rabaini.it\/wp-content\/uploads\/2026\/03\/3.1-2.jpg","contentUrl":"https:\/\/www.rabaini.it\/wp-content\/uploads\/2026\/03\/3.1-2.jpg","width":1500,"height":1500},{"@type":"BreadcrumbList","@id":"https:\/\/www.rabaini.it\/de\/locker-geschnittenes-poloshirt-aus-baumwolle-mit-offenem-kragen-in-haselnuss\/#breadcrumb","itemListElement":[{"@type":"ListItem","position":1,"name":"Home","item":"https:\/\/www.rabaini.it\/de\/homepage\/"},{"@type":"ListItem","position":2,"name":"Gesch\u00e4ft","item":"https:\/\/www.rabaini.it\/geschaeft\/"},{"@type":"ListItem","position":3,"name":"Herren","item":"https:\/\/www.rabaini.it\/de\/herren\/"},{"@type":"ListItem","position":4,"name":"Locker geschnittenes Poloshirt aus Baumwolle mit offenem Kragen in Haselnuss"}]},{"@type":"WebSite","@id":"https:\/\/www.rabaini.it\/de\/#website","url":"https:\/\/www.rabaini.it\/de\/","name":"Rabaini","description":"","potentialAction":[{"@type":"SearchAction","target":{"@type":"EntryPoint","urlTemplate":"https:\/\/www.rabaini.it\/de\/?s={search_term_string}"},"query-input":{"@type":"PropertyValueSpecification","valueRequired":true,"valueName":"search_term_string"}}],"inLanguage":"de"}]}},"_links":{"self":[{"href":"https:\/\/www.rabaini.it\/de\/wp-json\/wp\/v2\/product\/150216","targetHints":{"allow":["GET"]}}],"collection":[{"href":"https:\/\/www.rabaini.it\/de\/wp-json\/wp\/v2\/product"}],"about":[{"href":"https:\/\/www.rabaini.it\/de\/wp-json\/wp\/v2\/types\/product"}],"wp:featuredmedia":[{"embeddable":true,"href":"https:\/\/www.rabaini.it\/de\/wp-json\/wp\/v2\/media\/149748"}],"wp:attachment":[{"href":"https:\/\/www.rabaini.it\/de\/wp-json\/wp\/v2\/media?parent=150216"}],"wp:term":[{"taxonomy":"product_brand","embeddable":true,"href":"https:\/\/www.rabaini.it\/de\/wp-json\/wp\/v2\/product_brand?post=150216"},{"taxonomy":"product_cat","embeddable":true,"href":"https:\/\/www.rabaini.it\/de\/wp-json\/wp\/v2\/product_cat?post=150216"},{"taxonomy":"product_tag","embeddable":true,"href":"https:\/\/www.rabaini.it\/de\/wp-json\/wp\/v2\/product_tag?post=150216"}],"curies":[{"name":"wp","href":"https:\/\/api.w.org\/{rel}","templated":true}]}}